{"id":15441,"date":"2020-06-13T04:58:35","date_gmt":"2020-06-13T04:58:35","guid":{"rendered":"http:\/\/australisrecords.com\/shop\/?post_type=product&#038;p=15441"},"modified":"2025-01-07T20:38:13","modified_gmt":"2025-01-07T20:38:13","slug":"ejecutor-2","status":"publish","type":"product","link":"https:\/\/australisrecords.com\/shop\/producto\/ejecutor-2\/","title":{"rendered":"Ejecutor"},"content":{"rendered":"<div id=\"dslc-theme-content\"><div id=\"dslc-theme-content-inner\"><p>&nbsp;<\/p>\n<p>&nbsp;<\/p>\n<\/div><\/div>","protected":false},"excerpt":{"rendered":"<p>&nbsp; &nbsp; Violent Death Thrash Metal from Chile is what Ejecutor performs in this debut album! highly recommended!. &nbsp; \u00a1Violento Death Thrash Metal de Chile es lo que Ejecutor realiza en este \u00e1lbum debut! \u00a1muy recomendable!\u00a0. 1. Fuerza negra 2. Hier\u00f3dula 3. Sabbat 4. Posesi\u00f3n 5. Abismo 6. Eur\u00f3nimo 7. Iluminaci\u00f3n 8. Tiempo profano&#8230; tiempo [&hellip;]<\/p>\n","protected":false},"featured_media":15448,"template":"","meta":{"_acf_changed":false},"product_cat":[92,314,303,87,308],"product_tag":[],"acf":[],"yoast_head":"<!-- This site is optimized with the Yoast SEO plugin v22.9 - https:\/\/yoast.com\/wordpress\/plugins\/seo\/ -->\n<title>Ejecutor - Australis Records - Music from the End of the World<\/title>\n<meta name=\"robots\" content=\"index, follow, max-snippet:-1, max-image-preview:large, max-video-preview:-1\" \/>\n<link rel=\"canonical\" href=\"https:\/\/australisrecords.com\/shop\/producto\/ejecutor-2\/\" \/>\n<meta property=\"og:locale\" content=\"en_US\" \/>\n<meta property=\"og:type\" content=\"article\" \/>\n<meta property=\"og:title\" content=\"Ejecutor - Australis Records - Music from the End of the World\" \/>\n<meta property=\"og:description\" content=\"&nbsp; &nbsp; Violent Death Thrash Metal from Chile is what Ejecutor performs in this debut album! highly recommended!. &nbsp; \u00a1Violento Death Thrash Metal de Chile es lo que Ejecutor realiza en este \u00e1lbum debut! \u00a1muy recomendable!\u00a0. 1. Fuerza negra 2. Hier\u00f3dula 3. Sabbat 4. Posesi\u00f3n 5. Abismo 6. Eur\u00f3nimo 7. Iluminaci\u00f3n 8. Tiempo profano&#8230; tiempo [&hellip;]\" \/>\n<meta property=\"og:url\" content=\"https:\/\/australisrecords.com\/shop\/producto\/ejecutor-2\/\" \/>\n<meta property=\"og:site_name\" content=\"Australis Records - Music from the End of the World\" \/>\n<meta property=\"article:modified_time\" content=\"2025-01-07T20:38:13+00:00\" \/>\n<meta property=\"og:image\" content=\"https:\/\/australisrecords.com\/shop\/wp-content\/uploads\/2020\/06\/R-5558032-1397449062-6727.jpeg.jpg\" \/>\n\t<meta property=\"og:image:width\" content=\"588\" \/>\n\t<meta property=\"og:image:height\" content=\"588\" \/>\n\t<meta property=\"og:image:type\" content=\"image\/jpeg\" \/>\n<meta name=\"twitter:card\" content=\"summary_large_image\" \/>\n<script type=\"application\/ld+json\" class=\"yoast-schema-graph\">{\"@context\":\"https:\/\/schema.org\",\"@graph\":[{\"@type\":\"WebPage\",\"@id\":\"https:\/\/australisrecords.com\/shop\/producto\/ejecutor-2\/\",\"url\":\"https:\/\/australisrecords.com\/shop\/producto\/ejecutor-2\/\",\"name\":\"Ejecutor - Australis Records - Music from the End of the World\",\"isPartOf\":{\"@id\":\"https:\/\/australisrecords.com\/shop\/#website\"},\"primaryImageOfPage\":{\"@id\":\"https:\/\/australisrecords.com\/shop\/producto\/ejecutor-2\/#primaryimage\"},\"image\":{\"@id\":\"https:\/\/australisrecords.com\/shop\/producto\/ejecutor-2\/#primaryimage\"},\"thumbnailUrl\":\"https:\/\/australisrecords.com\/shop\/wp-content\/uploads\/2020\/06\/R-5558032-1397449062-6727.jpeg.jpg\",\"datePublished\":\"2020-06-13T04:58:35+00:00\",\"dateModified\":\"2025-01-07T20:38:13+00:00\",\"breadcrumb\":{\"@id\":\"https:\/\/australisrecords.com\/shop\/producto\/ejecutor-2\/#breadcrumb\"},\"inLanguage\":\"en-US\",\"potentialAction\":[{\"@type\":\"ReadAction\",\"target\":[\"https:\/\/australisrecords.com\/shop\/producto\/ejecutor-2\/\"]}]},{\"@type\":\"ImageObject\",\"inLanguage\":\"en-US\",\"@id\":\"https:\/\/australisrecords.com\/shop\/producto\/ejecutor-2\/#primaryimage\",\"url\":\"https:\/\/australisrecords.com\/shop\/wp-content\/uploads\/2020\/06\/R-5558032-1397449062-6727.jpeg.jpg\",\"contentUrl\":\"https:\/\/australisrecords.com\/shop\/wp-content\/uploads\/2020\/06\/R-5558032-1397449062-6727.jpeg.jpg\",\"width\":588,\"height\":588},{\"@type\":\"BreadcrumbList\",\"@id\":\"https:\/\/australisrecords.com\/shop\/producto\/ejecutor-2\/#breadcrumb\",\"itemListElement\":[{\"@type\":\"ListItem\",\"position\":1,\"name\":\"Home\",\"item\":\"https:\/\/australisrecords.com\/shop\/\"},{\"@type\":\"ListItem\",\"position\":2,\"name\":\"Shop\",\"item\":\"https:\/\/australisrecords.com\/shop\/shop-2\/\"},{\"@type\":\"ListItem\",\"position\":3,\"name\":\"Ejecutor\"}]},{\"@type\":\"WebSite\",\"@id\":\"https:\/\/australisrecords.com\/shop\/#website\",\"url\":\"https:\/\/australisrecords.com\/shop\/\",\"name\":\"Australis Records - Music from the End of the World\",\"description\":\"\",\"potentialAction\":[{\"@type\":\"SearchAction\",\"target\":{\"@type\":\"EntryPoint\",\"urlTemplate\":\"https:\/\/australisrecords.com\/shop\/?s={search_term_string}\"},\"query-input\":\"required name=search_term_string\"}],\"inLanguage\":\"en-US\"}]}<\/script>\n<!-- \/ Yoast SEO plugin. -->","yoast_head_json":{"title":"Ejecutor - Australis Records - Music from the End of the World","robots":{"index":"index","follow":"follow","max-snippet":"max-snippet:-1","max-image-preview":"max-image-preview:large","max-video-preview":"max-video-preview:-1"},"canonical":"https:\/\/australisrecords.com\/shop\/producto\/ejecutor-2\/","og_locale":"en_US","og_type":"article","og_title":"Ejecutor - Australis Records - Music from the End of the World","og_description":"&nbsp; &nbsp; Violent Death Thrash Metal from Chile is what Ejecutor performs in this debut album! highly recommended!. &nbsp; \u00a1Violento Death Thrash Metal de Chile es lo que Ejecutor realiza en este \u00e1lbum debut! \u00a1muy recomendable!\u00a0. 1. Fuerza negra 2. Hier\u00f3dula 3. Sabbat 4. Posesi\u00f3n 5. Abismo 6. Eur\u00f3nimo 7. Iluminaci\u00f3n 8. Tiempo profano&#8230; tiempo [&hellip;]","og_url":"https:\/\/australisrecords.com\/shop\/producto\/ejecutor-2\/","og_site_name":"Australis Records - Music from the End of the World","article_modified_time":"2025-01-07T20:38:13+00:00","og_image":[{"width":588,"height":588,"url":"https:\/\/australisrecords.com\/shop\/wp-content\/uploads\/2020\/06\/R-5558032-1397449062-6727.jpeg.jpg","type":"image\/jpeg"}],"twitter_card":"summary_large_image","schema":{"@context":"https:\/\/schema.org","@graph":[{"@type":"WebPage","@id":"https:\/\/australisrecords.com\/shop\/producto\/ejecutor-2\/","url":"https:\/\/australisrecords.com\/shop\/producto\/ejecutor-2\/","name":"Ejecutor - Australis Records - Music from the End of the World","isPartOf":{"@id":"https:\/\/australisrecords.com\/shop\/#website"},"primaryImageOfPage":{"@id":"https:\/\/australisrecords.com\/shop\/producto\/ejecutor-2\/#primaryimage"},"image":{"@id":"https:\/\/australisrecords.com\/shop\/producto\/ejecutor-2\/#primaryimage"},"thumbnailUrl":"https:\/\/australisrecords.com\/shop\/wp-content\/uploads\/2020\/06\/R-5558032-1397449062-6727.jpeg.jpg","datePublished":"2020-06-13T04:58:35+00:00","dateModified":"2025-01-07T20:38:13+00:00","breadcrumb":{"@id":"https:\/\/australisrecords.com\/shop\/producto\/ejecutor-2\/#breadcrumb"},"inLanguage":"en-US","potentialAction":[{"@type":"ReadAction","target":["https:\/\/australisrecords.com\/shop\/producto\/ejecutor-2\/"]}]},{"@type":"ImageObject","inLanguage":"en-US","@id":"https:\/\/australisrecords.com\/shop\/producto\/ejecutor-2\/#primaryimage","url":"https:\/\/australisrecords.com\/shop\/wp-content\/uploads\/2020\/06\/R-5558032-1397449062-6727.jpeg.jpg","contentUrl":"https:\/\/australisrecords.com\/shop\/wp-content\/uploads\/2020\/06\/R-5558032-1397449062-6727.jpeg.jpg","width":588,"height":588},{"@type":"BreadcrumbList","@id":"https:\/\/australisrecords.com\/shop\/producto\/ejecutor-2\/#breadcrumb","itemListElement":[{"@type":"ListItem","position":1,"name":"Home","item":"https:\/\/australisrecords.com\/shop\/"},{"@type":"ListItem","position":2,"name":"Shop","item":"https:\/\/australisrecords.com\/shop\/shop-2\/"},{"@type":"ListItem","position":3,"name":"Ejecutor"}]},{"@type":"WebSite","@id":"https:\/\/australisrecords.com\/shop\/#website","url":"https:\/\/australisrecords.com\/shop\/","name":"Australis Records - Music from the End of the World","description":"","potentialAction":[{"@type":"SearchAction","target":{"@type":"EntryPoint","urlTemplate":"https:\/\/australisrecords.com\/shop\/?s={search_term_string}"},"query-input":"required name=search_term_string"}],"inLanguage":"en-US"}]}},"_links":{"self":[{"href":"https:\/\/australisrecords.com\/shop\/wp-json\/wp\/v2\/product\/15441"}],"collection":[{"href":"https:\/\/australisrecords.com\/shop\/wp-json\/wp\/v2\/product"}],"about":[{"href":"https:\/\/australisrecords.com\/shop\/wp-json\/wp\/v2\/types\/product"}],"version-history":[{"count":2,"href":"https:\/\/australisrecords.com\/shop\/wp-json\/wp\/v2\/product\/15441\/revisions"}],"predecessor-version":[{"id":15450,"href":"https:\/\/australisrecords.com\/shop\/wp-json\/wp\/v2\/product\/15441\/revisions\/15450"}],"wp:featuredmedia":[{"embeddable":true,"href":"https:\/\/australisrecords.com\/shop\/wp-json\/wp\/v2\/media\/15448"}],"wp:attachment":[{"href":"https:\/\/australisrecords.com\/shop\/wp-json\/wp\/v2\/media?parent=15441"}],"wp:term":[{"taxonomy":"product_cat","embeddable":true,"href":"https:\/\/australisrecords.com\/shop\/wp-json\/wp\/v2\/product_cat?post=15441"},{"taxonomy":"product_tag","embeddable":true,"href":"https:\/\/australisrecords.com\/shop\/wp-json\/wp\/v2\/product_tag?post=15441"}],"curies":[{"name":"wp","href":"https:\/\/api.w.org\/{rel}","templated":true}]}}