{"id":15329,"date":"2020-06-12T20:54:42","date_gmt":"2020-06-12T20:54:42","guid":{"rendered":"http:\/\/australisrecords.com\/shop\/?post_type=product&#038;p=15329"},"modified":"2021-03-27T15:14:48","modified_gmt":"2021-03-27T15:14:48","slug":"opera-magna","status":"publish","type":"product","link":"https:\/\/australisrecords.com\/shop\/producto\/opera-magna\/","title":{"rendered":"Opera Magna"},"content":{"rendered":"<div id=\"dslc-theme-content\"><div id=\"dslc-theme-content-inner\"><\/div><\/div>","protected":false},"excerpt":{"rendered":"<p>&nbsp; Power metal from Spain. &nbsp; Power metal desde Espa\u00f1a.\u00a0 1. El cuervo (Intro) 2. El pozo y el p\u00e9ndulo 3. Un sue\u00f1o en un sue\u00f1o 4. La m\u00e1scara de la muerte roja 5. Annabel Lee 6. El demonio de la perversidad 7. El entierro prematuro 8. El retrato oval 9. El coraz\u00f3n delator 10.La [&hellip;]<\/p>\n","protected":false},"featured_media":15330,"template":"","meta":{"_acf_changed":false},"product_cat":[92,314,87,309],"product_tag":[],"acf":[],"yoast_head":"<!-- This site is optimized with the Yoast SEO plugin v22.9 - https:\/\/yoast.com\/wordpress\/plugins\/seo\/ -->\n<title>Opera Magna - Australis Records - Music from the End of the World<\/title>\n<meta name=\"robots\" content=\"index, follow, max-snippet:-1, max-image-preview:large, max-video-preview:-1\" \/>\n<link rel=\"canonical\" href=\"https:\/\/australisrecords.com\/shop\/producto\/opera-magna\/\" \/>\n<meta property=\"og:locale\" content=\"en_US\" \/>\n<meta property=\"og:type\" content=\"article\" \/>\n<meta property=\"og:title\" content=\"Opera Magna - Australis Records - Music from the End of the World\" \/>\n<meta property=\"og:description\" content=\"&nbsp; Power metal from Spain. &nbsp; Power metal desde Espa\u00f1a.\u00a0 1. El cuervo (Intro) 2. El pozo y el p\u00e9ndulo 3. Un sue\u00f1o en un sue\u00f1o 4. La m\u00e1scara de la muerte roja 5. Annabel Lee 6. El demonio de la perversidad 7. El entierro prematuro 8. El retrato oval 9. El coraz\u00f3n delator 10.La [&hellip;]\" \/>\n<meta property=\"og:url\" content=\"https:\/\/australisrecords.com\/shop\/producto\/opera-magna\/\" \/>\n<meta property=\"og:site_name\" content=\"Australis Records - Music from the End of the World\" \/>\n<meta property=\"article:modified_time\" content=\"2021-03-27T15:14:48+00:00\" \/>\n<meta property=\"og:image\" content=\"https:\/\/australisrecords.com\/shop\/wp-content\/uploads\/2020\/06\/269475.jpg\" \/>\n\t<meta property=\"og:image:width\" content=\"500\" \/>\n\t<meta property=\"og:image:height\" content=\"500\" \/>\n\t<meta property=\"og:image:type\" content=\"image\/jpeg\" \/>\n<meta name=\"twitter:card\" content=\"summary_large_image\" \/>\n<script type=\"application\/ld+json\" class=\"yoast-schema-graph\">{\"@context\":\"https:\/\/schema.org\",\"@graph\":[{\"@type\":\"WebPage\",\"@id\":\"https:\/\/australisrecords.com\/shop\/producto\/opera-magna\/\",\"url\":\"https:\/\/australisrecords.com\/shop\/producto\/opera-magna\/\",\"name\":\"Opera Magna - Australis Records - Music from the End of the World\",\"isPartOf\":{\"@id\":\"https:\/\/australisrecords.com\/shop\/#website\"},\"primaryImageOfPage\":{\"@id\":\"https:\/\/australisrecords.com\/shop\/producto\/opera-magna\/#primaryimage\"},\"image\":{\"@id\":\"https:\/\/australisrecords.com\/shop\/producto\/opera-magna\/#primaryimage\"},\"thumbnailUrl\":\"https:\/\/australisrecords.com\/shop\/wp-content\/uploads\/2020\/06\/269475.jpg\",\"datePublished\":\"2020-06-12T20:54:42+00:00\",\"dateModified\":\"2021-03-27T15:14:48+00:00\",\"breadcrumb\":{\"@id\":\"https:\/\/australisrecords.com\/shop\/producto\/opera-magna\/#breadcrumb\"},\"inLanguage\":\"en-US\",\"potentialAction\":[{\"@type\":\"ReadAction\",\"target\":[\"https:\/\/australisrecords.com\/shop\/producto\/opera-magna\/\"]}]},{\"@type\":\"ImageObject\",\"inLanguage\":\"en-US\",\"@id\":\"https:\/\/australisrecords.com\/shop\/producto\/opera-magna\/#primaryimage\",\"url\":\"https:\/\/australisrecords.com\/shop\/wp-content\/uploads\/2020\/06\/269475.jpg\",\"contentUrl\":\"https:\/\/australisrecords.com\/shop\/wp-content\/uploads\/2020\/06\/269475.jpg\",\"width\":500,\"height\":500},{\"@type\":\"BreadcrumbList\",\"@id\":\"https:\/\/australisrecords.com\/shop\/producto\/opera-magna\/#breadcrumb\",\"itemListElement\":[{\"@type\":\"ListItem\",\"position\":1,\"name\":\"Home\",\"item\":\"https:\/\/australisrecords.com\/shop\/\"},{\"@type\":\"ListItem\",\"position\":2,\"name\":\"Shop\",\"item\":\"https:\/\/australisrecords.com\/shop\/shop-2\/\"},{\"@type\":\"ListItem\",\"position\":3,\"name\":\"Opera Magna\"}]},{\"@type\":\"WebSite\",\"@id\":\"https:\/\/australisrecords.com\/shop\/#website\",\"url\":\"https:\/\/australisrecords.com\/shop\/\",\"name\":\"Australis Records - Music from the End of the World\",\"description\":\"\",\"potentialAction\":[{\"@type\":\"SearchAction\",\"target\":{\"@type\":\"EntryPoint\",\"urlTemplate\":\"https:\/\/australisrecords.com\/shop\/?s={search_term_string}\"},\"query-input\":\"required name=search_term_string\"}],\"inLanguage\":\"en-US\"}]}<\/script>\n<!-- \/ Yoast SEO plugin. -->","yoast_head_json":{"title":"Opera Magna - Australis Records - Music from the End of the World","robots":{"index":"index","follow":"follow","max-snippet":"max-snippet:-1","max-image-preview":"max-image-preview:large","max-video-preview":"max-video-preview:-1"},"canonical":"https:\/\/australisrecords.com\/shop\/producto\/opera-magna\/","og_locale":"en_US","og_type":"article","og_title":"Opera Magna - Australis Records - Music from the End of the World","og_description":"&nbsp; Power metal from Spain. &nbsp; Power metal desde Espa\u00f1a.\u00a0 1. El cuervo (Intro) 2. El pozo y el p\u00e9ndulo 3. Un sue\u00f1o en un sue\u00f1o 4. La m\u00e1scara de la muerte roja 5. Annabel Lee 6. El demonio de la perversidad 7. El entierro prematuro 8. El retrato oval 9. El coraz\u00f3n delator 10.La [&hellip;]","og_url":"https:\/\/australisrecords.com\/shop\/producto\/opera-magna\/","og_site_name":"Australis Records - Music from the End of the World","article_modified_time":"2021-03-27T15:14:48+00:00","og_image":[{"width":500,"height":500,"url":"https:\/\/australisrecords.com\/shop\/wp-content\/uploads\/2020\/06\/269475.jpg","type":"image\/jpeg"}],"twitter_card":"summary_large_image","schema":{"@context":"https:\/\/schema.org","@graph":[{"@type":"WebPage","@id":"https:\/\/australisrecords.com\/shop\/producto\/opera-magna\/","url":"https:\/\/australisrecords.com\/shop\/producto\/opera-magna\/","name":"Opera Magna - Australis Records - Music from the End of the World","isPartOf":{"@id":"https:\/\/australisrecords.com\/shop\/#website"},"primaryImageOfPage":{"@id":"https:\/\/australisrecords.com\/shop\/producto\/opera-magna\/#primaryimage"},"image":{"@id":"https:\/\/australisrecords.com\/shop\/producto\/opera-magna\/#primaryimage"},"thumbnailUrl":"https:\/\/australisrecords.com\/shop\/wp-content\/uploads\/2020\/06\/269475.jpg","datePublished":"2020-06-12T20:54:42+00:00","dateModified":"2021-03-27T15:14:48+00:00","breadcrumb":{"@id":"https:\/\/australisrecords.com\/shop\/producto\/opera-magna\/#breadcrumb"},"inLanguage":"en-US","potentialAction":[{"@type":"ReadAction","target":["https:\/\/australisrecords.com\/shop\/producto\/opera-magna\/"]}]},{"@type":"ImageObject","inLanguage":"en-US","@id":"https:\/\/australisrecords.com\/shop\/producto\/opera-magna\/#primaryimage","url":"https:\/\/australisrecords.com\/shop\/wp-content\/uploads\/2020\/06\/269475.jpg","contentUrl":"https:\/\/australisrecords.com\/shop\/wp-content\/uploads\/2020\/06\/269475.jpg","width":500,"height":500},{"@type":"BreadcrumbList","@id":"https:\/\/australisrecords.com\/shop\/producto\/opera-magna\/#breadcrumb","itemListElement":[{"@type":"ListItem","position":1,"name":"Home","item":"https:\/\/australisrecords.com\/shop\/"},{"@type":"ListItem","position":2,"name":"Shop","item":"https:\/\/australisrecords.com\/shop\/shop-2\/"},{"@type":"ListItem","position":3,"name":"Opera Magna"}]},{"@type":"WebSite","@id":"https:\/\/australisrecords.com\/shop\/#website","url":"https:\/\/australisrecords.com\/shop\/","name":"Australis Records - Music from the End of the World","description":"","potentialAction":[{"@type":"SearchAction","target":{"@type":"EntryPoint","urlTemplate":"https:\/\/australisrecords.com\/shop\/?s={search_term_string}"},"query-input":"required name=search_term_string"}],"inLanguage":"en-US"}]}},"_links":{"self":[{"href":"https:\/\/australisrecords.com\/shop\/wp-json\/wp\/v2\/product\/15329"}],"collection":[{"href":"https:\/\/australisrecords.com\/shop\/wp-json\/wp\/v2\/product"}],"about":[{"href":"https:\/\/australisrecords.com\/shop\/wp-json\/wp\/v2\/types\/product"}],"version-history":[{"count":3,"href":"https:\/\/australisrecords.com\/shop\/wp-json\/wp\/v2\/product\/15329\/revisions"}],"predecessor-version":[{"id":19388,"href":"https:\/\/australisrecords.com\/shop\/wp-json\/wp\/v2\/product\/15329\/revisions\/19388"}],"wp:featuredmedia":[{"embeddable":true,"href":"https:\/\/australisrecords.com\/shop\/wp-json\/wp\/v2\/media\/15330"}],"wp:attachment":[{"href":"https:\/\/australisrecords.com\/shop\/wp-json\/wp\/v2\/media?parent=15329"}],"wp:term":[{"taxonomy":"product_cat","embeddable":true,"href":"https:\/\/australisrecords.com\/shop\/wp-json\/wp\/v2\/product_cat?post=15329"},{"taxonomy":"product_tag","embeddable":true,"href":"https:\/\/australisrecords.com\/shop\/wp-json\/wp\/v2\/product_tag?post=15329"}],"curies":[{"name":"wp","href":"https:\/\/api.w.org\/{rel}","templated":true}]}}