{"id":15317,"date":"2020-06-12T15:51:17","date_gmt":"2020-06-12T15:51:17","guid":{"rendered":"http:\/\/australisrecords.com\/shop\/?post_type=product&#038;p=15317"},"modified":"2020-07-30T18:06:23","modified_gmt":"2020-07-30T18:06:23","slug":"on-horns-impaled","status":"publish","type":"product","link":"https:\/\/australisrecords.com\/shop\/producto\/on-horns-impaled\/","title":{"rendered":"On Horns Impaled"},"content":{"rendered":"<div id=\"dslc-theme-content\"><div id=\"dslc-theme-content-inner\"><\/div><\/div>","protected":false},"excerpt":{"rendered":"<p>&nbsp; Hateful and fast played raw German Black Metal in the vein of old swedish acts from the 90s. &nbsp; Odioso y r\u00e1pido toc\u00f3 el Black Metal alem\u00e1n crudo en la l\u00ednea de los viejos actos suecos de los 90.\u00a0 1. Intro 2. Praise the Horns 3. Four Satanic Majesties 4. Necropolis 5. God Is [&hellip;]<\/p>\n","protected":false},"featured_media":15318,"template":"","meta":{"_acf_changed":false},"product_cat":[92,304,314,87],"product_tag":[],"acf":[],"yoast_head":"<!-- This site is optimized with the Yoast SEO plugin v22.9 - https:\/\/yoast.com\/wordpress\/plugins\/seo\/ -->\n<title>On Horns Impaled - Australis Records - Music from the End of the World<\/title>\n<meta name=\"robots\" content=\"index, follow, max-snippet:-1, max-image-preview:large, max-video-preview:-1\" \/>\n<link rel=\"canonical\" href=\"https:\/\/australisrecords.com\/shop\/producto\/on-horns-impaled\/\" \/>\n<meta property=\"og:locale\" content=\"en_US\" \/>\n<meta property=\"og:type\" content=\"article\" \/>\n<meta property=\"og:title\" content=\"On Horns Impaled - Australis Records - Music from the End of the World\" \/>\n<meta property=\"og:description\" content=\"&nbsp; Hateful and fast played raw German Black Metal in the vein of old swedish acts from the 90s. &nbsp; Odioso y r\u00e1pido toc\u00f3 el Black Metal alem\u00e1n crudo en la l\u00ednea de los viejos actos suecos de los 90.\u00a0 1. Intro 2. Praise the Horns 3. Four Satanic Majesties 4. Necropolis 5. God Is [&hellip;]\" \/>\n<meta property=\"og:url\" content=\"https:\/\/australisrecords.com\/shop\/producto\/on-horns-impaled\/\" \/>\n<meta property=\"og:site_name\" content=\"Australis Records - Music from the End of the World\" \/>\n<meta property=\"article:modified_time\" content=\"2020-07-30T18:06:23+00:00\" \/>\n<meta property=\"og:image\" content=\"https:\/\/australisrecords.com\/shop\/wp-content\/uploads\/2020\/06\/225357.jpg\" \/>\n\t<meta property=\"og:image:width\" content=\"164\" \/>\n\t<meta property=\"og:image:height\" content=\"155\" \/>\n\t<meta property=\"og:image:type\" content=\"image\/jpeg\" \/>\n<meta name=\"twitter:card\" content=\"summary_large_image\" \/>\n<script type=\"application\/ld+json\" class=\"yoast-schema-graph\">{\"@context\":\"https:\/\/schema.org\",\"@graph\":[{\"@type\":\"WebPage\",\"@id\":\"https:\/\/australisrecords.com\/shop\/producto\/on-horns-impaled\/\",\"url\":\"https:\/\/australisrecords.com\/shop\/producto\/on-horns-impaled\/\",\"name\":\"On Horns Impaled - Australis Records - Music from the End of the World\",\"isPartOf\":{\"@id\":\"https:\/\/australisrecords.com\/shop\/#website\"},\"primaryImageOfPage\":{\"@id\":\"https:\/\/australisrecords.com\/shop\/producto\/on-horns-impaled\/#primaryimage\"},\"image\":{\"@id\":\"https:\/\/australisrecords.com\/shop\/producto\/on-horns-impaled\/#primaryimage\"},\"thumbnailUrl\":\"https:\/\/australisrecords.com\/shop\/wp-content\/uploads\/2020\/06\/225357.jpg\",\"datePublished\":\"2020-06-12T15:51:17+00:00\",\"dateModified\":\"2020-07-30T18:06:23+00:00\",\"breadcrumb\":{\"@id\":\"https:\/\/australisrecords.com\/shop\/producto\/on-horns-impaled\/#breadcrumb\"},\"inLanguage\":\"en-US\",\"potentialAction\":[{\"@type\":\"ReadAction\",\"target\":[\"https:\/\/australisrecords.com\/shop\/producto\/on-horns-impaled\/\"]}]},{\"@type\":\"ImageObject\",\"inLanguage\":\"en-US\",\"@id\":\"https:\/\/australisrecords.com\/shop\/producto\/on-horns-impaled\/#primaryimage\",\"url\":\"https:\/\/australisrecords.com\/shop\/wp-content\/uploads\/2020\/06\/225357.jpg\",\"contentUrl\":\"https:\/\/australisrecords.com\/shop\/wp-content\/uploads\/2020\/06\/225357.jpg\",\"width\":164,\"height\":155},{\"@type\":\"BreadcrumbList\",\"@id\":\"https:\/\/australisrecords.com\/shop\/producto\/on-horns-impaled\/#breadcrumb\",\"itemListElement\":[{\"@type\":\"ListItem\",\"position\":1,\"name\":\"Home\",\"item\":\"https:\/\/australisrecords.com\/shop\/\"},{\"@type\":\"ListItem\",\"position\":2,\"name\":\"Shop\",\"item\":\"https:\/\/australisrecords.com\/shop\/shop-2\/\"},{\"@type\":\"ListItem\",\"position\":3,\"name\":\"On Horns Impaled\"}]},{\"@type\":\"WebSite\",\"@id\":\"https:\/\/australisrecords.com\/shop\/#website\",\"url\":\"https:\/\/australisrecords.com\/shop\/\",\"name\":\"Australis Records - Music from the End of the World\",\"description\":\"\",\"potentialAction\":[{\"@type\":\"SearchAction\",\"target\":{\"@type\":\"EntryPoint\",\"urlTemplate\":\"https:\/\/australisrecords.com\/shop\/?s={search_term_string}\"},\"query-input\":\"required name=search_term_string\"}],\"inLanguage\":\"en-US\"}]}<\/script>\n<!-- \/ Yoast SEO plugin. -->","yoast_head_json":{"title":"On Horns Impaled - Australis Records - Music from the End of the World","robots":{"index":"index","follow":"follow","max-snippet":"max-snippet:-1","max-image-preview":"max-image-preview:large","max-video-preview":"max-video-preview:-1"},"canonical":"https:\/\/australisrecords.com\/shop\/producto\/on-horns-impaled\/","og_locale":"en_US","og_type":"article","og_title":"On Horns Impaled - Australis Records - Music from the End of the World","og_description":"&nbsp; Hateful and fast played raw German Black Metal in the vein of old swedish acts from the 90s. &nbsp; Odioso y r\u00e1pido toc\u00f3 el Black Metal alem\u00e1n crudo en la l\u00ednea de los viejos actos suecos de los 90.\u00a0 1. Intro 2. Praise the Horns 3. Four Satanic Majesties 4. Necropolis 5. God Is [&hellip;]","og_url":"https:\/\/australisrecords.com\/shop\/producto\/on-horns-impaled\/","og_site_name":"Australis Records - Music from the End of the World","article_modified_time":"2020-07-30T18:06:23+00:00","og_image":[{"width":164,"height":155,"url":"https:\/\/australisrecords.com\/shop\/wp-content\/uploads\/2020\/06\/225357.jpg","type":"image\/jpeg"}],"twitter_card":"summary_large_image","schema":{"@context":"https:\/\/schema.org","@graph":[{"@type":"WebPage","@id":"https:\/\/australisrecords.com\/shop\/producto\/on-horns-impaled\/","url":"https:\/\/australisrecords.com\/shop\/producto\/on-horns-impaled\/","name":"On Horns Impaled - Australis Records - Music from the End of the World","isPartOf":{"@id":"https:\/\/australisrecords.com\/shop\/#website"},"primaryImageOfPage":{"@id":"https:\/\/australisrecords.com\/shop\/producto\/on-horns-impaled\/#primaryimage"},"image":{"@id":"https:\/\/australisrecords.com\/shop\/producto\/on-horns-impaled\/#primaryimage"},"thumbnailUrl":"https:\/\/australisrecords.com\/shop\/wp-content\/uploads\/2020\/06\/225357.jpg","datePublished":"2020-06-12T15:51:17+00:00","dateModified":"2020-07-30T18:06:23+00:00","breadcrumb":{"@id":"https:\/\/australisrecords.com\/shop\/producto\/on-horns-impaled\/#breadcrumb"},"inLanguage":"en-US","potentialAction":[{"@type":"ReadAction","target":["https:\/\/australisrecords.com\/shop\/producto\/on-horns-impaled\/"]}]},{"@type":"ImageObject","inLanguage":"en-US","@id":"https:\/\/australisrecords.com\/shop\/producto\/on-horns-impaled\/#primaryimage","url":"https:\/\/australisrecords.com\/shop\/wp-content\/uploads\/2020\/06\/225357.jpg","contentUrl":"https:\/\/australisrecords.com\/shop\/wp-content\/uploads\/2020\/06\/225357.jpg","width":164,"height":155},{"@type":"BreadcrumbList","@id":"https:\/\/australisrecords.com\/shop\/producto\/on-horns-impaled\/#breadcrumb","itemListElement":[{"@type":"ListItem","position":1,"name":"Home","item":"https:\/\/australisrecords.com\/shop\/"},{"@type":"ListItem","position":2,"name":"Shop","item":"https:\/\/australisrecords.com\/shop\/shop-2\/"},{"@type":"ListItem","position":3,"name":"On Horns Impaled"}]},{"@type":"WebSite","@id":"https:\/\/australisrecords.com\/shop\/#website","url":"https:\/\/australisrecords.com\/shop\/","name":"Australis Records - Music from the End of the World","description":"","potentialAction":[{"@type":"SearchAction","target":{"@type":"EntryPoint","urlTemplate":"https:\/\/australisrecords.com\/shop\/?s={search_term_string}"},"query-input":"required name=search_term_string"}],"inLanguage":"en-US"}]}},"_links":{"self":[{"href":"https:\/\/australisrecords.com\/shop\/wp-json\/wp\/v2\/product\/15317"}],"collection":[{"href":"https:\/\/australisrecords.com\/shop\/wp-json\/wp\/v2\/product"}],"about":[{"href":"https:\/\/australisrecords.com\/shop\/wp-json\/wp\/v2\/types\/product"}],"version-history":[{"count":3,"href":"https:\/\/australisrecords.com\/shop\/wp-json\/wp\/v2\/product\/15317\/revisions"}],"predecessor-version":[{"id":19369,"href":"https:\/\/australisrecords.com\/shop\/wp-json\/wp\/v2\/product\/15317\/revisions\/19369"}],"wp:featuredmedia":[{"embeddable":true,"href":"https:\/\/australisrecords.com\/shop\/wp-json\/wp\/v2\/media\/15318"}],"wp:attachment":[{"href":"https:\/\/australisrecords.com\/shop\/wp-json\/wp\/v2\/media?parent=15317"}],"wp:term":[{"taxonomy":"product_cat","embeddable":true,"href":"https:\/\/australisrecords.com\/shop\/wp-json\/wp\/v2\/product_cat?post=15317"},{"taxonomy":"product_tag","embeddable":true,"href":"https:\/\/australisrecords.com\/shop\/wp-json\/wp\/v2\/product_tag?post=15317"}],"curies":[{"name":"wp","href":"https:\/\/api.w.org\/{rel}","templated":true}]}}