{"id":15314,"date":"2020-06-12T15:45:54","date_gmt":"2020-06-12T15:45:54","guid":{"rendered":"http:\/\/australisrecords.com\/shop\/?post_type=product&#038;p=15314"},"modified":"2025-02-16T17:39:37","modified_gmt":"2025-02-16T17:39:37","slug":"omission","status":"publish","type":"product","link":"https:\/\/australisrecords.com\/shop\/producto\/omission\/","title":{"rendered":"Omission"},"content":{"rendered":"<div id=\"dslc-theme-content\"><div id=\"dslc-theme-content-inner\"><\/div><\/div>","protected":false},"excerpt":{"rendered":"<p>&nbsp; Seecond album by this spanish band of aggressive and motherfucking Satanicspeed Thrash Metal. More intense and faster than their debut, an infernal whirlwind for lovers of bands like SADUS, POSSESSED, KREATOR, WHIPLASH, SODOM&#8230;. &nbsp; Segundo \u00e1lbum de esta banda espa\u00f1ola de Thrash Metal agresivo y jodidamente sat\u00e1nico. M\u00e1s intenso y m\u00e1s r\u00e1pido que su [&hellip;]<\/p>\n","protected":false},"featured_media":15315,"template":"","meta":{"_acf_changed":false},"product_cat":[92,314,87,308],"product_tag":[],"acf":[],"yoast_head":"<!-- This site is optimized with the Yoast SEO plugin v22.9 - https:\/\/yoast.com\/wordpress\/plugins\/seo\/ -->\n<title>Omission - Australis Records - Music from the End of the World<\/title>\n<meta name=\"robots\" content=\"index, follow, max-snippet:-1, max-image-preview:large, max-video-preview:-1\" \/>\n<link rel=\"canonical\" href=\"https:\/\/australisrecords.com\/shop\/producto\/omission\/\" \/>\n<meta property=\"og:locale\" content=\"en_US\" \/>\n<meta property=\"og:type\" content=\"article\" \/>\n<meta property=\"og:title\" content=\"Omission - Australis Records - Music from the End of the World\" \/>\n<meta property=\"og:description\" content=\"&nbsp; Seecond album by this spanish band of aggressive and motherfucking Satanicspeed Thrash Metal. More intense and faster than their debut, an infernal whirlwind for lovers of bands like SADUS, POSSESSED, KREATOR, WHIPLASH, SODOM&#8230;. &nbsp; Segundo \u00e1lbum de esta banda espa\u00f1ola de Thrash Metal agresivo y jodidamente sat\u00e1nico. M\u00e1s intenso y m\u00e1s r\u00e1pido que su [&hellip;]\" \/>\n<meta property=\"og:url\" content=\"https:\/\/australisrecords.com\/shop\/producto\/omission\/\" \/>\n<meta property=\"og:site_name\" content=\"Australis Records - Music from the End of the World\" \/>\n<meta property=\"article:modified_time\" content=\"2025-02-16T17:39:37+00:00\" \/>\n<meta property=\"og:image\" content=\"https:\/\/australisrecords.com\/shop\/wp-content\/uploads\/2020\/06\/290518.jpg\" \/>\n\t<meta property=\"og:image:width\" content=\"640\" \/>\n\t<meta property=\"og:image:height\" content=\"641\" \/>\n\t<meta property=\"og:image:type\" content=\"image\/jpeg\" \/>\n<meta name=\"twitter:card\" content=\"summary_large_image\" \/>\n<meta name=\"twitter:label1\" content=\"Est. reading time\" \/>\n\t<meta name=\"twitter:data1\" content=\"1 minute\" \/>\n<script type=\"application\/ld+json\" class=\"yoast-schema-graph\">{\"@context\":\"https:\/\/schema.org\",\"@graph\":[{\"@type\":\"WebPage\",\"@id\":\"https:\/\/australisrecords.com\/shop\/producto\/omission\/\",\"url\":\"https:\/\/australisrecords.com\/shop\/producto\/omission\/\",\"name\":\"Omission - Australis Records - Music from the End of the World\",\"isPartOf\":{\"@id\":\"https:\/\/australisrecords.com\/shop\/#website\"},\"primaryImageOfPage\":{\"@id\":\"https:\/\/australisrecords.com\/shop\/producto\/omission\/#primaryimage\"},\"image\":{\"@id\":\"https:\/\/australisrecords.com\/shop\/producto\/omission\/#primaryimage\"},\"thumbnailUrl\":\"https:\/\/australisrecords.com\/shop\/wp-content\/uploads\/2020\/06\/290518.jpg\",\"datePublished\":\"2020-06-12T15:45:54+00:00\",\"dateModified\":\"2025-02-16T17:39:37+00:00\",\"breadcrumb\":{\"@id\":\"https:\/\/australisrecords.com\/shop\/producto\/omission\/#breadcrumb\"},\"inLanguage\":\"en-US\",\"potentialAction\":[{\"@type\":\"ReadAction\",\"target\":[\"https:\/\/australisrecords.com\/shop\/producto\/omission\/\"]}]},{\"@type\":\"ImageObject\",\"inLanguage\":\"en-US\",\"@id\":\"https:\/\/australisrecords.com\/shop\/producto\/omission\/#primaryimage\",\"url\":\"https:\/\/australisrecords.com\/shop\/wp-content\/uploads\/2020\/06\/290518.jpg\",\"contentUrl\":\"https:\/\/australisrecords.com\/shop\/wp-content\/uploads\/2020\/06\/290518.jpg\",\"width\":640,\"height\":641},{\"@type\":\"BreadcrumbList\",\"@id\":\"https:\/\/australisrecords.com\/shop\/producto\/omission\/#breadcrumb\",\"itemListElement\":[{\"@type\":\"ListItem\",\"position\":1,\"name\":\"Home\",\"item\":\"https:\/\/australisrecords.com\/shop\/\"},{\"@type\":\"ListItem\",\"position\":2,\"name\":\"Shop\",\"item\":\"https:\/\/australisrecords.com\/shop\/shop-2\/\"},{\"@type\":\"ListItem\",\"position\":3,\"name\":\"Omission\"}]},{\"@type\":\"WebSite\",\"@id\":\"https:\/\/australisrecords.com\/shop\/#website\",\"url\":\"https:\/\/australisrecords.com\/shop\/\",\"name\":\"Australis Records - Music from the End of the World\",\"description\":\"\",\"potentialAction\":[{\"@type\":\"SearchAction\",\"target\":{\"@type\":\"EntryPoint\",\"urlTemplate\":\"https:\/\/australisrecords.com\/shop\/?s={search_term_string}\"},\"query-input\":\"required name=search_term_string\"}],\"inLanguage\":\"en-US\"}]}<\/script>\n<!-- \/ Yoast SEO plugin. -->","yoast_head_json":{"title":"Omission - Australis Records - Music from the End of the World","robots":{"index":"index","follow":"follow","max-snippet":"max-snippet:-1","max-image-preview":"max-image-preview:large","max-video-preview":"max-video-preview:-1"},"canonical":"https:\/\/australisrecords.com\/shop\/producto\/omission\/","og_locale":"en_US","og_type":"article","og_title":"Omission - Australis Records - Music from the End of the World","og_description":"&nbsp; Seecond album by this spanish band of aggressive and motherfucking Satanicspeed Thrash Metal. More intense and faster than their debut, an infernal whirlwind for lovers of bands like SADUS, POSSESSED, KREATOR, WHIPLASH, SODOM&#8230;. &nbsp; Segundo \u00e1lbum de esta banda espa\u00f1ola de Thrash Metal agresivo y jodidamente sat\u00e1nico. M\u00e1s intenso y m\u00e1s r\u00e1pido que su [&hellip;]","og_url":"https:\/\/australisrecords.com\/shop\/producto\/omission\/","og_site_name":"Australis Records - Music from the End of the World","article_modified_time":"2025-02-16T17:39:37+00:00","og_image":[{"width":640,"height":641,"url":"https:\/\/australisrecords.com\/shop\/wp-content\/uploads\/2020\/06\/290518.jpg","type":"image\/jpeg"}],"twitter_card":"summary_large_image","twitter_misc":{"Est. reading time":"1 minute"},"schema":{"@context":"https:\/\/schema.org","@graph":[{"@type":"WebPage","@id":"https:\/\/australisrecords.com\/shop\/producto\/omission\/","url":"https:\/\/australisrecords.com\/shop\/producto\/omission\/","name":"Omission - Australis Records - Music from the End of the World","isPartOf":{"@id":"https:\/\/australisrecords.com\/shop\/#website"},"primaryImageOfPage":{"@id":"https:\/\/australisrecords.com\/shop\/producto\/omission\/#primaryimage"},"image":{"@id":"https:\/\/australisrecords.com\/shop\/producto\/omission\/#primaryimage"},"thumbnailUrl":"https:\/\/australisrecords.com\/shop\/wp-content\/uploads\/2020\/06\/290518.jpg","datePublished":"2020-06-12T15:45:54+00:00","dateModified":"2025-02-16T17:39:37+00:00","breadcrumb":{"@id":"https:\/\/australisrecords.com\/shop\/producto\/omission\/#breadcrumb"},"inLanguage":"en-US","potentialAction":[{"@type":"ReadAction","target":["https:\/\/australisrecords.com\/shop\/producto\/omission\/"]}]},{"@type":"ImageObject","inLanguage":"en-US","@id":"https:\/\/australisrecords.com\/shop\/producto\/omission\/#primaryimage","url":"https:\/\/australisrecords.com\/shop\/wp-content\/uploads\/2020\/06\/290518.jpg","contentUrl":"https:\/\/australisrecords.com\/shop\/wp-content\/uploads\/2020\/06\/290518.jpg","width":640,"height":641},{"@type":"BreadcrumbList","@id":"https:\/\/australisrecords.com\/shop\/producto\/omission\/#breadcrumb","itemListElement":[{"@type":"ListItem","position":1,"name":"Home","item":"https:\/\/australisrecords.com\/shop\/"},{"@type":"ListItem","position":2,"name":"Shop","item":"https:\/\/australisrecords.com\/shop\/shop-2\/"},{"@type":"ListItem","position":3,"name":"Omission"}]},{"@type":"WebSite","@id":"https:\/\/australisrecords.com\/shop\/#website","url":"https:\/\/australisrecords.com\/shop\/","name":"Australis Records - Music from the End of the World","description":"","potentialAction":[{"@type":"SearchAction","target":{"@type":"EntryPoint","urlTemplate":"https:\/\/australisrecords.com\/shop\/?s={search_term_string}"},"query-input":"required name=search_term_string"}],"inLanguage":"en-US"}]}},"_links":{"self":[{"href":"https:\/\/australisrecords.com\/shop\/wp-json\/wp\/v2\/product\/15314"}],"collection":[{"href":"https:\/\/australisrecords.com\/shop\/wp-json\/wp\/v2\/product"}],"about":[{"href":"https:\/\/australisrecords.com\/shop\/wp-json\/wp\/v2\/types\/product"}],"version-history":[{"count":4,"href":"https:\/\/australisrecords.com\/shop\/wp-json\/wp\/v2\/product\/15314\/revisions"}],"predecessor-version":[{"id":26086,"href":"https:\/\/australisrecords.com\/shop\/wp-json\/wp\/v2\/product\/15314\/revisions\/26086"}],"wp:featuredmedia":[{"embeddable":true,"href":"https:\/\/australisrecords.com\/shop\/wp-json\/wp\/v2\/media\/15315"}],"wp:attachment":[{"href":"https:\/\/australisrecords.com\/shop\/wp-json\/wp\/v2\/media?parent=15314"}],"wp:term":[{"taxonomy":"product_cat","embeddable":true,"href":"https:\/\/australisrecords.com\/shop\/wp-json\/wp\/v2\/product_cat?post=15314"},{"taxonomy":"product_tag","embeddable":true,"href":"https:\/\/australisrecords.com\/shop\/wp-json\/wp\/v2\/product_tag?post=15314"}],"curies":[{"name":"wp","href":"https:\/\/api.w.org\/{rel}","templated":true}]}}