{"id":15233,"date":"2020-06-12T13:43:14","date_gmt":"2020-06-12T13:43:14","guid":{"rendered":"http:\/\/australisrecords.com\/shop\/?post_type=product&#038;p=15233"},"modified":"2020-07-26T21:15:03","modified_gmt":"2020-07-26T21:15:03","slug":"nosferatum","status":"publish","type":"product","link":"https:\/\/australisrecords.com\/shop\/producto\/nosferatum\/","title":{"rendered":"Nosferatum"},"content":{"rendered":"<div id=\"dslc-theme-content\"><div id=\"dslc-theme-content-inner\"><\/div><\/div>","protected":false},"excerpt":{"rendered":"<p>&nbsp; \u00a0Sick Old school Death Metal from Peru, complete discography 92-93 . &nbsp; Enfermo Death Metal de la vieja escuela de Per\u00fa, discograf\u00eda completa 92-93.\u00a0 1. \u00c9xodo (Intro) 2. Demolici\u00f3n 3. Dios eterno 4. Gritos de muerte 5. Este es nuestro verdadero Per\u00fa 6. Apocalipsis 7. Mundo violento 8. Marcha de muerte (Unreleased Track) 9. [&hellip;]<\/p>\n","protected":false},"featured_media":15235,"template":"","meta":{"_acf_changed":false},"product_cat":[92,314,303,87],"product_tag":[],"acf":[],"yoast_head":"<!-- This site is optimized with the Yoast SEO plugin v22.9 - https:\/\/yoast.com\/wordpress\/plugins\/seo\/ -->\n<title>Nosferatum - Australis Records - Music from the End of the World<\/title>\n<meta name=\"robots\" content=\"index, follow, max-snippet:-1, max-image-preview:large, max-video-preview:-1\" \/>\n<link rel=\"canonical\" href=\"https:\/\/australisrecords.com\/shop\/producto\/nosferatum\/\" \/>\n<meta property=\"og:locale\" content=\"en_US\" \/>\n<meta property=\"og:type\" content=\"article\" \/>\n<meta property=\"og:title\" content=\"Nosferatum - Australis Records - Music from the End of the World\" \/>\n<meta property=\"og:description\" content=\"&nbsp; \u00a0Sick Old school Death Metal from Peru, complete discography 92-93 . &nbsp; Enfermo Death Metal de la vieja escuela de Per\u00fa, discograf\u00eda completa 92-93.\u00a0 1. \u00c9xodo (Intro) 2. Demolici\u00f3n 3. Dios eterno 4. Gritos de muerte 5. Este es nuestro verdadero Per\u00fa 6. Apocalipsis 7. Mundo violento 8. Marcha de muerte (Unreleased Track) 9. [&hellip;]\" \/>\n<meta property=\"og:url\" content=\"https:\/\/australisrecords.com\/shop\/producto\/nosferatum\/\" \/>\n<meta property=\"og:site_name\" content=\"Australis Records - Music from the End of the World\" \/>\n<meta property=\"article:modified_time\" content=\"2020-07-26T21:15:03+00:00\" \/>\n<meta property=\"og:image\" content=\"https:\/\/australisrecords.com\/shop\/wp-content\/uploads\/2020\/06\/651103.jpg\" \/>\n\t<meta property=\"og:image:width\" content=\"360\" \/>\n\t<meta property=\"og:image:height\" content=\"357\" \/>\n\t<meta property=\"og:image:type\" content=\"image\/jpeg\" \/>\n<meta name=\"twitter:card\" content=\"summary_large_image\" \/>\n<script type=\"application\/ld+json\" class=\"yoast-schema-graph\">{\"@context\":\"https:\/\/schema.org\",\"@graph\":[{\"@type\":\"WebPage\",\"@id\":\"https:\/\/australisrecords.com\/shop\/producto\/nosferatum\/\",\"url\":\"https:\/\/australisrecords.com\/shop\/producto\/nosferatum\/\",\"name\":\"Nosferatum - Australis Records - Music from the End of the World\",\"isPartOf\":{\"@id\":\"https:\/\/australisrecords.com\/shop\/#website\"},\"primaryImageOfPage\":{\"@id\":\"https:\/\/australisrecords.com\/shop\/producto\/nosferatum\/#primaryimage\"},\"image\":{\"@id\":\"https:\/\/australisrecords.com\/shop\/producto\/nosferatum\/#primaryimage\"},\"thumbnailUrl\":\"https:\/\/australisrecords.com\/shop\/wp-content\/uploads\/2020\/06\/651103.jpg\",\"datePublished\":\"2020-06-12T13:43:14+00:00\",\"dateModified\":\"2020-07-26T21:15:03+00:00\",\"breadcrumb\":{\"@id\":\"https:\/\/australisrecords.com\/shop\/producto\/nosferatum\/#breadcrumb\"},\"inLanguage\":\"en-US\",\"potentialAction\":[{\"@type\":\"ReadAction\",\"target\":[\"https:\/\/australisrecords.com\/shop\/producto\/nosferatum\/\"]}]},{\"@type\":\"ImageObject\",\"inLanguage\":\"en-US\",\"@id\":\"https:\/\/australisrecords.com\/shop\/producto\/nosferatum\/#primaryimage\",\"url\":\"https:\/\/australisrecords.com\/shop\/wp-content\/uploads\/2020\/06\/651103.jpg\",\"contentUrl\":\"https:\/\/australisrecords.com\/shop\/wp-content\/uploads\/2020\/06\/651103.jpg\",\"width\":360,\"height\":357},{\"@type\":\"BreadcrumbList\",\"@id\":\"https:\/\/australisrecords.com\/shop\/producto\/nosferatum\/#breadcrumb\",\"itemListElement\":[{\"@type\":\"ListItem\",\"position\":1,\"name\":\"Home\",\"item\":\"https:\/\/australisrecords.com\/shop\/\"},{\"@type\":\"ListItem\",\"position\":2,\"name\":\"Shop\",\"item\":\"https:\/\/australisrecords.com\/shop\/shop-2\/\"},{\"@type\":\"ListItem\",\"position\":3,\"name\":\"Nosferatum\"}]},{\"@type\":\"WebSite\",\"@id\":\"https:\/\/australisrecords.com\/shop\/#website\",\"url\":\"https:\/\/australisrecords.com\/shop\/\",\"name\":\"Australis Records - Music from the End of the World\",\"description\":\"\",\"potentialAction\":[{\"@type\":\"SearchAction\",\"target\":{\"@type\":\"EntryPoint\",\"urlTemplate\":\"https:\/\/australisrecords.com\/shop\/?s={search_term_string}\"},\"query-input\":\"required name=search_term_string\"}],\"inLanguage\":\"en-US\"}]}<\/script>\n<!-- \/ Yoast SEO plugin. -->","yoast_head_json":{"title":"Nosferatum - Australis Records - Music from the End of the World","robots":{"index":"index","follow":"follow","max-snippet":"max-snippet:-1","max-image-preview":"max-image-preview:large","max-video-preview":"max-video-preview:-1"},"canonical":"https:\/\/australisrecords.com\/shop\/producto\/nosferatum\/","og_locale":"en_US","og_type":"article","og_title":"Nosferatum - Australis Records - Music from the End of the World","og_description":"&nbsp; \u00a0Sick Old school Death Metal from Peru, complete discography 92-93 . &nbsp; Enfermo Death Metal de la vieja escuela de Per\u00fa, discograf\u00eda completa 92-93.\u00a0 1. \u00c9xodo (Intro) 2. Demolici\u00f3n 3. Dios eterno 4. Gritos de muerte 5. Este es nuestro verdadero Per\u00fa 6. Apocalipsis 7. Mundo violento 8. Marcha de muerte (Unreleased Track) 9. [&hellip;]","og_url":"https:\/\/australisrecords.com\/shop\/producto\/nosferatum\/","og_site_name":"Australis Records - Music from the End of the World","article_modified_time":"2020-07-26T21:15:03+00:00","og_image":[{"width":360,"height":357,"url":"https:\/\/australisrecords.com\/shop\/wp-content\/uploads\/2020\/06\/651103.jpg","type":"image\/jpeg"}],"twitter_card":"summary_large_image","schema":{"@context":"https:\/\/schema.org","@graph":[{"@type":"WebPage","@id":"https:\/\/australisrecords.com\/shop\/producto\/nosferatum\/","url":"https:\/\/australisrecords.com\/shop\/producto\/nosferatum\/","name":"Nosferatum - Australis Records - Music from the End of the World","isPartOf":{"@id":"https:\/\/australisrecords.com\/shop\/#website"},"primaryImageOfPage":{"@id":"https:\/\/australisrecords.com\/shop\/producto\/nosferatum\/#primaryimage"},"image":{"@id":"https:\/\/australisrecords.com\/shop\/producto\/nosferatum\/#primaryimage"},"thumbnailUrl":"https:\/\/australisrecords.com\/shop\/wp-content\/uploads\/2020\/06\/651103.jpg","datePublished":"2020-06-12T13:43:14+00:00","dateModified":"2020-07-26T21:15:03+00:00","breadcrumb":{"@id":"https:\/\/australisrecords.com\/shop\/producto\/nosferatum\/#breadcrumb"},"inLanguage":"en-US","potentialAction":[{"@type":"ReadAction","target":["https:\/\/australisrecords.com\/shop\/producto\/nosferatum\/"]}]},{"@type":"ImageObject","inLanguage":"en-US","@id":"https:\/\/australisrecords.com\/shop\/producto\/nosferatum\/#primaryimage","url":"https:\/\/australisrecords.com\/shop\/wp-content\/uploads\/2020\/06\/651103.jpg","contentUrl":"https:\/\/australisrecords.com\/shop\/wp-content\/uploads\/2020\/06\/651103.jpg","width":360,"height":357},{"@type":"BreadcrumbList","@id":"https:\/\/australisrecords.com\/shop\/producto\/nosferatum\/#breadcrumb","itemListElement":[{"@type":"ListItem","position":1,"name":"Home","item":"https:\/\/australisrecords.com\/shop\/"},{"@type":"ListItem","position":2,"name":"Shop","item":"https:\/\/australisrecords.com\/shop\/shop-2\/"},{"@type":"ListItem","position":3,"name":"Nosferatum"}]},{"@type":"WebSite","@id":"https:\/\/australisrecords.com\/shop\/#website","url":"https:\/\/australisrecords.com\/shop\/","name":"Australis Records - Music from the End of the World","description":"","potentialAction":[{"@type":"SearchAction","target":{"@type":"EntryPoint","urlTemplate":"https:\/\/australisrecords.com\/shop\/?s={search_term_string}"},"query-input":"required name=search_term_string"}],"inLanguage":"en-US"}]}},"_links":{"self":[{"href":"https:\/\/australisrecords.com\/shop\/wp-json\/wp\/v2\/product\/15233"}],"collection":[{"href":"https:\/\/australisrecords.com\/shop\/wp-json\/wp\/v2\/product"}],"about":[{"href":"https:\/\/australisrecords.com\/shop\/wp-json\/wp\/v2\/types\/product"}],"version-history":[{"count":3,"href":"https:\/\/australisrecords.com\/shop\/wp-json\/wp\/v2\/product\/15233\/revisions"}],"predecessor-version":[{"id":19217,"href":"https:\/\/australisrecords.com\/shop\/wp-json\/wp\/v2\/product\/15233\/revisions\/19217"}],"wp:featuredmedia":[{"embeddable":true,"href":"https:\/\/australisrecords.com\/shop\/wp-json\/wp\/v2\/media\/15235"}],"wp:attachment":[{"href":"https:\/\/australisrecords.com\/shop\/wp-json\/wp\/v2\/media?parent=15233"}],"wp:term":[{"taxonomy":"product_cat","embeddable":true,"href":"https:\/\/australisrecords.com\/shop\/wp-json\/wp\/v2\/product_cat?post=15233"},{"taxonomy":"product_tag","embeddable":true,"href":"https:\/\/australisrecords.com\/shop\/wp-json\/wp\/v2\/product_tag?post=15233"}],"curies":[{"name":"wp","href":"https:\/\/api.w.org\/{rel}","templated":true}]}}