{"id":15134,"date":"2020-06-11T18:28:11","date_gmt":"2020-06-11T18:28:11","guid":{"rendered":"http:\/\/australisrecords.com\/shop\/?post_type=product&#038;p=15134"},"modified":"2020-07-26T01:31:27","modified_gmt":"2020-07-26T01:31:27","slug":"nihil-obstat","status":"publish","type":"product","link":"https:\/\/australisrecords.com\/shop\/producto\/nihil-obstat\/","title":{"rendered":"Nihil Obstat"},"content":{"rendered":"<div id=\"dslc-theme-content\"><div id=\"dslc-theme-content-inner\"><\/div><\/div>","protected":false},"excerpt":{"rendered":"<p>&nbsp; After 6 years of silence, Nihil Obstat finally unleashes their highly anticipated 2nd Full Length CD. Ultra Brutal, Ultra Guttural Brutal Fucking Death Metal from Colombia! GET THIS NOW!!!!!!!!! Awesome!!! . &nbsp; Despu\u00e9s de 6 a\u00f1os de silencio, Nihil Obstat finalmente lanza su muy esperado segundo CD de larga duraci\u00f3n. Ultra Brutal, Ultra Gutural [&hellip;]<\/p>\n","protected":false},"featured_media":15135,"template":"","meta":{"_acf_changed":false},"product_cat":[92,325,314,87],"product_tag":[],"acf":[],"yoast_head":"<!-- This site is optimized with the Yoast SEO plugin v22.9 - https:\/\/yoast.com\/wordpress\/plugins\/seo\/ -->\n<title>Nihil Obstat - Australis Records - Music from the End of the World<\/title>\n<meta name=\"robots\" content=\"index, follow, max-snippet:-1, max-image-preview:large, max-video-preview:-1\" \/>\n<link rel=\"canonical\" href=\"https:\/\/australisrecords.com\/shop\/producto\/nihil-obstat\/\" \/>\n<meta property=\"og:locale\" content=\"en_US\" \/>\n<meta property=\"og:type\" content=\"article\" \/>\n<meta property=\"og:title\" content=\"Nihil Obstat - Australis Records - Music from the End of the World\" \/>\n<meta property=\"og:description\" content=\"&nbsp; After 6 years of silence, Nihil Obstat finally unleashes their highly anticipated 2nd Full Length CD. Ultra Brutal, Ultra Guttural Brutal Fucking Death Metal from Colombia! GET THIS NOW!!!!!!!!! Awesome!!! . &nbsp; Despu\u00e9s de 6 a\u00f1os de silencio, Nihil Obstat finalmente lanza su muy esperado segundo CD de larga duraci\u00f3n. Ultra Brutal, Ultra Gutural [&hellip;]\" \/>\n<meta property=\"og:url\" content=\"https:\/\/australisrecords.com\/shop\/producto\/nihil-obstat\/\" \/>\n<meta property=\"og:site_name\" content=\"Australis Records - Music from the End of the World\" \/>\n<meta property=\"article:modified_time\" content=\"2020-07-26T01:31:27+00:00\" \/>\n<meta property=\"og:image\" content=\"https:\/\/australisrecords.com\/shop\/wp-content\/uploads\/2020\/06\/268390.jpg\" \/>\n\t<meta property=\"og:image:width\" content=\"450\" \/>\n\t<meta property=\"og:image:height\" content=\"450\" \/>\n\t<meta property=\"og:image:type\" content=\"image\/jpeg\" \/>\n<meta name=\"twitter:card\" content=\"summary_large_image\" \/>\n<script type=\"application\/ld+json\" class=\"yoast-schema-graph\">{\"@context\":\"https:\/\/schema.org\",\"@graph\":[{\"@type\":\"WebPage\",\"@id\":\"https:\/\/australisrecords.com\/shop\/producto\/nihil-obstat\/\",\"url\":\"https:\/\/australisrecords.com\/shop\/producto\/nihil-obstat\/\",\"name\":\"Nihil Obstat - Australis Records - Music from the End of the World\",\"isPartOf\":{\"@id\":\"https:\/\/australisrecords.com\/shop\/#website\"},\"primaryImageOfPage\":{\"@id\":\"https:\/\/australisrecords.com\/shop\/producto\/nihil-obstat\/#primaryimage\"},\"image\":{\"@id\":\"https:\/\/australisrecords.com\/shop\/producto\/nihil-obstat\/#primaryimage\"},\"thumbnailUrl\":\"https:\/\/australisrecords.com\/shop\/wp-content\/uploads\/2020\/06\/268390.jpg\",\"datePublished\":\"2020-06-11T18:28:11+00:00\",\"dateModified\":\"2020-07-26T01:31:27+00:00\",\"breadcrumb\":{\"@id\":\"https:\/\/australisrecords.com\/shop\/producto\/nihil-obstat\/#breadcrumb\"},\"inLanguage\":\"en-US\",\"potentialAction\":[{\"@type\":\"ReadAction\",\"target\":[\"https:\/\/australisrecords.com\/shop\/producto\/nihil-obstat\/\"]}]},{\"@type\":\"ImageObject\",\"inLanguage\":\"en-US\",\"@id\":\"https:\/\/australisrecords.com\/shop\/producto\/nihil-obstat\/#primaryimage\",\"url\":\"https:\/\/australisrecords.com\/shop\/wp-content\/uploads\/2020\/06\/268390.jpg\",\"contentUrl\":\"https:\/\/australisrecords.com\/shop\/wp-content\/uploads\/2020\/06\/268390.jpg\",\"width\":450,\"height\":450},{\"@type\":\"BreadcrumbList\",\"@id\":\"https:\/\/australisrecords.com\/shop\/producto\/nihil-obstat\/#breadcrumb\",\"itemListElement\":[{\"@type\":\"ListItem\",\"position\":1,\"name\":\"Home\",\"item\":\"https:\/\/australisrecords.com\/shop\/\"},{\"@type\":\"ListItem\",\"position\":2,\"name\":\"Shop\",\"item\":\"https:\/\/australisrecords.com\/shop\/shop-2\/\"},{\"@type\":\"ListItem\",\"position\":3,\"name\":\"Nihil Obstat\"}]},{\"@type\":\"WebSite\",\"@id\":\"https:\/\/australisrecords.com\/shop\/#website\",\"url\":\"https:\/\/australisrecords.com\/shop\/\",\"name\":\"Australis Records - Music from the End of the World\",\"description\":\"\",\"potentialAction\":[{\"@type\":\"SearchAction\",\"target\":{\"@type\":\"EntryPoint\",\"urlTemplate\":\"https:\/\/australisrecords.com\/shop\/?s={search_term_string}\"},\"query-input\":\"required name=search_term_string\"}],\"inLanguage\":\"en-US\"}]}<\/script>\n<!-- \/ Yoast SEO plugin. -->","yoast_head_json":{"title":"Nihil Obstat - Australis Records - Music from the End of the World","robots":{"index":"index","follow":"follow","max-snippet":"max-snippet:-1","max-image-preview":"max-image-preview:large","max-video-preview":"max-video-preview:-1"},"canonical":"https:\/\/australisrecords.com\/shop\/producto\/nihil-obstat\/","og_locale":"en_US","og_type":"article","og_title":"Nihil Obstat - Australis Records - Music from the End of the World","og_description":"&nbsp; After 6 years of silence, Nihil Obstat finally unleashes their highly anticipated 2nd Full Length CD. Ultra Brutal, Ultra Guttural Brutal Fucking Death Metal from Colombia! GET THIS NOW!!!!!!!!! Awesome!!! . &nbsp; Despu\u00e9s de 6 a\u00f1os de silencio, Nihil Obstat finalmente lanza su muy esperado segundo CD de larga duraci\u00f3n. Ultra Brutal, Ultra Gutural [&hellip;]","og_url":"https:\/\/australisrecords.com\/shop\/producto\/nihil-obstat\/","og_site_name":"Australis Records - Music from the End of the World","article_modified_time":"2020-07-26T01:31:27+00:00","og_image":[{"width":450,"height":450,"url":"https:\/\/australisrecords.com\/shop\/wp-content\/uploads\/2020\/06\/268390.jpg","type":"image\/jpeg"}],"twitter_card":"summary_large_image","schema":{"@context":"https:\/\/schema.org","@graph":[{"@type":"WebPage","@id":"https:\/\/australisrecords.com\/shop\/producto\/nihil-obstat\/","url":"https:\/\/australisrecords.com\/shop\/producto\/nihil-obstat\/","name":"Nihil Obstat - Australis Records - Music from the End of the World","isPartOf":{"@id":"https:\/\/australisrecords.com\/shop\/#website"},"primaryImageOfPage":{"@id":"https:\/\/australisrecords.com\/shop\/producto\/nihil-obstat\/#primaryimage"},"image":{"@id":"https:\/\/australisrecords.com\/shop\/producto\/nihil-obstat\/#primaryimage"},"thumbnailUrl":"https:\/\/australisrecords.com\/shop\/wp-content\/uploads\/2020\/06\/268390.jpg","datePublished":"2020-06-11T18:28:11+00:00","dateModified":"2020-07-26T01:31:27+00:00","breadcrumb":{"@id":"https:\/\/australisrecords.com\/shop\/producto\/nihil-obstat\/#breadcrumb"},"inLanguage":"en-US","potentialAction":[{"@type":"ReadAction","target":["https:\/\/australisrecords.com\/shop\/producto\/nihil-obstat\/"]}]},{"@type":"ImageObject","inLanguage":"en-US","@id":"https:\/\/australisrecords.com\/shop\/producto\/nihil-obstat\/#primaryimage","url":"https:\/\/australisrecords.com\/shop\/wp-content\/uploads\/2020\/06\/268390.jpg","contentUrl":"https:\/\/australisrecords.com\/shop\/wp-content\/uploads\/2020\/06\/268390.jpg","width":450,"height":450},{"@type":"BreadcrumbList","@id":"https:\/\/australisrecords.com\/shop\/producto\/nihil-obstat\/#breadcrumb","itemListElement":[{"@type":"ListItem","position":1,"name":"Home","item":"https:\/\/australisrecords.com\/shop\/"},{"@type":"ListItem","position":2,"name":"Shop","item":"https:\/\/australisrecords.com\/shop\/shop-2\/"},{"@type":"ListItem","position":3,"name":"Nihil Obstat"}]},{"@type":"WebSite","@id":"https:\/\/australisrecords.com\/shop\/#website","url":"https:\/\/australisrecords.com\/shop\/","name":"Australis Records - Music from the End of the World","description":"","potentialAction":[{"@type":"SearchAction","target":{"@type":"EntryPoint","urlTemplate":"https:\/\/australisrecords.com\/shop\/?s={search_term_string}"},"query-input":"required name=search_term_string"}],"inLanguage":"en-US"}]}},"_links":{"self":[{"href":"https:\/\/australisrecords.com\/shop\/wp-json\/wp\/v2\/product\/15134"}],"collection":[{"href":"https:\/\/australisrecords.com\/shop\/wp-json\/wp\/v2\/product"}],"about":[{"href":"https:\/\/australisrecords.com\/shop\/wp-json\/wp\/v2\/types\/product"}],"version-history":[{"count":3,"href":"https:\/\/australisrecords.com\/shop\/wp-json\/wp\/v2\/product\/15134\/revisions"}],"predecessor-version":[{"id":19155,"href":"https:\/\/australisrecords.com\/shop\/wp-json\/wp\/v2\/product\/15134\/revisions\/19155"}],"wp:featuredmedia":[{"embeddable":true,"href":"https:\/\/australisrecords.com\/shop\/wp-json\/wp\/v2\/media\/15135"}],"wp:attachment":[{"href":"https:\/\/australisrecords.com\/shop\/wp-json\/wp\/v2\/media?parent=15134"}],"wp:term":[{"taxonomy":"product_cat","embeddable":true,"href":"https:\/\/australisrecords.com\/shop\/wp-json\/wp\/v2\/product_cat?post=15134"},{"taxonomy":"product_tag","embeddable":true,"href":"https:\/\/australisrecords.com\/shop\/wp-json\/wp\/v2\/product_tag?post=15134"}],"curies":[{"name":"wp","href":"https:\/\/api.w.org\/{rel}","templated":true}]}}