{"id":15086,"date":"2020-06-11T14:47:56","date_gmt":"2020-06-11T14:47:56","guid":{"rendered":"http:\/\/australisrecords.com\/shop\/?post_type=product&#038;p=15086"},"modified":"2020-07-25T23:32:30","modified_gmt":"2020-07-25T23:32:30","slug":"nemere","status":"publish","type":"product","link":"https:\/\/australisrecords.com\/shop\/producto\/nemere\/","title":{"rendered":"Nemere"},"content":{"rendered":"<div id=\"dslc-theme-content\"><div id=\"dslc-theme-content-inner\"><\/div><\/div>","protected":false},"excerpt":{"rendered":"<p>&nbsp; Hungarian Black Metal with a Pagan Atmosphere. &nbsp; Black Metal h\u00fangaro con un ambiente pagano.\u00a0 1. A m\u00falt kapuja (The Gate of Past) 2. Harci dal (Battle Song) 3. Pokoli puszt\u00e1k (Infernal Barrens) 4. V\u00edzi\u00f3 (Vision) 5. V\u00e9gs\u0151 csat\u00e1nk veszni l\u00e1tszik (Our Last Battle Seems to Gone) 6. Az \u00e9jszaka holdja alatt (Under the [&hellip;]<\/p>\n","protected":false},"featured_media":15087,"template":"","meta":{"_acf_changed":false},"product_cat":[92,304,314,87],"product_tag":[],"acf":[],"yoast_head":"<!-- This site is optimized with the Yoast SEO plugin v22.9 - https:\/\/yoast.com\/wordpress\/plugins\/seo\/ -->\n<title>Nemere - Australis Records - Music from the End of the World<\/title>\n<meta name=\"robots\" content=\"index, follow, max-snippet:-1, max-image-preview:large, max-video-preview:-1\" \/>\n<link rel=\"canonical\" href=\"https:\/\/australisrecords.com\/shop\/producto\/nemere\/\" \/>\n<meta property=\"og:locale\" content=\"en_US\" \/>\n<meta property=\"og:type\" content=\"article\" \/>\n<meta property=\"og:title\" content=\"Nemere - Australis Records - Music from the End of the World\" \/>\n<meta property=\"og:description\" content=\"&nbsp; Hungarian Black Metal with a Pagan Atmosphere. &nbsp; Black Metal h\u00fangaro con un ambiente pagano.\u00a0 1. A m\u00falt kapuja (The Gate of Past) 2. Harci dal (Battle Song) 3. Pokoli puszt\u00e1k (Infernal Barrens) 4. V\u00edzi\u00f3 (Vision) 5. V\u00e9gs\u0151 csat\u00e1nk veszni l\u00e1tszik (Our Last Battle Seems to Gone) 6. Az \u00e9jszaka holdja alatt (Under the [&hellip;]\" \/>\n<meta property=\"og:url\" content=\"https:\/\/australisrecords.com\/shop\/producto\/nemere\/\" \/>\n<meta property=\"og:site_name\" content=\"Australis Records - Music from the End of the World\" \/>\n<meta property=\"article:modified_time\" content=\"2020-07-25T23:32:30+00:00\" \/>\n<meta property=\"og:image\" content=\"https:\/\/australisrecords.com\/shop\/wp-content\/uploads\/2020\/06\/657540.jpg\" \/>\n\t<meta property=\"og:image:width\" content=\"385\" \/>\n\t<meta property=\"og:image:height\" content=\"385\" \/>\n\t<meta property=\"og:image:type\" content=\"image\/jpeg\" \/>\n<meta name=\"twitter:card\" content=\"summary_large_image\" \/>\n<script type=\"application\/ld+json\" class=\"yoast-schema-graph\">{\"@context\":\"https:\/\/schema.org\",\"@graph\":[{\"@type\":\"WebPage\",\"@id\":\"https:\/\/australisrecords.com\/shop\/producto\/nemere\/\",\"url\":\"https:\/\/australisrecords.com\/shop\/producto\/nemere\/\",\"name\":\"Nemere - Australis Records - Music from the End of the World\",\"isPartOf\":{\"@id\":\"https:\/\/australisrecords.com\/shop\/#website\"},\"primaryImageOfPage\":{\"@id\":\"https:\/\/australisrecords.com\/shop\/producto\/nemere\/#primaryimage\"},\"image\":{\"@id\":\"https:\/\/australisrecords.com\/shop\/producto\/nemere\/#primaryimage\"},\"thumbnailUrl\":\"https:\/\/australisrecords.com\/shop\/wp-content\/uploads\/2020\/06\/657540.jpg\",\"datePublished\":\"2020-06-11T14:47:56+00:00\",\"dateModified\":\"2020-07-25T23:32:30+00:00\",\"breadcrumb\":{\"@id\":\"https:\/\/australisrecords.com\/shop\/producto\/nemere\/#breadcrumb\"},\"inLanguage\":\"en-US\",\"potentialAction\":[{\"@type\":\"ReadAction\",\"target\":[\"https:\/\/australisrecords.com\/shop\/producto\/nemere\/\"]}]},{\"@type\":\"ImageObject\",\"inLanguage\":\"en-US\",\"@id\":\"https:\/\/australisrecords.com\/shop\/producto\/nemere\/#primaryimage\",\"url\":\"https:\/\/australisrecords.com\/shop\/wp-content\/uploads\/2020\/06\/657540.jpg\",\"contentUrl\":\"https:\/\/australisrecords.com\/shop\/wp-content\/uploads\/2020\/06\/657540.jpg\",\"width\":385,\"height\":385},{\"@type\":\"BreadcrumbList\",\"@id\":\"https:\/\/australisrecords.com\/shop\/producto\/nemere\/#breadcrumb\",\"itemListElement\":[{\"@type\":\"ListItem\",\"position\":1,\"name\":\"Home\",\"item\":\"https:\/\/australisrecords.com\/shop\/\"},{\"@type\":\"ListItem\",\"position\":2,\"name\":\"Shop\",\"item\":\"https:\/\/australisrecords.com\/shop\/shop-2\/\"},{\"@type\":\"ListItem\",\"position\":3,\"name\":\"Nemere\"}]},{\"@type\":\"WebSite\",\"@id\":\"https:\/\/australisrecords.com\/shop\/#website\",\"url\":\"https:\/\/australisrecords.com\/shop\/\",\"name\":\"Australis Records - Music from the End of the World\",\"description\":\"\",\"potentialAction\":[{\"@type\":\"SearchAction\",\"target\":{\"@type\":\"EntryPoint\",\"urlTemplate\":\"https:\/\/australisrecords.com\/shop\/?s={search_term_string}\"},\"query-input\":\"required name=search_term_string\"}],\"inLanguage\":\"en-US\"}]}<\/script>\n<!-- \/ Yoast SEO plugin. -->","yoast_head_json":{"title":"Nemere - Australis Records - Music from the End of the World","robots":{"index":"index","follow":"follow","max-snippet":"max-snippet:-1","max-image-preview":"max-image-preview:large","max-video-preview":"max-video-preview:-1"},"canonical":"https:\/\/australisrecords.com\/shop\/producto\/nemere\/","og_locale":"en_US","og_type":"article","og_title":"Nemere - Australis Records - Music from the End of the World","og_description":"&nbsp; Hungarian Black Metal with a Pagan Atmosphere. &nbsp; Black Metal h\u00fangaro con un ambiente pagano.\u00a0 1. A m\u00falt kapuja (The Gate of Past) 2. Harci dal (Battle Song) 3. Pokoli puszt\u00e1k (Infernal Barrens) 4. V\u00edzi\u00f3 (Vision) 5. V\u00e9gs\u0151 csat\u00e1nk veszni l\u00e1tszik (Our Last Battle Seems to Gone) 6. Az \u00e9jszaka holdja alatt (Under the [&hellip;]","og_url":"https:\/\/australisrecords.com\/shop\/producto\/nemere\/","og_site_name":"Australis Records - Music from the End of the World","article_modified_time":"2020-07-25T23:32:30+00:00","og_image":[{"width":385,"height":385,"url":"https:\/\/australisrecords.com\/shop\/wp-content\/uploads\/2020\/06\/657540.jpg","type":"image\/jpeg"}],"twitter_card":"summary_large_image","schema":{"@context":"https:\/\/schema.org","@graph":[{"@type":"WebPage","@id":"https:\/\/australisrecords.com\/shop\/producto\/nemere\/","url":"https:\/\/australisrecords.com\/shop\/producto\/nemere\/","name":"Nemere - Australis Records - Music from the End of the World","isPartOf":{"@id":"https:\/\/australisrecords.com\/shop\/#website"},"primaryImageOfPage":{"@id":"https:\/\/australisrecords.com\/shop\/producto\/nemere\/#primaryimage"},"image":{"@id":"https:\/\/australisrecords.com\/shop\/producto\/nemere\/#primaryimage"},"thumbnailUrl":"https:\/\/australisrecords.com\/shop\/wp-content\/uploads\/2020\/06\/657540.jpg","datePublished":"2020-06-11T14:47:56+00:00","dateModified":"2020-07-25T23:32:30+00:00","breadcrumb":{"@id":"https:\/\/australisrecords.com\/shop\/producto\/nemere\/#breadcrumb"},"inLanguage":"en-US","potentialAction":[{"@type":"ReadAction","target":["https:\/\/australisrecords.com\/shop\/producto\/nemere\/"]}]},{"@type":"ImageObject","inLanguage":"en-US","@id":"https:\/\/australisrecords.com\/shop\/producto\/nemere\/#primaryimage","url":"https:\/\/australisrecords.com\/shop\/wp-content\/uploads\/2020\/06\/657540.jpg","contentUrl":"https:\/\/australisrecords.com\/shop\/wp-content\/uploads\/2020\/06\/657540.jpg","width":385,"height":385},{"@type":"BreadcrumbList","@id":"https:\/\/australisrecords.com\/shop\/producto\/nemere\/#breadcrumb","itemListElement":[{"@type":"ListItem","position":1,"name":"Home","item":"https:\/\/australisrecords.com\/shop\/"},{"@type":"ListItem","position":2,"name":"Shop","item":"https:\/\/australisrecords.com\/shop\/shop-2\/"},{"@type":"ListItem","position":3,"name":"Nemere"}]},{"@type":"WebSite","@id":"https:\/\/australisrecords.com\/shop\/#website","url":"https:\/\/australisrecords.com\/shop\/","name":"Australis Records - Music from the End of the World","description":"","potentialAction":[{"@type":"SearchAction","target":{"@type":"EntryPoint","urlTemplate":"https:\/\/australisrecords.com\/shop\/?s={search_term_string}"},"query-input":"required name=search_term_string"}],"inLanguage":"en-US"}]}},"_links":{"self":[{"href":"https:\/\/australisrecords.com\/shop\/wp-json\/wp\/v2\/product\/15086"}],"collection":[{"href":"https:\/\/australisrecords.com\/shop\/wp-json\/wp\/v2\/product"}],"about":[{"href":"https:\/\/australisrecords.com\/shop\/wp-json\/wp\/v2\/types\/product"}],"version-history":[{"count":3,"href":"https:\/\/australisrecords.com\/shop\/wp-json\/wp\/v2\/product\/15086\/revisions"}],"predecessor-version":[{"id":19118,"href":"https:\/\/australisrecords.com\/shop\/wp-json\/wp\/v2\/product\/15086\/revisions\/19118"}],"wp:featuredmedia":[{"embeddable":true,"href":"https:\/\/australisrecords.com\/shop\/wp-json\/wp\/v2\/media\/15087"}],"wp:attachment":[{"href":"https:\/\/australisrecords.com\/shop\/wp-json\/wp\/v2\/media?parent=15086"}],"wp:term":[{"taxonomy":"product_cat","embeddable":true,"href":"https:\/\/australisrecords.com\/shop\/wp-json\/wp\/v2\/product_cat?post=15086"},{"taxonomy":"product_tag","embeddable":true,"href":"https:\/\/australisrecords.com\/shop\/wp-json\/wp\/v2\/product_tag?post=15086"}],"curies":[{"name":"wp","href":"https:\/\/api.w.org\/{rel}","templated":true}]}}