{"id":15046,"date":"2020-06-11T13:33:45","date_gmt":"2020-06-11T13:33:45","guid":{"rendered":"http:\/\/australisrecords.com\/shop\/?post_type=product&#038;p=15046"},"modified":"2022-02-14T00:00:51","modified_gmt":"2022-02-14T00:00:51","slug":"necronomicon","status":"publish","type":"product","link":"https:\/\/australisrecords.com\/shop\/producto\/necronomicon\/","title":{"rendered":"Necronomicon"},"content":{"rendered":"<div id=\"dslc-theme-content\"><div id=\"dslc-theme-content-inner\"><\/div><\/div>","protected":false},"excerpt":{"rendered":"<p>&nbsp; Classic German thrash metal! Reissue of the album released in 1987. &nbsp; \u00a1Thrash metal cl\u00e1sico alem\u00e1n! Reedici\u00f3n del \u00e1lbum lanzado en 1987..\u00a0 1. Rhetorical Dictums 2. In Memory 3. Broken Illusions 4. Retributive Strike 5. The Ancient Ones 6. Apocalyptic Nightmare 7. The Following Century (Darkland II) &nbsp; &nbsp;<\/p>\n","protected":false},"featured_media":15047,"template":"","meta":{"_acf_changed":false},"product_cat":[92,314,87,308],"product_tag":[],"acf":[],"yoast_head":"<!-- This site is optimized with the Yoast SEO plugin v22.9 - https:\/\/yoast.com\/wordpress\/plugins\/seo\/ -->\n<title>Necronomicon - Australis Records - Music from the End of the World<\/title>\n<meta name=\"robots\" content=\"index, follow, max-snippet:-1, max-image-preview:large, max-video-preview:-1\" \/>\n<link rel=\"canonical\" href=\"https:\/\/australisrecords.com\/shop\/producto\/necronomicon\/\" \/>\n<meta property=\"og:locale\" content=\"en_US\" \/>\n<meta property=\"og:type\" content=\"article\" \/>\n<meta property=\"og:title\" content=\"Necronomicon - Australis Records - Music from the End of the World\" \/>\n<meta property=\"og:description\" content=\"&nbsp; Classic German thrash metal! Reissue of the album released in 1987. &nbsp; \u00a1Thrash metal cl\u00e1sico alem\u00e1n! Reedici\u00f3n del \u00e1lbum lanzado en 1987..\u00a0 1. Rhetorical Dictums 2. In Memory 3. Broken Illusions 4. Retributive Strike 5. The Ancient Ones 6. Apocalyptic Nightmare 7. The Following Century (Darkland II) &nbsp; &nbsp;\" \/>\n<meta property=\"og:url\" content=\"https:\/\/australisrecords.com\/shop\/producto\/necronomicon\/\" \/>\n<meta property=\"og:site_name\" content=\"Australis Records - Music from the End of the World\" \/>\n<meta property=\"article:modified_time\" content=\"2022-02-14T00:00:51+00:00\" \/>\n<meta property=\"og:image\" content=\"https:\/\/australisrecords.com\/shop\/wp-content\/uploads\/2020\/06\/682583.jpg\" \/>\n\t<meta property=\"og:image:width\" content=\"300\" \/>\n\t<meta property=\"og:image:height\" content=\"264\" \/>\n\t<meta property=\"og:image:type\" content=\"image\/jpeg\" \/>\n<meta name=\"twitter:card\" content=\"summary_large_image\" \/>\n<script type=\"application\/ld+json\" class=\"yoast-schema-graph\">{\"@context\":\"https:\/\/schema.org\",\"@graph\":[{\"@type\":\"WebPage\",\"@id\":\"https:\/\/australisrecords.com\/shop\/producto\/necronomicon\/\",\"url\":\"https:\/\/australisrecords.com\/shop\/producto\/necronomicon\/\",\"name\":\"Necronomicon - Australis Records - Music from the End of the World\",\"isPartOf\":{\"@id\":\"https:\/\/australisrecords.com\/shop\/#website\"},\"primaryImageOfPage\":{\"@id\":\"https:\/\/australisrecords.com\/shop\/producto\/necronomicon\/#primaryimage\"},\"image\":{\"@id\":\"https:\/\/australisrecords.com\/shop\/producto\/necronomicon\/#primaryimage\"},\"thumbnailUrl\":\"https:\/\/australisrecords.com\/shop\/wp-content\/uploads\/2020\/06\/682583.jpg\",\"datePublished\":\"2020-06-11T13:33:45+00:00\",\"dateModified\":\"2022-02-14T00:00:51+00:00\",\"breadcrumb\":{\"@id\":\"https:\/\/australisrecords.com\/shop\/producto\/necronomicon\/#breadcrumb\"},\"inLanguage\":\"en-US\",\"potentialAction\":[{\"@type\":\"ReadAction\",\"target\":[\"https:\/\/australisrecords.com\/shop\/producto\/necronomicon\/\"]}]},{\"@type\":\"ImageObject\",\"inLanguage\":\"en-US\",\"@id\":\"https:\/\/australisrecords.com\/shop\/producto\/necronomicon\/#primaryimage\",\"url\":\"https:\/\/australisrecords.com\/shop\/wp-content\/uploads\/2020\/06\/682583.jpg\",\"contentUrl\":\"https:\/\/australisrecords.com\/shop\/wp-content\/uploads\/2020\/06\/682583.jpg\",\"width\":300,\"height\":264},{\"@type\":\"BreadcrumbList\",\"@id\":\"https:\/\/australisrecords.com\/shop\/producto\/necronomicon\/#breadcrumb\",\"itemListElement\":[{\"@type\":\"ListItem\",\"position\":1,\"name\":\"Home\",\"item\":\"https:\/\/australisrecords.com\/shop\/\"},{\"@type\":\"ListItem\",\"position\":2,\"name\":\"Shop\",\"item\":\"https:\/\/australisrecords.com\/shop\/shop-2\/\"},{\"@type\":\"ListItem\",\"position\":3,\"name\":\"Necronomicon\"}]},{\"@type\":\"WebSite\",\"@id\":\"https:\/\/australisrecords.com\/shop\/#website\",\"url\":\"https:\/\/australisrecords.com\/shop\/\",\"name\":\"Australis Records - Music from the End of the World\",\"description\":\"\",\"potentialAction\":[{\"@type\":\"SearchAction\",\"target\":{\"@type\":\"EntryPoint\",\"urlTemplate\":\"https:\/\/australisrecords.com\/shop\/?s={search_term_string}\"},\"query-input\":\"required name=search_term_string\"}],\"inLanguage\":\"en-US\"}]}<\/script>\n<!-- \/ Yoast SEO plugin. -->","yoast_head_json":{"title":"Necronomicon - Australis Records - Music from the End of the World","robots":{"index":"index","follow":"follow","max-snippet":"max-snippet:-1","max-image-preview":"max-image-preview:large","max-video-preview":"max-video-preview:-1"},"canonical":"https:\/\/australisrecords.com\/shop\/producto\/necronomicon\/","og_locale":"en_US","og_type":"article","og_title":"Necronomicon - Australis Records - Music from the End of the World","og_description":"&nbsp; Classic German thrash metal! Reissue of the album released in 1987. &nbsp; \u00a1Thrash metal cl\u00e1sico alem\u00e1n! Reedici\u00f3n del \u00e1lbum lanzado en 1987..\u00a0 1. Rhetorical Dictums 2. In Memory 3. Broken Illusions 4. Retributive Strike 5. The Ancient Ones 6. Apocalyptic Nightmare 7. The Following Century (Darkland II) &nbsp; &nbsp;","og_url":"https:\/\/australisrecords.com\/shop\/producto\/necronomicon\/","og_site_name":"Australis Records - Music from the End of the World","article_modified_time":"2022-02-14T00:00:51+00:00","og_image":[{"width":300,"height":264,"url":"https:\/\/australisrecords.com\/shop\/wp-content\/uploads\/2020\/06\/682583.jpg","type":"image\/jpeg"}],"twitter_card":"summary_large_image","schema":{"@context":"https:\/\/schema.org","@graph":[{"@type":"WebPage","@id":"https:\/\/australisrecords.com\/shop\/producto\/necronomicon\/","url":"https:\/\/australisrecords.com\/shop\/producto\/necronomicon\/","name":"Necronomicon - Australis Records - Music from the End of the World","isPartOf":{"@id":"https:\/\/australisrecords.com\/shop\/#website"},"primaryImageOfPage":{"@id":"https:\/\/australisrecords.com\/shop\/producto\/necronomicon\/#primaryimage"},"image":{"@id":"https:\/\/australisrecords.com\/shop\/producto\/necronomicon\/#primaryimage"},"thumbnailUrl":"https:\/\/australisrecords.com\/shop\/wp-content\/uploads\/2020\/06\/682583.jpg","datePublished":"2020-06-11T13:33:45+00:00","dateModified":"2022-02-14T00:00:51+00:00","breadcrumb":{"@id":"https:\/\/australisrecords.com\/shop\/producto\/necronomicon\/#breadcrumb"},"inLanguage":"en-US","potentialAction":[{"@type":"ReadAction","target":["https:\/\/australisrecords.com\/shop\/producto\/necronomicon\/"]}]},{"@type":"ImageObject","inLanguage":"en-US","@id":"https:\/\/australisrecords.com\/shop\/producto\/necronomicon\/#primaryimage","url":"https:\/\/australisrecords.com\/shop\/wp-content\/uploads\/2020\/06\/682583.jpg","contentUrl":"https:\/\/australisrecords.com\/shop\/wp-content\/uploads\/2020\/06\/682583.jpg","width":300,"height":264},{"@type":"BreadcrumbList","@id":"https:\/\/australisrecords.com\/shop\/producto\/necronomicon\/#breadcrumb","itemListElement":[{"@type":"ListItem","position":1,"name":"Home","item":"https:\/\/australisrecords.com\/shop\/"},{"@type":"ListItem","position":2,"name":"Shop","item":"https:\/\/australisrecords.com\/shop\/shop-2\/"},{"@type":"ListItem","position":3,"name":"Necronomicon"}]},{"@type":"WebSite","@id":"https:\/\/australisrecords.com\/shop\/#website","url":"https:\/\/australisrecords.com\/shop\/","name":"Australis Records - Music from the End of the World","description":"","potentialAction":[{"@type":"SearchAction","target":{"@type":"EntryPoint","urlTemplate":"https:\/\/australisrecords.com\/shop\/?s={search_term_string}"},"query-input":"required name=search_term_string"}],"inLanguage":"en-US"}]}},"_links":{"self":[{"href":"https:\/\/australisrecords.com\/shop\/wp-json\/wp\/v2\/product\/15046"}],"collection":[{"href":"https:\/\/australisrecords.com\/shop\/wp-json\/wp\/v2\/product"}],"about":[{"href":"https:\/\/australisrecords.com\/shop\/wp-json\/wp\/v2\/types\/product"}],"version-history":[{"count":3,"href":"https:\/\/australisrecords.com\/shop\/wp-json\/wp\/v2\/product\/15046\/revisions"}],"predecessor-version":[{"id":19147,"href":"https:\/\/australisrecords.com\/shop\/wp-json\/wp\/v2\/product\/15046\/revisions\/19147"}],"wp:featuredmedia":[{"embeddable":true,"href":"https:\/\/australisrecords.com\/shop\/wp-json\/wp\/v2\/media\/15047"}],"wp:attachment":[{"href":"https:\/\/australisrecords.com\/shop\/wp-json\/wp\/v2\/media?parent=15046"}],"wp:term":[{"taxonomy":"product_cat","embeddable":true,"href":"https:\/\/australisrecords.com\/shop\/wp-json\/wp\/v2\/product_cat?post=15046"},{"taxonomy":"product_tag","embeddable":true,"href":"https:\/\/australisrecords.com\/shop\/wp-json\/wp\/v2\/product_tag?post=15046"}],"curies":[{"name":"wp","href":"https:\/\/api.w.org\/{rel}","templated":true}]}}