{"id":15039,"date":"2020-06-10T23:48:10","date_gmt":"2020-06-10T23:48:10","guid":{"rendered":"http:\/\/australisrecords.com\/shop\/?post_type=product&#038;p=15039"},"modified":"2020-07-26T01:09:18","modified_gmt":"2020-07-26T01:09:18","slug":"necromancer","status":"publish","type":"product","link":"https:\/\/australisrecords.com\/shop\/producto\/necromancer\/","title":{"rendered":"Necromancer"},"content":{"rendered":"<div id=\"dslc-theme-content\"><div id=\"dslc-theme-content-inner\"><\/div><\/div>","protected":false},"excerpt":{"rendered":"<p>&nbsp; Years passed for Brazilian veterans to release their debut album Brutal Thrash Metal mixed with Death Metal. &nbsp; A\u00f1os pasaron para que los veteranos brasile\u00f1os lanzaron su \u00e1lbum debut Brutal Thrash Metal mezclado con Death Metal.\u00a0 1. Necromantia (Intro) 2. Necromancer 3. Deadly Symbiosis 4. Dark Church 5. Havocs and Destruction 6. Middle Ages [&hellip;]<\/p>\n","protected":false},"featured_media":15040,"template":"","meta":{"_acf_changed":false},"product_cat":[92,314,87,308],"product_tag":[],"acf":[],"yoast_head":"<!-- This site is optimized with the Yoast SEO plugin v22.9 - https:\/\/yoast.com\/wordpress\/plugins\/seo\/ -->\n<title>Necromancer - Australis Records - Music from the End of the World<\/title>\n<meta name=\"robots\" content=\"index, follow, max-snippet:-1, max-image-preview:large, max-video-preview:-1\" \/>\n<link rel=\"canonical\" href=\"https:\/\/australisrecords.com\/shop\/producto\/necromancer\/\" \/>\n<meta property=\"og:locale\" content=\"en_US\" \/>\n<meta property=\"og:type\" content=\"article\" \/>\n<meta property=\"og:title\" content=\"Necromancer - Australis Records - Music from the End of the World\" \/>\n<meta property=\"og:description\" content=\"&nbsp; Years passed for Brazilian veterans to release their debut album Brutal Thrash Metal mixed with Death Metal. &nbsp; A\u00f1os pasaron para que los veteranos brasile\u00f1os lanzaron su \u00e1lbum debut Brutal Thrash Metal mezclado con Death Metal.\u00a0 1. Necromantia (Intro) 2. Necromancer 3. Deadly Symbiosis 4. Dark Church 5. Havocs and Destruction 6. Middle Ages [&hellip;]\" \/>\n<meta property=\"og:url\" content=\"https:\/\/australisrecords.com\/shop\/producto\/necromancer\/\" \/>\n<meta property=\"og:site_name\" content=\"Australis Records - Music from the End of the World\" \/>\n<meta property=\"article:modified_time\" content=\"2020-07-26T01:09:18+00:00\" \/>\n<meta property=\"og:image\" content=\"https:\/\/australisrecords.com\/shop\/wp-content\/uploads\/2020\/06\/462442.jpg\" \/>\n\t<meta property=\"og:image:width\" content=\"350\" \/>\n\t<meta property=\"og:image:height\" content=\"350\" \/>\n\t<meta property=\"og:image:type\" content=\"image\/jpeg\" \/>\n<meta name=\"twitter:card\" content=\"summary_large_image\" \/>\n<script type=\"application\/ld+json\" class=\"yoast-schema-graph\">{\"@context\":\"https:\/\/schema.org\",\"@graph\":[{\"@type\":\"WebPage\",\"@id\":\"https:\/\/australisrecords.com\/shop\/producto\/necromancer\/\",\"url\":\"https:\/\/australisrecords.com\/shop\/producto\/necromancer\/\",\"name\":\"Necromancer - Australis Records - Music from the End of the World\",\"isPartOf\":{\"@id\":\"https:\/\/australisrecords.com\/shop\/#website\"},\"primaryImageOfPage\":{\"@id\":\"https:\/\/australisrecords.com\/shop\/producto\/necromancer\/#primaryimage\"},\"image\":{\"@id\":\"https:\/\/australisrecords.com\/shop\/producto\/necromancer\/#primaryimage\"},\"thumbnailUrl\":\"https:\/\/australisrecords.com\/shop\/wp-content\/uploads\/2020\/06\/462442.jpg\",\"datePublished\":\"2020-06-10T23:48:10+00:00\",\"dateModified\":\"2020-07-26T01:09:18+00:00\",\"breadcrumb\":{\"@id\":\"https:\/\/australisrecords.com\/shop\/producto\/necromancer\/#breadcrumb\"},\"inLanguage\":\"en-US\",\"potentialAction\":[{\"@type\":\"ReadAction\",\"target\":[\"https:\/\/australisrecords.com\/shop\/producto\/necromancer\/\"]}]},{\"@type\":\"ImageObject\",\"inLanguage\":\"en-US\",\"@id\":\"https:\/\/australisrecords.com\/shop\/producto\/necromancer\/#primaryimage\",\"url\":\"https:\/\/australisrecords.com\/shop\/wp-content\/uploads\/2020\/06\/462442.jpg\",\"contentUrl\":\"https:\/\/australisrecords.com\/shop\/wp-content\/uploads\/2020\/06\/462442.jpg\",\"width\":350,\"height\":350},{\"@type\":\"BreadcrumbList\",\"@id\":\"https:\/\/australisrecords.com\/shop\/producto\/necromancer\/#breadcrumb\",\"itemListElement\":[{\"@type\":\"ListItem\",\"position\":1,\"name\":\"Home\",\"item\":\"https:\/\/australisrecords.com\/shop\/\"},{\"@type\":\"ListItem\",\"position\":2,\"name\":\"Shop\",\"item\":\"https:\/\/australisrecords.com\/shop\/shop-2\/\"},{\"@type\":\"ListItem\",\"position\":3,\"name\":\"Necromancer\"}]},{\"@type\":\"WebSite\",\"@id\":\"https:\/\/australisrecords.com\/shop\/#website\",\"url\":\"https:\/\/australisrecords.com\/shop\/\",\"name\":\"Australis Records - Music from the End of the World\",\"description\":\"\",\"potentialAction\":[{\"@type\":\"SearchAction\",\"target\":{\"@type\":\"EntryPoint\",\"urlTemplate\":\"https:\/\/australisrecords.com\/shop\/?s={search_term_string}\"},\"query-input\":\"required name=search_term_string\"}],\"inLanguage\":\"en-US\"}]}<\/script>\n<!-- \/ Yoast SEO plugin. -->","yoast_head_json":{"title":"Necromancer - Australis Records - Music from the End of the World","robots":{"index":"index","follow":"follow","max-snippet":"max-snippet:-1","max-image-preview":"max-image-preview:large","max-video-preview":"max-video-preview:-1"},"canonical":"https:\/\/australisrecords.com\/shop\/producto\/necromancer\/","og_locale":"en_US","og_type":"article","og_title":"Necromancer - Australis Records - Music from the End of the World","og_description":"&nbsp; Years passed for Brazilian veterans to release their debut album Brutal Thrash Metal mixed with Death Metal. &nbsp; A\u00f1os pasaron para que los veteranos brasile\u00f1os lanzaron su \u00e1lbum debut Brutal Thrash Metal mezclado con Death Metal.\u00a0 1. Necromantia (Intro) 2. Necromancer 3. Deadly Symbiosis 4. Dark Church 5. Havocs and Destruction 6. Middle Ages [&hellip;]","og_url":"https:\/\/australisrecords.com\/shop\/producto\/necromancer\/","og_site_name":"Australis Records - Music from the End of the World","article_modified_time":"2020-07-26T01:09:18+00:00","og_image":[{"width":350,"height":350,"url":"https:\/\/australisrecords.com\/shop\/wp-content\/uploads\/2020\/06\/462442.jpg","type":"image\/jpeg"}],"twitter_card":"summary_large_image","schema":{"@context":"https:\/\/schema.org","@graph":[{"@type":"WebPage","@id":"https:\/\/australisrecords.com\/shop\/producto\/necromancer\/","url":"https:\/\/australisrecords.com\/shop\/producto\/necromancer\/","name":"Necromancer - Australis Records - Music from the End of the World","isPartOf":{"@id":"https:\/\/australisrecords.com\/shop\/#website"},"primaryImageOfPage":{"@id":"https:\/\/australisrecords.com\/shop\/producto\/necromancer\/#primaryimage"},"image":{"@id":"https:\/\/australisrecords.com\/shop\/producto\/necromancer\/#primaryimage"},"thumbnailUrl":"https:\/\/australisrecords.com\/shop\/wp-content\/uploads\/2020\/06\/462442.jpg","datePublished":"2020-06-10T23:48:10+00:00","dateModified":"2020-07-26T01:09:18+00:00","breadcrumb":{"@id":"https:\/\/australisrecords.com\/shop\/producto\/necromancer\/#breadcrumb"},"inLanguage":"en-US","potentialAction":[{"@type":"ReadAction","target":["https:\/\/australisrecords.com\/shop\/producto\/necromancer\/"]}]},{"@type":"ImageObject","inLanguage":"en-US","@id":"https:\/\/australisrecords.com\/shop\/producto\/necromancer\/#primaryimage","url":"https:\/\/australisrecords.com\/shop\/wp-content\/uploads\/2020\/06\/462442.jpg","contentUrl":"https:\/\/australisrecords.com\/shop\/wp-content\/uploads\/2020\/06\/462442.jpg","width":350,"height":350},{"@type":"BreadcrumbList","@id":"https:\/\/australisrecords.com\/shop\/producto\/necromancer\/#breadcrumb","itemListElement":[{"@type":"ListItem","position":1,"name":"Home","item":"https:\/\/australisrecords.com\/shop\/"},{"@type":"ListItem","position":2,"name":"Shop","item":"https:\/\/australisrecords.com\/shop\/shop-2\/"},{"@type":"ListItem","position":3,"name":"Necromancer"}]},{"@type":"WebSite","@id":"https:\/\/australisrecords.com\/shop\/#website","url":"https:\/\/australisrecords.com\/shop\/","name":"Australis Records - Music from the End of the World","description":"","potentialAction":[{"@type":"SearchAction","target":{"@type":"EntryPoint","urlTemplate":"https:\/\/australisrecords.com\/shop\/?s={search_term_string}"},"query-input":"required name=search_term_string"}],"inLanguage":"en-US"}]}},"_links":{"self":[{"href":"https:\/\/australisrecords.com\/shop\/wp-json\/wp\/v2\/product\/15039"}],"collection":[{"href":"https:\/\/australisrecords.com\/shop\/wp-json\/wp\/v2\/product"}],"about":[{"href":"https:\/\/australisrecords.com\/shop\/wp-json\/wp\/v2\/types\/product"}],"version-history":[{"count":3,"href":"https:\/\/australisrecords.com\/shop\/wp-json\/wp\/v2\/product\/15039\/revisions"}],"predecessor-version":[{"id":19142,"href":"https:\/\/australisrecords.com\/shop\/wp-json\/wp\/v2\/product\/15039\/revisions\/19142"}],"wp:featuredmedia":[{"embeddable":true,"href":"https:\/\/australisrecords.com\/shop\/wp-json\/wp\/v2\/media\/15040"}],"wp:attachment":[{"href":"https:\/\/australisrecords.com\/shop\/wp-json\/wp\/v2\/media?parent=15039"}],"wp:term":[{"taxonomy":"product_cat","embeddable":true,"href":"https:\/\/australisrecords.com\/shop\/wp-json\/wp\/v2\/product_cat?post=15039"},{"taxonomy":"product_tag","embeddable":true,"href":"https:\/\/australisrecords.com\/shop\/wp-json\/wp\/v2\/product_tag?post=15039"}],"curies":[{"name":"wp","href":"https:\/\/api.w.org\/{rel}","templated":true}]}}