{"id":15033,"date":"2020-06-10T23:37:07","date_gmt":"2020-06-10T23:37:07","guid":{"rendered":"http:\/\/australisrecords.com\/shop\/?post_type=product&#038;p=15033"},"modified":"2020-07-27T04:48:01","modified_gmt":"2020-07-27T04:48:01","slug":"necrofactor","status":"publish","type":"product","link":"https:\/\/australisrecords.com\/shop\/producto\/necrofactor\/","title":{"rendered":"Necrofactor"},"content":{"rendered":"<div id=\"dslc-theme-content\"><div id=\"dslc-theme-content-inner\"><\/div><\/div>","protected":false},"excerpt":{"rendered":"<p>&nbsp; Groove Thrash from Chile. &nbsp; Groove Thrash de Chile.\u00a0 1. Ciclo de destrucci\u00f3n 2. Mal de entra\u00f1a 3. C\u00e1ncer 4. No obedecer 5. Sangre por mi bandera 6. Cordero de Dios 7. Mente criminal 8. Animal 9. Condenado 10.Misterio y fin 11.Vivir o morir &nbsp; &nbsp;<\/p>\n","protected":false},"featured_media":15034,"template":"","meta":{"_acf_changed":false},"product_cat":[92,314,87,308],"product_tag":[],"acf":[],"yoast_head":"<!-- This site is optimized with the Yoast SEO plugin v22.9 - https:\/\/yoast.com\/wordpress\/plugins\/seo\/ -->\n<title>Necrofactor - Australis Records - Music from the End of the World<\/title>\n<meta name=\"robots\" content=\"index, follow, max-snippet:-1, max-image-preview:large, max-video-preview:-1\" \/>\n<link rel=\"canonical\" href=\"https:\/\/australisrecords.com\/shop\/producto\/necrofactor\/\" \/>\n<meta property=\"og:locale\" content=\"en_US\" \/>\n<meta property=\"og:type\" content=\"article\" \/>\n<meta property=\"og:title\" content=\"Necrofactor - Australis Records - Music from the End of the World\" \/>\n<meta property=\"og:description\" content=\"&nbsp; Groove Thrash from Chile. &nbsp; Groove Thrash de Chile.\u00a0 1. Ciclo de destrucci\u00f3n 2. Mal de entra\u00f1a 3. C\u00e1ncer 4. No obedecer 5. Sangre por mi bandera 6. Cordero de Dios 7. Mente criminal 8. Animal 9. Condenado 10.Misterio y fin 11.Vivir o morir &nbsp; &nbsp;\" \/>\n<meta property=\"og:url\" content=\"https:\/\/australisrecords.com\/shop\/producto\/necrofactor\/\" \/>\n<meta property=\"og:site_name\" content=\"Australis Records - Music from the End of the World\" \/>\n<meta property=\"article:modified_time\" content=\"2020-07-27T04:48:01+00:00\" \/>\n<meta property=\"og:image\" content=\"https:\/\/australisrecords.com\/shop\/wp-content\/uploads\/2020\/06\/617256.jpg\" \/>\n\t<meta property=\"og:image:width\" content=\"285\" \/>\n\t<meta property=\"og:image:height\" content=\"285\" \/>\n\t<meta property=\"og:image:type\" content=\"image\/jpeg\" \/>\n<meta name=\"twitter:card\" content=\"summary_large_image\" \/>\n<script type=\"application\/ld+json\" class=\"yoast-schema-graph\">{\"@context\":\"https:\/\/schema.org\",\"@graph\":[{\"@type\":\"WebPage\",\"@id\":\"https:\/\/australisrecords.com\/shop\/producto\/necrofactor\/\",\"url\":\"https:\/\/australisrecords.com\/shop\/producto\/necrofactor\/\",\"name\":\"Necrofactor - Australis Records - Music from the End of the World\",\"isPartOf\":{\"@id\":\"https:\/\/australisrecords.com\/shop\/#website\"},\"primaryImageOfPage\":{\"@id\":\"https:\/\/australisrecords.com\/shop\/producto\/necrofactor\/#primaryimage\"},\"image\":{\"@id\":\"https:\/\/australisrecords.com\/shop\/producto\/necrofactor\/#primaryimage\"},\"thumbnailUrl\":\"https:\/\/australisrecords.com\/shop\/wp-content\/uploads\/2020\/06\/617256.jpg\",\"datePublished\":\"2020-06-10T23:37:07+00:00\",\"dateModified\":\"2020-07-27T04:48:01+00:00\",\"breadcrumb\":{\"@id\":\"https:\/\/australisrecords.com\/shop\/producto\/necrofactor\/#breadcrumb\"},\"inLanguage\":\"en-US\",\"potentialAction\":[{\"@type\":\"ReadAction\",\"target\":[\"https:\/\/australisrecords.com\/shop\/producto\/necrofactor\/\"]}]},{\"@type\":\"ImageObject\",\"inLanguage\":\"en-US\",\"@id\":\"https:\/\/australisrecords.com\/shop\/producto\/necrofactor\/#primaryimage\",\"url\":\"https:\/\/australisrecords.com\/shop\/wp-content\/uploads\/2020\/06\/617256.jpg\",\"contentUrl\":\"https:\/\/australisrecords.com\/shop\/wp-content\/uploads\/2020\/06\/617256.jpg\",\"width\":285,\"height\":285},{\"@type\":\"BreadcrumbList\",\"@id\":\"https:\/\/australisrecords.com\/shop\/producto\/necrofactor\/#breadcrumb\",\"itemListElement\":[{\"@type\":\"ListItem\",\"position\":1,\"name\":\"Home\",\"item\":\"https:\/\/australisrecords.com\/shop\/\"},{\"@type\":\"ListItem\",\"position\":2,\"name\":\"Shop\",\"item\":\"https:\/\/australisrecords.com\/shop\/shop-2\/\"},{\"@type\":\"ListItem\",\"position\":3,\"name\":\"Necrofactor\"}]},{\"@type\":\"WebSite\",\"@id\":\"https:\/\/australisrecords.com\/shop\/#website\",\"url\":\"https:\/\/australisrecords.com\/shop\/\",\"name\":\"Australis Records - Music from the End of the World\",\"description\":\"\",\"potentialAction\":[{\"@type\":\"SearchAction\",\"target\":{\"@type\":\"EntryPoint\",\"urlTemplate\":\"https:\/\/australisrecords.com\/shop\/?s={search_term_string}\"},\"query-input\":\"required name=search_term_string\"}],\"inLanguage\":\"en-US\"}]}<\/script>\n<!-- \/ Yoast SEO plugin. -->","yoast_head_json":{"title":"Necrofactor - Australis Records - Music from the End of the World","robots":{"index":"index","follow":"follow","max-snippet":"max-snippet:-1","max-image-preview":"max-image-preview:large","max-video-preview":"max-video-preview:-1"},"canonical":"https:\/\/australisrecords.com\/shop\/producto\/necrofactor\/","og_locale":"en_US","og_type":"article","og_title":"Necrofactor - Australis Records - Music from the End of the World","og_description":"&nbsp; Groove Thrash from Chile. &nbsp; Groove Thrash de Chile.\u00a0 1. Ciclo de destrucci\u00f3n 2. Mal de entra\u00f1a 3. C\u00e1ncer 4. No obedecer 5. Sangre por mi bandera 6. Cordero de Dios 7. Mente criminal 8. Animal 9. Condenado 10.Misterio y fin 11.Vivir o morir &nbsp; &nbsp;","og_url":"https:\/\/australisrecords.com\/shop\/producto\/necrofactor\/","og_site_name":"Australis Records - Music from the End of the World","article_modified_time":"2020-07-27T04:48:01+00:00","og_image":[{"width":285,"height":285,"url":"https:\/\/australisrecords.com\/shop\/wp-content\/uploads\/2020\/06\/617256.jpg","type":"image\/jpeg"}],"twitter_card":"summary_large_image","schema":{"@context":"https:\/\/schema.org","@graph":[{"@type":"WebPage","@id":"https:\/\/australisrecords.com\/shop\/producto\/necrofactor\/","url":"https:\/\/australisrecords.com\/shop\/producto\/necrofactor\/","name":"Necrofactor - Australis Records - Music from the End of the World","isPartOf":{"@id":"https:\/\/australisrecords.com\/shop\/#website"},"primaryImageOfPage":{"@id":"https:\/\/australisrecords.com\/shop\/producto\/necrofactor\/#primaryimage"},"image":{"@id":"https:\/\/australisrecords.com\/shop\/producto\/necrofactor\/#primaryimage"},"thumbnailUrl":"https:\/\/australisrecords.com\/shop\/wp-content\/uploads\/2020\/06\/617256.jpg","datePublished":"2020-06-10T23:37:07+00:00","dateModified":"2020-07-27T04:48:01+00:00","breadcrumb":{"@id":"https:\/\/australisrecords.com\/shop\/producto\/necrofactor\/#breadcrumb"},"inLanguage":"en-US","potentialAction":[{"@type":"ReadAction","target":["https:\/\/australisrecords.com\/shop\/producto\/necrofactor\/"]}]},{"@type":"ImageObject","inLanguage":"en-US","@id":"https:\/\/australisrecords.com\/shop\/producto\/necrofactor\/#primaryimage","url":"https:\/\/australisrecords.com\/shop\/wp-content\/uploads\/2020\/06\/617256.jpg","contentUrl":"https:\/\/australisrecords.com\/shop\/wp-content\/uploads\/2020\/06\/617256.jpg","width":285,"height":285},{"@type":"BreadcrumbList","@id":"https:\/\/australisrecords.com\/shop\/producto\/necrofactor\/#breadcrumb","itemListElement":[{"@type":"ListItem","position":1,"name":"Home","item":"https:\/\/australisrecords.com\/shop\/"},{"@type":"ListItem","position":2,"name":"Shop","item":"https:\/\/australisrecords.com\/shop\/shop-2\/"},{"@type":"ListItem","position":3,"name":"Necrofactor"}]},{"@type":"WebSite","@id":"https:\/\/australisrecords.com\/shop\/#website","url":"https:\/\/australisrecords.com\/shop\/","name":"Australis Records - Music from the End of the World","description":"","potentialAction":[{"@type":"SearchAction","target":{"@type":"EntryPoint","urlTemplate":"https:\/\/australisrecords.com\/shop\/?s={search_term_string}"},"query-input":"required name=search_term_string"}],"inLanguage":"en-US"}]}},"_links":{"self":[{"href":"https:\/\/australisrecords.com\/shop\/wp-json\/wp\/v2\/product\/15033"}],"collection":[{"href":"https:\/\/australisrecords.com\/shop\/wp-json\/wp\/v2\/product"}],"about":[{"href":"https:\/\/australisrecords.com\/shop\/wp-json\/wp\/v2\/types\/product"}],"version-history":[{"count":3,"href":"https:\/\/australisrecords.com\/shop\/wp-json\/wp\/v2\/product\/15033\/revisions"}],"predecessor-version":[{"id":19269,"href":"https:\/\/australisrecords.com\/shop\/wp-json\/wp\/v2\/product\/15033\/revisions\/19269"}],"wp:featuredmedia":[{"embeddable":true,"href":"https:\/\/australisrecords.com\/shop\/wp-json\/wp\/v2\/media\/15034"}],"wp:attachment":[{"href":"https:\/\/australisrecords.com\/shop\/wp-json\/wp\/v2\/media?parent=15033"}],"wp:term":[{"taxonomy":"product_cat","embeddable":true,"href":"https:\/\/australisrecords.com\/shop\/wp-json\/wp\/v2\/product_cat?post=15033"},{"taxonomy":"product_tag","embeddable":true,"href":"https:\/\/australisrecords.com\/shop\/wp-json\/wp\/v2\/product_tag?post=15033"}],"curies":[{"name":"wp","href":"https:\/\/api.w.org\/{rel}","templated":true}]}}