{"id":14972,"date":"2020-06-10T19:27:38","date_gmt":"2020-06-10T19:27:38","guid":{"rendered":"http:\/\/australisrecords.com\/shop\/?post_type=product&#038;p=14972"},"modified":"2020-07-20T07:21:04","modified_gmt":"2020-07-20T07:21:04","slug":"nahual","status":"publish","type":"product","link":"https:\/\/australisrecords.com\/shop\/producto\/nahual\/","title":{"rendered":"Nahual"},"content":{"rendered":"<div id=\"dslc-theme-content\"><div id=\"dslc-theme-content-inner\"><\/div><\/div>","protected":false},"excerpt":{"rendered":"<p>&nbsp; Obscure and ritualistic Black Metal one of the most blasphemous pest from Peru, for fans of Bathory. &nbsp; Oscuro y ritualista Black Metal una de las pestes m\u00e1s blasfemas de Per\u00fa, para fan\u00e1ticos de Bathory.\u00a0 1. Talk with the Dead + The Call of the First Aethyr+ 2. The Scaffold of the Dead 3. [&hellip;]<\/p>\n","protected":false},"featured_media":14973,"template":"","meta":{"_acf_changed":false},"product_cat":[92,304,314,87],"product_tag":[],"acf":[],"yoast_head":"<!-- This site is optimized with the Yoast SEO plugin v22.9 - https:\/\/yoast.com\/wordpress\/plugins\/seo\/ -->\n<title>Nahual - Australis Records - Music from the End of the World<\/title>\n<meta name=\"robots\" content=\"index, follow, max-snippet:-1, max-image-preview:large, max-video-preview:-1\" \/>\n<link rel=\"canonical\" href=\"https:\/\/australisrecords.com\/shop\/producto\/nahual\/\" \/>\n<meta property=\"og:locale\" content=\"en_US\" \/>\n<meta property=\"og:type\" content=\"article\" \/>\n<meta property=\"og:title\" content=\"Nahual - Australis Records - Music from the End of the World\" \/>\n<meta property=\"og:description\" content=\"&nbsp; Obscure and ritualistic Black Metal one of the most blasphemous pest from Peru, for fans of Bathory. &nbsp; Oscuro y ritualista Black Metal una de las pestes m\u00e1s blasfemas de Per\u00fa, para fan\u00e1ticos de Bathory.\u00a0 1. Talk with the Dead + The Call of the First Aethyr+ 2. The Scaffold of the Dead 3. [&hellip;]\" \/>\n<meta property=\"og:url\" content=\"https:\/\/australisrecords.com\/shop\/producto\/nahual\/\" \/>\n<meta property=\"og:site_name\" content=\"Australis Records - Music from the End of the World\" \/>\n<meta property=\"article:modified_time\" content=\"2020-07-20T07:21:04+00:00\" \/>\n<meta property=\"og:image\" content=\"https:\/\/australisrecords.com\/shop\/wp-content\/uploads\/2020\/06\/220536.jpg\" \/>\n\t<meta property=\"og:image:width\" content=\"768\" \/>\n\t<meta property=\"og:image:height\" content=\"768\" \/>\n\t<meta property=\"og:image:type\" content=\"image\/jpeg\" \/>\n<meta name=\"twitter:card\" content=\"summary_large_image\" \/>\n<script type=\"application\/ld+json\" class=\"yoast-schema-graph\">{\"@context\":\"https:\/\/schema.org\",\"@graph\":[{\"@type\":\"WebPage\",\"@id\":\"https:\/\/australisrecords.com\/shop\/producto\/nahual\/\",\"url\":\"https:\/\/australisrecords.com\/shop\/producto\/nahual\/\",\"name\":\"Nahual - Australis Records - Music from the End of the World\",\"isPartOf\":{\"@id\":\"https:\/\/australisrecords.com\/shop\/#website\"},\"primaryImageOfPage\":{\"@id\":\"https:\/\/australisrecords.com\/shop\/producto\/nahual\/#primaryimage\"},\"image\":{\"@id\":\"https:\/\/australisrecords.com\/shop\/producto\/nahual\/#primaryimage\"},\"thumbnailUrl\":\"https:\/\/australisrecords.com\/shop\/wp-content\/uploads\/2020\/06\/220536.jpg\",\"datePublished\":\"2020-06-10T19:27:38+00:00\",\"dateModified\":\"2020-07-20T07:21:04+00:00\",\"breadcrumb\":{\"@id\":\"https:\/\/australisrecords.com\/shop\/producto\/nahual\/#breadcrumb\"},\"inLanguage\":\"en-US\",\"potentialAction\":[{\"@type\":\"ReadAction\",\"target\":[\"https:\/\/australisrecords.com\/shop\/producto\/nahual\/\"]}]},{\"@type\":\"ImageObject\",\"inLanguage\":\"en-US\",\"@id\":\"https:\/\/australisrecords.com\/shop\/producto\/nahual\/#primaryimage\",\"url\":\"https:\/\/australisrecords.com\/shop\/wp-content\/uploads\/2020\/06\/220536.jpg\",\"contentUrl\":\"https:\/\/australisrecords.com\/shop\/wp-content\/uploads\/2020\/06\/220536.jpg\",\"width\":768,\"height\":768},{\"@type\":\"BreadcrumbList\",\"@id\":\"https:\/\/australisrecords.com\/shop\/producto\/nahual\/#breadcrumb\",\"itemListElement\":[{\"@type\":\"ListItem\",\"position\":1,\"name\":\"Home\",\"item\":\"https:\/\/australisrecords.com\/shop\/\"},{\"@type\":\"ListItem\",\"position\":2,\"name\":\"Shop\",\"item\":\"https:\/\/australisrecords.com\/shop\/shop-2\/\"},{\"@type\":\"ListItem\",\"position\":3,\"name\":\"Nahual\"}]},{\"@type\":\"WebSite\",\"@id\":\"https:\/\/australisrecords.com\/shop\/#website\",\"url\":\"https:\/\/australisrecords.com\/shop\/\",\"name\":\"Australis Records - Music from the End of the World\",\"description\":\"\",\"potentialAction\":[{\"@type\":\"SearchAction\",\"target\":{\"@type\":\"EntryPoint\",\"urlTemplate\":\"https:\/\/australisrecords.com\/shop\/?s={search_term_string}\"},\"query-input\":\"required name=search_term_string\"}],\"inLanguage\":\"en-US\"}]}<\/script>\n<!-- \/ Yoast SEO plugin. -->","yoast_head_json":{"title":"Nahual - Australis Records - Music from the End of the World","robots":{"index":"index","follow":"follow","max-snippet":"max-snippet:-1","max-image-preview":"max-image-preview:large","max-video-preview":"max-video-preview:-1"},"canonical":"https:\/\/australisrecords.com\/shop\/producto\/nahual\/","og_locale":"en_US","og_type":"article","og_title":"Nahual - Australis Records - Music from the End of the World","og_description":"&nbsp; Obscure and ritualistic Black Metal one of the most blasphemous pest from Peru, for fans of Bathory. &nbsp; Oscuro y ritualista Black Metal una de las pestes m\u00e1s blasfemas de Per\u00fa, para fan\u00e1ticos de Bathory.\u00a0 1. Talk with the Dead + The Call of the First Aethyr+ 2. The Scaffold of the Dead 3. [&hellip;]","og_url":"https:\/\/australisrecords.com\/shop\/producto\/nahual\/","og_site_name":"Australis Records - Music from the End of the World","article_modified_time":"2020-07-20T07:21:04+00:00","og_image":[{"width":768,"height":768,"url":"https:\/\/australisrecords.com\/shop\/wp-content\/uploads\/2020\/06\/220536.jpg","type":"image\/jpeg"}],"twitter_card":"summary_large_image","schema":{"@context":"https:\/\/schema.org","@graph":[{"@type":"WebPage","@id":"https:\/\/australisrecords.com\/shop\/producto\/nahual\/","url":"https:\/\/australisrecords.com\/shop\/producto\/nahual\/","name":"Nahual - Australis Records - Music from the End of the World","isPartOf":{"@id":"https:\/\/australisrecords.com\/shop\/#website"},"primaryImageOfPage":{"@id":"https:\/\/australisrecords.com\/shop\/producto\/nahual\/#primaryimage"},"image":{"@id":"https:\/\/australisrecords.com\/shop\/producto\/nahual\/#primaryimage"},"thumbnailUrl":"https:\/\/australisrecords.com\/shop\/wp-content\/uploads\/2020\/06\/220536.jpg","datePublished":"2020-06-10T19:27:38+00:00","dateModified":"2020-07-20T07:21:04+00:00","breadcrumb":{"@id":"https:\/\/australisrecords.com\/shop\/producto\/nahual\/#breadcrumb"},"inLanguage":"en-US","potentialAction":[{"@type":"ReadAction","target":["https:\/\/australisrecords.com\/shop\/producto\/nahual\/"]}]},{"@type":"ImageObject","inLanguage":"en-US","@id":"https:\/\/australisrecords.com\/shop\/producto\/nahual\/#primaryimage","url":"https:\/\/australisrecords.com\/shop\/wp-content\/uploads\/2020\/06\/220536.jpg","contentUrl":"https:\/\/australisrecords.com\/shop\/wp-content\/uploads\/2020\/06\/220536.jpg","width":768,"height":768},{"@type":"BreadcrumbList","@id":"https:\/\/australisrecords.com\/shop\/producto\/nahual\/#breadcrumb","itemListElement":[{"@type":"ListItem","position":1,"name":"Home","item":"https:\/\/australisrecords.com\/shop\/"},{"@type":"ListItem","position":2,"name":"Shop","item":"https:\/\/australisrecords.com\/shop\/shop-2\/"},{"@type":"ListItem","position":3,"name":"Nahual"}]},{"@type":"WebSite","@id":"https:\/\/australisrecords.com\/shop\/#website","url":"https:\/\/australisrecords.com\/shop\/","name":"Australis Records - Music from the End of the World","description":"","potentialAction":[{"@type":"SearchAction","target":{"@type":"EntryPoint","urlTemplate":"https:\/\/australisrecords.com\/shop\/?s={search_term_string}"},"query-input":"required name=search_term_string"}],"inLanguage":"en-US"}]}},"_links":{"self":[{"href":"https:\/\/australisrecords.com\/shop\/wp-json\/wp\/v2\/product\/14972"}],"collection":[{"href":"https:\/\/australisrecords.com\/shop\/wp-json\/wp\/v2\/product"}],"about":[{"href":"https:\/\/australisrecords.com\/shop\/wp-json\/wp\/v2\/types\/product"}],"version-history":[{"count":3,"href":"https:\/\/australisrecords.com\/shop\/wp-json\/wp\/v2\/product\/14972\/revisions"}],"predecessor-version":[{"id":19049,"href":"https:\/\/australisrecords.com\/shop\/wp-json\/wp\/v2\/product\/14972\/revisions\/19049"}],"wp:featuredmedia":[{"embeddable":true,"href":"https:\/\/australisrecords.com\/shop\/wp-json\/wp\/v2\/media\/14973"}],"wp:attachment":[{"href":"https:\/\/australisrecords.com\/shop\/wp-json\/wp\/v2\/media?parent=14972"}],"wp:term":[{"taxonomy":"product_cat","embeddable":true,"href":"https:\/\/australisrecords.com\/shop\/wp-json\/wp\/v2\/product_cat?post=14972"},{"taxonomy":"product_tag","embeddable":true,"href":"https:\/\/australisrecords.com\/shop\/wp-json\/wp\/v2\/product_tag?post=14972"}],"curies":[{"name":"wp","href":"https:\/\/api.w.org\/{rel}","templated":true}]}}