{"id":14957,"date":"2020-06-10T19:01:57","date_gmt":"2020-06-10T19:01:57","guid":{"rendered":"http:\/\/australisrecords.com\/shop\/?post_type=product&#038;p=14957"},"modified":"2021-11-03T22:49:18","modified_gmt":"2021-11-03T22:49:18","slug":"mystical-fullmoon-2","status":"publish","type":"product","link":"https:\/\/australisrecords.com\/shop\/producto\/mystical-fullmoon-2\/","title":{"rendered":"Mystical Fullmoon"},"content":{"rendered":"<div id=\"dslc-theme-content\"><div id=\"dslc-theme-content-inner\"><\/div><\/div>","protected":false},"excerpt":{"rendered":"<p>&nbsp; Active from 1994, one of the oldest Black Metal band from Italy come back 5 years after last album ! Avant-garde Progressive Black Metal band with Esoteric themes. &nbsp; Activo desde 1994, una de las bandas de Black Metal m\u00e1s antiguas de Italia regres\u00f3 5 a\u00f1os despu\u00e9s del \u00faltimo \u00e1lbum! Vanguardista banda progresiva de [&hellip;]<\/p>\n","protected":false},"featured_media":14958,"template":"","meta":{"_acf_changed":false},"product_cat":[92,304,314,87],"product_tag":[],"acf":[],"yoast_head":"<!-- This site is optimized with the Yoast SEO plugin v22.9 - https:\/\/yoast.com\/wordpress\/plugins\/seo\/ -->\n<title>Mystical Fullmoon - Australis Records - Music from the End of the World<\/title>\n<meta name=\"robots\" content=\"index, follow, max-snippet:-1, max-image-preview:large, max-video-preview:-1\" \/>\n<link rel=\"canonical\" href=\"https:\/\/australisrecords.com\/shop\/producto\/mystical-fullmoon-2\/\" \/>\n<meta property=\"og:locale\" content=\"en_US\" \/>\n<meta property=\"og:type\" content=\"article\" \/>\n<meta property=\"og:title\" content=\"Mystical Fullmoon - Australis Records - Music from the End of the World\" \/>\n<meta property=\"og:description\" content=\"&nbsp; Active from 1994, one of the oldest Black Metal band from Italy come back 5 years after last album ! Avant-garde Progressive Black Metal band with Esoteric themes. &nbsp; Activo desde 1994, una de las bandas de Black Metal m\u00e1s antiguas de Italia regres\u00f3 5 a\u00f1os despu\u00e9s del \u00faltimo \u00e1lbum! Vanguardista banda progresiva de [&hellip;]\" \/>\n<meta property=\"og:url\" content=\"https:\/\/australisrecords.com\/shop\/producto\/mystical-fullmoon-2\/\" \/>\n<meta property=\"og:site_name\" content=\"Australis Records - Music from the End of the World\" \/>\n<meta property=\"article:modified_time\" content=\"2021-11-03T22:49:18+00:00\" \/>\n<meta property=\"og:image\" content=\"https:\/\/australisrecords.com\/shop\/wp-content\/uploads\/2020\/06\/410855.jpg\" \/>\n\t<meta property=\"og:image:width\" content=\"334\" \/>\n\t<meta property=\"og:image:height\" content=\"336\" \/>\n\t<meta property=\"og:image:type\" content=\"image\/jpeg\" \/>\n<meta name=\"twitter:card\" content=\"summary_large_image\" \/>\n<script type=\"application\/ld+json\" class=\"yoast-schema-graph\">{\"@context\":\"https:\/\/schema.org\",\"@graph\":[{\"@type\":\"WebPage\",\"@id\":\"https:\/\/australisrecords.com\/shop\/producto\/mystical-fullmoon-2\/\",\"url\":\"https:\/\/australisrecords.com\/shop\/producto\/mystical-fullmoon-2\/\",\"name\":\"Mystical Fullmoon - Australis Records - Music from the End of the World\",\"isPartOf\":{\"@id\":\"https:\/\/australisrecords.com\/shop\/#website\"},\"primaryImageOfPage\":{\"@id\":\"https:\/\/australisrecords.com\/shop\/producto\/mystical-fullmoon-2\/#primaryimage\"},\"image\":{\"@id\":\"https:\/\/australisrecords.com\/shop\/producto\/mystical-fullmoon-2\/#primaryimage\"},\"thumbnailUrl\":\"https:\/\/australisrecords.com\/shop\/wp-content\/uploads\/2020\/06\/410855.jpg\",\"datePublished\":\"2020-06-10T19:01:57+00:00\",\"dateModified\":\"2021-11-03T22:49:18+00:00\",\"breadcrumb\":{\"@id\":\"https:\/\/australisrecords.com\/shop\/producto\/mystical-fullmoon-2\/#breadcrumb\"},\"inLanguage\":\"en-US\",\"potentialAction\":[{\"@type\":\"ReadAction\",\"target\":[\"https:\/\/australisrecords.com\/shop\/producto\/mystical-fullmoon-2\/\"]}]},{\"@type\":\"ImageObject\",\"inLanguage\":\"en-US\",\"@id\":\"https:\/\/australisrecords.com\/shop\/producto\/mystical-fullmoon-2\/#primaryimage\",\"url\":\"https:\/\/australisrecords.com\/shop\/wp-content\/uploads\/2020\/06\/410855.jpg\",\"contentUrl\":\"https:\/\/australisrecords.com\/shop\/wp-content\/uploads\/2020\/06\/410855.jpg\",\"width\":334,\"height\":336},{\"@type\":\"BreadcrumbList\",\"@id\":\"https:\/\/australisrecords.com\/shop\/producto\/mystical-fullmoon-2\/#breadcrumb\",\"itemListElement\":[{\"@type\":\"ListItem\",\"position\":1,\"name\":\"Home\",\"item\":\"https:\/\/australisrecords.com\/shop\/\"},{\"@type\":\"ListItem\",\"position\":2,\"name\":\"Shop\",\"item\":\"https:\/\/australisrecords.com\/shop\/shop-2\/\"},{\"@type\":\"ListItem\",\"position\":3,\"name\":\"Mystical Fullmoon\"}]},{\"@type\":\"WebSite\",\"@id\":\"https:\/\/australisrecords.com\/shop\/#website\",\"url\":\"https:\/\/australisrecords.com\/shop\/\",\"name\":\"Australis Records - Music from the End of the World\",\"description\":\"\",\"potentialAction\":[{\"@type\":\"SearchAction\",\"target\":{\"@type\":\"EntryPoint\",\"urlTemplate\":\"https:\/\/australisrecords.com\/shop\/?s={search_term_string}\"},\"query-input\":\"required name=search_term_string\"}],\"inLanguage\":\"en-US\"}]}<\/script>\n<!-- \/ Yoast SEO plugin. -->","yoast_head_json":{"title":"Mystical Fullmoon - Australis Records - Music from the End of the World","robots":{"index":"index","follow":"follow","max-snippet":"max-snippet:-1","max-image-preview":"max-image-preview:large","max-video-preview":"max-video-preview:-1"},"canonical":"https:\/\/australisrecords.com\/shop\/producto\/mystical-fullmoon-2\/","og_locale":"en_US","og_type":"article","og_title":"Mystical Fullmoon - Australis Records - Music from the End of the World","og_description":"&nbsp; Active from 1994, one of the oldest Black Metal band from Italy come back 5 years after last album ! Avant-garde Progressive Black Metal band with Esoteric themes. &nbsp; Activo desde 1994, una de las bandas de Black Metal m\u00e1s antiguas de Italia regres\u00f3 5 a\u00f1os despu\u00e9s del \u00faltimo \u00e1lbum! Vanguardista banda progresiva de [&hellip;]","og_url":"https:\/\/australisrecords.com\/shop\/producto\/mystical-fullmoon-2\/","og_site_name":"Australis Records - Music from the End of the World","article_modified_time":"2021-11-03T22:49:18+00:00","og_image":[{"width":334,"height":336,"url":"https:\/\/australisrecords.com\/shop\/wp-content\/uploads\/2020\/06\/410855.jpg","type":"image\/jpeg"}],"twitter_card":"summary_large_image","schema":{"@context":"https:\/\/schema.org","@graph":[{"@type":"WebPage","@id":"https:\/\/australisrecords.com\/shop\/producto\/mystical-fullmoon-2\/","url":"https:\/\/australisrecords.com\/shop\/producto\/mystical-fullmoon-2\/","name":"Mystical Fullmoon - Australis Records - Music from the End of the World","isPartOf":{"@id":"https:\/\/australisrecords.com\/shop\/#website"},"primaryImageOfPage":{"@id":"https:\/\/australisrecords.com\/shop\/producto\/mystical-fullmoon-2\/#primaryimage"},"image":{"@id":"https:\/\/australisrecords.com\/shop\/producto\/mystical-fullmoon-2\/#primaryimage"},"thumbnailUrl":"https:\/\/australisrecords.com\/shop\/wp-content\/uploads\/2020\/06\/410855.jpg","datePublished":"2020-06-10T19:01:57+00:00","dateModified":"2021-11-03T22:49:18+00:00","breadcrumb":{"@id":"https:\/\/australisrecords.com\/shop\/producto\/mystical-fullmoon-2\/#breadcrumb"},"inLanguage":"en-US","potentialAction":[{"@type":"ReadAction","target":["https:\/\/australisrecords.com\/shop\/producto\/mystical-fullmoon-2\/"]}]},{"@type":"ImageObject","inLanguage":"en-US","@id":"https:\/\/australisrecords.com\/shop\/producto\/mystical-fullmoon-2\/#primaryimage","url":"https:\/\/australisrecords.com\/shop\/wp-content\/uploads\/2020\/06\/410855.jpg","contentUrl":"https:\/\/australisrecords.com\/shop\/wp-content\/uploads\/2020\/06\/410855.jpg","width":334,"height":336},{"@type":"BreadcrumbList","@id":"https:\/\/australisrecords.com\/shop\/producto\/mystical-fullmoon-2\/#breadcrumb","itemListElement":[{"@type":"ListItem","position":1,"name":"Home","item":"https:\/\/australisrecords.com\/shop\/"},{"@type":"ListItem","position":2,"name":"Shop","item":"https:\/\/australisrecords.com\/shop\/shop-2\/"},{"@type":"ListItem","position":3,"name":"Mystical Fullmoon"}]},{"@type":"WebSite","@id":"https:\/\/australisrecords.com\/shop\/#website","url":"https:\/\/australisrecords.com\/shop\/","name":"Australis Records - Music from the End of the World","description":"","potentialAction":[{"@type":"SearchAction","target":{"@type":"EntryPoint","urlTemplate":"https:\/\/australisrecords.com\/shop\/?s={search_term_string}"},"query-input":"required name=search_term_string"}],"inLanguage":"en-US"}]}},"_links":{"self":[{"href":"https:\/\/australisrecords.com\/shop\/wp-json\/wp\/v2\/product\/14957"}],"collection":[{"href":"https:\/\/australisrecords.com\/shop\/wp-json\/wp\/v2\/product"}],"about":[{"href":"https:\/\/australisrecords.com\/shop\/wp-json\/wp\/v2\/types\/product"}],"version-history":[{"count":3,"href":"https:\/\/australisrecords.com\/shop\/wp-json\/wp\/v2\/product\/14957\/revisions"}],"predecessor-version":[{"id":18793,"href":"https:\/\/australisrecords.com\/shop\/wp-json\/wp\/v2\/product\/14957\/revisions\/18793"}],"wp:featuredmedia":[{"embeddable":true,"href":"https:\/\/australisrecords.com\/shop\/wp-json\/wp\/v2\/media\/14958"}],"wp:attachment":[{"href":"https:\/\/australisrecords.com\/shop\/wp-json\/wp\/v2\/media?parent=14957"}],"wp:term":[{"taxonomy":"product_cat","embeddable":true,"href":"https:\/\/australisrecords.com\/shop\/wp-json\/wp\/v2\/product_cat?post=14957"},{"taxonomy":"product_tag","embeddable":true,"href":"https:\/\/australisrecords.com\/shop\/wp-json\/wp\/v2\/product_tag?post=14957"}],"curies":[{"name":"wp","href":"https:\/\/api.w.org\/{rel}","templated":true}]}}