{"id":14880,"date":"2020-06-10T16:05:42","date_gmt":"2020-06-10T16:05:42","guid":{"rendered":"http:\/\/australisrecords.com\/shop\/?post_type=product&#038;p=14880"},"modified":"2020-07-12T01:26:11","modified_gmt":"2020-07-12T01:26:11","slug":"mortalized","status":"publish","type":"product","link":"https:\/\/australisrecords.com\/shop\/producto\/mortalized\/","title":{"rendered":"Mortalized"},"content":{"rendered":"<div id=\"dslc-theme-content\"><div id=\"dslc-theme-content-inner\"><\/div><\/div>","protected":false},"excerpt":{"rendered":"<p>&nbsp; The sole full-length album by Russian Brutal Death Metal\/Grindcore band! 13 songs in 27 minutes; includes MORTICIAN cover song! For fans of BRUJERIA, NASUM, NAPALM DEATH, REGURGITATE, DEAD INFECTION, CRYPTOPSY, SUFFOCATION, BRODEQUIN.. &nbsp; \u00a1El \u00fanico \u00e1lbum de larga duraci\u00f3n de la banda rusa Brutal Death Metal \/ Grindcore! 13 canciones en 27 minutos; incluye [&hellip;]<\/p>\n","protected":false},"featured_media":14881,"template":"","meta":{"_acf_changed":false},"product_cat":[92,325,314,87],"product_tag":[],"acf":[],"yoast_head":"<!-- This site is optimized with the Yoast SEO plugin v22.9 - https:\/\/yoast.com\/wordpress\/plugins\/seo\/ -->\n<title>Mortalized - Australis Records - Music from the End of the World<\/title>\n<meta name=\"robots\" content=\"index, follow, max-snippet:-1, max-image-preview:large, max-video-preview:-1\" \/>\n<link rel=\"canonical\" href=\"https:\/\/australisrecords.com\/shop\/producto\/mortalized\/\" \/>\n<meta property=\"og:locale\" content=\"en_US\" \/>\n<meta property=\"og:type\" content=\"article\" \/>\n<meta property=\"og:title\" content=\"Mortalized - Australis Records - Music from the End of the World\" \/>\n<meta property=\"og:description\" content=\"&nbsp; The sole full-length album by Russian Brutal Death Metal\/Grindcore band! 13 songs in 27 minutes; includes MORTICIAN cover song! For fans of BRUJERIA, NASUM, NAPALM DEATH, REGURGITATE, DEAD INFECTION, CRYPTOPSY, SUFFOCATION, BRODEQUIN.. &nbsp; \u00a1El \u00fanico \u00e1lbum de larga duraci\u00f3n de la banda rusa Brutal Death Metal \/ Grindcore! 13 canciones en 27 minutos; incluye [&hellip;]\" \/>\n<meta property=\"og:url\" content=\"https:\/\/australisrecords.com\/shop\/producto\/mortalized\/\" \/>\n<meta property=\"og:site_name\" content=\"Australis Records - Music from the End of the World\" \/>\n<meta property=\"article:modified_time\" content=\"2020-07-12T01:26:11+00:00\" \/>\n<meta property=\"og:image\" content=\"https:\/\/australisrecords.com\/shop\/wp-content\/uploads\/2020\/06\/148187.jpg\" \/>\n\t<meta property=\"og:image:width\" content=\"395\" \/>\n\t<meta property=\"og:image:height\" content=\"400\" \/>\n\t<meta property=\"og:image:type\" content=\"image\/jpeg\" \/>\n<meta name=\"twitter:card\" content=\"summary_large_image\" \/>\n<script type=\"application\/ld+json\" class=\"yoast-schema-graph\">{\"@context\":\"https:\/\/schema.org\",\"@graph\":[{\"@type\":\"WebPage\",\"@id\":\"https:\/\/australisrecords.com\/shop\/producto\/mortalized\/\",\"url\":\"https:\/\/australisrecords.com\/shop\/producto\/mortalized\/\",\"name\":\"Mortalized - Australis Records - Music from the End of the World\",\"isPartOf\":{\"@id\":\"https:\/\/australisrecords.com\/shop\/#website\"},\"primaryImageOfPage\":{\"@id\":\"https:\/\/australisrecords.com\/shop\/producto\/mortalized\/#primaryimage\"},\"image\":{\"@id\":\"https:\/\/australisrecords.com\/shop\/producto\/mortalized\/#primaryimage\"},\"thumbnailUrl\":\"https:\/\/australisrecords.com\/shop\/wp-content\/uploads\/2020\/06\/148187.jpg\",\"datePublished\":\"2020-06-10T16:05:42+00:00\",\"dateModified\":\"2020-07-12T01:26:11+00:00\",\"breadcrumb\":{\"@id\":\"https:\/\/australisrecords.com\/shop\/producto\/mortalized\/#breadcrumb\"},\"inLanguage\":\"en-US\",\"potentialAction\":[{\"@type\":\"ReadAction\",\"target\":[\"https:\/\/australisrecords.com\/shop\/producto\/mortalized\/\"]}]},{\"@type\":\"ImageObject\",\"inLanguage\":\"en-US\",\"@id\":\"https:\/\/australisrecords.com\/shop\/producto\/mortalized\/#primaryimage\",\"url\":\"https:\/\/australisrecords.com\/shop\/wp-content\/uploads\/2020\/06\/148187.jpg\",\"contentUrl\":\"https:\/\/australisrecords.com\/shop\/wp-content\/uploads\/2020\/06\/148187.jpg\",\"width\":395,\"height\":400},{\"@type\":\"BreadcrumbList\",\"@id\":\"https:\/\/australisrecords.com\/shop\/producto\/mortalized\/#breadcrumb\",\"itemListElement\":[{\"@type\":\"ListItem\",\"position\":1,\"name\":\"Home\",\"item\":\"https:\/\/australisrecords.com\/shop\/\"},{\"@type\":\"ListItem\",\"position\":2,\"name\":\"Shop\",\"item\":\"https:\/\/australisrecords.com\/shop\/shop-2\/\"},{\"@type\":\"ListItem\",\"position\":3,\"name\":\"Mortalized\"}]},{\"@type\":\"WebSite\",\"@id\":\"https:\/\/australisrecords.com\/shop\/#website\",\"url\":\"https:\/\/australisrecords.com\/shop\/\",\"name\":\"Australis Records - Music from the End of the World\",\"description\":\"\",\"potentialAction\":[{\"@type\":\"SearchAction\",\"target\":{\"@type\":\"EntryPoint\",\"urlTemplate\":\"https:\/\/australisrecords.com\/shop\/?s={search_term_string}\"},\"query-input\":\"required name=search_term_string\"}],\"inLanguage\":\"en-US\"}]}<\/script>\n<!-- \/ Yoast SEO plugin. -->","yoast_head_json":{"title":"Mortalized - Australis Records - Music from the End of the World","robots":{"index":"index","follow":"follow","max-snippet":"max-snippet:-1","max-image-preview":"max-image-preview:large","max-video-preview":"max-video-preview:-1"},"canonical":"https:\/\/australisrecords.com\/shop\/producto\/mortalized\/","og_locale":"en_US","og_type":"article","og_title":"Mortalized - Australis Records - Music from the End of the World","og_description":"&nbsp; The sole full-length album by Russian Brutal Death Metal\/Grindcore band! 13 songs in 27 minutes; includes MORTICIAN cover song! For fans of BRUJERIA, NASUM, NAPALM DEATH, REGURGITATE, DEAD INFECTION, CRYPTOPSY, SUFFOCATION, BRODEQUIN.. &nbsp; \u00a1El \u00fanico \u00e1lbum de larga duraci\u00f3n de la banda rusa Brutal Death Metal \/ Grindcore! 13 canciones en 27 minutos; incluye [&hellip;]","og_url":"https:\/\/australisrecords.com\/shop\/producto\/mortalized\/","og_site_name":"Australis Records - Music from the End of the World","article_modified_time":"2020-07-12T01:26:11+00:00","og_image":[{"width":395,"height":400,"url":"https:\/\/australisrecords.com\/shop\/wp-content\/uploads\/2020\/06\/148187.jpg","type":"image\/jpeg"}],"twitter_card":"summary_large_image","schema":{"@context":"https:\/\/schema.org","@graph":[{"@type":"WebPage","@id":"https:\/\/australisrecords.com\/shop\/producto\/mortalized\/","url":"https:\/\/australisrecords.com\/shop\/producto\/mortalized\/","name":"Mortalized - Australis Records - Music from the End of the World","isPartOf":{"@id":"https:\/\/australisrecords.com\/shop\/#website"},"primaryImageOfPage":{"@id":"https:\/\/australisrecords.com\/shop\/producto\/mortalized\/#primaryimage"},"image":{"@id":"https:\/\/australisrecords.com\/shop\/producto\/mortalized\/#primaryimage"},"thumbnailUrl":"https:\/\/australisrecords.com\/shop\/wp-content\/uploads\/2020\/06\/148187.jpg","datePublished":"2020-06-10T16:05:42+00:00","dateModified":"2020-07-12T01:26:11+00:00","breadcrumb":{"@id":"https:\/\/australisrecords.com\/shop\/producto\/mortalized\/#breadcrumb"},"inLanguage":"en-US","potentialAction":[{"@type":"ReadAction","target":["https:\/\/australisrecords.com\/shop\/producto\/mortalized\/"]}]},{"@type":"ImageObject","inLanguage":"en-US","@id":"https:\/\/australisrecords.com\/shop\/producto\/mortalized\/#primaryimage","url":"https:\/\/australisrecords.com\/shop\/wp-content\/uploads\/2020\/06\/148187.jpg","contentUrl":"https:\/\/australisrecords.com\/shop\/wp-content\/uploads\/2020\/06\/148187.jpg","width":395,"height":400},{"@type":"BreadcrumbList","@id":"https:\/\/australisrecords.com\/shop\/producto\/mortalized\/#breadcrumb","itemListElement":[{"@type":"ListItem","position":1,"name":"Home","item":"https:\/\/australisrecords.com\/shop\/"},{"@type":"ListItem","position":2,"name":"Shop","item":"https:\/\/australisrecords.com\/shop\/shop-2\/"},{"@type":"ListItem","position":3,"name":"Mortalized"}]},{"@type":"WebSite","@id":"https:\/\/australisrecords.com\/shop\/#website","url":"https:\/\/australisrecords.com\/shop\/","name":"Australis Records - Music from the End of the World","description":"","potentialAction":[{"@type":"SearchAction","target":{"@type":"EntryPoint","urlTemplate":"https:\/\/australisrecords.com\/shop\/?s={search_term_string}"},"query-input":"required name=search_term_string"}],"inLanguage":"en-US"}]}},"_links":{"self":[{"href":"https:\/\/australisrecords.com\/shop\/wp-json\/wp\/v2\/product\/14880"}],"collection":[{"href":"https:\/\/australisrecords.com\/shop\/wp-json\/wp\/v2\/product"}],"about":[{"href":"https:\/\/australisrecords.com\/shop\/wp-json\/wp\/v2\/types\/product"}],"version-history":[{"count":3,"href":"https:\/\/australisrecords.com\/shop\/wp-json\/wp\/v2\/product\/14880\/revisions"}],"predecessor-version":[{"id":18733,"href":"https:\/\/australisrecords.com\/shop\/wp-json\/wp\/v2\/product\/14880\/revisions\/18733"}],"wp:featuredmedia":[{"embeddable":true,"href":"https:\/\/australisrecords.com\/shop\/wp-json\/wp\/v2\/media\/14881"}],"wp:attachment":[{"href":"https:\/\/australisrecords.com\/shop\/wp-json\/wp\/v2\/media?parent=14880"}],"wp:term":[{"taxonomy":"product_cat","embeddable":true,"href":"https:\/\/australisrecords.com\/shop\/wp-json\/wp\/v2\/product_cat?post=14880"},{"taxonomy":"product_tag","embeddable":true,"href":"https:\/\/australisrecords.com\/shop\/wp-json\/wp\/v2\/product_tag?post=14880"}],"curies":[{"name":"wp","href":"https:\/\/api.w.org\/{rel}","templated":true}]}}