{"id":14743,"date":"2020-06-09T23:39:20","date_gmt":"2020-06-09T23:39:20","guid":{"rendered":"http:\/\/australisrecords.com\/shop\/?post_type=product&#038;p=14743"},"modified":"2020-07-12T01:32:37","modified_gmt":"2020-07-12T01:32:37","slug":"morgue","status":"publish","type":"product","link":"https:\/\/australisrecords.com\/shop\/producto\/morgue\/","title":{"rendered":"Morgue"},"content":{"rendered":"<div id=\"dslc-theme-content\"><div id=\"dslc-theme-content-inner\"><\/div><\/div>","protected":false},"excerpt":{"rendered":"<p>&nbsp; \u00a0Goregrind from Argentina complete discography!! . &nbsp; Goregrind de Argentina discograf\u00eda completa !!.\u00a0 1. Ritual necr\u00f3fago 2. Sepultado vivo 3. El sanguinario 4. Plaga zombie 5. Devorado vivo 6. Enfermo terminal 7. Malformaci\u00f3n gen\u00e9tica 8. Desangrado 9. Mutilaci\u00f3n total 10.Morboso placer 11.Proliferaci\u00f3n de c\u00e9lulas cancerosas 12.La legi\u00f3n del sepulcro 13.Incontrolable deseo 14.Perforaci\u00f3n craneal 15.Desequilibrio [&hellip;]<\/p>\n","protected":false},"featured_media":14764,"template":"","meta":{"_acf_changed":false},"product_cat":[92,314,310,87],"product_tag":[],"acf":[],"yoast_head":"<!-- This site is optimized with the Yoast SEO plugin v22.9 - https:\/\/yoast.com\/wordpress\/plugins\/seo\/ -->\n<title>Morgue - Australis Records - Music from the End of the World<\/title>\n<meta name=\"robots\" content=\"index, follow, max-snippet:-1, max-image-preview:large, max-video-preview:-1\" \/>\n<link rel=\"canonical\" href=\"https:\/\/australisrecords.com\/shop\/producto\/morgue\/\" \/>\n<meta property=\"og:locale\" content=\"en_US\" \/>\n<meta property=\"og:type\" content=\"article\" \/>\n<meta property=\"og:title\" content=\"Morgue - Australis Records - Music from the End of the World\" \/>\n<meta property=\"og:description\" content=\"&nbsp; \u00a0Goregrind from Argentina complete discography!! . &nbsp; Goregrind de Argentina discograf\u00eda completa !!.\u00a0 1. Ritual necr\u00f3fago 2. Sepultado vivo 3. El sanguinario 4. Plaga zombie 5. Devorado vivo 6. Enfermo terminal 7. Malformaci\u00f3n gen\u00e9tica 8. Desangrado 9. Mutilaci\u00f3n total 10.Morboso placer 11.Proliferaci\u00f3n de c\u00e9lulas cancerosas 12.La legi\u00f3n del sepulcro 13.Incontrolable deseo 14.Perforaci\u00f3n craneal 15.Desequilibrio [&hellip;]\" \/>\n<meta property=\"og:url\" content=\"https:\/\/australisrecords.com\/shop\/producto\/morgue\/\" \/>\n<meta property=\"og:site_name\" content=\"Australis Records - Music from the End of the World\" \/>\n<meta property=\"article:modified_time\" content=\"2020-07-12T01:32:37+00:00\" \/>\n<meta property=\"og:image\" content=\"https:\/\/australisrecords.com\/shop\/wp-content\/uploads\/2020\/06\/661056.jpg\" \/>\n\t<meta property=\"og:image:width\" content=\"300\" \/>\n\t<meta property=\"og:image:height\" content=\"296\" \/>\n\t<meta property=\"og:image:type\" content=\"image\/jpeg\" \/>\n<meta name=\"twitter:card\" content=\"summary_large_image\" \/>\n<script type=\"application\/ld+json\" class=\"yoast-schema-graph\">{\"@context\":\"https:\/\/schema.org\",\"@graph\":[{\"@type\":\"WebPage\",\"@id\":\"https:\/\/australisrecords.com\/shop\/producto\/morgue\/\",\"url\":\"https:\/\/australisrecords.com\/shop\/producto\/morgue\/\",\"name\":\"Morgue - Australis Records - Music from the End of the World\",\"isPartOf\":{\"@id\":\"https:\/\/australisrecords.com\/shop\/#website\"},\"primaryImageOfPage\":{\"@id\":\"https:\/\/australisrecords.com\/shop\/producto\/morgue\/#primaryimage\"},\"image\":{\"@id\":\"https:\/\/australisrecords.com\/shop\/producto\/morgue\/#primaryimage\"},\"thumbnailUrl\":\"https:\/\/australisrecords.com\/shop\/wp-content\/uploads\/2020\/06\/661056.jpg\",\"datePublished\":\"2020-06-09T23:39:20+00:00\",\"dateModified\":\"2020-07-12T01:32:37+00:00\",\"breadcrumb\":{\"@id\":\"https:\/\/australisrecords.com\/shop\/producto\/morgue\/#breadcrumb\"},\"inLanguage\":\"en-US\",\"potentialAction\":[{\"@type\":\"ReadAction\",\"target\":[\"https:\/\/australisrecords.com\/shop\/producto\/morgue\/\"]}]},{\"@type\":\"ImageObject\",\"inLanguage\":\"en-US\",\"@id\":\"https:\/\/australisrecords.com\/shop\/producto\/morgue\/#primaryimage\",\"url\":\"https:\/\/australisrecords.com\/shop\/wp-content\/uploads\/2020\/06\/661056.jpg\",\"contentUrl\":\"https:\/\/australisrecords.com\/shop\/wp-content\/uploads\/2020\/06\/661056.jpg\",\"width\":300,\"height\":296},{\"@type\":\"BreadcrumbList\",\"@id\":\"https:\/\/australisrecords.com\/shop\/producto\/morgue\/#breadcrumb\",\"itemListElement\":[{\"@type\":\"ListItem\",\"position\":1,\"name\":\"Home\",\"item\":\"https:\/\/australisrecords.com\/shop\/\"},{\"@type\":\"ListItem\",\"position\":2,\"name\":\"Shop\",\"item\":\"https:\/\/australisrecords.com\/shop\/shop-2\/\"},{\"@type\":\"ListItem\",\"position\":3,\"name\":\"Morgue\"}]},{\"@type\":\"WebSite\",\"@id\":\"https:\/\/australisrecords.com\/shop\/#website\",\"url\":\"https:\/\/australisrecords.com\/shop\/\",\"name\":\"Australis Records - Music from the End of the World\",\"description\":\"\",\"potentialAction\":[{\"@type\":\"SearchAction\",\"target\":{\"@type\":\"EntryPoint\",\"urlTemplate\":\"https:\/\/australisrecords.com\/shop\/?s={search_term_string}\"},\"query-input\":\"required name=search_term_string\"}],\"inLanguage\":\"en-US\"}]}<\/script>\n<!-- \/ Yoast SEO plugin. -->","yoast_head_json":{"title":"Morgue - Australis Records - Music from the End of the World","robots":{"index":"index","follow":"follow","max-snippet":"max-snippet:-1","max-image-preview":"max-image-preview:large","max-video-preview":"max-video-preview:-1"},"canonical":"https:\/\/australisrecords.com\/shop\/producto\/morgue\/","og_locale":"en_US","og_type":"article","og_title":"Morgue - Australis Records - Music from the End of the World","og_description":"&nbsp; \u00a0Goregrind from Argentina complete discography!! . &nbsp; Goregrind de Argentina discograf\u00eda completa !!.\u00a0 1. Ritual necr\u00f3fago 2. Sepultado vivo 3. El sanguinario 4. Plaga zombie 5. Devorado vivo 6. Enfermo terminal 7. Malformaci\u00f3n gen\u00e9tica 8. Desangrado 9. Mutilaci\u00f3n total 10.Morboso placer 11.Proliferaci\u00f3n de c\u00e9lulas cancerosas 12.La legi\u00f3n del sepulcro 13.Incontrolable deseo 14.Perforaci\u00f3n craneal 15.Desequilibrio [&hellip;]","og_url":"https:\/\/australisrecords.com\/shop\/producto\/morgue\/","og_site_name":"Australis Records - Music from the End of the World","article_modified_time":"2020-07-12T01:32:37+00:00","og_image":[{"width":300,"height":296,"url":"https:\/\/australisrecords.com\/shop\/wp-content\/uploads\/2020\/06\/661056.jpg","type":"image\/jpeg"}],"twitter_card":"summary_large_image","schema":{"@context":"https:\/\/schema.org","@graph":[{"@type":"WebPage","@id":"https:\/\/australisrecords.com\/shop\/producto\/morgue\/","url":"https:\/\/australisrecords.com\/shop\/producto\/morgue\/","name":"Morgue - Australis Records - Music from the End of the World","isPartOf":{"@id":"https:\/\/australisrecords.com\/shop\/#website"},"primaryImageOfPage":{"@id":"https:\/\/australisrecords.com\/shop\/producto\/morgue\/#primaryimage"},"image":{"@id":"https:\/\/australisrecords.com\/shop\/producto\/morgue\/#primaryimage"},"thumbnailUrl":"https:\/\/australisrecords.com\/shop\/wp-content\/uploads\/2020\/06\/661056.jpg","datePublished":"2020-06-09T23:39:20+00:00","dateModified":"2020-07-12T01:32:37+00:00","breadcrumb":{"@id":"https:\/\/australisrecords.com\/shop\/producto\/morgue\/#breadcrumb"},"inLanguage":"en-US","potentialAction":[{"@type":"ReadAction","target":["https:\/\/australisrecords.com\/shop\/producto\/morgue\/"]}]},{"@type":"ImageObject","inLanguage":"en-US","@id":"https:\/\/australisrecords.com\/shop\/producto\/morgue\/#primaryimage","url":"https:\/\/australisrecords.com\/shop\/wp-content\/uploads\/2020\/06\/661056.jpg","contentUrl":"https:\/\/australisrecords.com\/shop\/wp-content\/uploads\/2020\/06\/661056.jpg","width":300,"height":296},{"@type":"BreadcrumbList","@id":"https:\/\/australisrecords.com\/shop\/producto\/morgue\/#breadcrumb","itemListElement":[{"@type":"ListItem","position":1,"name":"Home","item":"https:\/\/australisrecords.com\/shop\/"},{"@type":"ListItem","position":2,"name":"Shop","item":"https:\/\/australisrecords.com\/shop\/shop-2\/"},{"@type":"ListItem","position":3,"name":"Morgue"}]},{"@type":"WebSite","@id":"https:\/\/australisrecords.com\/shop\/#website","url":"https:\/\/australisrecords.com\/shop\/","name":"Australis Records - Music from the End of the World","description":"","potentialAction":[{"@type":"SearchAction","target":{"@type":"EntryPoint","urlTemplate":"https:\/\/australisrecords.com\/shop\/?s={search_term_string}"},"query-input":"required name=search_term_string"}],"inLanguage":"en-US"}]}},"_links":{"self":[{"href":"https:\/\/australisrecords.com\/shop\/wp-json\/wp\/v2\/product\/14743"}],"collection":[{"href":"https:\/\/australisrecords.com\/shop\/wp-json\/wp\/v2\/product"}],"about":[{"href":"https:\/\/australisrecords.com\/shop\/wp-json\/wp\/v2\/types\/product"}],"version-history":[{"count":4,"href":"https:\/\/australisrecords.com\/shop\/wp-json\/wp\/v2\/product\/14743\/revisions"}],"predecessor-version":[{"id":18739,"href":"https:\/\/australisrecords.com\/shop\/wp-json\/wp\/v2\/product\/14743\/revisions\/18739"}],"wp:featuredmedia":[{"embeddable":true,"href":"https:\/\/australisrecords.com\/shop\/wp-json\/wp\/v2\/media\/14764"}],"wp:attachment":[{"href":"https:\/\/australisrecords.com\/shop\/wp-json\/wp\/v2\/media?parent=14743"}],"wp:term":[{"taxonomy":"product_cat","embeddable":true,"href":"https:\/\/australisrecords.com\/shop\/wp-json\/wp\/v2\/product_cat?post=14743"},{"taxonomy":"product_tag","embeddable":true,"href":"https:\/\/australisrecords.com\/shop\/wp-json\/wp\/v2\/product_tag?post=14743"}],"curies":[{"name":"wp","href":"https:\/\/api.w.org\/{rel}","templated":true}]}}