{"id":14719,"date":"2020-06-09T22:34:12","date_gmt":"2020-06-09T22:34:12","guid":{"rendered":"http:\/\/australisrecords.com\/shop\/?post_type=product&#038;p=14719"},"modified":"2020-07-12T01:00:49","modified_gmt":"2020-07-12T01:00:49","slug":"morbid-holocaust","status":"publish","type":"product","link":"https:\/\/australisrecords.com\/shop\/producto\/morbid-holocaust\/","title":{"rendered":"Morbid Holocaust"},"content":{"rendered":"<div id=\"dslc-theme-content\"><div id=\"dslc-theme-content-inner\"><\/div><\/div>","protected":false},"excerpt":{"rendered":"<p>&nbsp; Bestial and Corrosive Black Thrash Metal at its most barbaric form.. the debut album of this Chilean horde who has released their plague since years in UG formats, finally unleash their Atmospheric Armageddon album! mandatory!. &nbsp; Bestial y corrosivo Black Thrash Metal en su forma m\u00e1s b\u00e1rbara &#8230; el \u00e1lbum debut de esta horda [&hellip;]<\/p>\n","protected":false},"featured_media":14720,"template":"","meta":{"_acf_changed":false},"product_cat":[92,314,87,308],"product_tag":[],"acf":[],"yoast_head":"<!-- This site is optimized with the Yoast SEO plugin v22.9 - https:\/\/yoast.com\/wordpress\/plugins\/seo\/ -->\n<title>Morbid Holocaust - Australis Records - Music from the End of the World<\/title>\n<meta name=\"robots\" content=\"index, follow, max-snippet:-1, max-image-preview:large, max-video-preview:-1\" \/>\n<link rel=\"canonical\" href=\"https:\/\/australisrecords.com\/shop\/producto\/morbid-holocaust\/\" \/>\n<meta property=\"og:locale\" content=\"en_US\" \/>\n<meta property=\"og:type\" content=\"article\" \/>\n<meta property=\"og:title\" content=\"Morbid Holocaust - Australis Records - Music from the End of the World\" \/>\n<meta property=\"og:description\" content=\"&nbsp; Bestial and Corrosive Black Thrash Metal at its most barbaric form.. the debut album of this Chilean horde who has released their plague since years in UG formats, finally unleash their Atmospheric Armageddon album! mandatory!. &nbsp; Bestial y corrosivo Black Thrash Metal en su forma m\u00e1s b\u00e1rbara &#8230; el \u00e1lbum debut de esta horda [&hellip;]\" \/>\n<meta property=\"og:url\" content=\"https:\/\/australisrecords.com\/shop\/producto\/morbid-holocaust\/\" \/>\n<meta property=\"og:site_name\" content=\"Australis Records - Music from the End of the World\" \/>\n<meta property=\"article:modified_time\" content=\"2020-07-12T01:00:49+00:00\" \/>\n<meta property=\"og:image\" content=\"https:\/\/australisrecords.com\/shop\/wp-content\/uploads\/2020\/06\/714577.jpg\" \/>\n\t<meta property=\"og:image:width\" content=\"600\" \/>\n\t<meta property=\"og:image:height\" content=\"600\" \/>\n\t<meta property=\"og:image:type\" content=\"image\/jpeg\" \/>\n<meta name=\"twitter:card\" content=\"summary_large_image\" \/>\n<script type=\"application\/ld+json\" class=\"yoast-schema-graph\">{\"@context\":\"https:\/\/schema.org\",\"@graph\":[{\"@type\":\"WebPage\",\"@id\":\"https:\/\/australisrecords.com\/shop\/producto\/morbid-holocaust\/\",\"url\":\"https:\/\/australisrecords.com\/shop\/producto\/morbid-holocaust\/\",\"name\":\"Morbid Holocaust - Australis Records - Music from the End of the World\",\"isPartOf\":{\"@id\":\"https:\/\/australisrecords.com\/shop\/#website\"},\"primaryImageOfPage\":{\"@id\":\"https:\/\/australisrecords.com\/shop\/producto\/morbid-holocaust\/#primaryimage\"},\"image\":{\"@id\":\"https:\/\/australisrecords.com\/shop\/producto\/morbid-holocaust\/#primaryimage\"},\"thumbnailUrl\":\"https:\/\/australisrecords.com\/shop\/wp-content\/uploads\/2020\/06\/714577.jpg\",\"datePublished\":\"2020-06-09T22:34:12+00:00\",\"dateModified\":\"2020-07-12T01:00:49+00:00\",\"breadcrumb\":{\"@id\":\"https:\/\/australisrecords.com\/shop\/producto\/morbid-holocaust\/#breadcrumb\"},\"inLanguage\":\"en-US\",\"potentialAction\":[{\"@type\":\"ReadAction\",\"target\":[\"https:\/\/australisrecords.com\/shop\/producto\/morbid-holocaust\/\"]}]},{\"@type\":\"ImageObject\",\"inLanguage\":\"en-US\",\"@id\":\"https:\/\/australisrecords.com\/shop\/producto\/morbid-holocaust\/#primaryimage\",\"url\":\"https:\/\/australisrecords.com\/shop\/wp-content\/uploads\/2020\/06\/714577.jpg\",\"contentUrl\":\"https:\/\/australisrecords.com\/shop\/wp-content\/uploads\/2020\/06\/714577.jpg\",\"width\":600,\"height\":600},{\"@type\":\"BreadcrumbList\",\"@id\":\"https:\/\/australisrecords.com\/shop\/producto\/morbid-holocaust\/#breadcrumb\",\"itemListElement\":[{\"@type\":\"ListItem\",\"position\":1,\"name\":\"Home\",\"item\":\"https:\/\/australisrecords.com\/shop\/\"},{\"@type\":\"ListItem\",\"position\":2,\"name\":\"Shop\",\"item\":\"https:\/\/australisrecords.com\/shop\/shop-2\/\"},{\"@type\":\"ListItem\",\"position\":3,\"name\":\"Morbid Holocaust\"}]},{\"@type\":\"WebSite\",\"@id\":\"https:\/\/australisrecords.com\/shop\/#website\",\"url\":\"https:\/\/australisrecords.com\/shop\/\",\"name\":\"Australis Records - Music from the End of the World\",\"description\":\"\",\"potentialAction\":[{\"@type\":\"SearchAction\",\"target\":{\"@type\":\"EntryPoint\",\"urlTemplate\":\"https:\/\/australisrecords.com\/shop\/?s={search_term_string}\"},\"query-input\":\"required name=search_term_string\"}],\"inLanguage\":\"en-US\"}]}<\/script>\n<!-- \/ Yoast SEO plugin. -->","yoast_head_json":{"title":"Morbid Holocaust - Australis Records - Music from the End of the World","robots":{"index":"index","follow":"follow","max-snippet":"max-snippet:-1","max-image-preview":"max-image-preview:large","max-video-preview":"max-video-preview:-1"},"canonical":"https:\/\/australisrecords.com\/shop\/producto\/morbid-holocaust\/","og_locale":"en_US","og_type":"article","og_title":"Morbid Holocaust - Australis Records - Music from the End of the World","og_description":"&nbsp; Bestial and Corrosive Black Thrash Metal at its most barbaric form.. the debut album of this Chilean horde who has released their plague since years in UG formats, finally unleash their Atmospheric Armageddon album! mandatory!. &nbsp; Bestial y corrosivo Black Thrash Metal en su forma m\u00e1s b\u00e1rbara &#8230; el \u00e1lbum debut de esta horda [&hellip;]","og_url":"https:\/\/australisrecords.com\/shop\/producto\/morbid-holocaust\/","og_site_name":"Australis Records - Music from the End of the World","article_modified_time":"2020-07-12T01:00:49+00:00","og_image":[{"width":600,"height":600,"url":"https:\/\/australisrecords.com\/shop\/wp-content\/uploads\/2020\/06\/714577.jpg","type":"image\/jpeg"}],"twitter_card":"summary_large_image","schema":{"@context":"https:\/\/schema.org","@graph":[{"@type":"WebPage","@id":"https:\/\/australisrecords.com\/shop\/producto\/morbid-holocaust\/","url":"https:\/\/australisrecords.com\/shop\/producto\/morbid-holocaust\/","name":"Morbid Holocaust - Australis Records - Music from the End of the World","isPartOf":{"@id":"https:\/\/australisrecords.com\/shop\/#website"},"primaryImageOfPage":{"@id":"https:\/\/australisrecords.com\/shop\/producto\/morbid-holocaust\/#primaryimage"},"image":{"@id":"https:\/\/australisrecords.com\/shop\/producto\/morbid-holocaust\/#primaryimage"},"thumbnailUrl":"https:\/\/australisrecords.com\/shop\/wp-content\/uploads\/2020\/06\/714577.jpg","datePublished":"2020-06-09T22:34:12+00:00","dateModified":"2020-07-12T01:00:49+00:00","breadcrumb":{"@id":"https:\/\/australisrecords.com\/shop\/producto\/morbid-holocaust\/#breadcrumb"},"inLanguage":"en-US","potentialAction":[{"@type":"ReadAction","target":["https:\/\/australisrecords.com\/shop\/producto\/morbid-holocaust\/"]}]},{"@type":"ImageObject","inLanguage":"en-US","@id":"https:\/\/australisrecords.com\/shop\/producto\/morbid-holocaust\/#primaryimage","url":"https:\/\/australisrecords.com\/shop\/wp-content\/uploads\/2020\/06\/714577.jpg","contentUrl":"https:\/\/australisrecords.com\/shop\/wp-content\/uploads\/2020\/06\/714577.jpg","width":600,"height":600},{"@type":"BreadcrumbList","@id":"https:\/\/australisrecords.com\/shop\/producto\/morbid-holocaust\/#breadcrumb","itemListElement":[{"@type":"ListItem","position":1,"name":"Home","item":"https:\/\/australisrecords.com\/shop\/"},{"@type":"ListItem","position":2,"name":"Shop","item":"https:\/\/australisrecords.com\/shop\/shop-2\/"},{"@type":"ListItem","position":3,"name":"Morbid Holocaust"}]},{"@type":"WebSite","@id":"https:\/\/australisrecords.com\/shop\/#website","url":"https:\/\/australisrecords.com\/shop\/","name":"Australis Records - Music from the End of the World","description":"","potentialAction":[{"@type":"SearchAction","target":{"@type":"EntryPoint","urlTemplate":"https:\/\/australisrecords.com\/shop\/?s={search_term_string}"},"query-input":"required name=search_term_string"}],"inLanguage":"en-US"}]}},"_links":{"self":[{"href":"https:\/\/australisrecords.com\/shop\/wp-json\/wp\/v2\/product\/14719"}],"collection":[{"href":"https:\/\/australisrecords.com\/shop\/wp-json\/wp\/v2\/product"}],"about":[{"href":"https:\/\/australisrecords.com\/shop\/wp-json\/wp\/v2\/types\/product"}],"version-history":[{"count":3,"href":"https:\/\/australisrecords.com\/shop\/wp-json\/wp\/v2\/product\/14719\/revisions"}],"predecessor-version":[{"id":18720,"href":"https:\/\/australisrecords.com\/shop\/wp-json\/wp\/v2\/product\/14719\/revisions\/18720"}],"wp:featuredmedia":[{"embeddable":true,"href":"https:\/\/australisrecords.com\/shop\/wp-json\/wp\/v2\/media\/14720"}],"wp:attachment":[{"href":"https:\/\/australisrecords.com\/shop\/wp-json\/wp\/v2\/media?parent=14719"}],"wp:term":[{"taxonomy":"product_cat","embeddable":true,"href":"https:\/\/australisrecords.com\/shop\/wp-json\/wp\/v2\/product_cat?post=14719"},{"taxonomy":"product_tag","embeddable":true,"href":"https:\/\/australisrecords.com\/shop\/wp-json\/wp\/v2\/product_tag?post=14719"}],"curies":[{"name":"wp","href":"https:\/\/api.w.org\/{rel}","templated":true}]}}