{"id":14664,"date":"2020-06-09T18:14:40","date_gmt":"2020-06-09T18:14:40","guid":{"rendered":"http:\/\/australisrecords.com\/shop\/?post_type=product&#038;p=14664"},"modified":"2020-11-22T20:19:47","modified_gmt":"2020-11-22T20:19:47","slug":"miserycore","status":"publish","type":"product","link":"https:\/\/australisrecords.com\/shop\/producto\/miserycore\/","title":{"rendered":"Miserycore"},"content":{"rendered":"<div id=\"dslc-theme-content\"><div id=\"dslc-theme-content-inner\"><\/div><\/div>","protected":false},"excerpt":{"rendered":"<p>&nbsp; Ten years of devastation in this Cd Compilation&#8230; For fans of the old sound of Sodom and Sepultura. &nbsp; 10 a\u00f1os de devastaci\u00f3n en este Cd compilatorio&#8230;Para fan\u00e1ticos del viejo s\u00f3nido de Sodom y Sepultura.\u00a0 1. Total caos 2. Milicia de rabia 3. Preludio destructivo 4. We&#8217;ll Take Command 5. Gas Them All 6. [&hellip;]<\/p>\n","protected":false},"featured_media":14665,"template":"","meta":{"_acf_changed":false},"product_cat":[92,314,87,308],"product_tag":[],"acf":[],"yoast_head":"<!-- This site is optimized with the Yoast SEO plugin v22.9 - https:\/\/yoast.com\/wordpress\/plugins\/seo\/ -->\n<title>Miserycore - Australis Records - Music from the End of the World<\/title>\n<meta name=\"robots\" content=\"index, follow, max-snippet:-1, max-image-preview:large, max-video-preview:-1\" \/>\n<link rel=\"canonical\" href=\"https:\/\/australisrecords.com\/shop\/producto\/miserycore\/\" \/>\n<meta property=\"og:locale\" content=\"en_US\" \/>\n<meta property=\"og:type\" content=\"article\" \/>\n<meta property=\"og:title\" content=\"Miserycore - Australis Records - Music from the End of the World\" \/>\n<meta property=\"og:description\" content=\"&nbsp; Ten years of devastation in this Cd Compilation&#8230; For fans of the old sound of Sodom and Sepultura. &nbsp; 10 a\u00f1os de devastaci\u00f3n en este Cd compilatorio&#8230;Para fan\u00e1ticos del viejo s\u00f3nido de Sodom y Sepultura.\u00a0 1. Total caos 2. Milicia de rabia 3. Preludio destructivo 4. We&#8217;ll Take Command 5. Gas Them All 6. [&hellip;]\" \/>\n<meta property=\"og:url\" content=\"https:\/\/australisrecords.com\/shop\/producto\/miserycore\/\" \/>\n<meta property=\"og:site_name\" content=\"Australis Records - Music from the End of the World\" \/>\n<meta property=\"article:modified_time\" content=\"2020-11-22T20:19:47+00:00\" \/>\n<meta property=\"og:image\" content=\"https:\/\/australisrecords.com\/shop\/wp-content\/uploads\/2020\/06\/474937.png\" \/>\n\t<meta property=\"og:image:width\" content=\"600\" \/>\n\t<meta property=\"og:image:height\" content=\"600\" \/>\n\t<meta property=\"og:image:type\" content=\"image\/png\" \/>\n<meta name=\"twitter:card\" content=\"summary_large_image\" \/>\n<script type=\"application\/ld+json\" class=\"yoast-schema-graph\">{\"@context\":\"https:\/\/schema.org\",\"@graph\":[{\"@type\":\"WebPage\",\"@id\":\"https:\/\/australisrecords.com\/shop\/producto\/miserycore\/\",\"url\":\"https:\/\/australisrecords.com\/shop\/producto\/miserycore\/\",\"name\":\"Miserycore - Australis Records - Music from the End of the World\",\"isPartOf\":{\"@id\":\"https:\/\/australisrecords.com\/shop\/#website\"},\"primaryImageOfPage\":{\"@id\":\"https:\/\/australisrecords.com\/shop\/producto\/miserycore\/#primaryimage\"},\"image\":{\"@id\":\"https:\/\/australisrecords.com\/shop\/producto\/miserycore\/#primaryimage\"},\"thumbnailUrl\":\"https:\/\/australisrecords.com\/shop\/wp-content\/uploads\/2020\/06\/474937.png\",\"datePublished\":\"2020-06-09T18:14:40+00:00\",\"dateModified\":\"2020-11-22T20:19:47+00:00\",\"breadcrumb\":{\"@id\":\"https:\/\/australisrecords.com\/shop\/producto\/miserycore\/#breadcrumb\"},\"inLanguage\":\"en-US\",\"potentialAction\":[{\"@type\":\"ReadAction\",\"target\":[\"https:\/\/australisrecords.com\/shop\/producto\/miserycore\/\"]}]},{\"@type\":\"ImageObject\",\"inLanguage\":\"en-US\",\"@id\":\"https:\/\/australisrecords.com\/shop\/producto\/miserycore\/#primaryimage\",\"url\":\"https:\/\/australisrecords.com\/shop\/wp-content\/uploads\/2020\/06\/474937.png\",\"contentUrl\":\"https:\/\/australisrecords.com\/shop\/wp-content\/uploads\/2020\/06\/474937.png\",\"width\":600,\"height\":600},{\"@type\":\"BreadcrumbList\",\"@id\":\"https:\/\/australisrecords.com\/shop\/producto\/miserycore\/#breadcrumb\",\"itemListElement\":[{\"@type\":\"ListItem\",\"position\":1,\"name\":\"Home\",\"item\":\"https:\/\/australisrecords.com\/shop\/\"},{\"@type\":\"ListItem\",\"position\":2,\"name\":\"Shop\",\"item\":\"https:\/\/australisrecords.com\/shop\/shop-2\/\"},{\"@type\":\"ListItem\",\"position\":3,\"name\":\"Miserycore\"}]},{\"@type\":\"WebSite\",\"@id\":\"https:\/\/australisrecords.com\/shop\/#website\",\"url\":\"https:\/\/australisrecords.com\/shop\/\",\"name\":\"Australis Records - Music from the End of the World\",\"description\":\"\",\"potentialAction\":[{\"@type\":\"SearchAction\",\"target\":{\"@type\":\"EntryPoint\",\"urlTemplate\":\"https:\/\/australisrecords.com\/shop\/?s={search_term_string}\"},\"query-input\":\"required name=search_term_string\"}],\"inLanguage\":\"en-US\"}]}<\/script>\n<!-- \/ Yoast SEO plugin. -->","yoast_head_json":{"title":"Miserycore - Australis Records - Music from the End of the World","robots":{"index":"index","follow":"follow","max-snippet":"max-snippet:-1","max-image-preview":"max-image-preview:large","max-video-preview":"max-video-preview:-1"},"canonical":"https:\/\/australisrecords.com\/shop\/producto\/miserycore\/","og_locale":"en_US","og_type":"article","og_title":"Miserycore - Australis Records - Music from the End of the World","og_description":"&nbsp; Ten years of devastation in this Cd Compilation&#8230; For fans of the old sound of Sodom and Sepultura. &nbsp; 10 a\u00f1os de devastaci\u00f3n en este Cd compilatorio&#8230;Para fan\u00e1ticos del viejo s\u00f3nido de Sodom y Sepultura.\u00a0 1. Total caos 2. Milicia de rabia 3. Preludio destructivo 4. We&#8217;ll Take Command 5. Gas Them All 6. [&hellip;]","og_url":"https:\/\/australisrecords.com\/shop\/producto\/miserycore\/","og_site_name":"Australis Records - Music from the End of the World","article_modified_time":"2020-11-22T20:19:47+00:00","og_image":[{"width":600,"height":600,"url":"https:\/\/australisrecords.com\/shop\/wp-content\/uploads\/2020\/06\/474937.png","type":"image\/png"}],"twitter_card":"summary_large_image","schema":{"@context":"https:\/\/schema.org","@graph":[{"@type":"WebPage","@id":"https:\/\/australisrecords.com\/shop\/producto\/miserycore\/","url":"https:\/\/australisrecords.com\/shop\/producto\/miserycore\/","name":"Miserycore - Australis Records - Music from the End of the World","isPartOf":{"@id":"https:\/\/australisrecords.com\/shop\/#website"},"primaryImageOfPage":{"@id":"https:\/\/australisrecords.com\/shop\/producto\/miserycore\/#primaryimage"},"image":{"@id":"https:\/\/australisrecords.com\/shop\/producto\/miserycore\/#primaryimage"},"thumbnailUrl":"https:\/\/australisrecords.com\/shop\/wp-content\/uploads\/2020\/06\/474937.png","datePublished":"2020-06-09T18:14:40+00:00","dateModified":"2020-11-22T20:19:47+00:00","breadcrumb":{"@id":"https:\/\/australisrecords.com\/shop\/producto\/miserycore\/#breadcrumb"},"inLanguage":"en-US","potentialAction":[{"@type":"ReadAction","target":["https:\/\/australisrecords.com\/shop\/producto\/miserycore\/"]}]},{"@type":"ImageObject","inLanguage":"en-US","@id":"https:\/\/australisrecords.com\/shop\/producto\/miserycore\/#primaryimage","url":"https:\/\/australisrecords.com\/shop\/wp-content\/uploads\/2020\/06\/474937.png","contentUrl":"https:\/\/australisrecords.com\/shop\/wp-content\/uploads\/2020\/06\/474937.png","width":600,"height":600},{"@type":"BreadcrumbList","@id":"https:\/\/australisrecords.com\/shop\/producto\/miserycore\/#breadcrumb","itemListElement":[{"@type":"ListItem","position":1,"name":"Home","item":"https:\/\/australisrecords.com\/shop\/"},{"@type":"ListItem","position":2,"name":"Shop","item":"https:\/\/australisrecords.com\/shop\/shop-2\/"},{"@type":"ListItem","position":3,"name":"Miserycore"}]},{"@type":"WebSite","@id":"https:\/\/australisrecords.com\/shop\/#website","url":"https:\/\/australisrecords.com\/shop\/","name":"Australis Records - Music from the End of the World","description":"","potentialAction":[{"@type":"SearchAction","target":{"@type":"EntryPoint","urlTemplate":"https:\/\/australisrecords.com\/shop\/?s={search_term_string}"},"query-input":"required name=search_term_string"}],"inLanguage":"en-US"}]}},"_links":{"self":[{"href":"https:\/\/australisrecords.com\/shop\/wp-json\/wp\/v2\/product\/14664"}],"collection":[{"href":"https:\/\/australisrecords.com\/shop\/wp-json\/wp\/v2\/product"}],"about":[{"href":"https:\/\/australisrecords.com\/shop\/wp-json\/wp\/v2\/types\/product"}],"version-history":[{"count":3,"href":"https:\/\/australisrecords.com\/shop\/wp-json\/wp\/v2\/product\/14664\/revisions"}],"predecessor-version":[{"id":18680,"href":"https:\/\/australisrecords.com\/shop\/wp-json\/wp\/v2\/product\/14664\/revisions\/18680"}],"wp:featuredmedia":[{"embeddable":true,"href":"https:\/\/australisrecords.com\/shop\/wp-json\/wp\/v2\/media\/14665"}],"wp:attachment":[{"href":"https:\/\/australisrecords.com\/shop\/wp-json\/wp\/v2\/media?parent=14664"}],"wp:term":[{"taxonomy":"product_cat","embeddable":true,"href":"https:\/\/australisrecords.com\/shop\/wp-json\/wp\/v2\/product_cat?post=14664"},{"taxonomy":"product_tag","embeddable":true,"href":"https:\/\/australisrecords.com\/shop\/wp-json\/wp\/v2\/product_tag?post=14664"}],"curies":[{"name":"wp","href":"https:\/\/api.w.org\/{rel}","templated":true}]}}