{"id":14585,"date":"2020-06-09T00:36:07","date_gmt":"2020-06-09T00:36:07","guid":{"rendered":"http:\/\/australisrecords.com\/shop\/?post_type=product&#038;p=14585"},"modified":"2022-01-22T14:47:21","modified_gmt":"2022-01-22T14:47:21","slug":"mastifal-2","status":"publish","type":"product","link":"https:\/\/australisrecords.com\/shop\/producto\/mastifal-2\/","title":{"rendered":"Mastifal"},"content":{"rendered":"<div id=\"dslc-theme-content\"><div id=\"dslc-theme-content-inner\"><\/div><\/div>","protected":false},"excerpt":{"rendered":"<p>&nbsp; Melodic Death Metal &nbsp; Death Metal Mel\u00f3dico.\u00a0 1. Despertar 2. Destino 3. Desde las tinieblas 4. Nuevo mundo artificial 5. En las entra\u00f1as del apocalipsis 6. Herej\u00edas 7. Necr\u00f3polis 8. En la tierra desierta 9. Sol negro 10.Paredes sangrientas 11.En soledad 12.Tumbas 13.Ruinas del mundo 14.Tierratas &nbsp; &nbsp;<\/p>\n","protected":false},"featured_media":14586,"template":"","meta":{"_acf_changed":false},"product_cat":[92,314,87],"product_tag":[],"acf":[],"yoast_head":"<!-- This site is optimized with the Yoast SEO plugin v22.9 - https:\/\/yoast.com\/wordpress\/plugins\/seo\/ -->\n<title>Mastifal - Australis Records - Music from the End of the World<\/title>\n<meta name=\"robots\" content=\"index, follow, max-snippet:-1, max-image-preview:large, max-video-preview:-1\" \/>\n<link rel=\"canonical\" href=\"https:\/\/australisrecords.com\/shop\/producto\/mastifal-2\/\" \/>\n<meta property=\"og:locale\" content=\"en_US\" \/>\n<meta property=\"og:type\" content=\"article\" \/>\n<meta property=\"og:title\" content=\"Mastifal - Australis Records - Music from the End of the World\" \/>\n<meta property=\"og:description\" content=\"&nbsp; Melodic Death Metal &nbsp; Death Metal Mel\u00f3dico.\u00a0 1. Despertar 2. Destino 3. Desde las tinieblas 4. Nuevo mundo artificial 5. En las entra\u00f1as del apocalipsis 6. Herej\u00edas 7. Necr\u00f3polis 8. En la tierra desierta 9. Sol negro 10.Paredes sangrientas 11.En soledad 12.Tumbas 13.Ruinas del mundo 14.Tierratas &nbsp; &nbsp;\" \/>\n<meta property=\"og:url\" content=\"https:\/\/australisrecords.com\/shop\/producto\/mastifal-2\/\" \/>\n<meta property=\"og:site_name\" content=\"Australis Records - Music from the End of the World\" \/>\n<meta property=\"article:modified_time\" content=\"2022-01-22T14:47:21+00:00\" \/>\n<meta property=\"og:image\" content=\"https:\/\/australisrecords.com\/shop\/wp-content\/uploads\/2020\/06\/33778.jpg\" \/>\n\t<meta property=\"og:image:width\" content=\"500\" \/>\n\t<meta property=\"og:image:height\" content=\"500\" \/>\n\t<meta property=\"og:image:type\" content=\"image\/jpeg\" \/>\n<meta name=\"twitter:card\" content=\"summary_large_image\" \/>\n<script type=\"application\/ld+json\" class=\"yoast-schema-graph\">{\"@context\":\"https:\/\/schema.org\",\"@graph\":[{\"@type\":\"WebPage\",\"@id\":\"https:\/\/australisrecords.com\/shop\/producto\/mastifal-2\/\",\"url\":\"https:\/\/australisrecords.com\/shop\/producto\/mastifal-2\/\",\"name\":\"Mastifal - Australis Records - Music from the End of the World\",\"isPartOf\":{\"@id\":\"https:\/\/australisrecords.com\/shop\/#website\"},\"primaryImageOfPage\":{\"@id\":\"https:\/\/australisrecords.com\/shop\/producto\/mastifal-2\/#primaryimage\"},\"image\":{\"@id\":\"https:\/\/australisrecords.com\/shop\/producto\/mastifal-2\/#primaryimage\"},\"thumbnailUrl\":\"https:\/\/australisrecords.com\/shop\/wp-content\/uploads\/2020\/06\/33778.jpg\",\"datePublished\":\"2020-06-09T00:36:07+00:00\",\"dateModified\":\"2022-01-22T14:47:21+00:00\",\"breadcrumb\":{\"@id\":\"https:\/\/australisrecords.com\/shop\/producto\/mastifal-2\/#breadcrumb\"},\"inLanguage\":\"en-US\",\"potentialAction\":[{\"@type\":\"ReadAction\",\"target\":[\"https:\/\/australisrecords.com\/shop\/producto\/mastifal-2\/\"]}]},{\"@type\":\"ImageObject\",\"inLanguage\":\"en-US\",\"@id\":\"https:\/\/australisrecords.com\/shop\/producto\/mastifal-2\/#primaryimage\",\"url\":\"https:\/\/australisrecords.com\/shop\/wp-content\/uploads\/2020\/06\/33778.jpg\",\"contentUrl\":\"https:\/\/australisrecords.com\/shop\/wp-content\/uploads\/2020\/06\/33778.jpg\",\"width\":500,\"height\":500},{\"@type\":\"BreadcrumbList\",\"@id\":\"https:\/\/australisrecords.com\/shop\/producto\/mastifal-2\/#breadcrumb\",\"itemListElement\":[{\"@type\":\"ListItem\",\"position\":1,\"name\":\"Home\",\"item\":\"https:\/\/australisrecords.com\/shop\/\"},{\"@type\":\"ListItem\",\"position\":2,\"name\":\"Shop\",\"item\":\"https:\/\/australisrecords.com\/shop\/shop-2\/\"},{\"@type\":\"ListItem\",\"position\":3,\"name\":\"Mastifal\"}]},{\"@type\":\"WebSite\",\"@id\":\"https:\/\/australisrecords.com\/shop\/#website\",\"url\":\"https:\/\/australisrecords.com\/shop\/\",\"name\":\"Australis Records - Music from the End of the World\",\"description\":\"\",\"potentialAction\":[{\"@type\":\"SearchAction\",\"target\":{\"@type\":\"EntryPoint\",\"urlTemplate\":\"https:\/\/australisrecords.com\/shop\/?s={search_term_string}\"},\"query-input\":\"required name=search_term_string\"}],\"inLanguage\":\"en-US\"}]}<\/script>\n<!-- \/ Yoast SEO plugin. -->","yoast_head_json":{"title":"Mastifal - Australis Records - Music from the End of the World","robots":{"index":"index","follow":"follow","max-snippet":"max-snippet:-1","max-image-preview":"max-image-preview:large","max-video-preview":"max-video-preview:-1"},"canonical":"https:\/\/australisrecords.com\/shop\/producto\/mastifal-2\/","og_locale":"en_US","og_type":"article","og_title":"Mastifal - Australis Records - Music from the End of the World","og_description":"&nbsp; Melodic Death Metal &nbsp; Death Metal Mel\u00f3dico.\u00a0 1. Despertar 2. Destino 3. Desde las tinieblas 4. Nuevo mundo artificial 5. En las entra\u00f1as del apocalipsis 6. Herej\u00edas 7. Necr\u00f3polis 8. En la tierra desierta 9. Sol negro 10.Paredes sangrientas 11.En soledad 12.Tumbas 13.Ruinas del mundo 14.Tierratas &nbsp; &nbsp;","og_url":"https:\/\/australisrecords.com\/shop\/producto\/mastifal-2\/","og_site_name":"Australis Records - Music from the End of the World","article_modified_time":"2022-01-22T14:47:21+00:00","og_image":[{"width":500,"height":500,"url":"https:\/\/australisrecords.com\/shop\/wp-content\/uploads\/2020\/06\/33778.jpg","type":"image\/jpeg"}],"twitter_card":"summary_large_image","schema":{"@context":"https:\/\/schema.org","@graph":[{"@type":"WebPage","@id":"https:\/\/australisrecords.com\/shop\/producto\/mastifal-2\/","url":"https:\/\/australisrecords.com\/shop\/producto\/mastifal-2\/","name":"Mastifal - Australis Records - Music from the End of the World","isPartOf":{"@id":"https:\/\/australisrecords.com\/shop\/#website"},"primaryImageOfPage":{"@id":"https:\/\/australisrecords.com\/shop\/producto\/mastifal-2\/#primaryimage"},"image":{"@id":"https:\/\/australisrecords.com\/shop\/producto\/mastifal-2\/#primaryimage"},"thumbnailUrl":"https:\/\/australisrecords.com\/shop\/wp-content\/uploads\/2020\/06\/33778.jpg","datePublished":"2020-06-09T00:36:07+00:00","dateModified":"2022-01-22T14:47:21+00:00","breadcrumb":{"@id":"https:\/\/australisrecords.com\/shop\/producto\/mastifal-2\/#breadcrumb"},"inLanguage":"en-US","potentialAction":[{"@type":"ReadAction","target":["https:\/\/australisrecords.com\/shop\/producto\/mastifal-2\/"]}]},{"@type":"ImageObject","inLanguage":"en-US","@id":"https:\/\/australisrecords.com\/shop\/producto\/mastifal-2\/#primaryimage","url":"https:\/\/australisrecords.com\/shop\/wp-content\/uploads\/2020\/06\/33778.jpg","contentUrl":"https:\/\/australisrecords.com\/shop\/wp-content\/uploads\/2020\/06\/33778.jpg","width":500,"height":500},{"@type":"BreadcrumbList","@id":"https:\/\/australisrecords.com\/shop\/producto\/mastifal-2\/#breadcrumb","itemListElement":[{"@type":"ListItem","position":1,"name":"Home","item":"https:\/\/australisrecords.com\/shop\/"},{"@type":"ListItem","position":2,"name":"Shop","item":"https:\/\/australisrecords.com\/shop\/shop-2\/"},{"@type":"ListItem","position":3,"name":"Mastifal"}]},{"@type":"WebSite","@id":"https:\/\/australisrecords.com\/shop\/#website","url":"https:\/\/australisrecords.com\/shop\/","name":"Australis Records - Music from the End of the World","description":"","potentialAction":[{"@type":"SearchAction","target":{"@type":"EntryPoint","urlTemplate":"https:\/\/australisrecords.com\/shop\/?s={search_term_string}"},"query-input":"required name=search_term_string"}],"inLanguage":"en-US"}]}},"_links":{"self":[{"href":"https:\/\/australisrecords.com\/shop\/wp-json\/wp\/v2\/product\/14585"}],"collection":[{"href":"https:\/\/australisrecords.com\/shop\/wp-json\/wp\/v2\/product"}],"about":[{"href":"https:\/\/australisrecords.com\/shop\/wp-json\/wp\/v2\/types\/product"}],"version-history":[{"count":4,"href":"https:\/\/australisrecords.com\/shop\/wp-json\/wp\/v2\/product\/14585\/revisions"}],"predecessor-version":[{"id":18634,"href":"https:\/\/australisrecords.com\/shop\/wp-json\/wp\/v2\/product\/14585\/revisions\/18634"}],"wp:featuredmedia":[{"embeddable":true,"href":"https:\/\/australisrecords.com\/shop\/wp-json\/wp\/v2\/media\/14586"}],"wp:attachment":[{"href":"https:\/\/australisrecords.com\/shop\/wp-json\/wp\/v2\/media?parent=14585"}],"wp:term":[{"taxonomy":"product_cat","embeddable":true,"href":"https:\/\/australisrecords.com\/shop\/wp-json\/wp\/v2\/product_cat?post=14585"},{"taxonomy":"product_tag","embeddable":true,"href":"https:\/\/australisrecords.com\/shop\/wp-json\/wp\/v2\/product_tag?post=14585"}],"curies":[{"name":"wp","href":"https:\/\/api.w.org\/{rel}","templated":true}]}}