{"id":14494,"date":"2020-06-08T20:06:54","date_gmt":"2020-06-08T20:06:54","guid":{"rendered":"http:\/\/australisrecords.com\/shop\/?post_type=product&#038;p=14494"},"modified":"2020-07-11T04:41:39","modified_gmt":"2020-07-11T04:41:39","slug":"majestic-downfall-2","status":"publish","type":"product","link":"https:\/\/australisrecords.com\/shop\/producto\/majestic-downfall-2\/","title":{"rendered":"Majestic Downfall"},"content":{"rendered":"<div id=\"dslc-theme-content\"><div id=\"dslc-theme-content-inner\"><\/div><\/div>","protected":false},"excerpt":{"rendered":"<p>&nbsp; The new album contains seven malicious songs with an even darker edge over the debut album Temple of Guilt. Production and sound are now denser and more mature. The album also features a guest guitar by Roberto Granados (Denial, The Suffering). &nbsp; El nuevo \u00e1lbum contiene siete canciones dolosas con una ventaja a\u00fan m\u00e1s [&hellip;]<\/p>\n","protected":false},"featured_media":14495,"template":"","meta":{"_acf_changed":false},"product_cat":[92,314,305,87],"product_tag":[],"acf":[],"yoast_head":"<!-- This site is optimized with the Yoast SEO plugin v22.9 - https:\/\/yoast.com\/wordpress\/plugins\/seo\/ -->\n<title>Majestic Downfall - Australis Records - Music from the End of the World<\/title>\n<meta name=\"robots\" content=\"index, follow, max-snippet:-1, max-image-preview:large, max-video-preview:-1\" \/>\n<link rel=\"canonical\" href=\"https:\/\/australisrecords.com\/shop\/producto\/majestic-downfall-2\/\" \/>\n<meta property=\"og:locale\" content=\"en_US\" \/>\n<meta property=\"og:type\" content=\"article\" \/>\n<meta property=\"og:title\" content=\"Majestic Downfall - Australis Records - Music from the End of the World\" \/>\n<meta property=\"og:description\" content=\"&nbsp; The new album contains seven malicious songs with an even darker edge over the debut album Temple of Guilt. Production and sound are now denser and more mature. The album also features a guest guitar by Roberto Granados (Denial, The Suffering). &nbsp; El nuevo \u00e1lbum contiene siete canciones dolosas con una ventaja a\u00fan m\u00e1s [&hellip;]\" \/>\n<meta property=\"og:url\" content=\"https:\/\/australisrecords.com\/shop\/producto\/majestic-downfall-2\/\" \/>\n<meta property=\"og:site_name\" content=\"Australis Records - Music from the End of the World\" \/>\n<meta property=\"article:modified_time\" content=\"2020-07-11T04:41:39+00:00\" \/>\n<meta property=\"og:image\" content=\"https:\/\/australisrecords.com\/shop\/wp-content\/uploads\/2020\/06\/303200.jpg\" \/>\n\t<meta property=\"og:image:width\" content=\"362\" \/>\n\t<meta property=\"og:image:height\" content=\"555\" \/>\n\t<meta property=\"og:image:type\" content=\"image\/jpeg\" \/>\n<meta name=\"twitter:card\" content=\"summary_large_image\" \/>\n<script type=\"application\/ld+json\" class=\"yoast-schema-graph\">{\"@context\":\"https:\/\/schema.org\",\"@graph\":[{\"@type\":\"WebPage\",\"@id\":\"https:\/\/australisrecords.com\/shop\/producto\/majestic-downfall-2\/\",\"url\":\"https:\/\/australisrecords.com\/shop\/producto\/majestic-downfall-2\/\",\"name\":\"Majestic Downfall - Australis Records - Music from the End of the World\",\"isPartOf\":{\"@id\":\"https:\/\/australisrecords.com\/shop\/#website\"},\"primaryImageOfPage\":{\"@id\":\"https:\/\/australisrecords.com\/shop\/producto\/majestic-downfall-2\/#primaryimage\"},\"image\":{\"@id\":\"https:\/\/australisrecords.com\/shop\/producto\/majestic-downfall-2\/#primaryimage\"},\"thumbnailUrl\":\"https:\/\/australisrecords.com\/shop\/wp-content\/uploads\/2020\/06\/303200.jpg\",\"datePublished\":\"2020-06-08T20:06:54+00:00\",\"dateModified\":\"2020-07-11T04:41:39+00:00\",\"breadcrumb\":{\"@id\":\"https:\/\/australisrecords.com\/shop\/producto\/majestic-downfall-2\/#breadcrumb\"},\"inLanguage\":\"en-US\",\"potentialAction\":[{\"@type\":\"ReadAction\",\"target\":[\"https:\/\/australisrecords.com\/shop\/producto\/majestic-downfall-2\/\"]}]},{\"@type\":\"ImageObject\",\"inLanguage\":\"en-US\",\"@id\":\"https:\/\/australisrecords.com\/shop\/producto\/majestic-downfall-2\/#primaryimage\",\"url\":\"https:\/\/australisrecords.com\/shop\/wp-content\/uploads\/2020\/06\/303200.jpg\",\"contentUrl\":\"https:\/\/australisrecords.com\/shop\/wp-content\/uploads\/2020\/06\/303200.jpg\",\"width\":362,\"height\":555},{\"@type\":\"BreadcrumbList\",\"@id\":\"https:\/\/australisrecords.com\/shop\/producto\/majestic-downfall-2\/#breadcrumb\",\"itemListElement\":[{\"@type\":\"ListItem\",\"position\":1,\"name\":\"Home\",\"item\":\"https:\/\/australisrecords.com\/shop\/\"},{\"@type\":\"ListItem\",\"position\":2,\"name\":\"Shop\",\"item\":\"https:\/\/australisrecords.com\/shop\/shop-2\/\"},{\"@type\":\"ListItem\",\"position\":3,\"name\":\"Majestic Downfall\"}]},{\"@type\":\"WebSite\",\"@id\":\"https:\/\/australisrecords.com\/shop\/#website\",\"url\":\"https:\/\/australisrecords.com\/shop\/\",\"name\":\"Australis Records - Music from the End of the World\",\"description\":\"\",\"potentialAction\":[{\"@type\":\"SearchAction\",\"target\":{\"@type\":\"EntryPoint\",\"urlTemplate\":\"https:\/\/australisrecords.com\/shop\/?s={search_term_string}\"},\"query-input\":\"required name=search_term_string\"}],\"inLanguage\":\"en-US\"}]}<\/script>\n<!-- \/ Yoast SEO plugin. -->","yoast_head_json":{"title":"Majestic Downfall - Australis Records - Music from the End of the World","robots":{"index":"index","follow":"follow","max-snippet":"max-snippet:-1","max-image-preview":"max-image-preview:large","max-video-preview":"max-video-preview:-1"},"canonical":"https:\/\/australisrecords.com\/shop\/producto\/majestic-downfall-2\/","og_locale":"en_US","og_type":"article","og_title":"Majestic Downfall - Australis Records - Music from the End of the World","og_description":"&nbsp; The new album contains seven malicious songs with an even darker edge over the debut album Temple of Guilt. Production and sound are now denser and more mature. The album also features a guest guitar by Roberto Granados (Denial, The Suffering). &nbsp; El nuevo \u00e1lbum contiene siete canciones dolosas con una ventaja a\u00fan m\u00e1s [&hellip;]","og_url":"https:\/\/australisrecords.com\/shop\/producto\/majestic-downfall-2\/","og_site_name":"Australis Records - Music from the End of the World","article_modified_time":"2020-07-11T04:41:39+00:00","og_image":[{"width":362,"height":555,"url":"https:\/\/australisrecords.com\/shop\/wp-content\/uploads\/2020\/06\/303200.jpg","type":"image\/jpeg"}],"twitter_card":"summary_large_image","schema":{"@context":"https:\/\/schema.org","@graph":[{"@type":"WebPage","@id":"https:\/\/australisrecords.com\/shop\/producto\/majestic-downfall-2\/","url":"https:\/\/australisrecords.com\/shop\/producto\/majestic-downfall-2\/","name":"Majestic Downfall - Australis Records - Music from the End of the World","isPartOf":{"@id":"https:\/\/australisrecords.com\/shop\/#website"},"primaryImageOfPage":{"@id":"https:\/\/australisrecords.com\/shop\/producto\/majestic-downfall-2\/#primaryimage"},"image":{"@id":"https:\/\/australisrecords.com\/shop\/producto\/majestic-downfall-2\/#primaryimage"},"thumbnailUrl":"https:\/\/australisrecords.com\/shop\/wp-content\/uploads\/2020\/06\/303200.jpg","datePublished":"2020-06-08T20:06:54+00:00","dateModified":"2020-07-11T04:41:39+00:00","breadcrumb":{"@id":"https:\/\/australisrecords.com\/shop\/producto\/majestic-downfall-2\/#breadcrumb"},"inLanguage":"en-US","potentialAction":[{"@type":"ReadAction","target":["https:\/\/australisrecords.com\/shop\/producto\/majestic-downfall-2\/"]}]},{"@type":"ImageObject","inLanguage":"en-US","@id":"https:\/\/australisrecords.com\/shop\/producto\/majestic-downfall-2\/#primaryimage","url":"https:\/\/australisrecords.com\/shop\/wp-content\/uploads\/2020\/06\/303200.jpg","contentUrl":"https:\/\/australisrecords.com\/shop\/wp-content\/uploads\/2020\/06\/303200.jpg","width":362,"height":555},{"@type":"BreadcrumbList","@id":"https:\/\/australisrecords.com\/shop\/producto\/majestic-downfall-2\/#breadcrumb","itemListElement":[{"@type":"ListItem","position":1,"name":"Home","item":"https:\/\/australisrecords.com\/shop\/"},{"@type":"ListItem","position":2,"name":"Shop","item":"https:\/\/australisrecords.com\/shop\/shop-2\/"},{"@type":"ListItem","position":3,"name":"Majestic Downfall"}]},{"@type":"WebSite","@id":"https:\/\/australisrecords.com\/shop\/#website","url":"https:\/\/australisrecords.com\/shop\/","name":"Australis Records - Music from the End of the World","description":"","potentialAction":[{"@type":"SearchAction","target":{"@type":"EntryPoint","urlTemplate":"https:\/\/australisrecords.com\/shop\/?s={search_term_string}"},"query-input":"required name=search_term_string"}],"inLanguage":"en-US"}]}},"_links":{"self":[{"href":"https:\/\/australisrecords.com\/shop\/wp-json\/wp\/v2\/product\/14494"}],"collection":[{"href":"https:\/\/australisrecords.com\/shop\/wp-json\/wp\/v2\/product"}],"about":[{"href":"https:\/\/australisrecords.com\/shop\/wp-json\/wp\/v2\/types\/product"}],"version-history":[{"count":4,"href":"https:\/\/australisrecords.com\/shop\/wp-json\/wp\/v2\/product\/14494\/revisions"}],"predecessor-version":[{"id":18570,"href":"https:\/\/australisrecords.com\/shop\/wp-json\/wp\/v2\/product\/14494\/revisions\/18570"}],"wp:featuredmedia":[{"embeddable":true,"href":"https:\/\/australisrecords.com\/shop\/wp-json\/wp\/v2\/media\/14495"}],"wp:attachment":[{"href":"https:\/\/australisrecords.com\/shop\/wp-json\/wp\/v2\/media?parent=14494"}],"wp:term":[{"taxonomy":"product_cat","embeddable":true,"href":"https:\/\/australisrecords.com\/shop\/wp-json\/wp\/v2\/product_cat?post=14494"},{"taxonomy":"product_tag","embeddable":true,"href":"https:\/\/australisrecords.com\/shop\/wp-json\/wp\/v2\/product_tag?post=14494"}],"curies":[{"name":"wp","href":"https:\/\/api.w.org\/{rel}","templated":true}]}}