{"id":13680,"date":"2020-06-04T23:12:44","date_gmt":"2020-06-04T23:12:44","guid":{"rendered":"http:\/\/australisrecords.com\/shop\/?post_type=product&#038;p=13680"},"modified":"2020-06-30T06:40:10","modified_gmt":"2020-06-30T06:40:10","slug":"incredulus","status":"publish","type":"product","link":"https:\/\/australisrecords.com\/shop\/producto\/incredulus\/","title":{"rendered":"Incredulus"},"content":{"rendered":"<div id=\"dslc-theme-content\"><div id=\"dslc-theme-content-inner\"><\/div><\/div>","protected":false},"excerpt":{"rendered":"<p>&nbsp; &nbsp; Blasphemous Black metal from Brazil. &nbsp; Black Metal blasfemo desde Brasil.\u00a0 1. Aos \u00cdmpios 2. Muralha do Mundo 3. \u00c9rebo 4. C\u00e3es de Guerra 5. Negrume que Toma a Terra 6. Incr\u00e9dulus 7. Ovelha Bo\u00e7al 8. \u00d3dio Apocal\u00edptico 9. For\u00e7a Oculta que Nos Guia 10.Finado &nbsp; &nbsp;<\/p>\n","protected":false},"featured_media":13681,"template":"","meta":{"_acf_changed":false},"product_cat":[92,304,314,87],"product_tag":[],"acf":[],"yoast_head":"<!-- This site is optimized with the Yoast SEO plugin v22.9 - https:\/\/yoast.com\/wordpress\/plugins\/seo\/ -->\n<title>Incredulus - Australis Records - Music from the End of the World<\/title>\n<meta name=\"robots\" content=\"index, follow, max-snippet:-1, max-image-preview:large, max-video-preview:-1\" \/>\n<link rel=\"canonical\" href=\"https:\/\/australisrecords.com\/shop\/producto\/incredulus\/\" \/>\n<meta property=\"og:locale\" content=\"en_US\" \/>\n<meta property=\"og:type\" content=\"article\" \/>\n<meta property=\"og:title\" content=\"Incredulus - Australis Records - Music from the End of the World\" \/>\n<meta property=\"og:description\" content=\"&nbsp; &nbsp; Blasphemous Black metal from Brazil. &nbsp; Black Metal blasfemo desde Brasil.\u00a0 1. Aos \u00cdmpios 2. Muralha do Mundo 3. \u00c9rebo 4. C\u00e3es de Guerra 5. Negrume que Toma a Terra 6. Incr\u00e9dulus 7. Ovelha Bo\u00e7al 8. \u00d3dio Apocal\u00edptico 9. For\u00e7a Oculta que Nos Guia 10.Finado &nbsp; &nbsp;\" \/>\n<meta property=\"og:url\" content=\"https:\/\/australisrecords.com\/shop\/producto\/incredulus\/\" \/>\n<meta property=\"og:site_name\" content=\"Australis Records - Music from the End of the World\" \/>\n<meta property=\"article:modified_time\" content=\"2020-06-30T06:40:10+00:00\" \/>\n<meta property=\"og:image\" content=\"https:\/\/australisrecords.com\/shop\/wp-content\/uploads\/2020\/06\/274070.jpg\" \/>\n\t<meta property=\"og:image:width\" content=\"340\" \/>\n\t<meta property=\"og:image:height\" content=\"340\" \/>\n\t<meta property=\"og:image:type\" content=\"image\/jpeg\" \/>\n<meta name=\"twitter:card\" content=\"summary_large_image\" \/>\n<script type=\"application\/ld+json\" class=\"yoast-schema-graph\">{\"@context\":\"https:\/\/schema.org\",\"@graph\":[{\"@type\":\"WebPage\",\"@id\":\"https:\/\/australisrecords.com\/shop\/producto\/incredulus\/\",\"url\":\"https:\/\/australisrecords.com\/shop\/producto\/incredulus\/\",\"name\":\"Incredulus - Australis Records - Music from the End of the World\",\"isPartOf\":{\"@id\":\"https:\/\/australisrecords.com\/shop\/#website\"},\"primaryImageOfPage\":{\"@id\":\"https:\/\/australisrecords.com\/shop\/producto\/incredulus\/#primaryimage\"},\"image\":{\"@id\":\"https:\/\/australisrecords.com\/shop\/producto\/incredulus\/#primaryimage\"},\"thumbnailUrl\":\"https:\/\/australisrecords.com\/shop\/wp-content\/uploads\/2020\/06\/274070.jpg\",\"datePublished\":\"2020-06-04T23:12:44+00:00\",\"dateModified\":\"2020-06-30T06:40:10+00:00\",\"breadcrumb\":{\"@id\":\"https:\/\/australisrecords.com\/shop\/producto\/incredulus\/#breadcrumb\"},\"inLanguage\":\"en-US\",\"potentialAction\":[{\"@type\":\"ReadAction\",\"target\":[\"https:\/\/australisrecords.com\/shop\/producto\/incredulus\/\"]}]},{\"@type\":\"ImageObject\",\"inLanguage\":\"en-US\",\"@id\":\"https:\/\/australisrecords.com\/shop\/producto\/incredulus\/#primaryimage\",\"url\":\"https:\/\/australisrecords.com\/shop\/wp-content\/uploads\/2020\/06\/274070.jpg\",\"contentUrl\":\"https:\/\/australisrecords.com\/shop\/wp-content\/uploads\/2020\/06\/274070.jpg\",\"width\":340,\"height\":340},{\"@type\":\"BreadcrumbList\",\"@id\":\"https:\/\/australisrecords.com\/shop\/producto\/incredulus\/#breadcrumb\",\"itemListElement\":[{\"@type\":\"ListItem\",\"position\":1,\"name\":\"Home\",\"item\":\"https:\/\/australisrecords.com\/shop\/\"},{\"@type\":\"ListItem\",\"position\":2,\"name\":\"Shop\",\"item\":\"https:\/\/australisrecords.com\/shop\/shop-2\/\"},{\"@type\":\"ListItem\",\"position\":3,\"name\":\"Incredulus\"}]},{\"@type\":\"WebSite\",\"@id\":\"https:\/\/australisrecords.com\/shop\/#website\",\"url\":\"https:\/\/australisrecords.com\/shop\/\",\"name\":\"Australis Records - Music from the End of the World\",\"description\":\"\",\"potentialAction\":[{\"@type\":\"SearchAction\",\"target\":{\"@type\":\"EntryPoint\",\"urlTemplate\":\"https:\/\/australisrecords.com\/shop\/?s={search_term_string}\"},\"query-input\":\"required name=search_term_string\"}],\"inLanguage\":\"en-US\"}]}<\/script>\n<!-- \/ Yoast SEO plugin. -->","yoast_head_json":{"title":"Incredulus - Australis Records - Music from the End of the World","robots":{"index":"index","follow":"follow","max-snippet":"max-snippet:-1","max-image-preview":"max-image-preview:large","max-video-preview":"max-video-preview:-1"},"canonical":"https:\/\/australisrecords.com\/shop\/producto\/incredulus\/","og_locale":"en_US","og_type":"article","og_title":"Incredulus - Australis Records - Music from the End of the World","og_description":"&nbsp; &nbsp; Blasphemous Black metal from Brazil. &nbsp; Black Metal blasfemo desde Brasil.\u00a0 1. Aos \u00cdmpios 2. Muralha do Mundo 3. \u00c9rebo 4. C\u00e3es de Guerra 5. Negrume que Toma a Terra 6. Incr\u00e9dulus 7. Ovelha Bo\u00e7al 8. \u00d3dio Apocal\u00edptico 9. For\u00e7a Oculta que Nos Guia 10.Finado &nbsp; &nbsp;","og_url":"https:\/\/australisrecords.com\/shop\/producto\/incredulus\/","og_site_name":"Australis Records - Music from the End of the World","article_modified_time":"2020-06-30T06:40:10+00:00","og_image":[{"width":340,"height":340,"url":"https:\/\/australisrecords.com\/shop\/wp-content\/uploads\/2020\/06\/274070.jpg","type":"image\/jpeg"}],"twitter_card":"summary_large_image","schema":{"@context":"https:\/\/schema.org","@graph":[{"@type":"WebPage","@id":"https:\/\/australisrecords.com\/shop\/producto\/incredulus\/","url":"https:\/\/australisrecords.com\/shop\/producto\/incredulus\/","name":"Incredulus - Australis Records - Music from the End of the World","isPartOf":{"@id":"https:\/\/australisrecords.com\/shop\/#website"},"primaryImageOfPage":{"@id":"https:\/\/australisrecords.com\/shop\/producto\/incredulus\/#primaryimage"},"image":{"@id":"https:\/\/australisrecords.com\/shop\/producto\/incredulus\/#primaryimage"},"thumbnailUrl":"https:\/\/australisrecords.com\/shop\/wp-content\/uploads\/2020\/06\/274070.jpg","datePublished":"2020-06-04T23:12:44+00:00","dateModified":"2020-06-30T06:40:10+00:00","breadcrumb":{"@id":"https:\/\/australisrecords.com\/shop\/producto\/incredulus\/#breadcrumb"},"inLanguage":"en-US","potentialAction":[{"@type":"ReadAction","target":["https:\/\/australisrecords.com\/shop\/producto\/incredulus\/"]}]},{"@type":"ImageObject","inLanguage":"en-US","@id":"https:\/\/australisrecords.com\/shop\/producto\/incredulus\/#primaryimage","url":"https:\/\/australisrecords.com\/shop\/wp-content\/uploads\/2020\/06\/274070.jpg","contentUrl":"https:\/\/australisrecords.com\/shop\/wp-content\/uploads\/2020\/06\/274070.jpg","width":340,"height":340},{"@type":"BreadcrumbList","@id":"https:\/\/australisrecords.com\/shop\/producto\/incredulus\/#breadcrumb","itemListElement":[{"@type":"ListItem","position":1,"name":"Home","item":"https:\/\/australisrecords.com\/shop\/"},{"@type":"ListItem","position":2,"name":"Shop","item":"https:\/\/australisrecords.com\/shop\/shop-2\/"},{"@type":"ListItem","position":3,"name":"Incredulus"}]},{"@type":"WebSite","@id":"https:\/\/australisrecords.com\/shop\/#website","url":"https:\/\/australisrecords.com\/shop\/","name":"Australis Records - Music from the End of the World","description":"","potentialAction":[{"@type":"SearchAction","target":{"@type":"EntryPoint","urlTemplate":"https:\/\/australisrecords.com\/shop\/?s={search_term_string}"},"query-input":"required name=search_term_string"}],"inLanguage":"en-US"}]}},"_links":{"self":[{"href":"https:\/\/australisrecords.com\/shop\/wp-json\/wp\/v2\/product\/13680"}],"collection":[{"href":"https:\/\/australisrecords.com\/shop\/wp-json\/wp\/v2\/product"}],"about":[{"href":"https:\/\/australisrecords.com\/shop\/wp-json\/wp\/v2\/types\/product"}],"version-history":[{"count":3,"href":"https:\/\/australisrecords.com\/shop\/wp-json\/wp\/v2\/product\/13680\/revisions"}],"predecessor-version":[{"id":18017,"href":"https:\/\/australisrecords.com\/shop\/wp-json\/wp\/v2\/product\/13680\/revisions\/18017"}],"wp:featuredmedia":[{"embeddable":true,"href":"https:\/\/australisrecords.com\/shop\/wp-json\/wp\/v2\/media\/13681"}],"wp:attachment":[{"href":"https:\/\/australisrecords.com\/shop\/wp-json\/wp\/v2\/media?parent=13680"}],"wp:term":[{"taxonomy":"product_cat","embeddable":true,"href":"https:\/\/australisrecords.com\/shop\/wp-json\/wp\/v2\/product_cat?post=13680"},{"taxonomy":"product_tag","embeddable":true,"href":"https:\/\/australisrecords.com\/shop\/wp-json\/wp\/v2\/product_tag?post=13680"}],"curies":[{"name":"wp","href":"https:\/\/api.w.org\/{rel}","templated":true}]}}