{"id":13560,"date":"2020-06-03T21:15:41","date_gmt":"2020-06-03T21:15:41","guid":{"rendered":"http:\/\/australisrecords.com\/shop\/?post_type=product&#038;p=13560"},"modified":"2020-06-29T05:25:45","modified_gmt":"2020-06-29T05:25:45","slug":"horror-paradise","status":"publish","type":"product","link":"https:\/\/australisrecords.com\/shop\/producto\/horror-paradise\/","title":{"rendered":"Horror Paradise"},"content":{"rendered":"<div id=\"dslc-theme-content\"><div id=\"dslc-theme-content-inner\"><\/div><\/div>","protected":false},"excerpt":{"rendered":"<p>&nbsp; &nbsp; Brutal death metal debut coming from Mexico for fans of technical brutality such as GORGASM, LIVIDITY, SARCOLYTIC.. &nbsp; El debut brutal del death metal viene de M\u00e9xico para los fan\u00e1ticos de la brutalidad t\u00e9cnica como GORGASM, LIVIDITY, SARCOLYTIC..\u00a0 1. Fall of Humanity 2. Architecture of Flesh and Blood 3. Purified by Fire 4. [&hellip;]<\/p>\n","protected":false},"featured_media":13561,"template":"","meta":{"_acf_changed":false},"product_cat":[92,314,303,87],"product_tag":[],"acf":[],"yoast_head":"<!-- This site is optimized with the Yoast SEO plugin v22.9 - https:\/\/yoast.com\/wordpress\/plugins\/seo\/ -->\n<title>Horror Paradise - Australis Records - Music from the End of the World<\/title>\n<meta name=\"robots\" content=\"index, follow, max-snippet:-1, max-image-preview:large, max-video-preview:-1\" \/>\n<link rel=\"canonical\" href=\"https:\/\/australisrecords.com\/shop\/producto\/horror-paradise\/\" \/>\n<meta property=\"og:locale\" content=\"en_US\" \/>\n<meta property=\"og:type\" content=\"article\" \/>\n<meta property=\"og:title\" content=\"Horror Paradise - Australis Records - Music from the End of the World\" \/>\n<meta property=\"og:description\" content=\"&nbsp; &nbsp; Brutal death metal debut coming from Mexico for fans of technical brutality such as GORGASM, LIVIDITY, SARCOLYTIC.. &nbsp; El debut brutal del death metal viene de M\u00e9xico para los fan\u00e1ticos de la brutalidad t\u00e9cnica como GORGASM, LIVIDITY, SARCOLYTIC..\u00a0 1. Fall of Humanity 2. Architecture of Flesh and Blood 3. Purified by Fire 4. [&hellip;]\" \/>\n<meta property=\"og:url\" content=\"https:\/\/australisrecords.com\/shop\/producto\/horror-paradise\/\" \/>\n<meta property=\"og:site_name\" content=\"Australis Records - Music from the End of the World\" \/>\n<meta property=\"article:modified_time\" content=\"2020-06-29T05:25:45+00:00\" \/>\n<meta property=\"og:image\" content=\"https:\/\/australisrecords.com\/shop\/wp-content\/uploads\/2020\/06\/625383.jpg\" \/>\n\t<meta property=\"og:image:width\" content=\"277\" \/>\n\t<meta property=\"og:image:height\" content=\"277\" \/>\n\t<meta property=\"og:image:type\" content=\"image\/jpeg\" \/>\n<meta name=\"twitter:card\" content=\"summary_large_image\" \/>\n<script type=\"application\/ld+json\" class=\"yoast-schema-graph\">{\"@context\":\"https:\/\/schema.org\",\"@graph\":[{\"@type\":\"WebPage\",\"@id\":\"https:\/\/australisrecords.com\/shop\/producto\/horror-paradise\/\",\"url\":\"https:\/\/australisrecords.com\/shop\/producto\/horror-paradise\/\",\"name\":\"Horror Paradise - Australis Records - Music from the End of the World\",\"isPartOf\":{\"@id\":\"https:\/\/australisrecords.com\/shop\/#website\"},\"primaryImageOfPage\":{\"@id\":\"https:\/\/australisrecords.com\/shop\/producto\/horror-paradise\/#primaryimage\"},\"image\":{\"@id\":\"https:\/\/australisrecords.com\/shop\/producto\/horror-paradise\/#primaryimage\"},\"thumbnailUrl\":\"https:\/\/australisrecords.com\/shop\/wp-content\/uploads\/2020\/06\/625383.jpg\",\"datePublished\":\"2020-06-03T21:15:41+00:00\",\"dateModified\":\"2020-06-29T05:25:45+00:00\",\"breadcrumb\":{\"@id\":\"https:\/\/australisrecords.com\/shop\/producto\/horror-paradise\/#breadcrumb\"},\"inLanguage\":\"en-US\",\"potentialAction\":[{\"@type\":\"ReadAction\",\"target\":[\"https:\/\/australisrecords.com\/shop\/producto\/horror-paradise\/\"]}]},{\"@type\":\"ImageObject\",\"inLanguage\":\"en-US\",\"@id\":\"https:\/\/australisrecords.com\/shop\/producto\/horror-paradise\/#primaryimage\",\"url\":\"https:\/\/australisrecords.com\/shop\/wp-content\/uploads\/2020\/06\/625383.jpg\",\"contentUrl\":\"https:\/\/australisrecords.com\/shop\/wp-content\/uploads\/2020\/06\/625383.jpg\",\"width\":277,\"height\":277},{\"@type\":\"BreadcrumbList\",\"@id\":\"https:\/\/australisrecords.com\/shop\/producto\/horror-paradise\/#breadcrumb\",\"itemListElement\":[{\"@type\":\"ListItem\",\"position\":1,\"name\":\"Home\",\"item\":\"https:\/\/australisrecords.com\/shop\/\"},{\"@type\":\"ListItem\",\"position\":2,\"name\":\"Shop\",\"item\":\"https:\/\/australisrecords.com\/shop\/shop-2\/\"},{\"@type\":\"ListItem\",\"position\":3,\"name\":\"Horror Paradise\"}]},{\"@type\":\"WebSite\",\"@id\":\"https:\/\/australisrecords.com\/shop\/#website\",\"url\":\"https:\/\/australisrecords.com\/shop\/\",\"name\":\"Australis Records - Music from the End of the World\",\"description\":\"\",\"potentialAction\":[{\"@type\":\"SearchAction\",\"target\":{\"@type\":\"EntryPoint\",\"urlTemplate\":\"https:\/\/australisrecords.com\/shop\/?s={search_term_string}\"},\"query-input\":\"required name=search_term_string\"}],\"inLanguage\":\"en-US\"}]}<\/script>\n<!-- \/ Yoast SEO plugin. -->","yoast_head_json":{"title":"Horror Paradise - Australis Records - Music from the End of the World","robots":{"index":"index","follow":"follow","max-snippet":"max-snippet:-1","max-image-preview":"max-image-preview:large","max-video-preview":"max-video-preview:-1"},"canonical":"https:\/\/australisrecords.com\/shop\/producto\/horror-paradise\/","og_locale":"en_US","og_type":"article","og_title":"Horror Paradise - Australis Records - Music from the End of the World","og_description":"&nbsp; &nbsp; Brutal death metal debut coming from Mexico for fans of technical brutality such as GORGASM, LIVIDITY, SARCOLYTIC.. &nbsp; El debut brutal del death metal viene de M\u00e9xico para los fan\u00e1ticos de la brutalidad t\u00e9cnica como GORGASM, LIVIDITY, SARCOLYTIC..\u00a0 1. Fall of Humanity 2. Architecture of Flesh and Blood 3. Purified by Fire 4. [&hellip;]","og_url":"https:\/\/australisrecords.com\/shop\/producto\/horror-paradise\/","og_site_name":"Australis Records - Music from the End of the World","article_modified_time":"2020-06-29T05:25:45+00:00","og_image":[{"width":277,"height":277,"url":"https:\/\/australisrecords.com\/shop\/wp-content\/uploads\/2020\/06\/625383.jpg","type":"image\/jpeg"}],"twitter_card":"summary_large_image","schema":{"@context":"https:\/\/schema.org","@graph":[{"@type":"WebPage","@id":"https:\/\/australisrecords.com\/shop\/producto\/horror-paradise\/","url":"https:\/\/australisrecords.com\/shop\/producto\/horror-paradise\/","name":"Horror Paradise - Australis Records - Music from the End of the World","isPartOf":{"@id":"https:\/\/australisrecords.com\/shop\/#website"},"primaryImageOfPage":{"@id":"https:\/\/australisrecords.com\/shop\/producto\/horror-paradise\/#primaryimage"},"image":{"@id":"https:\/\/australisrecords.com\/shop\/producto\/horror-paradise\/#primaryimage"},"thumbnailUrl":"https:\/\/australisrecords.com\/shop\/wp-content\/uploads\/2020\/06\/625383.jpg","datePublished":"2020-06-03T21:15:41+00:00","dateModified":"2020-06-29T05:25:45+00:00","breadcrumb":{"@id":"https:\/\/australisrecords.com\/shop\/producto\/horror-paradise\/#breadcrumb"},"inLanguage":"en-US","potentialAction":[{"@type":"ReadAction","target":["https:\/\/australisrecords.com\/shop\/producto\/horror-paradise\/"]}]},{"@type":"ImageObject","inLanguage":"en-US","@id":"https:\/\/australisrecords.com\/shop\/producto\/horror-paradise\/#primaryimage","url":"https:\/\/australisrecords.com\/shop\/wp-content\/uploads\/2020\/06\/625383.jpg","contentUrl":"https:\/\/australisrecords.com\/shop\/wp-content\/uploads\/2020\/06\/625383.jpg","width":277,"height":277},{"@type":"BreadcrumbList","@id":"https:\/\/australisrecords.com\/shop\/producto\/horror-paradise\/#breadcrumb","itemListElement":[{"@type":"ListItem","position":1,"name":"Home","item":"https:\/\/australisrecords.com\/shop\/"},{"@type":"ListItem","position":2,"name":"Shop","item":"https:\/\/australisrecords.com\/shop\/shop-2\/"},{"@type":"ListItem","position":3,"name":"Horror Paradise"}]},{"@type":"WebSite","@id":"https:\/\/australisrecords.com\/shop\/#website","url":"https:\/\/australisrecords.com\/shop\/","name":"Australis Records - Music from the End of the World","description":"","potentialAction":[{"@type":"SearchAction","target":{"@type":"EntryPoint","urlTemplate":"https:\/\/australisrecords.com\/shop\/?s={search_term_string}"},"query-input":"required name=search_term_string"}],"inLanguage":"en-US"}]}},"_links":{"self":[{"href":"https:\/\/australisrecords.com\/shop\/wp-json\/wp\/v2\/product\/13560"}],"collection":[{"href":"https:\/\/australisrecords.com\/shop\/wp-json\/wp\/v2\/product"}],"about":[{"href":"https:\/\/australisrecords.com\/shop\/wp-json\/wp\/v2\/types\/product"}],"version-history":[{"count":3,"href":"https:\/\/australisrecords.com\/shop\/wp-json\/wp\/v2\/product\/13560\/revisions"}],"predecessor-version":[{"id":17753,"href":"https:\/\/australisrecords.com\/shop\/wp-json\/wp\/v2\/product\/13560\/revisions\/17753"}],"wp:featuredmedia":[{"embeddable":true,"href":"https:\/\/australisrecords.com\/shop\/wp-json\/wp\/v2\/media\/13561"}],"wp:attachment":[{"href":"https:\/\/australisrecords.com\/shop\/wp-json\/wp\/v2\/media?parent=13560"}],"wp:term":[{"taxonomy":"product_cat","embeddable":true,"href":"https:\/\/australisrecords.com\/shop\/wp-json\/wp\/v2\/product_cat?post=13560"},{"taxonomy":"product_tag","embeddable":true,"href":"https:\/\/australisrecords.com\/shop\/wp-json\/wp\/v2\/product_tag?post=13560"}],"curies":[{"name":"wp","href":"https:\/\/api.w.org\/{rel}","templated":true}]}}