{"id":13330,"date":"2020-06-03T06:02:07","date_gmt":"2020-06-03T06:02:07","guid":{"rendered":"http:\/\/australisrecords.com\/shop\/?post_type=product&#038;p=13330"},"modified":"2023-07-11T18:03:05","modified_gmt":"2023-07-11T18:03:05","slug":"dissident","status":"publish","type":"product","link":"https:\/\/australisrecords.com\/shop\/producto\/dissident\/","title":{"rendered":"Dissident"},"content":{"rendered":"<div id=\"dslc-theme-content\"><div id=\"dslc-theme-content-inner\"><p>&nbsp;<\/p>\n<p>&nbsp;<\/p>\n<\/div><\/div>","protected":false},"excerpt":{"rendered":"<p>&nbsp; Old School Thrash into the bay \u00e1rea sound think in Exodus memorable days. &nbsp; Old School Thrash en el \u00e1rea de la bah\u00eda suena pensar en d\u00edas memorables de Exodus\u00a0. 1. Prelude to Dissent 2. Mosh Against Reasons 3. Too Inert for Responding Attack 4. Binarial Being 5. Babel Rise 6. Idiosyncrasy of Sub [&hellip;]<\/p>\n","protected":false},"featured_media":13344,"template":"","meta":{"_acf_changed":false},"product_cat":[92,314,87,308],"product_tag":[],"acf":[],"yoast_head":"<!-- This site is optimized with the Yoast SEO plugin v22.9 - https:\/\/yoast.com\/wordpress\/plugins\/seo\/ -->\n<title>Dissident - Australis Records - Music from the End of the World<\/title>\n<meta name=\"robots\" content=\"index, follow, max-snippet:-1, max-image-preview:large, max-video-preview:-1\" \/>\n<link rel=\"canonical\" href=\"https:\/\/australisrecords.com\/shop\/producto\/dissident\/\" \/>\n<meta property=\"og:locale\" content=\"en_US\" \/>\n<meta property=\"og:type\" content=\"article\" \/>\n<meta property=\"og:title\" content=\"Dissident - Australis Records - Music from the End of the World\" \/>\n<meta property=\"og:description\" content=\"&nbsp; Old School Thrash into the bay \u00e1rea sound think in Exodus memorable days. &nbsp; Old School Thrash en el \u00e1rea de la bah\u00eda suena pensar en d\u00edas memorables de Exodus\u00a0. 1. Prelude to Dissent 2. Mosh Against Reasons 3. Too Inert for Responding Attack 4. Binarial Being 5. Babel Rise 6. Idiosyncrasy of Sub [&hellip;]\" \/>\n<meta property=\"og:url\" content=\"https:\/\/australisrecords.com\/shop\/producto\/dissident\/\" \/>\n<meta property=\"og:site_name\" content=\"Australis Records - Music from the End of the World\" \/>\n<meta property=\"article:modified_time\" content=\"2023-07-11T18:03:05+00:00\" \/>\n<meta property=\"og:image\" content=\"https:\/\/australisrecords.com\/shop\/wp-content\/uploads\/2020\/06\/a2375182701_10.jpg\" \/>\n\t<meta property=\"og:image:width\" content=\"1200\" \/>\n\t<meta property=\"og:image:height\" content=\"1197\" \/>\n\t<meta property=\"og:image:type\" content=\"image\/jpeg\" \/>\n<meta name=\"twitter:card\" content=\"summary_large_image\" \/>\n<script type=\"application\/ld+json\" class=\"yoast-schema-graph\">{\"@context\":\"https:\/\/schema.org\",\"@graph\":[{\"@type\":\"WebPage\",\"@id\":\"https:\/\/australisrecords.com\/shop\/producto\/dissident\/\",\"url\":\"https:\/\/australisrecords.com\/shop\/producto\/dissident\/\",\"name\":\"Dissident - Australis Records - Music from the End of the World\",\"isPartOf\":{\"@id\":\"https:\/\/australisrecords.com\/shop\/#website\"},\"primaryImageOfPage\":{\"@id\":\"https:\/\/australisrecords.com\/shop\/producto\/dissident\/#primaryimage\"},\"image\":{\"@id\":\"https:\/\/australisrecords.com\/shop\/producto\/dissident\/#primaryimage\"},\"thumbnailUrl\":\"https:\/\/australisrecords.com\/shop\/wp-content\/uploads\/2020\/06\/a2375182701_10.jpg\",\"datePublished\":\"2020-06-03T06:02:07+00:00\",\"dateModified\":\"2023-07-11T18:03:05+00:00\",\"breadcrumb\":{\"@id\":\"https:\/\/australisrecords.com\/shop\/producto\/dissident\/#breadcrumb\"},\"inLanguage\":\"en-US\",\"potentialAction\":[{\"@type\":\"ReadAction\",\"target\":[\"https:\/\/australisrecords.com\/shop\/producto\/dissident\/\"]}]},{\"@type\":\"ImageObject\",\"inLanguage\":\"en-US\",\"@id\":\"https:\/\/australisrecords.com\/shop\/producto\/dissident\/#primaryimage\",\"url\":\"https:\/\/australisrecords.com\/shop\/wp-content\/uploads\/2020\/06\/a2375182701_10.jpg\",\"contentUrl\":\"https:\/\/australisrecords.com\/shop\/wp-content\/uploads\/2020\/06\/a2375182701_10.jpg\",\"width\":1200,\"height\":1197},{\"@type\":\"BreadcrumbList\",\"@id\":\"https:\/\/australisrecords.com\/shop\/producto\/dissident\/#breadcrumb\",\"itemListElement\":[{\"@type\":\"ListItem\",\"position\":1,\"name\":\"Home\",\"item\":\"https:\/\/australisrecords.com\/shop\/\"},{\"@type\":\"ListItem\",\"position\":2,\"name\":\"Shop\",\"item\":\"https:\/\/australisrecords.com\/shop\/shop-2\/\"},{\"@type\":\"ListItem\",\"position\":3,\"name\":\"Dissident\"}]},{\"@type\":\"WebSite\",\"@id\":\"https:\/\/australisrecords.com\/shop\/#website\",\"url\":\"https:\/\/australisrecords.com\/shop\/\",\"name\":\"Australis Records - Music from the End of the World\",\"description\":\"\",\"potentialAction\":[{\"@type\":\"SearchAction\",\"target\":{\"@type\":\"EntryPoint\",\"urlTemplate\":\"https:\/\/australisrecords.com\/shop\/?s={search_term_string}\"},\"query-input\":\"required name=search_term_string\"}],\"inLanguage\":\"en-US\"}]}<\/script>\n<!-- \/ Yoast SEO plugin. -->","yoast_head_json":{"title":"Dissident - Australis Records - Music from the End of the World","robots":{"index":"index","follow":"follow","max-snippet":"max-snippet:-1","max-image-preview":"max-image-preview:large","max-video-preview":"max-video-preview:-1"},"canonical":"https:\/\/australisrecords.com\/shop\/producto\/dissident\/","og_locale":"en_US","og_type":"article","og_title":"Dissident - Australis Records - Music from the End of the World","og_description":"&nbsp; Old School Thrash into the bay \u00e1rea sound think in Exodus memorable days. &nbsp; Old School Thrash en el \u00e1rea de la bah\u00eda suena pensar en d\u00edas memorables de Exodus\u00a0. 1. Prelude to Dissent 2. Mosh Against Reasons 3. Too Inert for Responding Attack 4. Binarial Being 5. Babel Rise 6. Idiosyncrasy of Sub [&hellip;]","og_url":"https:\/\/australisrecords.com\/shop\/producto\/dissident\/","og_site_name":"Australis Records - Music from the End of the World","article_modified_time":"2023-07-11T18:03:05+00:00","og_image":[{"width":1200,"height":1197,"url":"https:\/\/australisrecords.com\/shop\/wp-content\/uploads\/2020\/06\/a2375182701_10.jpg","type":"image\/jpeg"}],"twitter_card":"summary_large_image","schema":{"@context":"https:\/\/schema.org","@graph":[{"@type":"WebPage","@id":"https:\/\/australisrecords.com\/shop\/producto\/dissident\/","url":"https:\/\/australisrecords.com\/shop\/producto\/dissident\/","name":"Dissident - Australis Records - Music from the End of the World","isPartOf":{"@id":"https:\/\/australisrecords.com\/shop\/#website"},"primaryImageOfPage":{"@id":"https:\/\/australisrecords.com\/shop\/producto\/dissident\/#primaryimage"},"image":{"@id":"https:\/\/australisrecords.com\/shop\/producto\/dissident\/#primaryimage"},"thumbnailUrl":"https:\/\/australisrecords.com\/shop\/wp-content\/uploads\/2020\/06\/a2375182701_10.jpg","datePublished":"2020-06-03T06:02:07+00:00","dateModified":"2023-07-11T18:03:05+00:00","breadcrumb":{"@id":"https:\/\/australisrecords.com\/shop\/producto\/dissident\/#breadcrumb"},"inLanguage":"en-US","potentialAction":[{"@type":"ReadAction","target":["https:\/\/australisrecords.com\/shop\/producto\/dissident\/"]}]},{"@type":"ImageObject","inLanguage":"en-US","@id":"https:\/\/australisrecords.com\/shop\/producto\/dissident\/#primaryimage","url":"https:\/\/australisrecords.com\/shop\/wp-content\/uploads\/2020\/06\/a2375182701_10.jpg","contentUrl":"https:\/\/australisrecords.com\/shop\/wp-content\/uploads\/2020\/06\/a2375182701_10.jpg","width":1200,"height":1197},{"@type":"BreadcrumbList","@id":"https:\/\/australisrecords.com\/shop\/producto\/dissident\/#breadcrumb","itemListElement":[{"@type":"ListItem","position":1,"name":"Home","item":"https:\/\/australisrecords.com\/shop\/"},{"@type":"ListItem","position":2,"name":"Shop","item":"https:\/\/australisrecords.com\/shop\/shop-2\/"},{"@type":"ListItem","position":3,"name":"Dissident"}]},{"@type":"WebSite","@id":"https:\/\/australisrecords.com\/shop\/#website","url":"https:\/\/australisrecords.com\/shop\/","name":"Australis Records - Music from the End of the World","description":"","potentialAction":[{"@type":"SearchAction","target":{"@type":"EntryPoint","urlTemplate":"https:\/\/australisrecords.com\/shop\/?s={search_term_string}"},"query-input":"required name=search_term_string"}],"inLanguage":"en-US"}]}},"_links":{"self":[{"href":"https:\/\/australisrecords.com\/shop\/wp-json\/wp\/v2\/product\/13330"}],"collection":[{"href":"https:\/\/australisrecords.com\/shop\/wp-json\/wp\/v2\/product"}],"about":[{"href":"https:\/\/australisrecords.com\/shop\/wp-json\/wp\/v2\/types\/product"}],"version-history":[{"count":4,"href":"https:\/\/australisrecords.com\/shop\/wp-json\/wp\/v2\/product\/13330\/revisions"}],"predecessor-version":[{"id":24569,"href":"https:\/\/australisrecords.com\/shop\/wp-json\/wp\/v2\/product\/13330\/revisions\/24569"}],"wp:featuredmedia":[{"embeddable":true,"href":"https:\/\/australisrecords.com\/shop\/wp-json\/wp\/v2\/media\/13344"}],"wp:attachment":[{"href":"https:\/\/australisrecords.com\/shop\/wp-json\/wp\/v2\/media?parent=13330"}],"wp:term":[{"taxonomy":"product_cat","embeddable":true,"href":"https:\/\/australisrecords.com\/shop\/wp-json\/wp\/v2\/product_cat?post=13330"},{"taxonomy":"product_tag","embeddable":true,"href":"https:\/\/australisrecords.com\/shop\/wp-json\/wp\/v2\/product_tag?post=13330"}],"curies":[{"name":"wp","href":"https:\/\/api.w.org\/{rel}","templated":true}]}}