{"id":13038,"date":"2020-06-02T17:46:51","date_gmt":"2020-06-02T17:46:51","guid":{"rendered":"http:\/\/australisrecords.com\/shop\/?post_type=product&#038;p=13038"},"modified":"2020-06-22T05:30:39","modified_gmt":"2020-06-22T05:30:39","slug":"gothmog","status":"publish","type":"product","link":"https:\/\/australisrecords.com\/shop\/producto\/gothmog\/","title":{"rendered":"Gothmog"},"content":{"rendered":"<div id=\"dslc-theme-content\"><div id=\"dslc-theme-content-inner\"><\/div><\/div>","protected":false},"excerpt":{"rendered":"<p>&nbsp; &nbsp; The second and the final full-length album by Spanish Symphonic Black Metal band.. &nbsp; El segundo y \u00faltimo \u00e1lbum de larga duraci\u00f3n de la banda espa\u00f1ola de Black Metal Sinf\u00f3nico..\u00a0 1. Solve et Coagula 2. Escape to Nowhere 3. Beyond the Mist of Time 4. Deathbringer 5. Aeons of Deception 6. The Bargain [&hellip;]<\/p>\n","protected":false},"featured_media":13039,"template":"","meta":{"_acf_changed":false},"product_cat":[92,314,303,87],"product_tag":[],"acf":[],"yoast_head":"<!-- This site is optimized with the Yoast SEO plugin v22.9 - https:\/\/yoast.com\/wordpress\/plugins\/seo\/ -->\n<title>Gothmog - Australis Records - Music from the End of the World<\/title>\n<meta name=\"robots\" content=\"index, follow, max-snippet:-1, max-image-preview:large, max-video-preview:-1\" \/>\n<link rel=\"canonical\" href=\"https:\/\/australisrecords.com\/shop\/producto\/gothmog\/\" \/>\n<meta property=\"og:locale\" content=\"en_US\" \/>\n<meta property=\"og:type\" content=\"article\" \/>\n<meta property=\"og:title\" content=\"Gothmog - Australis Records - Music from the End of the World\" \/>\n<meta property=\"og:description\" content=\"&nbsp; &nbsp; The second and the final full-length album by Spanish Symphonic Black Metal band.. &nbsp; El segundo y \u00faltimo \u00e1lbum de larga duraci\u00f3n de la banda espa\u00f1ola de Black Metal Sinf\u00f3nico..\u00a0 1. Solve et Coagula 2. Escape to Nowhere 3. Beyond the Mist of Time 4. Deathbringer 5. Aeons of Deception 6. The Bargain [&hellip;]\" \/>\n<meta property=\"og:url\" content=\"https:\/\/australisrecords.com\/shop\/producto\/gothmog\/\" \/>\n<meta property=\"og:site_name\" content=\"Australis Records - Music from the End of the World\" \/>\n<meta property=\"article:modified_time\" content=\"2020-06-22T05:30:39+00:00\" \/>\n<meta property=\"og:image\" content=\"https:\/\/australisrecords.com\/shop\/wp-content\/uploads\/2020\/06\/333301.jpg\" \/>\n\t<meta property=\"og:image:width\" content=\"720\" \/>\n\t<meta property=\"og:image:height\" content=\"720\" \/>\n\t<meta property=\"og:image:type\" content=\"image\/jpeg\" \/>\n<meta name=\"twitter:card\" content=\"summary_large_image\" \/>\n<script type=\"application\/ld+json\" class=\"yoast-schema-graph\">{\"@context\":\"https:\/\/schema.org\",\"@graph\":[{\"@type\":\"WebPage\",\"@id\":\"https:\/\/australisrecords.com\/shop\/producto\/gothmog\/\",\"url\":\"https:\/\/australisrecords.com\/shop\/producto\/gothmog\/\",\"name\":\"Gothmog - Australis Records - Music from the End of the World\",\"isPartOf\":{\"@id\":\"https:\/\/australisrecords.com\/shop\/#website\"},\"primaryImageOfPage\":{\"@id\":\"https:\/\/australisrecords.com\/shop\/producto\/gothmog\/#primaryimage\"},\"image\":{\"@id\":\"https:\/\/australisrecords.com\/shop\/producto\/gothmog\/#primaryimage\"},\"thumbnailUrl\":\"https:\/\/australisrecords.com\/shop\/wp-content\/uploads\/2020\/06\/333301.jpg\",\"datePublished\":\"2020-06-02T17:46:51+00:00\",\"dateModified\":\"2020-06-22T05:30:39+00:00\",\"breadcrumb\":{\"@id\":\"https:\/\/australisrecords.com\/shop\/producto\/gothmog\/#breadcrumb\"},\"inLanguage\":\"en-US\",\"potentialAction\":[{\"@type\":\"ReadAction\",\"target\":[\"https:\/\/australisrecords.com\/shop\/producto\/gothmog\/\"]}]},{\"@type\":\"ImageObject\",\"inLanguage\":\"en-US\",\"@id\":\"https:\/\/australisrecords.com\/shop\/producto\/gothmog\/#primaryimage\",\"url\":\"https:\/\/australisrecords.com\/shop\/wp-content\/uploads\/2020\/06\/333301.jpg\",\"contentUrl\":\"https:\/\/australisrecords.com\/shop\/wp-content\/uploads\/2020\/06\/333301.jpg\",\"width\":720,\"height\":720},{\"@type\":\"BreadcrumbList\",\"@id\":\"https:\/\/australisrecords.com\/shop\/producto\/gothmog\/#breadcrumb\",\"itemListElement\":[{\"@type\":\"ListItem\",\"position\":1,\"name\":\"Home\",\"item\":\"https:\/\/australisrecords.com\/shop\/\"},{\"@type\":\"ListItem\",\"position\":2,\"name\":\"Shop\",\"item\":\"https:\/\/australisrecords.com\/shop\/shop-2\/\"},{\"@type\":\"ListItem\",\"position\":3,\"name\":\"Gothmog\"}]},{\"@type\":\"WebSite\",\"@id\":\"https:\/\/australisrecords.com\/shop\/#website\",\"url\":\"https:\/\/australisrecords.com\/shop\/\",\"name\":\"Australis Records - Music from the End of the World\",\"description\":\"\",\"potentialAction\":[{\"@type\":\"SearchAction\",\"target\":{\"@type\":\"EntryPoint\",\"urlTemplate\":\"https:\/\/australisrecords.com\/shop\/?s={search_term_string}\"},\"query-input\":\"required name=search_term_string\"}],\"inLanguage\":\"en-US\"}]}<\/script>\n<!-- \/ Yoast SEO plugin. -->","yoast_head_json":{"title":"Gothmog - Australis Records - Music from the End of the World","robots":{"index":"index","follow":"follow","max-snippet":"max-snippet:-1","max-image-preview":"max-image-preview:large","max-video-preview":"max-video-preview:-1"},"canonical":"https:\/\/australisrecords.com\/shop\/producto\/gothmog\/","og_locale":"en_US","og_type":"article","og_title":"Gothmog - Australis Records - Music from the End of the World","og_description":"&nbsp; &nbsp; The second and the final full-length album by Spanish Symphonic Black Metal band.. &nbsp; El segundo y \u00faltimo \u00e1lbum de larga duraci\u00f3n de la banda espa\u00f1ola de Black Metal Sinf\u00f3nico..\u00a0 1. Solve et Coagula 2. Escape to Nowhere 3. Beyond the Mist of Time 4. Deathbringer 5. Aeons of Deception 6. The Bargain [&hellip;]","og_url":"https:\/\/australisrecords.com\/shop\/producto\/gothmog\/","og_site_name":"Australis Records - Music from the End of the World","article_modified_time":"2020-06-22T05:30:39+00:00","og_image":[{"width":720,"height":720,"url":"https:\/\/australisrecords.com\/shop\/wp-content\/uploads\/2020\/06\/333301.jpg","type":"image\/jpeg"}],"twitter_card":"summary_large_image","schema":{"@context":"https:\/\/schema.org","@graph":[{"@type":"WebPage","@id":"https:\/\/australisrecords.com\/shop\/producto\/gothmog\/","url":"https:\/\/australisrecords.com\/shop\/producto\/gothmog\/","name":"Gothmog - Australis Records - Music from the End of the World","isPartOf":{"@id":"https:\/\/australisrecords.com\/shop\/#website"},"primaryImageOfPage":{"@id":"https:\/\/australisrecords.com\/shop\/producto\/gothmog\/#primaryimage"},"image":{"@id":"https:\/\/australisrecords.com\/shop\/producto\/gothmog\/#primaryimage"},"thumbnailUrl":"https:\/\/australisrecords.com\/shop\/wp-content\/uploads\/2020\/06\/333301.jpg","datePublished":"2020-06-02T17:46:51+00:00","dateModified":"2020-06-22T05:30:39+00:00","breadcrumb":{"@id":"https:\/\/australisrecords.com\/shop\/producto\/gothmog\/#breadcrumb"},"inLanguage":"en-US","potentialAction":[{"@type":"ReadAction","target":["https:\/\/australisrecords.com\/shop\/producto\/gothmog\/"]}]},{"@type":"ImageObject","inLanguage":"en-US","@id":"https:\/\/australisrecords.com\/shop\/producto\/gothmog\/#primaryimage","url":"https:\/\/australisrecords.com\/shop\/wp-content\/uploads\/2020\/06\/333301.jpg","contentUrl":"https:\/\/australisrecords.com\/shop\/wp-content\/uploads\/2020\/06\/333301.jpg","width":720,"height":720},{"@type":"BreadcrumbList","@id":"https:\/\/australisrecords.com\/shop\/producto\/gothmog\/#breadcrumb","itemListElement":[{"@type":"ListItem","position":1,"name":"Home","item":"https:\/\/australisrecords.com\/shop\/"},{"@type":"ListItem","position":2,"name":"Shop","item":"https:\/\/australisrecords.com\/shop\/shop-2\/"},{"@type":"ListItem","position":3,"name":"Gothmog"}]},{"@type":"WebSite","@id":"https:\/\/australisrecords.com\/shop\/#website","url":"https:\/\/australisrecords.com\/shop\/","name":"Australis Records - Music from the End of the World","description":"","potentialAction":[{"@type":"SearchAction","target":{"@type":"EntryPoint","urlTemplate":"https:\/\/australisrecords.com\/shop\/?s={search_term_string}"},"query-input":"required name=search_term_string"}],"inLanguage":"en-US"}]}},"_links":{"self":[{"href":"https:\/\/australisrecords.com\/shop\/wp-json\/wp\/v2\/product\/13038"}],"collection":[{"href":"https:\/\/australisrecords.com\/shop\/wp-json\/wp\/v2\/product"}],"about":[{"href":"https:\/\/australisrecords.com\/shop\/wp-json\/wp\/v2\/types\/product"}],"version-history":[{"count":3,"href":"https:\/\/australisrecords.com\/shop\/wp-json\/wp\/v2\/product\/13038\/revisions"}],"predecessor-version":[{"id":17130,"href":"https:\/\/australisrecords.com\/shop\/wp-json\/wp\/v2\/product\/13038\/revisions\/17130"}],"wp:featuredmedia":[{"embeddable":true,"href":"https:\/\/australisrecords.com\/shop\/wp-json\/wp\/v2\/media\/13039"}],"wp:attachment":[{"href":"https:\/\/australisrecords.com\/shop\/wp-json\/wp\/v2\/media?parent=13038"}],"wp:term":[{"taxonomy":"product_cat","embeddable":true,"href":"https:\/\/australisrecords.com\/shop\/wp-json\/wp\/v2\/product_cat?post=13038"},{"taxonomy":"product_tag","embeddable":true,"href":"https:\/\/australisrecords.com\/shop\/wp-json\/wp\/v2\/product_tag?post=13038"}],"curies":[{"name":"wp","href":"https:\/\/api.w.org\/{rel}","templated":true}]}}