{"id":12859,"date":"2020-06-01T22:28:15","date_gmt":"2020-06-01T22:28:15","guid":{"rendered":"http:\/\/australisrecords.com\/shop\/?post_type=product&#038;p=12859"},"modified":"2020-06-22T03:09:17","modified_gmt":"2020-06-22T03:09:17","slug":"gangrenous","status":"publish","type":"product","link":"https:\/\/australisrecords.com\/shop\/producto\/gangrenous\/","title":{"rendered":"Gangrenous"},"content":{"rendered":"<div id=\"dslc-theme-content\"><div id=\"dslc-theme-content-inner\"><\/div><\/div>","protected":false},"excerpt":{"rendered":"<p>&nbsp; &nbsp; Brutal death metal coming from the innards of Vi\u00f1a del Mar, Chile, Intense deep and heavy brutal death metal debut album to be released this 2016. Art concept\u00a0by Rudi Gorging Suicide. &nbsp; Brutal death metal proveniente de las entra\u00f1as de Vi\u00f1a del Mar, Chile, \u00e1lbum debut intenso y pesado brutal de death metal [&hellip;]<\/p>\n","protected":false},"featured_media":17076,"template":"","meta":{"_acf_changed":false},"product_cat":[92,314,303,87],"product_tag":[],"acf":[],"yoast_head":"<!-- This site is optimized with the Yoast SEO plugin v22.9 - https:\/\/yoast.com\/wordpress\/plugins\/seo\/ -->\n<title>Gangrenous - Australis Records - Music from the End of the World<\/title>\n<meta name=\"robots\" content=\"index, follow, max-snippet:-1, max-image-preview:large, max-video-preview:-1\" \/>\n<link rel=\"canonical\" href=\"https:\/\/australisrecords.com\/shop\/producto\/gangrenous\/\" \/>\n<meta property=\"og:locale\" content=\"en_US\" \/>\n<meta property=\"og:type\" content=\"article\" \/>\n<meta property=\"og:title\" content=\"Gangrenous - Australis Records - Music from the End of the World\" \/>\n<meta property=\"og:description\" content=\"&nbsp; &nbsp; Brutal death metal coming from the innards of Vi\u00f1a del Mar, Chile, Intense deep and heavy brutal death metal debut album to be released this 2016. Art concept\u00a0by Rudi Gorging Suicide. &nbsp; Brutal death metal proveniente de las entra\u00f1as de Vi\u00f1a del Mar, Chile, \u00e1lbum debut intenso y pesado brutal de death metal [&hellip;]\" \/>\n<meta property=\"og:url\" content=\"https:\/\/australisrecords.com\/shop\/producto\/gangrenous\/\" \/>\n<meta property=\"og:site_name\" content=\"Australis Records - Music from the End of the World\" \/>\n<meta property=\"article:modified_time\" content=\"2020-06-22T03:09:17+00:00\" \/>\n<meta property=\"og:image\" content=\"https:\/\/australisrecords.com\/shop\/wp-content\/uploads\/2020\/06\/0008360813_10.jpg\" \/>\n\t<meta property=\"og:image:width\" content=\"1200\" \/>\n\t<meta property=\"og:image:height\" content=\"1200\" \/>\n\t<meta property=\"og:image:type\" content=\"image\/jpeg\" \/>\n<meta name=\"twitter:card\" content=\"summary_large_image\" \/>\n<script type=\"application\/ld+json\" class=\"yoast-schema-graph\">{\"@context\":\"https:\/\/schema.org\",\"@graph\":[{\"@type\":\"WebPage\",\"@id\":\"https:\/\/australisrecords.com\/shop\/producto\/gangrenous\/\",\"url\":\"https:\/\/australisrecords.com\/shop\/producto\/gangrenous\/\",\"name\":\"Gangrenous - Australis Records - Music from the End of the World\",\"isPartOf\":{\"@id\":\"https:\/\/australisrecords.com\/shop\/#website\"},\"primaryImageOfPage\":{\"@id\":\"https:\/\/australisrecords.com\/shop\/producto\/gangrenous\/#primaryimage\"},\"image\":{\"@id\":\"https:\/\/australisrecords.com\/shop\/producto\/gangrenous\/#primaryimage\"},\"thumbnailUrl\":\"https:\/\/australisrecords.com\/shop\/wp-content\/uploads\/2020\/06\/0008360813_10.jpg\",\"datePublished\":\"2020-06-01T22:28:15+00:00\",\"dateModified\":\"2020-06-22T03:09:17+00:00\",\"breadcrumb\":{\"@id\":\"https:\/\/australisrecords.com\/shop\/producto\/gangrenous\/#breadcrumb\"},\"inLanguage\":\"en-US\",\"potentialAction\":[{\"@type\":\"ReadAction\",\"target\":[\"https:\/\/australisrecords.com\/shop\/producto\/gangrenous\/\"]}]},{\"@type\":\"ImageObject\",\"inLanguage\":\"en-US\",\"@id\":\"https:\/\/australisrecords.com\/shop\/producto\/gangrenous\/#primaryimage\",\"url\":\"https:\/\/australisrecords.com\/shop\/wp-content\/uploads\/2020\/06\/0008360813_10.jpg\",\"contentUrl\":\"https:\/\/australisrecords.com\/shop\/wp-content\/uploads\/2020\/06\/0008360813_10.jpg\",\"width\":1200,\"height\":1200},{\"@type\":\"BreadcrumbList\",\"@id\":\"https:\/\/australisrecords.com\/shop\/producto\/gangrenous\/#breadcrumb\",\"itemListElement\":[{\"@type\":\"ListItem\",\"position\":1,\"name\":\"Home\",\"item\":\"https:\/\/australisrecords.com\/shop\/\"},{\"@type\":\"ListItem\",\"position\":2,\"name\":\"Shop\",\"item\":\"https:\/\/australisrecords.com\/shop\/shop-2\/\"},{\"@type\":\"ListItem\",\"position\":3,\"name\":\"Gangrenous\"}]},{\"@type\":\"WebSite\",\"@id\":\"https:\/\/australisrecords.com\/shop\/#website\",\"url\":\"https:\/\/australisrecords.com\/shop\/\",\"name\":\"Australis Records - Music from the End of the World\",\"description\":\"\",\"potentialAction\":[{\"@type\":\"SearchAction\",\"target\":{\"@type\":\"EntryPoint\",\"urlTemplate\":\"https:\/\/australisrecords.com\/shop\/?s={search_term_string}\"},\"query-input\":\"required name=search_term_string\"}],\"inLanguage\":\"en-US\"}]}<\/script>\n<!-- \/ Yoast SEO plugin. -->","yoast_head_json":{"title":"Gangrenous - Australis Records - Music from the End of the World","robots":{"index":"index","follow":"follow","max-snippet":"max-snippet:-1","max-image-preview":"max-image-preview:large","max-video-preview":"max-video-preview:-1"},"canonical":"https:\/\/australisrecords.com\/shop\/producto\/gangrenous\/","og_locale":"en_US","og_type":"article","og_title":"Gangrenous - Australis Records - Music from the End of the World","og_description":"&nbsp; &nbsp; Brutal death metal coming from the innards of Vi\u00f1a del Mar, Chile, Intense deep and heavy brutal death metal debut album to be released this 2016. Art concept\u00a0by Rudi Gorging Suicide. &nbsp; Brutal death metal proveniente de las entra\u00f1as de Vi\u00f1a del Mar, Chile, \u00e1lbum debut intenso y pesado brutal de death metal [&hellip;]","og_url":"https:\/\/australisrecords.com\/shop\/producto\/gangrenous\/","og_site_name":"Australis Records - Music from the End of the World","article_modified_time":"2020-06-22T03:09:17+00:00","og_image":[{"width":1200,"height":1200,"url":"https:\/\/australisrecords.com\/shop\/wp-content\/uploads\/2020\/06\/0008360813_10.jpg","type":"image\/jpeg"}],"twitter_card":"summary_large_image","schema":{"@context":"https:\/\/schema.org","@graph":[{"@type":"WebPage","@id":"https:\/\/australisrecords.com\/shop\/producto\/gangrenous\/","url":"https:\/\/australisrecords.com\/shop\/producto\/gangrenous\/","name":"Gangrenous - Australis Records - Music from the End of the World","isPartOf":{"@id":"https:\/\/australisrecords.com\/shop\/#website"},"primaryImageOfPage":{"@id":"https:\/\/australisrecords.com\/shop\/producto\/gangrenous\/#primaryimage"},"image":{"@id":"https:\/\/australisrecords.com\/shop\/producto\/gangrenous\/#primaryimage"},"thumbnailUrl":"https:\/\/australisrecords.com\/shop\/wp-content\/uploads\/2020\/06\/0008360813_10.jpg","datePublished":"2020-06-01T22:28:15+00:00","dateModified":"2020-06-22T03:09:17+00:00","breadcrumb":{"@id":"https:\/\/australisrecords.com\/shop\/producto\/gangrenous\/#breadcrumb"},"inLanguage":"en-US","potentialAction":[{"@type":"ReadAction","target":["https:\/\/australisrecords.com\/shop\/producto\/gangrenous\/"]}]},{"@type":"ImageObject","inLanguage":"en-US","@id":"https:\/\/australisrecords.com\/shop\/producto\/gangrenous\/#primaryimage","url":"https:\/\/australisrecords.com\/shop\/wp-content\/uploads\/2020\/06\/0008360813_10.jpg","contentUrl":"https:\/\/australisrecords.com\/shop\/wp-content\/uploads\/2020\/06\/0008360813_10.jpg","width":1200,"height":1200},{"@type":"BreadcrumbList","@id":"https:\/\/australisrecords.com\/shop\/producto\/gangrenous\/#breadcrumb","itemListElement":[{"@type":"ListItem","position":1,"name":"Home","item":"https:\/\/australisrecords.com\/shop\/"},{"@type":"ListItem","position":2,"name":"Shop","item":"https:\/\/australisrecords.com\/shop\/shop-2\/"},{"@type":"ListItem","position":3,"name":"Gangrenous"}]},{"@type":"WebSite","@id":"https:\/\/australisrecords.com\/shop\/#website","url":"https:\/\/australisrecords.com\/shop\/","name":"Australis Records - Music from the End of the World","description":"","potentialAction":[{"@type":"SearchAction","target":{"@type":"EntryPoint","urlTemplate":"https:\/\/australisrecords.com\/shop\/?s={search_term_string}"},"query-input":"required name=search_term_string"}],"inLanguage":"en-US"}]}},"_links":{"self":[{"href":"https:\/\/australisrecords.com\/shop\/wp-json\/wp\/v2\/product\/12859"}],"collection":[{"href":"https:\/\/australisrecords.com\/shop\/wp-json\/wp\/v2\/product"}],"about":[{"href":"https:\/\/australisrecords.com\/shop\/wp-json\/wp\/v2\/types\/product"}],"version-history":[{"count":3,"href":"https:\/\/australisrecords.com\/shop\/wp-json\/wp\/v2\/product\/12859\/revisions"}],"predecessor-version":[{"id":17075,"href":"https:\/\/australisrecords.com\/shop\/wp-json\/wp\/v2\/product\/12859\/revisions\/17075"}],"wp:featuredmedia":[{"embeddable":true,"href":"https:\/\/australisrecords.com\/shop\/wp-json\/wp\/v2\/media\/17076"}],"wp:attachment":[{"href":"https:\/\/australisrecords.com\/shop\/wp-json\/wp\/v2\/media?parent=12859"}],"wp:term":[{"taxonomy":"product_cat","embeddable":true,"href":"https:\/\/australisrecords.com\/shop\/wp-json\/wp\/v2\/product_cat?post=12859"},{"taxonomy":"product_tag","embeddable":true,"href":"https:\/\/australisrecords.com\/shop\/wp-json\/wp\/v2\/product_tag?post=12859"}],"curies":[{"name":"wp","href":"https:\/\/api.w.org\/{rel}","templated":true}]}}