{"id":12832,"date":"2020-06-01T20:21:28","date_gmt":"2020-06-01T20:21:28","guid":{"rendered":"http:\/\/australisrecords.com\/shop\/?post_type=product&#038;p=12832"},"modified":"2020-06-20T18:39:39","modified_gmt":"2020-06-20T18:39:39","slug":"funereal","status":"publish","type":"product","link":"https:\/\/australisrecords.com\/shop\/producto\/funereal\/","title":{"rendered":"Funereal"},"content":{"rendered":"<div id=\"dslc-theme-content\"><div id=\"dslc-theme-content-inner\"><\/div><\/div>","protected":false},"excerpt":{"rendered":"<p>&nbsp; &nbsp; Tremendous American Death Metal album, originally announced in 1995 and released 15 years later as usual. For SHUB NIGGURATH, BRUTALITY or MALEVOLENT CREATION fans. &nbsp; Tremendo \u00e1lbum de Death Metal Americano, originalmente anunciado en 1995 y editado 15 a\u00f1os despues como siempre debio hacerce. Para fan\u00e1ticos de SHUB NIGGURATH, BRUTALITY o MALEVOLENT CREATION.\u00a0 [&hellip;]<\/p>\n","protected":false},"featured_media":12833,"template":"","meta":{"_acf_changed":false},"product_cat":[92,314,303,87],"product_tag":[],"acf":[],"yoast_head":"<!-- This site is optimized with the Yoast SEO plugin v22.9 - https:\/\/yoast.com\/wordpress\/plugins\/seo\/ -->\n<title>Funereal - Australis Records - Music from the End of the World<\/title>\n<meta name=\"robots\" content=\"index, follow, max-snippet:-1, max-image-preview:large, max-video-preview:-1\" \/>\n<link rel=\"canonical\" href=\"https:\/\/australisrecords.com\/shop\/producto\/funereal\/\" \/>\n<meta property=\"og:locale\" content=\"en_US\" \/>\n<meta property=\"og:type\" content=\"article\" \/>\n<meta property=\"og:title\" content=\"Funereal - Australis Records - Music from the End of the World\" \/>\n<meta property=\"og:description\" content=\"&nbsp; &nbsp; Tremendous American Death Metal album, originally announced in 1995 and released 15 years later as usual. For SHUB NIGGURATH, BRUTALITY or MALEVOLENT CREATION fans. &nbsp; Tremendo \u00e1lbum de Death Metal Americano, originalmente anunciado en 1995 y editado 15 a\u00f1os despues como siempre debio hacerce. Para fan\u00e1ticos de SHUB NIGGURATH, BRUTALITY o MALEVOLENT CREATION.\u00a0 [&hellip;]\" \/>\n<meta property=\"og:url\" content=\"https:\/\/australisrecords.com\/shop\/producto\/funereal\/\" \/>\n<meta property=\"og:site_name\" content=\"Australis Records - Music from the End of the World\" \/>\n<meta property=\"article:modified_time\" content=\"2020-06-20T18:39:39+00:00\" \/>\n<meta property=\"og:image\" content=\"https:\/\/australisrecords.com\/shop\/wp-content\/uploads\/2020\/06\/73124.jpg\" \/>\n\t<meta property=\"og:image:width\" content=\"620\" \/>\n\t<meta property=\"og:image:height\" content=\"598\" \/>\n\t<meta property=\"og:image:type\" content=\"image\/jpeg\" \/>\n<meta name=\"twitter:card\" content=\"summary_large_image\" \/>\n<script type=\"application\/ld+json\" class=\"yoast-schema-graph\">{\"@context\":\"https:\/\/schema.org\",\"@graph\":[{\"@type\":\"WebPage\",\"@id\":\"https:\/\/australisrecords.com\/shop\/producto\/funereal\/\",\"url\":\"https:\/\/australisrecords.com\/shop\/producto\/funereal\/\",\"name\":\"Funereal - Australis Records - Music from the End of the World\",\"isPartOf\":{\"@id\":\"https:\/\/australisrecords.com\/shop\/#website\"},\"primaryImageOfPage\":{\"@id\":\"https:\/\/australisrecords.com\/shop\/producto\/funereal\/#primaryimage\"},\"image\":{\"@id\":\"https:\/\/australisrecords.com\/shop\/producto\/funereal\/#primaryimage\"},\"thumbnailUrl\":\"https:\/\/australisrecords.com\/shop\/wp-content\/uploads\/2020\/06\/73124.jpg\",\"datePublished\":\"2020-06-01T20:21:28+00:00\",\"dateModified\":\"2020-06-20T18:39:39+00:00\",\"breadcrumb\":{\"@id\":\"https:\/\/australisrecords.com\/shop\/producto\/funereal\/#breadcrumb\"},\"inLanguage\":\"en-US\",\"potentialAction\":[{\"@type\":\"ReadAction\",\"target\":[\"https:\/\/australisrecords.com\/shop\/producto\/funereal\/\"]}]},{\"@type\":\"ImageObject\",\"inLanguage\":\"en-US\",\"@id\":\"https:\/\/australisrecords.com\/shop\/producto\/funereal\/#primaryimage\",\"url\":\"https:\/\/australisrecords.com\/shop\/wp-content\/uploads\/2020\/06\/73124.jpg\",\"contentUrl\":\"https:\/\/australisrecords.com\/shop\/wp-content\/uploads\/2020\/06\/73124.jpg\",\"width\":620,\"height\":598},{\"@type\":\"BreadcrumbList\",\"@id\":\"https:\/\/australisrecords.com\/shop\/producto\/funereal\/#breadcrumb\",\"itemListElement\":[{\"@type\":\"ListItem\",\"position\":1,\"name\":\"Home\",\"item\":\"https:\/\/australisrecords.com\/shop\/\"},{\"@type\":\"ListItem\",\"position\":2,\"name\":\"Shop\",\"item\":\"https:\/\/australisrecords.com\/shop\/shop-2\/\"},{\"@type\":\"ListItem\",\"position\":3,\"name\":\"Funereal\"}]},{\"@type\":\"WebSite\",\"@id\":\"https:\/\/australisrecords.com\/shop\/#website\",\"url\":\"https:\/\/australisrecords.com\/shop\/\",\"name\":\"Australis Records - Music from the End of the World\",\"description\":\"\",\"potentialAction\":[{\"@type\":\"SearchAction\",\"target\":{\"@type\":\"EntryPoint\",\"urlTemplate\":\"https:\/\/australisrecords.com\/shop\/?s={search_term_string}\"},\"query-input\":\"required name=search_term_string\"}],\"inLanguage\":\"en-US\"}]}<\/script>\n<!-- \/ Yoast SEO plugin. -->","yoast_head_json":{"title":"Funereal - Australis Records - Music from the End of the World","robots":{"index":"index","follow":"follow","max-snippet":"max-snippet:-1","max-image-preview":"max-image-preview:large","max-video-preview":"max-video-preview:-1"},"canonical":"https:\/\/australisrecords.com\/shop\/producto\/funereal\/","og_locale":"en_US","og_type":"article","og_title":"Funereal - Australis Records - Music from the End of the World","og_description":"&nbsp; &nbsp; Tremendous American Death Metal album, originally announced in 1995 and released 15 years later as usual. For SHUB NIGGURATH, BRUTALITY or MALEVOLENT CREATION fans. &nbsp; Tremendo \u00e1lbum de Death Metal Americano, originalmente anunciado en 1995 y editado 15 a\u00f1os despues como siempre debio hacerce. Para fan\u00e1ticos de SHUB NIGGURATH, BRUTALITY o MALEVOLENT CREATION.\u00a0 [&hellip;]","og_url":"https:\/\/australisrecords.com\/shop\/producto\/funereal\/","og_site_name":"Australis Records - Music from the End of the World","article_modified_time":"2020-06-20T18:39:39+00:00","og_image":[{"width":620,"height":598,"url":"https:\/\/australisrecords.com\/shop\/wp-content\/uploads\/2020\/06\/73124.jpg","type":"image\/jpeg"}],"twitter_card":"summary_large_image","schema":{"@context":"https:\/\/schema.org","@graph":[{"@type":"WebPage","@id":"https:\/\/australisrecords.com\/shop\/producto\/funereal\/","url":"https:\/\/australisrecords.com\/shop\/producto\/funereal\/","name":"Funereal - Australis Records - Music from the End of the World","isPartOf":{"@id":"https:\/\/australisrecords.com\/shop\/#website"},"primaryImageOfPage":{"@id":"https:\/\/australisrecords.com\/shop\/producto\/funereal\/#primaryimage"},"image":{"@id":"https:\/\/australisrecords.com\/shop\/producto\/funereal\/#primaryimage"},"thumbnailUrl":"https:\/\/australisrecords.com\/shop\/wp-content\/uploads\/2020\/06\/73124.jpg","datePublished":"2020-06-01T20:21:28+00:00","dateModified":"2020-06-20T18:39:39+00:00","breadcrumb":{"@id":"https:\/\/australisrecords.com\/shop\/producto\/funereal\/#breadcrumb"},"inLanguage":"en-US","potentialAction":[{"@type":"ReadAction","target":["https:\/\/australisrecords.com\/shop\/producto\/funereal\/"]}]},{"@type":"ImageObject","inLanguage":"en-US","@id":"https:\/\/australisrecords.com\/shop\/producto\/funereal\/#primaryimage","url":"https:\/\/australisrecords.com\/shop\/wp-content\/uploads\/2020\/06\/73124.jpg","contentUrl":"https:\/\/australisrecords.com\/shop\/wp-content\/uploads\/2020\/06\/73124.jpg","width":620,"height":598},{"@type":"BreadcrumbList","@id":"https:\/\/australisrecords.com\/shop\/producto\/funereal\/#breadcrumb","itemListElement":[{"@type":"ListItem","position":1,"name":"Home","item":"https:\/\/australisrecords.com\/shop\/"},{"@type":"ListItem","position":2,"name":"Shop","item":"https:\/\/australisrecords.com\/shop\/shop-2\/"},{"@type":"ListItem","position":3,"name":"Funereal"}]},{"@type":"WebSite","@id":"https:\/\/australisrecords.com\/shop\/#website","url":"https:\/\/australisrecords.com\/shop\/","name":"Australis Records - Music from the End of the World","description":"","potentialAction":[{"@type":"SearchAction","target":{"@type":"EntryPoint","urlTemplate":"https:\/\/australisrecords.com\/shop\/?s={search_term_string}"},"query-input":"required name=search_term_string"}],"inLanguage":"en-US"}]}},"_links":{"self":[{"href":"https:\/\/australisrecords.com\/shop\/wp-json\/wp\/v2\/product\/12832"}],"collection":[{"href":"https:\/\/australisrecords.com\/shop\/wp-json\/wp\/v2\/product"}],"about":[{"href":"https:\/\/australisrecords.com\/shop\/wp-json\/wp\/v2\/types\/product"}],"version-history":[{"count":3,"href":"https:\/\/australisrecords.com\/shop\/wp-json\/wp\/v2\/product\/12832\/revisions"}],"predecessor-version":[{"id":16864,"href":"https:\/\/australisrecords.com\/shop\/wp-json\/wp\/v2\/product\/12832\/revisions\/16864"}],"wp:featuredmedia":[{"embeddable":true,"href":"https:\/\/australisrecords.com\/shop\/wp-json\/wp\/v2\/media\/12833"}],"wp:attachment":[{"href":"https:\/\/australisrecords.com\/shop\/wp-json\/wp\/v2\/media?parent=12832"}],"wp:term":[{"taxonomy":"product_cat","embeddable":true,"href":"https:\/\/australisrecords.com\/shop\/wp-json\/wp\/v2\/product_cat?post=12832"},{"taxonomy":"product_tag","embeddable":true,"href":"https:\/\/australisrecords.com\/shop\/wp-json\/wp\/v2\/product_tag?post=12832"}],"curies":[{"name":"wp","href":"https:\/\/api.w.org\/{rel}","templated":true}]}}