{"id":12529,"date":"2020-05-31T04:30:10","date_gmt":"2020-05-31T04:30:10","guid":{"rendered":"http:\/\/australisrecords.com\/shop\/?post_type=product&#038;p=12529"},"modified":"2023-07-08T00:59:31","modified_gmt":"2023-07-08T00:59:31","slug":"dark-order-3","status":"publish","type":"product","link":"https:\/\/australisrecords.com\/shop\/producto\/dark-order-3\/","title":{"rendered":"Dark Order"},"content":{"rendered":"<div id=\"dslc-theme-content\"><div id=\"dslc-theme-content-inner\">\t\t<div data-elementor-type=\"wp-post\" data-elementor-id=\"12529\" class=\"elementor elementor-12529\">\n\t\t\t\t\t\t<section class=\"elementor-section elementor-top-section elementor-element elementor-element-26aee735 elementor-section-boxed elementor-section-height-default elementor-section-height-default\" data-id=\"26aee735\" data-element_type=\"section\">\n\t\t\t\t\t\t<div class=\"elementor-container elementor-column-gap-default\">\n\t\t\t\t\t<div class=\"elementor-column elementor-col-100 elementor-top-column elementor-element elementor-element-4d01a0a3\" data-id=\"4d01a0a3\" data-element_type=\"column\">\n\t\t\t<div class=\"elementor-widget-wrap elementor-element-populated\">\n\t\t\t\t\t\t<div class=\"elementor-element elementor-element-0b7f0fe elementor-widget-divider--view-line elementor-widget elementor-widget-divider\" data-id=\"0b7f0fe\" data-element_type=\"widget\" data-widget_type=\"divider.default\">\n\t\t\t\t<div class=\"elementor-widget-container\">\n\t\t\t\t\t<div class=\"elementor-divider\">\n\t\t\t<span class=\"elementor-divider-separator\">\n\t\t\t\t\t\t<\/span>\n\t\t<\/div>\n\t\t\t\t<\/div>\n\t\t\t\t<\/div>\n\t\t\t\t<div class=\"elementor-element elementor-element-10d739b1 elementor-widget elementor-widget-text-editor\" data-id=\"10d739b1\" data-element_type=\"widget\" data-widget_type=\"text-editor.default\">\n\t\t\t\t<div class=\"elementor-widget-container\">\n\t\t\t\t\t\t\t<h5 id=\"tw-target-text\" class=\"tw-data-text tw-text-large tw-ta\" dir=\"ltr\" data-placeholder=\"Traducci\u00f3n\"><span lang=\"en\"><span style=\"color: #92642a;\">Fourth Full-Length of the Chilean Abhorrent. Technical and brutal Thrash Metal, the &#8217;90s are back with one of the representative bands of the Chilean scene<\/span>\u00a0<\/span><\/h5>\t\t\t\t\t\t<\/div>\n\t\t\t\t<\/div>\n\t\t\t\t\t<\/div>\n\t\t<\/div>\n\t\t\t\t\t<\/div>\n\t\t<\/section>\n\t\t\t\t<\/div>\n\t\t<\/div><\/div>","protected":false},"excerpt":{"rendered":"<p>&nbsp; The Australian\u2019s Nuclear Thrash Titans are returned with their second album, more aggressive and violent. &nbsp; Los Titanes Nucleares del Thrash Australiano est\u00e1n de vuelta con su segundo \u00e1lbum m\u00e1s agresivo y violento . 1. Mission to the Continuum 2. &#8230;War Has Begun 3. The Terran Empire 4. Slaves of a Nameless God 5. [&hellip;]<\/p>\n","protected":false},"featured_media":12530,"template":"","meta":{"_acf_changed":false},"product_cat":[92,314,87,308],"product_tag":[],"acf":[],"yoast_head":"<!-- This site is optimized with the Yoast SEO plugin v22.9 - https:\/\/yoast.com\/wordpress\/plugins\/seo\/ -->\n<title>Dark Order - Australis Records - Music from the End of the World<\/title>\n<meta name=\"robots\" content=\"index, follow, max-snippet:-1, max-image-preview:large, max-video-preview:-1\" \/>\n<link rel=\"canonical\" href=\"https:\/\/australisrecords.com\/shop\/producto\/dark-order-3\/\" \/>\n<meta property=\"og:locale\" content=\"en_US\" \/>\n<meta property=\"og:type\" content=\"article\" \/>\n<meta property=\"og:title\" content=\"Dark Order - Australis Records - Music from the End of the World\" \/>\n<meta property=\"og:description\" content=\"&nbsp; The Australian\u2019s Nuclear Thrash Titans are returned with their second album, more aggressive and violent. &nbsp; Los Titanes Nucleares del Thrash Australiano est\u00e1n de vuelta con su segundo \u00e1lbum m\u00e1s agresivo y violento . 1. Mission to the Continuum 2. &#8230;War Has Begun 3. The Terran Empire 4. Slaves of a Nameless God 5. [&hellip;]\" \/>\n<meta property=\"og:url\" content=\"https:\/\/australisrecords.com\/shop\/producto\/dark-order-3\/\" \/>\n<meta property=\"og:site_name\" content=\"Australis Records - Music from the End of the World\" \/>\n<meta property=\"article:modified_time\" content=\"2023-07-08T00:59:31+00:00\" \/>\n<meta property=\"og:image\" content=\"https:\/\/australisrecords.com\/shop\/wp-content\/uploads\/2020\/05\/R-6938723-1429966470-7331.jpeg.jpg\" \/>\n\t<meta property=\"og:image:width\" content=\"600\" \/>\n\t<meta property=\"og:image:height\" content=\"593\" \/>\n\t<meta property=\"og:image:type\" content=\"image\/jpeg\" \/>\n<meta name=\"twitter:card\" content=\"summary_large_image\" \/>\n<meta name=\"twitter:label1\" content=\"Est. reading time\" \/>\n\t<meta name=\"twitter:data1\" content=\"1 minute\" \/>\n<script type=\"application\/ld+json\" class=\"yoast-schema-graph\">{\"@context\":\"https:\/\/schema.org\",\"@graph\":[{\"@type\":\"WebPage\",\"@id\":\"https:\/\/australisrecords.com\/shop\/producto\/dark-order-3\/\",\"url\":\"https:\/\/australisrecords.com\/shop\/producto\/dark-order-3\/\",\"name\":\"Dark Order - Australis Records - Music from the End of the World\",\"isPartOf\":{\"@id\":\"https:\/\/australisrecords.com\/shop\/#website\"},\"primaryImageOfPage\":{\"@id\":\"https:\/\/australisrecords.com\/shop\/producto\/dark-order-3\/#primaryimage\"},\"image\":{\"@id\":\"https:\/\/australisrecords.com\/shop\/producto\/dark-order-3\/#primaryimage\"},\"thumbnailUrl\":\"https:\/\/australisrecords.com\/shop\/wp-content\/uploads\/2020\/05\/R-6938723-1429966470-7331.jpeg.jpg\",\"datePublished\":\"2020-05-31T04:30:10+00:00\",\"dateModified\":\"2023-07-08T00:59:31+00:00\",\"breadcrumb\":{\"@id\":\"https:\/\/australisrecords.com\/shop\/producto\/dark-order-3\/#breadcrumb\"},\"inLanguage\":\"en-US\",\"potentialAction\":[{\"@type\":\"ReadAction\",\"target\":[\"https:\/\/australisrecords.com\/shop\/producto\/dark-order-3\/\"]}]},{\"@type\":\"ImageObject\",\"inLanguage\":\"en-US\",\"@id\":\"https:\/\/australisrecords.com\/shop\/producto\/dark-order-3\/#primaryimage\",\"url\":\"https:\/\/australisrecords.com\/shop\/wp-content\/uploads\/2020\/05\/R-6938723-1429966470-7331.jpeg.jpg\",\"contentUrl\":\"https:\/\/australisrecords.com\/shop\/wp-content\/uploads\/2020\/05\/R-6938723-1429966470-7331.jpeg.jpg\",\"width\":600,\"height\":593},{\"@type\":\"BreadcrumbList\",\"@id\":\"https:\/\/australisrecords.com\/shop\/producto\/dark-order-3\/#breadcrumb\",\"itemListElement\":[{\"@type\":\"ListItem\",\"position\":1,\"name\":\"Home\",\"item\":\"https:\/\/australisrecords.com\/shop\/\"},{\"@type\":\"ListItem\",\"position\":2,\"name\":\"Shop\",\"item\":\"https:\/\/australisrecords.com\/shop\/shop-2\/\"},{\"@type\":\"ListItem\",\"position\":3,\"name\":\"Dark Order\"}]},{\"@type\":\"WebSite\",\"@id\":\"https:\/\/australisrecords.com\/shop\/#website\",\"url\":\"https:\/\/australisrecords.com\/shop\/\",\"name\":\"Australis Records - Music from the End of the World\",\"description\":\"\",\"potentialAction\":[{\"@type\":\"SearchAction\",\"target\":{\"@type\":\"EntryPoint\",\"urlTemplate\":\"https:\/\/australisrecords.com\/shop\/?s={search_term_string}\"},\"query-input\":\"required name=search_term_string\"}],\"inLanguage\":\"en-US\"}]}<\/script>\n<!-- \/ Yoast SEO plugin. -->","yoast_head_json":{"title":"Dark Order - Australis Records - Music from the End of the World","robots":{"index":"index","follow":"follow","max-snippet":"max-snippet:-1","max-image-preview":"max-image-preview:large","max-video-preview":"max-video-preview:-1"},"canonical":"https:\/\/australisrecords.com\/shop\/producto\/dark-order-3\/","og_locale":"en_US","og_type":"article","og_title":"Dark Order - Australis Records - Music from the End of the World","og_description":"&nbsp; The Australian\u2019s Nuclear Thrash Titans are returned with their second album, more aggressive and violent. &nbsp; Los Titanes Nucleares del Thrash Australiano est\u00e1n de vuelta con su segundo \u00e1lbum m\u00e1s agresivo y violento . 1. Mission to the Continuum 2. &#8230;War Has Begun 3. The Terran Empire 4. Slaves of a Nameless God 5. [&hellip;]","og_url":"https:\/\/australisrecords.com\/shop\/producto\/dark-order-3\/","og_site_name":"Australis Records - Music from the End of the World","article_modified_time":"2023-07-08T00:59:31+00:00","og_image":[{"width":600,"height":593,"url":"https:\/\/australisrecords.com\/shop\/wp-content\/uploads\/2020\/05\/R-6938723-1429966470-7331.jpeg.jpg","type":"image\/jpeg"}],"twitter_card":"summary_large_image","twitter_misc":{"Est. reading time":"1 minute"},"schema":{"@context":"https:\/\/schema.org","@graph":[{"@type":"WebPage","@id":"https:\/\/australisrecords.com\/shop\/producto\/dark-order-3\/","url":"https:\/\/australisrecords.com\/shop\/producto\/dark-order-3\/","name":"Dark Order - Australis Records - Music from the End of the World","isPartOf":{"@id":"https:\/\/australisrecords.com\/shop\/#website"},"primaryImageOfPage":{"@id":"https:\/\/australisrecords.com\/shop\/producto\/dark-order-3\/#primaryimage"},"image":{"@id":"https:\/\/australisrecords.com\/shop\/producto\/dark-order-3\/#primaryimage"},"thumbnailUrl":"https:\/\/australisrecords.com\/shop\/wp-content\/uploads\/2020\/05\/R-6938723-1429966470-7331.jpeg.jpg","datePublished":"2020-05-31T04:30:10+00:00","dateModified":"2023-07-08T00:59:31+00:00","breadcrumb":{"@id":"https:\/\/australisrecords.com\/shop\/producto\/dark-order-3\/#breadcrumb"},"inLanguage":"en-US","potentialAction":[{"@type":"ReadAction","target":["https:\/\/australisrecords.com\/shop\/producto\/dark-order-3\/"]}]},{"@type":"ImageObject","inLanguage":"en-US","@id":"https:\/\/australisrecords.com\/shop\/producto\/dark-order-3\/#primaryimage","url":"https:\/\/australisrecords.com\/shop\/wp-content\/uploads\/2020\/05\/R-6938723-1429966470-7331.jpeg.jpg","contentUrl":"https:\/\/australisrecords.com\/shop\/wp-content\/uploads\/2020\/05\/R-6938723-1429966470-7331.jpeg.jpg","width":600,"height":593},{"@type":"BreadcrumbList","@id":"https:\/\/australisrecords.com\/shop\/producto\/dark-order-3\/#breadcrumb","itemListElement":[{"@type":"ListItem","position":1,"name":"Home","item":"https:\/\/australisrecords.com\/shop\/"},{"@type":"ListItem","position":2,"name":"Shop","item":"https:\/\/australisrecords.com\/shop\/shop-2\/"},{"@type":"ListItem","position":3,"name":"Dark Order"}]},{"@type":"WebSite","@id":"https:\/\/australisrecords.com\/shop\/#website","url":"https:\/\/australisrecords.com\/shop\/","name":"Australis Records - Music from the End of the World","description":"","potentialAction":[{"@type":"SearchAction","target":{"@type":"EntryPoint","urlTemplate":"https:\/\/australisrecords.com\/shop\/?s={search_term_string}"},"query-input":"required name=search_term_string"}],"inLanguage":"en-US"}]}},"_links":{"self":[{"href":"https:\/\/australisrecords.com\/shop\/wp-json\/wp\/v2\/product\/12529"}],"collection":[{"href":"https:\/\/australisrecords.com\/shop\/wp-json\/wp\/v2\/product"}],"about":[{"href":"https:\/\/australisrecords.com\/shop\/wp-json\/wp\/v2\/types\/product"}],"version-history":[{"count":3,"href":"https:\/\/australisrecords.com\/shop\/wp-json\/wp\/v2\/product\/12529\/revisions"}],"predecessor-version":[{"id":24305,"href":"https:\/\/australisrecords.com\/shop\/wp-json\/wp\/v2\/product\/12529\/revisions\/24305"}],"wp:featuredmedia":[{"embeddable":true,"href":"https:\/\/australisrecords.com\/shop\/wp-json\/wp\/v2\/media\/12530"}],"wp:attachment":[{"href":"https:\/\/australisrecords.com\/shop\/wp-json\/wp\/v2\/media?parent=12529"}],"wp:term":[{"taxonomy":"product_cat","embeddable":true,"href":"https:\/\/australisrecords.com\/shop\/wp-json\/wp\/v2\/product_cat?post=12529"},{"taxonomy":"product_tag","embeddable":true,"href":"https:\/\/australisrecords.com\/shop\/wp-json\/wp\/v2\/product_tag?post=12529"}],"curies":[{"name":"wp","href":"https:\/\/api.w.org\/{rel}","templated":true}]}}