{"id":11933,"date":"2020-05-29T15:31:22","date_gmt":"2020-05-29T15:31:22","guid":{"rendered":"http:\/\/australisrecords.com\/shop\/?post_type=product&#038;p=11933"},"modified":"2020-06-13T05:48:33","modified_gmt":"2020-06-13T05:48:33","slug":"embracing","status":"publish","type":"product","link":"https:\/\/australisrecords.com\/shop\/producto\/embracing\/","title":{"rendered":"Embracing"},"content":{"rendered":"<div id=\"dslc-theme-content\"><div id=\"dslc-theme-content-inner\"><\/div><\/div>","protected":false},"excerpt":{"rendered":"<p>&nbsp; &nbsp; Melodic Death metal..a classical sound from lover of Dark Tranquility sound. &nbsp; Death metal Mol\u00f3dico..un s\u00f3nido cl\u00e1sico para amantes del s\u00f3nido de Dark Tranquility.\u00a0 1. Drown Inside the Illusion 2. Morningdew 3. Stolen Memories 4. Only Greedy Gods 5. Killers Nature 6. Long Time No Seen 7. For the Angels and for Me [&hellip;]<\/p>\n","protected":false},"featured_media":11934,"template":"","meta":{"_acf_changed":false},"product_cat":[92,314,303,87],"product_tag":[],"acf":[],"yoast_head":"<!-- This site is optimized with the Yoast SEO plugin v22.9 - https:\/\/yoast.com\/wordpress\/plugins\/seo\/ -->\n<title>Embracing - Australis Records - Music from the End of the World<\/title>\n<meta name=\"robots\" content=\"index, follow, max-snippet:-1, max-image-preview:large, max-video-preview:-1\" \/>\n<link rel=\"canonical\" href=\"https:\/\/australisrecords.com\/shop\/producto\/embracing\/\" \/>\n<meta property=\"og:locale\" content=\"en_US\" \/>\n<meta property=\"og:type\" content=\"article\" \/>\n<meta property=\"og:title\" content=\"Embracing - Australis Records - Music from the End of the World\" \/>\n<meta property=\"og:description\" content=\"&nbsp; &nbsp; Melodic Death metal..a classical sound from lover of Dark Tranquility sound. &nbsp; Death metal Mol\u00f3dico..un s\u00f3nido cl\u00e1sico para amantes del s\u00f3nido de Dark Tranquility.\u00a0 1. Drown Inside the Illusion 2. Morningdew 3. Stolen Memories 4. Only Greedy Gods 5. Killers Nature 6. Long Time No Seen 7. For the Angels and for Me [&hellip;]\" \/>\n<meta property=\"og:url\" content=\"https:\/\/australisrecords.com\/shop\/producto\/embracing\/\" \/>\n<meta property=\"og:site_name\" content=\"Australis Records - Music from the End of the World\" \/>\n<meta property=\"article:modified_time\" content=\"2020-06-13T05:48:33+00:00\" \/>\n<meta property=\"og:image\" content=\"https:\/\/australisrecords.com\/shop\/wp-content\/uploads\/2020\/05\/533091.jpg\" \/>\n\t<meta property=\"og:image:width\" content=\"355\" \/>\n\t<meta property=\"og:image:height\" content=\"359\" \/>\n\t<meta property=\"og:image:type\" content=\"image\/jpeg\" \/>\n<meta name=\"twitter:card\" content=\"summary_large_image\" \/>\n<script type=\"application\/ld+json\" class=\"yoast-schema-graph\">{\"@context\":\"https:\/\/schema.org\",\"@graph\":[{\"@type\":\"WebPage\",\"@id\":\"https:\/\/australisrecords.com\/shop\/producto\/embracing\/\",\"url\":\"https:\/\/australisrecords.com\/shop\/producto\/embracing\/\",\"name\":\"Embracing - Australis Records - Music from the End of the World\",\"isPartOf\":{\"@id\":\"https:\/\/australisrecords.com\/shop\/#website\"},\"primaryImageOfPage\":{\"@id\":\"https:\/\/australisrecords.com\/shop\/producto\/embracing\/#primaryimage\"},\"image\":{\"@id\":\"https:\/\/australisrecords.com\/shop\/producto\/embracing\/#primaryimage\"},\"thumbnailUrl\":\"https:\/\/australisrecords.com\/shop\/wp-content\/uploads\/2020\/05\/533091.jpg\",\"datePublished\":\"2020-05-29T15:31:22+00:00\",\"dateModified\":\"2020-06-13T05:48:33+00:00\",\"breadcrumb\":{\"@id\":\"https:\/\/australisrecords.com\/shop\/producto\/embracing\/#breadcrumb\"},\"inLanguage\":\"en-US\",\"potentialAction\":[{\"@type\":\"ReadAction\",\"target\":[\"https:\/\/australisrecords.com\/shop\/producto\/embracing\/\"]}]},{\"@type\":\"ImageObject\",\"inLanguage\":\"en-US\",\"@id\":\"https:\/\/australisrecords.com\/shop\/producto\/embracing\/#primaryimage\",\"url\":\"https:\/\/australisrecords.com\/shop\/wp-content\/uploads\/2020\/05\/533091.jpg\",\"contentUrl\":\"https:\/\/australisrecords.com\/shop\/wp-content\/uploads\/2020\/05\/533091.jpg\",\"width\":355,\"height\":359},{\"@type\":\"BreadcrumbList\",\"@id\":\"https:\/\/australisrecords.com\/shop\/producto\/embracing\/#breadcrumb\",\"itemListElement\":[{\"@type\":\"ListItem\",\"position\":1,\"name\":\"Home\",\"item\":\"https:\/\/australisrecords.com\/shop\/\"},{\"@type\":\"ListItem\",\"position\":2,\"name\":\"Shop\",\"item\":\"https:\/\/australisrecords.com\/shop\/shop-2\/\"},{\"@type\":\"ListItem\",\"position\":3,\"name\":\"Embracing\"}]},{\"@type\":\"WebSite\",\"@id\":\"https:\/\/australisrecords.com\/shop\/#website\",\"url\":\"https:\/\/australisrecords.com\/shop\/\",\"name\":\"Australis Records - Music from the End of the World\",\"description\":\"\",\"potentialAction\":[{\"@type\":\"SearchAction\",\"target\":{\"@type\":\"EntryPoint\",\"urlTemplate\":\"https:\/\/australisrecords.com\/shop\/?s={search_term_string}\"},\"query-input\":\"required name=search_term_string\"}],\"inLanguage\":\"en-US\"}]}<\/script>\n<!-- \/ Yoast SEO plugin. -->","yoast_head_json":{"title":"Embracing - Australis Records - Music from the End of the World","robots":{"index":"index","follow":"follow","max-snippet":"max-snippet:-1","max-image-preview":"max-image-preview:large","max-video-preview":"max-video-preview:-1"},"canonical":"https:\/\/australisrecords.com\/shop\/producto\/embracing\/","og_locale":"en_US","og_type":"article","og_title":"Embracing - Australis Records - Music from the End of the World","og_description":"&nbsp; &nbsp; Melodic Death metal..a classical sound from lover of Dark Tranquility sound. &nbsp; Death metal Mol\u00f3dico..un s\u00f3nido cl\u00e1sico para amantes del s\u00f3nido de Dark Tranquility.\u00a0 1. Drown Inside the Illusion 2. Morningdew 3. Stolen Memories 4. Only Greedy Gods 5. Killers Nature 6. Long Time No Seen 7. For the Angels and for Me [&hellip;]","og_url":"https:\/\/australisrecords.com\/shop\/producto\/embracing\/","og_site_name":"Australis Records - Music from the End of the World","article_modified_time":"2020-06-13T05:48:33+00:00","og_image":[{"width":355,"height":359,"url":"https:\/\/australisrecords.com\/shop\/wp-content\/uploads\/2020\/05\/533091.jpg","type":"image\/jpeg"}],"twitter_card":"summary_large_image","schema":{"@context":"https:\/\/schema.org","@graph":[{"@type":"WebPage","@id":"https:\/\/australisrecords.com\/shop\/producto\/embracing\/","url":"https:\/\/australisrecords.com\/shop\/producto\/embracing\/","name":"Embracing - Australis Records - Music from the End of the World","isPartOf":{"@id":"https:\/\/australisrecords.com\/shop\/#website"},"primaryImageOfPage":{"@id":"https:\/\/australisrecords.com\/shop\/producto\/embracing\/#primaryimage"},"image":{"@id":"https:\/\/australisrecords.com\/shop\/producto\/embracing\/#primaryimage"},"thumbnailUrl":"https:\/\/australisrecords.com\/shop\/wp-content\/uploads\/2020\/05\/533091.jpg","datePublished":"2020-05-29T15:31:22+00:00","dateModified":"2020-06-13T05:48:33+00:00","breadcrumb":{"@id":"https:\/\/australisrecords.com\/shop\/producto\/embracing\/#breadcrumb"},"inLanguage":"en-US","potentialAction":[{"@type":"ReadAction","target":["https:\/\/australisrecords.com\/shop\/producto\/embracing\/"]}]},{"@type":"ImageObject","inLanguage":"en-US","@id":"https:\/\/australisrecords.com\/shop\/producto\/embracing\/#primaryimage","url":"https:\/\/australisrecords.com\/shop\/wp-content\/uploads\/2020\/05\/533091.jpg","contentUrl":"https:\/\/australisrecords.com\/shop\/wp-content\/uploads\/2020\/05\/533091.jpg","width":355,"height":359},{"@type":"BreadcrumbList","@id":"https:\/\/australisrecords.com\/shop\/producto\/embracing\/#breadcrumb","itemListElement":[{"@type":"ListItem","position":1,"name":"Home","item":"https:\/\/australisrecords.com\/shop\/"},{"@type":"ListItem","position":2,"name":"Shop","item":"https:\/\/australisrecords.com\/shop\/shop-2\/"},{"@type":"ListItem","position":3,"name":"Embracing"}]},{"@type":"WebSite","@id":"https:\/\/australisrecords.com\/shop\/#website","url":"https:\/\/australisrecords.com\/shop\/","name":"Australis Records - Music from the End of the World","description":"","potentialAction":[{"@type":"SearchAction","target":{"@type":"EntryPoint","urlTemplate":"https:\/\/australisrecords.com\/shop\/?s={search_term_string}"},"query-input":"required name=search_term_string"}],"inLanguage":"en-US"}]}},"_links":{"self":[{"href":"https:\/\/australisrecords.com\/shop\/wp-json\/wp\/v2\/product\/11933"}],"collection":[{"href":"https:\/\/australisrecords.com\/shop\/wp-json\/wp\/v2\/product"}],"about":[{"href":"https:\/\/australisrecords.com\/shop\/wp-json\/wp\/v2\/types\/product"}],"version-history":[{"count":3,"href":"https:\/\/australisrecords.com\/shop\/wp-json\/wp\/v2\/product\/11933\/revisions"}],"predecessor-version":[{"id":15466,"href":"https:\/\/australisrecords.com\/shop\/wp-json\/wp\/v2\/product\/11933\/revisions\/15466"}],"wp:featuredmedia":[{"embeddable":true,"href":"https:\/\/australisrecords.com\/shop\/wp-json\/wp\/v2\/media\/11934"}],"wp:attachment":[{"href":"https:\/\/australisrecords.com\/shop\/wp-json\/wp\/v2\/media?parent=11933"}],"wp:term":[{"taxonomy":"product_cat","embeddable":true,"href":"https:\/\/australisrecords.com\/shop\/wp-json\/wp\/v2\/product_cat?post=11933"},{"taxonomy":"product_tag","embeddable":true,"href":"https:\/\/australisrecords.com\/shop\/wp-json\/wp\/v2\/product_tag?post=11933"}],"curies":[{"name":"wp","href":"https:\/\/api.w.org\/{rel}","templated":true}]}}