{"id":11833,"date":"2020-05-28T19:26:45","date_gmt":"2020-05-28T19:26:45","guid":{"rendered":"http:\/\/australisrecords.com\/shop\/?post_type=product&#038;p=11833"},"modified":"2023-07-11T18:24:53","modified_gmt":"2023-07-11T18:24:53","slug":"dorso","status":"publish","type":"product","link":"https:\/\/australisrecords.com\/shop\/producto\/dorso\/","title":{"rendered":"Dorso"},"content":{"rendered":"<div id=\"dslc-theme-content\"><div id=\"dslc-theme-content-inner\"><\/div><\/div>","protected":false},"excerpt":{"rendered":"<p>&nbsp; &nbsp; One of the most classical album from Dorso, essential in all collection. &nbsp; Uno de los \u00e1lbunes m\u00e1s cl\u00e1scios de Doros, esencial en toda colecci\u00f3n.\u00a0 1. Big Monsters aventura 2. Godzilla 3. Cosmic condoro 4. Panificator 5. Guerra entre monstruos de distintos planetas 6. Gran Chango 7. Monthra v\/s Godzilla 8. Transformed in [&hellip;]<\/p>\n","protected":false},"featured_media":13377,"template":"","meta":{"_acf_changed":false},"product_cat":[92,314,87,308],"product_tag":[],"acf":[],"yoast_head":"<!-- This site is optimized with the Yoast SEO plugin v22.9 - https:\/\/yoast.com\/wordpress\/plugins\/seo\/ -->\n<title>Dorso - Australis Records - Music from the End of the World<\/title>\n<meta name=\"robots\" content=\"index, follow, max-snippet:-1, max-image-preview:large, max-video-preview:-1\" \/>\n<link rel=\"canonical\" href=\"https:\/\/australisrecords.com\/shop\/producto\/dorso\/\" \/>\n<meta property=\"og:locale\" content=\"en_US\" \/>\n<meta property=\"og:type\" content=\"article\" \/>\n<meta property=\"og:title\" content=\"Dorso - Australis Records - Music from the End of the World\" \/>\n<meta property=\"og:description\" content=\"&nbsp; &nbsp; One of the most classical album from Dorso, essential in all collection. &nbsp; Uno de los \u00e1lbunes m\u00e1s cl\u00e1scios de Doros, esencial en toda colecci\u00f3n.\u00a0 1. Big Monsters aventura 2. Godzilla 3. Cosmic condoro 4. Panificator 5. Guerra entre monstruos de distintos planetas 6. Gran Chango 7. Monthra v\/s Godzilla 8. Transformed in [&hellip;]\" \/>\n<meta property=\"og:url\" content=\"https:\/\/australisrecords.com\/shop\/producto\/dorso\/\" \/>\n<meta property=\"og:site_name\" content=\"Australis Records - Music from the End of the World\" \/>\n<meta property=\"article:modified_time\" content=\"2023-07-11T18:24:53+00:00\" \/>\n<meta property=\"og:image\" content=\"https:\/\/australisrecords.com\/shop\/wp-content\/uploads\/2020\/05\/1995.jpg\" \/>\n\t<meta property=\"og:image:width\" content=\"800\" \/>\n\t<meta property=\"og:image:height\" content=\"800\" \/>\n\t<meta property=\"og:image:type\" content=\"image\/jpeg\" \/>\n<meta name=\"twitter:card\" content=\"summary_large_image\" \/>\n<script type=\"application\/ld+json\" class=\"yoast-schema-graph\">{\"@context\":\"https:\/\/schema.org\",\"@graph\":[{\"@type\":\"WebPage\",\"@id\":\"https:\/\/australisrecords.com\/shop\/producto\/dorso\/\",\"url\":\"https:\/\/australisrecords.com\/shop\/producto\/dorso\/\",\"name\":\"Dorso - Australis Records - Music from the End of the World\",\"isPartOf\":{\"@id\":\"https:\/\/australisrecords.com\/shop\/#website\"},\"primaryImageOfPage\":{\"@id\":\"https:\/\/australisrecords.com\/shop\/producto\/dorso\/#primaryimage\"},\"image\":{\"@id\":\"https:\/\/australisrecords.com\/shop\/producto\/dorso\/#primaryimage\"},\"thumbnailUrl\":\"https:\/\/australisrecords.com\/shop\/wp-content\/uploads\/2020\/05\/1995.jpg\",\"datePublished\":\"2020-05-28T19:26:45+00:00\",\"dateModified\":\"2023-07-11T18:24:53+00:00\",\"breadcrumb\":{\"@id\":\"https:\/\/australisrecords.com\/shop\/producto\/dorso\/#breadcrumb\"},\"inLanguage\":\"en-US\",\"potentialAction\":[{\"@type\":\"ReadAction\",\"target\":[\"https:\/\/australisrecords.com\/shop\/producto\/dorso\/\"]}]},{\"@type\":\"ImageObject\",\"inLanguage\":\"en-US\",\"@id\":\"https:\/\/australisrecords.com\/shop\/producto\/dorso\/#primaryimage\",\"url\":\"https:\/\/australisrecords.com\/shop\/wp-content\/uploads\/2020\/05\/1995.jpg\",\"contentUrl\":\"https:\/\/australisrecords.com\/shop\/wp-content\/uploads\/2020\/05\/1995.jpg\",\"width\":800,\"height\":800},{\"@type\":\"BreadcrumbList\",\"@id\":\"https:\/\/australisrecords.com\/shop\/producto\/dorso\/#breadcrumb\",\"itemListElement\":[{\"@type\":\"ListItem\",\"position\":1,\"name\":\"Home\",\"item\":\"https:\/\/australisrecords.com\/shop\/\"},{\"@type\":\"ListItem\",\"position\":2,\"name\":\"Shop\",\"item\":\"https:\/\/australisrecords.com\/shop\/shop-2\/\"},{\"@type\":\"ListItem\",\"position\":3,\"name\":\"Dorso\"}]},{\"@type\":\"WebSite\",\"@id\":\"https:\/\/australisrecords.com\/shop\/#website\",\"url\":\"https:\/\/australisrecords.com\/shop\/\",\"name\":\"Australis Records - Music from the End of the World\",\"description\":\"\",\"potentialAction\":[{\"@type\":\"SearchAction\",\"target\":{\"@type\":\"EntryPoint\",\"urlTemplate\":\"https:\/\/australisrecords.com\/shop\/?s={search_term_string}\"},\"query-input\":\"required name=search_term_string\"}],\"inLanguage\":\"en-US\"}]}<\/script>\n<!-- \/ Yoast SEO plugin. -->","yoast_head_json":{"title":"Dorso - Australis Records - Music from the End of the World","robots":{"index":"index","follow":"follow","max-snippet":"max-snippet:-1","max-image-preview":"max-image-preview:large","max-video-preview":"max-video-preview:-1"},"canonical":"https:\/\/australisrecords.com\/shop\/producto\/dorso\/","og_locale":"en_US","og_type":"article","og_title":"Dorso - Australis Records - Music from the End of the World","og_description":"&nbsp; &nbsp; One of the most classical album from Dorso, essential in all collection. &nbsp; Uno de los \u00e1lbunes m\u00e1s cl\u00e1scios de Doros, esencial en toda colecci\u00f3n.\u00a0 1. Big Monsters aventura 2. Godzilla 3. Cosmic condoro 4. Panificator 5. Guerra entre monstruos de distintos planetas 6. Gran Chango 7. Monthra v\/s Godzilla 8. Transformed in [&hellip;]","og_url":"https:\/\/australisrecords.com\/shop\/producto\/dorso\/","og_site_name":"Australis Records - Music from the End of the World","article_modified_time":"2023-07-11T18:24:53+00:00","og_image":[{"width":800,"height":800,"url":"https:\/\/australisrecords.com\/shop\/wp-content\/uploads\/2020\/05\/1995.jpg","type":"image\/jpeg"}],"twitter_card":"summary_large_image","schema":{"@context":"https:\/\/schema.org","@graph":[{"@type":"WebPage","@id":"https:\/\/australisrecords.com\/shop\/producto\/dorso\/","url":"https:\/\/australisrecords.com\/shop\/producto\/dorso\/","name":"Dorso - Australis Records - Music from the End of the World","isPartOf":{"@id":"https:\/\/australisrecords.com\/shop\/#website"},"primaryImageOfPage":{"@id":"https:\/\/australisrecords.com\/shop\/producto\/dorso\/#primaryimage"},"image":{"@id":"https:\/\/australisrecords.com\/shop\/producto\/dorso\/#primaryimage"},"thumbnailUrl":"https:\/\/australisrecords.com\/shop\/wp-content\/uploads\/2020\/05\/1995.jpg","datePublished":"2020-05-28T19:26:45+00:00","dateModified":"2023-07-11T18:24:53+00:00","breadcrumb":{"@id":"https:\/\/australisrecords.com\/shop\/producto\/dorso\/#breadcrumb"},"inLanguage":"en-US","potentialAction":[{"@type":"ReadAction","target":["https:\/\/australisrecords.com\/shop\/producto\/dorso\/"]}]},{"@type":"ImageObject","inLanguage":"en-US","@id":"https:\/\/australisrecords.com\/shop\/producto\/dorso\/#primaryimage","url":"https:\/\/australisrecords.com\/shop\/wp-content\/uploads\/2020\/05\/1995.jpg","contentUrl":"https:\/\/australisrecords.com\/shop\/wp-content\/uploads\/2020\/05\/1995.jpg","width":800,"height":800},{"@type":"BreadcrumbList","@id":"https:\/\/australisrecords.com\/shop\/producto\/dorso\/#breadcrumb","itemListElement":[{"@type":"ListItem","position":1,"name":"Home","item":"https:\/\/australisrecords.com\/shop\/"},{"@type":"ListItem","position":2,"name":"Shop","item":"https:\/\/australisrecords.com\/shop\/shop-2\/"},{"@type":"ListItem","position":3,"name":"Dorso"}]},{"@type":"WebSite","@id":"https:\/\/australisrecords.com\/shop\/#website","url":"https:\/\/australisrecords.com\/shop\/","name":"Australis Records - Music from the End of the World","description":"","potentialAction":[{"@type":"SearchAction","target":{"@type":"EntryPoint","urlTemplate":"https:\/\/australisrecords.com\/shop\/?s={search_term_string}"},"query-input":"required name=search_term_string"}],"inLanguage":"en-US"}]}},"_links":{"self":[{"href":"https:\/\/australisrecords.com\/shop\/wp-json\/wp\/v2\/product\/11833"}],"collection":[{"href":"https:\/\/australisrecords.com\/shop\/wp-json\/wp\/v2\/product"}],"about":[{"href":"https:\/\/australisrecords.com\/shop\/wp-json\/wp\/v2\/types\/product"}],"version-history":[{"count":4,"href":"https:\/\/australisrecords.com\/shop\/wp-json\/wp\/v2\/product\/11833\/revisions"}],"predecessor-version":[{"id":13376,"href":"https:\/\/australisrecords.com\/shop\/wp-json\/wp\/v2\/product\/11833\/revisions\/13376"}],"wp:featuredmedia":[{"embeddable":true,"href":"https:\/\/australisrecords.com\/shop\/wp-json\/wp\/v2\/media\/13377"}],"wp:attachment":[{"href":"https:\/\/australisrecords.com\/shop\/wp-json\/wp\/v2\/media?parent=11833"}],"wp:term":[{"taxonomy":"product_cat","embeddable":true,"href":"https:\/\/australisrecords.com\/shop\/wp-json\/wp\/v2\/product_cat?post=11833"},{"taxonomy":"product_tag","embeddable":true,"href":"https:\/\/australisrecords.com\/shop\/wp-json\/wp\/v2\/product_tag?post=11833"}],"curies":[{"name":"wp","href":"https:\/\/api.w.org\/{rel}","templated":true}]}}