{"id":11667,"date":"2020-05-27T22:18:34","date_gmt":"2020-05-27T22:18:34","guid":{"rendered":"http:\/\/australisrecords.com\/shop\/?post_type=product&#038;p=11667"},"modified":"2023-07-10T19:25:33","modified_gmt":"2023-07-10T19:25:33","slug":"devastator","status":"publish","type":"product","link":"https:\/\/australisrecords.com\/shop\/producto\/devastator\/","title":{"rendered":"Devastator"},"content":{"rendered":"<div id=\"dslc-theme-content\"><div id=\"dslc-theme-content-inner\"><\/div><\/div>","protected":false},"excerpt":{"rendered":"<p>&nbsp; &nbsp; Thrash Metal from Itali. &nbsp; Thrash Metal desde Italia.\u00a0 1. La musica fa schifo 2. Vergine 3. Ho sbagliato tutto 4. Necrolucro 5. Sfilata di moda 6. Non c&#8217;\u00e8 niente da ridere 7. Coscienza a posto minorenne 8. Shock alfabetico 9. La mafia \u00e8 una montagna di merda 10.Calma dignit\u00e0 e classe 11.Bono [&hellip;]<\/p>\n","protected":false},"featured_media":11668,"template":"","meta":{"_acf_changed":false},"product_cat":[92,314,87,308],"product_tag":[],"acf":[],"yoast_head":"<!-- This site is optimized with the Yoast SEO plugin v22.9 - https:\/\/yoast.com\/wordpress\/plugins\/seo\/ -->\n<title>Devastator - Australis Records - Music from the End of the World<\/title>\n<meta name=\"robots\" content=\"index, follow, max-snippet:-1, max-image-preview:large, max-video-preview:-1\" \/>\n<link rel=\"canonical\" href=\"https:\/\/australisrecords.com\/shop\/producto\/devastator\/\" \/>\n<meta property=\"og:locale\" content=\"en_US\" \/>\n<meta property=\"og:type\" content=\"article\" \/>\n<meta property=\"og:title\" content=\"Devastator - Australis Records - Music from the End of the World\" \/>\n<meta property=\"og:description\" content=\"&nbsp; &nbsp; Thrash Metal from Itali. &nbsp; Thrash Metal desde Italia.\u00a0 1. La musica fa schifo 2. Vergine 3. Ho sbagliato tutto 4. Necrolucro 5. Sfilata di moda 6. Non c&#8217;\u00e8 niente da ridere 7. Coscienza a posto minorenne 8. Shock alfabetico 9. La mafia \u00e8 una montagna di merda 10.Calma dignit\u00e0 e classe 11.Bono [&hellip;]\" \/>\n<meta property=\"og:url\" content=\"https:\/\/australisrecords.com\/shop\/producto\/devastator\/\" \/>\n<meta property=\"og:site_name\" content=\"Australis Records - Music from the End of the World\" \/>\n<meta property=\"article:modified_time\" content=\"2023-07-10T19:25:33+00:00\" \/>\n<meta property=\"og:image\" content=\"https:\/\/australisrecords.com\/shop\/wp-content\/uploads\/2020\/05\/312063.jpg\" \/>\n\t<meta property=\"og:image:width\" content=\"340\" \/>\n\t<meta property=\"og:image:height\" content=\"340\" \/>\n\t<meta property=\"og:image:type\" content=\"image\/jpeg\" \/>\n<meta name=\"twitter:card\" content=\"summary_large_image\" \/>\n<script type=\"application\/ld+json\" class=\"yoast-schema-graph\">{\"@context\":\"https:\/\/schema.org\",\"@graph\":[{\"@type\":\"WebPage\",\"@id\":\"https:\/\/australisrecords.com\/shop\/producto\/devastator\/\",\"url\":\"https:\/\/australisrecords.com\/shop\/producto\/devastator\/\",\"name\":\"Devastator - Australis Records - Music from the End of the World\",\"isPartOf\":{\"@id\":\"https:\/\/australisrecords.com\/shop\/#website\"},\"primaryImageOfPage\":{\"@id\":\"https:\/\/australisrecords.com\/shop\/producto\/devastator\/#primaryimage\"},\"image\":{\"@id\":\"https:\/\/australisrecords.com\/shop\/producto\/devastator\/#primaryimage\"},\"thumbnailUrl\":\"https:\/\/australisrecords.com\/shop\/wp-content\/uploads\/2020\/05\/312063.jpg\",\"datePublished\":\"2020-05-27T22:18:34+00:00\",\"dateModified\":\"2023-07-10T19:25:33+00:00\",\"breadcrumb\":{\"@id\":\"https:\/\/australisrecords.com\/shop\/producto\/devastator\/#breadcrumb\"},\"inLanguage\":\"en-US\",\"potentialAction\":[{\"@type\":\"ReadAction\",\"target\":[\"https:\/\/australisrecords.com\/shop\/producto\/devastator\/\"]}]},{\"@type\":\"ImageObject\",\"inLanguage\":\"en-US\",\"@id\":\"https:\/\/australisrecords.com\/shop\/producto\/devastator\/#primaryimage\",\"url\":\"https:\/\/australisrecords.com\/shop\/wp-content\/uploads\/2020\/05\/312063.jpg\",\"contentUrl\":\"https:\/\/australisrecords.com\/shop\/wp-content\/uploads\/2020\/05\/312063.jpg\",\"width\":340,\"height\":340},{\"@type\":\"BreadcrumbList\",\"@id\":\"https:\/\/australisrecords.com\/shop\/producto\/devastator\/#breadcrumb\",\"itemListElement\":[{\"@type\":\"ListItem\",\"position\":1,\"name\":\"Home\",\"item\":\"https:\/\/australisrecords.com\/shop\/\"},{\"@type\":\"ListItem\",\"position\":2,\"name\":\"Shop\",\"item\":\"https:\/\/australisrecords.com\/shop\/shop-2\/\"},{\"@type\":\"ListItem\",\"position\":3,\"name\":\"Devastator\"}]},{\"@type\":\"WebSite\",\"@id\":\"https:\/\/australisrecords.com\/shop\/#website\",\"url\":\"https:\/\/australisrecords.com\/shop\/\",\"name\":\"Australis Records - Music from the End of the World\",\"description\":\"\",\"potentialAction\":[{\"@type\":\"SearchAction\",\"target\":{\"@type\":\"EntryPoint\",\"urlTemplate\":\"https:\/\/australisrecords.com\/shop\/?s={search_term_string}\"},\"query-input\":\"required name=search_term_string\"}],\"inLanguage\":\"en-US\"}]}<\/script>\n<!-- \/ Yoast SEO plugin. -->","yoast_head_json":{"title":"Devastator - Australis Records - Music from the End of the World","robots":{"index":"index","follow":"follow","max-snippet":"max-snippet:-1","max-image-preview":"max-image-preview:large","max-video-preview":"max-video-preview:-1"},"canonical":"https:\/\/australisrecords.com\/shop\/producto\/devastator\/","og_locale":"en_US","og_type":"article","og_title":"Devastator - Australis Records - Music from the End of the World","og_description":"&nbsp; &nbsp; Thrash Metal from Itali. &nbsp; Thrash Metal desde Italia.\u00a0 1. La musica fa schifo 2. Vergine 3. Ho sbagliato tutto 4. Necrolucro 5. Sfilata di moda 6. Non c&#8217;\u00e8 niente da ridere 7. Coscienza a posto minorenne 8. Shock alfabetico 9. La mafia \u00e8 una montagna di merda 10.Calma dignit\u00e0 e classe 11.Bono [&hellip;]","og_url":"https:\/\/australisrecords.com\/shop\/producto\/devastator\/","og_site_name":"Australis Records - Music from the End of the World","article_modified_time":"2023-07-10T19:25:33+00:00","og_image":[{"width":340,"height":340,"url":"https:\/\/australisrecords.com\/shop\/wp-content\/uploads\/2020\/05\/312063.jpg","type":"image\/jpeg"}],"twitter_card":"summary_large_image","schema":{"@context":"https:\/\/schema.org","@graph":[{"@type":"WebPage","@id":"https:\/\/australisrecords.com\/shop\/producto\/devastator\/","url":"https:\/\/australisrecords.com\/shop\/producto\/devastator\/","name":"Devastator - Australis Records - Music from the End of the World","isPartOf":{"@id":"https:\/\/australisrecords.com\/shop\/#website"},"primaryImageOfPage":{"@id":"https:\/\/australisrecords.com\/shop\/producto\/devastator\/#primaryimage"},"image":{"@id":"https:\/\/australisrecords.com\/shop\/producto\/devastator\/#primaryimage"},"thumbnailUrl":"https:\/\/australisrecords.com\/shop\/wp-content\/uploads\/2020\/05\/312063.jpg","datePublished":"2020-05-27T22:18:34+00:00","dateModified":"2023-07-10T19:25:33+00:00","breadcrumb":{"@id":"https:\/\/australisrecords.com\/shop\/producto\/devastator\/#breadcrumb"},"inLanguage":"en-US","potentialAction":[{"@type":"ReadAction","target":["https:\/\/australisrecords.com\/shop\/producto\/devastator\/"]}]},{"@type":"ImageObject","inLanguage":"en-US","@id":"https:\/\/australisrecords.com\/shop\/producto\/devastator\/#primaryimage","url":"https:\/\/australisrecords.com\/shop\/wp-content\/uploads\/2020\/05\/312063.jpg","contentUrl":"https:\/\/australisrecords.com\/shop\/wp-content\/uploads\/2020\/05\/312063.jpg","width":340,"height":340},{"@type":"BreadcrumbList","@id":"https:\/\/australisrecords.com\/shop\/producto\/devastator\/#breadcrumb","itemListElement":[{"@type":"ListItem","position":1,"name":"Home","item":"https:\/\/australisrecords.com\/shop\/"},{"@type":"ListItem","position":2,"name":"Shop","item":"https:\/\/australisrecords.com\/shop\/shop-2\/"},{"@type":"ListItem","position":3,"name":"Devastator"}]},{"@type":"WebSite","@id":"https:\/\/australisrecords.com\/shop\/#website","url":"https:\/\/australisrecords.com\/shop\/","name":"Australis Records - Music from the End of the World","description":"","potentialAction":[{"@type":"SearchAction","target":{"@type":"EntryPoint","urlTemplate":"https:\/\/australisrecords.com\/shop\/?s={search_term_string}"},"query-input":"required name=search_term_string"}],"inLanguage":"en-US"}]}},"_links":{"self":[{"href":"https:\/\/australisrecords.com\/shop\/wp-json\/wp\/v2\/product\/11667"}],"collection":[{"href":"https:\/\/australisrecords.com\/shop\/wp-json\/wp\/v2\/product"}],"about":[{"href":"https:\/\/australisrecords.com\/shop\/wp-json\/wp\/v2\/types\/product"}],"version-history":[{"count":3,"href":"https:\/\/australisrecords.com\/shop\/wp-json\/wp\/v2\/product\/11667\/revisions"}],"predecessor-version":[{"id":12583,"href":"https:\/\/australisrecords.com\/shop\/wp-json\/wp\/v2\/product\/11667\/revisions\/12583"}],"wp:featuredmedia":[{"embeddable":true,"href":"https:\/\/australisrecords.com\/shop\/wp-json\/wp\/v2\/media\/11668"}],"wp:attachment":[{"href":"https:\/\/australisrecords.com\/shop\/wp-json\/wp\/v2\/media?parent=11667"}],"wp:term":[{"taxonomy":"product_cat","embeddable":true,"href":"https:\/\/australisrecords.com\/shop\/wp-json\/wp\/v2\/product_cat?post=11667"},{"taxonomy":"product_tag","embeddable":true,"href":"https:\/\/australisrecords.com\/shop\/wp-json\/wp\/v2\/product_tag?post=11667"}],"curies":[{"name":"wp","href":"https:\/\/api.w.org\/{rel}","templated":true}]}}