{"id":10946,"date":"2020-05-25T19:05:08","date_gmt":"2020-05-25T19:05:08","guid":{"rendered":"http:\/\/australisrecords.com\/shop\/?post_type=product&#038;p=10946"},"modified":"2025-01-31T19:55:40","modified_gmt":"2025-01-31T19:55:40","slug":"cranial-implosion","status":"publish","type":"product","link":"https:\/\/australisrecords.com\/shop\/producto\/cranial-implosion\/","title":{"rendered":"Cranial Implosion"},"content":{"rendered":"<div id=\"dslc-theme-content\"><div id=\"dslc-theme-content-inner\"><\/div><\/div>","protected":false},"excerpt":{"rendered":"<p>&nbsp; &nbsp; Technical Death Metal from Chile, for the first time in 10 years release its debut full length, including violent and technical riffs along with blast beats with harrowing guttural vocals will crush your skull!. &nbsp; \u00a1 Death Metal t\u00e9cnico de Chile, por primera vez en 10 a\u00f1os, lanza su \u00e1lbum debut, incluyendo riffs [&hellip;]<\/p>\n","protected":false},"featured_media":10947,"template":"","meta":{"_acf_changed":false},"product_cat":[92,314,303,87],"product_tag":[],"acf":[],"yoast_head":"<!-- This site is optimized with the Yoast SEO plugin v22.9 - https:\/\/yoast.com\/wordpress\/plugins\/seo\/ -->\n<title>Cranial Implosion - Australis Records - Music from the End of the World<\/title>\n<meta name=\"robots\" content=\"index, follow, max-snippet:-1, max-image-preview:large, max-video-preview:-1\" \/>\n<link rel=\"canonical\" href=\"https:\/\/australisrecords.com\/shop\/producto\/cranial-implosion\/\" \/>\n<meta property=\"og:locale\" content=\"en_US\" \/>\n<meta property=\"og:type\" content=\"article\" \/>\n<meta property=\"og:title\" content=\"Cranial Implosion - Australis Records - Music from the End of the World\" \/>\n<meta property=\"og:description\" content=\"&nbsp; &nbsp; Technical Death Metal from Chile, for the first time in 10 years release its debut full length, including violent and technical riffs along with blast beats with harrowing guttural vocals will crush your skull!. &nbsp; \u00a1 Death Metal t\u00e9cnico de Chile, por primera vez en 10 a\u00f1os, lanza su \u00e1lbum debut, incluyendo riffs [&hellip;]\" \/>\n<meta property=\"og:url\" content=\"https:\/\/australisrecords.com\/shop\/producto\/cranial-implosion\/\" \/>\n<meta property=\"og:site_name\" content=\"Australis Records - Music from the End of the World\" \/>\n<meta property=\"article:modified_time\" content=\"2025-01-31T19:55:40+00:00\" \/>\n<meta property=\"og:image\" content=\"https:\/\/australisrecords.com\/shop\/wp-content\/uploads\/2020\/05\/504174.jpg\" \/>\n\t<meta property=\"og:image:width\" content=\"314\" \/>\n\t<meta property=\"og:image:height\" content=\"314\" \/>\n\t<meta property=\"og:image:type\" content=\"image\/jpeg\" \/>\n<meta name=\"twitter:card\" content=\"summary_large_image\" \/>\n<script type=\"application\/ld+json\" class=\"yoast-schema-graph\">{\"@context\":\"https:\/\/schema.org\",\"@graph\":[{\"@type\":\"WebPage\",\"@id\":\"https:\/\/australisrecords.com\/shop\/producto\/cranial-implosion\/\",\"url\":\"https:\/\/australisrecords.com\/shop\/producto\/cranial-implosion\/\",\"name\":\"Cranial Implosion - Australis Records - Music from the End of the World\",\"isPartOf\":{\"@id\":\"https:\/\/australisrecords.com\/shop\/#website\"},\"primaryImageOfPage\":{\"@id\":\"https:\/\/australisrecords.com\/shop\/producto\/cranial-implosion\/#primaryimage\"},\"image\":{\"@id\":\"https:\/\/australisrecords.com\/shop\/producto\/cranial-implosion\/#primaryimage\"},\"thumbnailUrl\":\"https:\/\/australisrecords.com\/shop\/wp-content\/uploads\/2020\/05\/504174.jpg\",\"datePublished\":\"2020-05-25T19:05:08+00:00\",\"dateModified\":\"2025-01-31T19:55:40+00:00\",\"breadcrumb\":{\"@id\":\"https:\/\/australisrecords.com\/shop\/producto\/cranial-implosion\/#breadcrumb\"},\"inLanguage\":\"en-US\",\"potentialAction\":[{\"@type\":\"ReadAction\",\"target\":[\"https:\/\/australisrecords.com\/shop\/producto\/cranial-implosion\/\"]}]},{\"@type\":\"ImageObject\",\"inLanguage\":\"en-US\",\"@id\":\"https:\/\/australisrecords.com\/shop\/producto\/cranial-implosion\/#primaryimage\",\"url\":\"https:\/\/australisrecords.com\/shop\/wp-content\/uploads\/2020\/05\/504174.jpg\",\"contentUrl\":\"https:\/\/australisrecords.com\/shop\/wp-content\/uploads\/2020\/05\/504174.jpg\",\"width\":314,\"height\":314},{\"@type\":\"BreadcrumbList\",\"@id\":\"https:\/\/australisrecords.com\/shop\/producto\/cranial-implosion\/#breadcrumb\",\"itemListElement\":[{\"@type\":\"ListItem\",\"position\":1,\"name\":\"Home\",\"item\":\"https:\/\/australisrecords.com\/shop\/\"},{\"@type\":\"ListItem\",\"position\":2,\"name\":\"Shop\",\"item\":\"https:\/\/australisrecords.com\/shop\/shop-2\/\"},{\"@type\":\"ListItem\",\"position\":3,\"name\":\"Cranial Implosion\"}]},{\"@type\":\"WebSite\",\"@id\":\"https:\/\/australisrecords.com\/shop\/#website\",\"url\":\"https:\/\/australisrecords.com\/shop\/\",\"name\":\"Australis Records - Music from the End of the World\",\"description\":\"\",\"potentialAction\":[{\"@type\":\"SearchAction\",\"target\":{\"@type\":\"EntryPoint\",\"urlTemplate\":\"https:\/\/australisrecords.com\/shop\/?s={search_term_string}\"},\"query-input\":\"required name=search_term_string\"}],\"inLanguage\":\"en-US\"}]}<\/script>\n<!-- \/ Yoast SEO plugin. -->","yoast_head_json":{"title":"Cranial Implosion - Australis Records - Music from the End of the World","robots":{"index":"index","follow":"follow","max-snippet":"max-snippet:-1","max-image-preview":"max-image-preview:large","max-video-preview":"max-video-preview:-1"},"canonical":"https:\/\/australisrecords.com\/shop\/producto\/cranial-implosion\/","og_locale":"en_US","og_type":"article","og_title":"Cranial Implosion - Australis Records - Music from the End of the World","og_description":"&nbsp; &nbsp; Technical Death Metal from Chile, for the first time in 10 years release its debut full length, including violent and technical riffs along with blast beats with harrowing guttural vocals will crush your skull!. &nbsp; \u00a1 Death Metal t\u00e9cnico de Chile, por primera vez en 10 a\u00f1os, lanza su \u00e1lbum debut, incluyendo riffs [&hellip;]","og_url":"https:\/\/australisrecords.com\/shop\/producto\/cranial-implosion\/","og_site_name":"Australis Records - Music from the End of the World","article_modified_time":"2025-01-31T19:55:40+00:00","og_image":[{"width":314,"height":314,"url":"https:\/\/australisrecords.com\/shop\/wp-content\/uploads\/2020\/05\/504174.jpg","type":"image\/jpeg"}],"twitter_card":"summary_large_image","schema":{"@context":"https:\/\/schema.org","@graph":[{"@type":"WebPage","@id":"https:\/\/australisrecords.com\/shop\/producto\/cranial-implosion\/","url":"https:\/\/australisrecords.com\/shop\/producto\/cranial-implosion\/","name":"Cranial Implosion - Australis Records - Music from the End of the World","isPartOf":{"@id":"https:\/\/australisrecords.com\/shop\/#website"},"primaryImageOfPage":{"@id":"https:\/\/australisrecords.com\/shop\/producto\/cranial-implosion\/#primaryimage"},"image":{"@id":"https:\/\/australisrecords.com\/shop\/producto\/cranial-implosion\/#primaryimage"},"thumbnailUrl":"https:\/\/australisrecords.com\/shop\/wp-content\/uploads\/2020\/05\/504174.jpg","datePublished":"2020-05-25T19:05:08+00:00","dateModified":"2025-01-31T19:55:40+00:00","breadcrumb":{"@id":"https:\/\/australisrecords.com\/shop\/producto\/cranial-implosion\/#breadcrumb"},"inLanguage":"en-US","potentialAction":[{"@type":"ReadAction","target":["https:\/\/australisrecords.com\/shop\/producto\/cranial-implosion\/"]}]},{"@type":"ImageObject","inLanguage":"en-US","@id":"https:\/\/australisrecords.com\/shop\/producto\/cranial-implosion\/#primaryimage","url":"https:\/\/australisrecords.com\/shop\/wp-content\/uploads\/2020\/05\/504174.jpg","contentUrl":"https:\/\/australisrecords.com\/shop\/wp-content\/uploads\/2020\/05\/504174.jpg","width":314,"height":314},{"@type":"BreadcrumbList","@id":"https:\/\/australisrecords.com\/shop\/producto\/cranial-implosion\/#breadcrumb","itemListElement":[{"@type":"ListItem","position":1,"name":"Home","item":"https:\/\/australisrecords.com\/shop\/"},{"@type":"ListItem","position":2,"name":"Shop","item":"https:\/\/australisrecords.com\/shop\/shop-2\/"},{"@type":"ListItem","position":3,"name":"Cranial Implosion"}]},{"@type":"WebSite","@id":"https:\/\/australisrecords.com\/shop\/#website","url":"https:\/\/australisrecords.com\/shop\/","name":"Australis Records - Music from the End of the World","description":"","potentialAction":[{"@type":"SearchAction","target":{"@type":"EntryPoint","urlTemplate":"https:\/\/australisrecords.com\/shop\/?s={search_term_string}"},"query-input":"required name=search_term_string"}],"inLanguage":"en-US"}]}},"_links":{"self":[{"href":"https:\/\/australisrecords.com\/shop\/wp-json\/wp\/v2\/product\/10946"}],"collection":[{"href":"https:\/\/australisrecords.com\/shop\/wp-json\/wp\/v2\/product"}],"about":[{"href":"https:\/\/australisrecords.com\/shop\/wp-json\/wp\/v2\/types\/product"}],"version-history":[{"count":4,"href":"https:\/\/australisrecords.com\/shop\/wp-json\/wp\/v2\/product\/10946\/revisions"}],"predecessor-version":[{"id":24196,"href":"https:\/\/australisrecords.com\/shop\/wp-json\/wp\/v2\/product\/10946\/revisions\/24196"}],"wp:featuredmedia":[{"embeddable":true,"href":"https:\/\/australisrecords.com\/shop\/wp-json\/wp\/v2\/media\/10947"}],"wp:attachment":[{"href":"https:\/\/australisrecords.com\/shop\/wp-json\/wp\/v2\/media?parent=10946"}],"wp:term":[{"taxonomy":"product_cat","embeddable":true,"href":"https:\/\/australisrecords.com\/shop\/wp-json\/wp\/v2\/product_cat?post=10946"},{"taxonomy":"product_tag","embeddable":true,"href":"https:\/\/australisrecords.com\/shop\/wp-json\/wp\/v2\/product_tag?post=10946"}],"curies":[{"name":"wp","href":"https:\/\/api.w.org\/{rel}","templated":true}]}}