{"id":10914,"date":"2020-05-25T16:32:56","date_gmt":"2020-05-25T16:32:56","guid":{"rendered":"http:\/\/australisrecords.com\/shop\/?post_type=product&#038;p=10914"},"modified":"2023-06-24T21:54:17","modified_gmt":"2023-06-24T21:54:17","slug":"coprofago","status":"publish","type":"product","link":"https:\/\/australisrecords.com\/shop\/producto\/coprofago\/","title":{"rendered":"Coprofago"},"content":{"rendered":"<div id=\"dslc-theme-content\"><div id=\"dslc-theme-content-inner\"><\/div><\/div>","protected":false},"excerpt":{"rendered":"<p>&nbsp; &nbsp; Long awaited 2nd full length album of sick Death Metal from Argentina . &nbsp; Largamente esperado segundo \u00e1lbum de esta enferma banda de Death Metal de Argentina.\u00a0 1. Ex\u00e9geta 2. Delirio som\u00e1tico 3. C\u00ednica redenci\u00f3n 4. Insidia\u00a0 5. Carnal Gluttony 6. Cr\u00edptica obsesi\u00f3n 7. Inerte esencia 8. Satan\u00e1s te da vida (Infierno cover) [&hellip;]<\/p>\n","protected":false},"featured_media":12218,"template":"","meta":{"_acf_changed":false},"product_cat":[92,314,303,87],"product_tag":[],"acf":[],"yoast_head":"<!-- This site is optimized with the Yoast SEO plugin v22.9 - https:\/\/yoast.com\/wordpress\/plugins\/seo\/ -->\n<title>Coprofago - Australis Records - Music from the End of the World<\/title>\n<meta name=\"robots\" content=\"index, follow, max-snippet:-1, max-image-preview:large, max-video-preview:-1\" \/>\n<link rel=\"canonical\" href=\"https:\/\/australisrecords.com\/shop\/producto\/coprofago\/\" \/>\n<meta property=\"og:locale\" content=\"en_US\" \/>\n<meta property=\"og:type\" content=\"article\" \/>\n<meta property=\"og:title\" content=\"Coprofago - Australis Records - Music from the End of the World\" \/>\n<meta property=\"og:description\" content=\"&nbsp; &nbsp; Long awaited 2nd full length album of sick Death Metal from Argentina . &nbsp; Largamente esperado segundo \u00e1lbum de esta enferma banda de Death Metal de Argentina.\u00a0 1. Ex\u00e9geta 2. Delirio som\u00e1tico 3. C\u00ednica redenci\u00f3n 4. Insidia\u00a0 5. Carnal Gluttony 6. Cr\u00edptica obsesi\u00f3n 7. Inerte esencia 8. Satan\u00e1s te da vida (Infierno cover) [&hellip;]\" \/>\n<meta property=\"og:url\" content=\"https:\/\/australisrecords.com\/shop\/producto\/coprofago\/\" \/>\n<meta property=\"og:site_name\" content=\"Australis Records - Music from the End of the World\" \/>\n<meta property=\"article:modified_time\" content=\"2023-06-24T21:54:17+00:00\" \/>\n<meta property=\"og:image\" content=\"https:\/\/australisrecords.com\/shop\/wp-content\/uploads\/2020\/05\/COPROFAGO___Cini_5733c0fd0819e.jpg\" \/>\n\t<meta property=\"og:image:width\" content=\"600\" \/>\n\t<meta property=\"og:image:height\" content=\"600\" \/>\n\t<meta property=\"og:image:type\" content=\"image\/jpeg\" \/>\n<meta name=\"twitter:card\" content=\"summary_large_image\" \/>\n<script type=\"application\/ld+json\" class=\"yoast-schema-graph\">{\"@context\":\"https:\/\/schema.org\",\"@graph\":[{\"@type\":\"WebPage\",\"@id\":\"https:\/\/australisrecords.com\/shop\/producto\/coprofago\/\",\"url\":\"https:\/\/australisrecords.com\/shop\/producto\/coprofago\/\",\"name\":\"Coprofago - Australis Records - Music from the End of the World\",\"isPartOf\":{\"@id\":\"https:\/\/australisrecords.com\/shop\/#website\"},\"primaryImageOfPage\":{\"@id\":\"https:\/\/australisrecords.com\/shop\/producto\/coprofago\/#primaryimage\"},\"image\":{\"@id\":\"https:\/\/australisrecords.com\/shop\/producto\/coprofago\/#primaryimage\"},\"thumbnailUrl\":\"https:\/\/australisrecords.com\/shop\/wp-content\/uploads\/2020\/05\/COPROFAGO___Cini_5733c0fd0819e.jpg\",\"datePublished\":\"2020-05-25T16:32:56+00:00\",\"dateModified\":\"2023-06-24T21:54:17+00:00\",\"breadcrumb\":{\"@id\":\"https:\/\/australisrecords.com\/shop\/producto\/coprofago\/#breadcrumb\"},\"inLanguage\":\"en-US\",\"potentialAction\":[{\"@type\":\"ReadAction\",\"target\":[\"https:\/\/australisrecords.com\/shop\/producto\/coprofago\/\"]}]},{\"@type\":\"ImageObject\",\"inLanguage\":\"en-US\",\"@id\":\"https:\/\/australisrecords.com\/shop\/producto\/coprofago\/#primaryimage\",\"url\":\"https:\/\/australisrecords.com\/shop\/wp-content\/uploads\/2020\/05\/COPROFAGO___Cini_5733c0fd0819e.jpg\",\"contentUrl\":\"https:\/\/australisrecords.com\/shop\/wp-content\/uploads\/2020\/05\/COPROFAGO___Cini_5733c0fd0819e.jpg\",\"width\":600,\"height\":600},{\"@type\":\"BreadcrumbList\",\"@id\":\"https:\/\/australisrecords.com\/shop\/producto\/coprofago\/#breadcrumb\",\"itemListElement\":[{\"@type\":\"ListItem\",\"position\":1,\"name\":\"Home\",\"item\":\"https:\/\/australisrecords.com\/shop\/\"},{\"@type\":\"ListItem\",\"position\":2,\"name\":\"Shop\",\"item\":\"https:\/\/australisrecords.com\/shop\/shop-2\/\"},{\"@type\":\"ListItem\",\"position\":3,\"name\":\"Coprofago\"}]},{\"@type\":\"WebSite\",\"@id\":\"https:\/\/australisrecords.com\/shop\/#website\",\"url\":\"https:\/\/australisrecords.com\/shop\/\",\"name\":\"Australis Records - Music from the End of the World\",\"description\":\"\",\"potentialAction\":[{\"@type\":\"SearchAction\",\"target\":{\"@type\":\"EntryPoint\",\"urlTemplate\":\"https:\/\/australisrecords.com\/shop\/?s={search_term_string}\"},\"query-input\":\"required name=search_term_string\"}],\"inLanguage\":\"en-US\"}]}<\/script>\n<!-- \/ Yoast SEO plugin. -->","yoast_head_json":{"title":"Coprofago - Australis Records - Music from the End of the World","robots":{"index":"index","follow":"follow","max-snippet":"max-snippet:-1","max-image-preview":"max-image-preview:large","max-video-preview":"max-video-preview:-1"},"canonical":"https:\/\/australisrecords.com\/shop\/producto\/coprofago\/","og_locale":"en_US","og_type":"article","og_title":"Coprofago - Australis Records - Music from the End of the World","og_description":"&nbsp; &nbsp; Long awaited 2nd full length album of sick Death Metal from Argentina . &nbsp; Largamente esperado segundo \u00e1lbum de esta enferma banda de Death Metal de Argentina.\u00a0 1. Ex\u00e9geta 2. Delirio som\u00e1tico 3. C\u00ednica redenci\u00f3n 4. Insidia\u00a0 5. Carnal Gluttony 6. Cr\u00edptica obsesi\u00f3n 7. Inerte esencia 8. Satan\u00e1s te da vida (Infierno cover) [&hellip;]","og_url":"https:\/\/australisrecords.com\/shop\/producto\/coprofago\/","og_site_name":"Australis Records - Music from the End of the World","article_modified_time":"2023-06-24T21:54:17+00:00","og_image":[{"width":600,"height":600,"url":"https:\/\/australisrecords.com\/shop\/wp-content\/uploads\/2020\/05\/COPROFAGO___Cini_5733c0fd0819e.jpg","type":"image\/jpeg"}],"twitter_card":"summary_large_image","schema":{"@context":"https:\/\/schema.org","@graph":[{"@type":"WebPage","@id":"https:\/\/australisrecords.com\/shop\/producto\/coprofago\/","url":"https:\/\/australisrecords.com\/shop\/producto\/coprofago\/","name":"Coprofago - Australis Records - Music from the End of the World","isPartOf":{"@id":"https:\/\/australisrecords.com\/shop\/#website"},"primaryImageOfPage":{"@id":"https:\/\/australisrecords.com\/shop\/producto\/coprofago\/#primaryimage"},"image":{"@id":"https:\/\/australisrecords.com\/shop\/producto\/coprofago\/#primaryimage"},"thumbnailUrl":"https:\/\/australisrecords.com\/shop\/wp-content\/uploads\/2020\/05\/COPROFAGO___Cini_5733c0fd0819e.jpg","datePublished":"2020-05-25T16:32:56+00:00","dateModified":"2023-06-24T21:54:17+00:00","breadcrumb":{"@id":"https:\/\/australisrecords.com\/shop\/producto\/coprofago\/#breadcrumb"},"inLanguage":"en-US","potentialAction":[{"@type":"ReadAction","target":["https:\/\/australisrecords.com\/shop\/producto\/coprofago\/"]}]},{"@type":"ImageObject","inLanguage":"en-US","@id":"https:\/\/australisrecords.com\/shop\/producto\/coprofago\/#primaryimage","url":"https:\/\/australisrecords.com\/shop\/wp-content\/uploads\/2020\/05\/COPROFAGO___Cini_5733c0fd0819e.jpg","contentUrl":"https:\/\/australisrecords.com\/shop\/wp-content\/uploads\/2020\/05\/COPROFAGO___Cini_5733c0fd0819e.jpg","width":600,"height":600},{"@type":"BreadcrumbList","@id":"https:\/\/australisrecords.com\/shop\/producto\/coprofago\/#breadcrumb","itemListElement":[{"@type":"ListItem","position":1,"name":"Home","item":"https:\/\/australisrecords.com\/shop\/"},{"@type":"ListItem","position":2,"name":"Shop","item":"https:\/\/australisrecords.com\/shop\/shop-2\/"},{"@type":"ListItem","position":3,"name":"Coprofago"}]},{"@type":"WebSite","@id":"https:\/\/australisrecords.com\/shop\/#website","url":"https:\/\/australisrecords.com\/shop\/","name":"Australis Records - Music from the End of the World","description":"","potentialAction":[{"@type":"SearchAction","target":{"@type":"EntryPoint","urlTemplate":"https:\/\/australisrecords.com\/shop\/?s={search_term_string}"},"query-input":"required name=search_term_string"}],"inLanguage":"en-US"}]}},"_links":{"self":[{"href":"https:\/\/australisrecords.com\/shop\/wp-json\/wp\/v2\/product\/10914"}],"collection":[{"href":"https:\/\/australisrecords.com\/shop\/wp-json\/wp\/v2\/product"}],"about":[{"href":"https:\/\/australisrecords.com\/shop\/wp-json\/wp\/v2\/types\/product"}],"version-history":[{"count":5,"href":"https:\/\/australisrecords.com\/shop\/wp-json\/wp\/v2\/product\/10914\/revisions"}],"predecessor-version":[{"id":24189,"href":"https:\/\/australisrecords.com\/shop\/wp-json\/wp\/v2\/product\/10914\/revisions\/24189"}],"wp:featuredmedia":[{"embeddable":true,"href":"https:\/\/australisrecords.com\/shop\/wp-json\/wp\/v2\/media\/12218"}],"wp:attachment":[{"href":"https:\/\/australisrecords.com\/shop\/wp-json\/wp\/v2\/media?parent=10914"}],"wp:term":[{"taxonomy":"product_cat","embeddable":true,"href":"https:\/\/australisrecords.com\/shop\/wp-json\/wp\/v2\/product_cat?post=10914"},{"taxonomy":"product_tag","embeddable":true,"href":"https:\/\/australisrecords.com\/shop\/wp-json\/wp\/v2\/product_tag?post=10914"}],"curies":[{"name":"wp","href":"https:\/\/api.w.org\/{rel}","templated":true}]}}