{"id":10507,"date":"2020-05-24T05:21:05","date_gmt":"2020-05-24T05:21:05","guid":{"rendered":"http:\/\/australisrecords.com\/shop\/?post_type=product&#038;p=10507"},"modified":"2025-04-20T02:02:38","modified_gmt":"2025-04-20T02:02:38","slug":"atomic-aggressor-2","status":"publish","type":"product","link":"https:\/\/australisrecords.com\/shop\/producto\/atomic-aggressor-2\/","title":{"rendered":"Atomic Aggressor"},"content":{"rendered":"<div id=\"dslc-theme-content\"><div id=\"dslc-theme-content-inner\"><p>&nbsp;<\/p>\n<p>&nbsp;<\/p>\n<\/div><\/div>","protected":false},"excerpt":{"rendered":"<p>&nbsp; Astonishing record captured in old school reunion fest for the celebration of the 20th anniversary of the album oppressed by the force of his countrymen Torturer, including new and unreleased songs.. &nbsp; Registro asombroso capturado en el festival de reuni\u00f3n de la vieja escuela para la celebraci\u00f3n del 20 aniversario del \u00e1lbum oprimido por [&hellip;]<\/p>\n","protected":false},"featured_media":10521,"template":"","meta":{"_acf_changed":false},"product_cat":[92,314,303,87],"product_tag":[],"acf":[],"yoast_head":"<!-- This site is optimized with the Yoast SEO plugin v22.9 - https:\/\/yoast.com\/wordpress\/plugins\/seo\/ -->\n<title>Atomic Aggressor - Australis Records - Music from the End of the World<\/title>\n<meta name=\"robots\" content=\"index, follow, max-snippet:-1, max-image-preview:large, max-video-preview:-1\" \/>\n<link rel=\"canonical\" href=\"https:\/\/australisrecords.com\/shop\/producto\/atomic-aggressor-2\/\" \/>\n<meta property=\"og:locale\" content=\"en_US\" \/>\n<meta property=\"og:type\" content=\"article\" \/>\n<meta property=\"og:title\" content=\"Atomic Aggressor - Australis Records - Music from the End of the World\" \/>\n<meta property=\"og:description\" content=\"&nbsp; Astonishing record captured in old school reunion fest for the celebration of the 20th anniversary of the album oppressed by the force of his countrymen Torturer, including new and unreleased songs.. &nbsp; Registro asombroso capturado en el festival de reuni\u00f3n de la vieja escuela para la celebraci\u00f3n del 20 aniversario del \u00e1lbum oprimido por [&hellip;]\" \/>\n<meta property=\"og:url\" content=\"https:\/\/australisrecords.com\/shop\/producto\/atomic-aggressor-2\/\" \/>\n<meta property=\"og:site_name\" content=\"Australis Records - Music from the End of the World\" \/>\n<meta property=\"article:modified_time\" content=\"2025-04-20T02:02:38+00:00\" \/>\n<meta property=\"og:image\" content=\"https:\/\/australisrecords.com\/shop\/wp-content\/uploads\/2020\/05\/a0359932178_10.jpg\" \/>\n\t<meta property=\"og:image:width\" content=\"753\" \/>\n\t<meta property=\"og:image:height\" content=\"720\" \/>\n\t<meta property=\"og:image:type\" content=\"image\/jpeg\" \/>\n<meta name=\"twitter:card\" content=\"summary_large_image\" \/>\n<meta name=\"twitter:label1\" content=\"Est. reading time\" \/>\n\t<meta name=\"twitter:data1\" content=\"1 minute\" \/>\n<script type=\"application\/ld+json\" class=\"yoast-schema-graph\">{\"@context\":\"https:\/\/schema.org\",\"@graph\":[{\"@type\":\"WebPage\",\"@id\":\"https:\/\/australisrecords.com\/shop\/producto\/atomic-aggressor-2\/\",\"url\":\"https:\/\/australisrecords.com\/shop\/producto\/atomic-aggressor-2\/\",\"name\":\"Atomic Aggressor - Australis Records - Music from the End of the World\",\"isPartOf\":{\"@id\":\"https:\/\/australisrecords.com\/shop\/#website\"},\"primaryImageOfPage\":{\"@id\":\"https:\/\/australisrecords.com\/shop\/producto\/atomic-aggressor-2\/#primaryimage\"},\"image\":{\"@id\":\"https:\/\/australisrecords.com\/shop\/producto\/atomic-aggressor-2\/#primaryimage\"},\"thumbnailUrl\":\"https:\/\/australisrecords.com\/shop\/wp-content\/uploads\/2020\/05\/a0359932178_10.jpg\",\"datePublished\":\"2020-05-24T05:21:05+00:00\",\"dateModified\":\"2025-04-20T02:02:38+00:00\",\"breadcrumb\":{\"@id\":\"https:\/\/australisrecords.com\/shop\/producto\/atomic-aggressor-2\/#breadcrumb\"},\"inLanguage\":\"en-US\",\"potentialAction\":[{\"@type\":\"ReadAction\",\"target\":[\"https:\/\/australisrecords.com\/shop\/producto\/atomic-aggressor-2\/\"]}]},{\"@type\":\"ImageObject\",\"inLanguage\":\"en-US\",\"@id\":\"https:\/\/australisrecords.com\/shop\/producto\/atomic-aggressor-2\/#primaryimage\",\"url\":\"https:\/\/australisrecords.com\/shop\/wp-content\/uploads\/2020\/05\/a0359932178_10.jpg\",\"contentUrl\":\"https:\/\/australisrecords.com\/shop\/wp-content\/uploads\/2020\/05\/a0359932178_10.jpg\",\"width\":753,\"height\":720},{\"@type\":\"BreadcrumbList\",\"@id\":\"https:\/\/australisrecords.com\/shop\/producto\/atomic-aggressor-2\/#breadcrumb\",\"itemListElement\":[{\"@type\":\"ListItem\",\"position\":1,\"name\":\"Home\",\"item\":\"https:\/\/australisrecords.com\/shop\/\"},{\"@type\":\"ListItem\",\"position\":2,\"name\":\"Shop\",\"item\":\"https:\/\/australisrecords.com\/shop\/shop-2\/\"},{\"@type\":\"ListItem\",\"position\":3,\"name\":\"Atomic Aggressor\"}]},{\"@type\":\"WebSite\",\"@id\":\"https:\/\/australisrecords.com\/shop\/#website\",\"url\":\"https:\/\/australisrecords.com\/shop\/\",\"name\":\"Australis Records - Music from the End of the World\",\"description\":\"\",\"potentialAction\":[{\"@type\":\"SearchAction\",\"target\":{\"@type\":\"EntryPoint\",\"urlTemplate\":\"https:\/\/australisrecords.com\/shop\/?s={search_term_string}\"},\"query-input\":\"required name=search_term_string\"}],\"inLanguage\":\"en-US\"}]}<\/script>\n<!-- \/ Yoast SEO plugin. -->","yoast_head_json":{"title":"Atomic Aggressor - Australis Records - Music from the End of the World","robots":{"index":"index","follow":"follow","max-snippet":"max-snippet:-1","max-image-preview":"max-image-preview:large","max-video-preview":"max-video-preview:-1"},"canonical":"https:\/\/australisrecords.com\/shop\/producto\/atomic-aggressor-2\/","og_locale":"en_US","og_type":"article","og_title":"Atomic Aggressor - Australis Records - Music from the End of the World","og_description":"&nbsp; Astonishing record captured in old school reunion fest for the celebration of the 20th anniversary of the album oppressed by the force of his countrymen Torturer, including new and unreleased songs.. &nbsp; Registro asombroso capturado en el festival de reuni\u00f3n de la vieja escuela para la celebraci\u00f3n del 20 aniversario del \u00e1lbum oprimido por [&hellip;]","og_url":"https:\/\/australisrecords.com\/shop\/producto\/atomic-aggressor-2\/","og_site_name":"Australis Records - Music from the End of the World","article_modified_time":"2025-04-20T02:02:38+00:00","og_image":[{"width":753,"height":720,"url":"https:\/\/australisrecords.com\/shop\/wp-content\/uploads\/2020\/05\/a0359932178_10.jpg","type":"image\/jpeg"}],"twitter_card":"summary_large_image","twitter_misc":{"Est. reading time":"1 minute"},"schema":{"@context":"https:\/\/schema.org","@graph":[{"@type":"WebPage","@id":"https:\/\/australisrecords.com\/shop\/producto\/atomic-aggressor-2\/","url":"https:\/\/australisrecords.com\/shop\/producto\/atomic-aggressor-2\/","name":"Atomic Aggressor - Australis Records - Music from the End of the World","isPartOf":{"@id":"https:\/\/australisrecords.com\/shop\/#website"},"primaryImageOfPage":{"@id":"https:\/\/australisrecords.com\/shop\/producto\/atomic-aggressor-2\/#primaryimage"},"image":{"@id":"https:\/\/australisrecords.com\/shop\/producto\/atomic-aggressor-2\/#primaryimage"},"thumbnailUrl":"https:\/\/australisrecords.com\/shop\/wp-content\/uploads\/2020\/05\/a0359932178_10.jpg","datePublished":"2020-05-24T05:21:05+00:00","dateModified":"2025-04-20T02:02:38+00:00","breadcrumb":{"@id":"https:\/\/australisrecords.com\/shop\/producto\/atomic-aggressor-2\/#breadcrumb"},"inLanguage":"en-US","potentialAction":[{"@type":"ReadAction","target":["https:\/\/australisrecords.com\/shop\/producto\/atomic-aggressor-2\/"]}]},{"@type":"ImageObject","inLanguage":"en-US","@id":"https:\/\/australisrecords.com\/shop\/producto\/atomic-aggressor-2\/#primaryimage","url":"https:\/\/australisrecords.com\/shop\/wp-content\/uploads\/2020\/05\/a0359932178_10.jpg","contentUrl":"https:\/\/australisrecords.com\/shop\/wp-content\/uploads\/2020\/05\/a0359932178_10.jpg","width":753,"height":720},{"@type":"BreadcrumbList","@id":"https:\/\/australisrecords.com\/shop\/producto\/atomic-aggressor-2\/#breadcrumb","itemListElement":[{"@type":"ListItem","position":1,"name":"Home","item":"https:\/\/australisrecords.com\/shop\/"},{"@type":"ListItem","position":2,"name":"Shop","item":"https:\/\/australisrecords.com\/shop\/shop-2\/"},{"@type":"ListItem","position":3,"name":"Atomic Aggressor"}]},{"@type":"WebSite","@id":"https:\/\/australisrecords.com\/shop\/#website","url":"https:\/\/australisrecords.com\/shop\/","name":"Australis Records - Music from the End of the World","description":"","potentialAction":[{"@type":"SearchAction","target":{"@type":"EntryPoint","urlTemplate":"https:\/\/australisrecords.com\/shop\/?s={search_term_string}"},"query-input":"required name=search_term_string"}],"inLanguage":"en-US"}]}},"_links":{"self":[{"href":"https:\/\/australisrecords.com\/shop\/wp-json\/wp\/v2\/product\/10507"}],"collection":[{"href":"https:\/\/australisrecords.com\/shop\/wp-json\/wp\/v2\/product"}],"about":[{"href":"https:\/\/australisrecords.com\/shop\/wp-json\/wp\/v2\/types\/product"}],"version-history":[{"count":4,"href":"https:\/\/australisrecords.com\/shop\/wp-json\/wp\/v2\/product\/10507\/revisions"}],"predecessor-version":[{"id":26675,"href":"https:\/\/australisrecords.com\/shop\/wp-json\/wp\/v2\/product\/10507\/revisions\/26675"}],"wp:featuredmedia":[{"embeddable":true,"href":"https:\/\/australisrecords.com\/shop\/wp-json\/wp\/v2\/media\/10521"}],"wp:attachment":[{"href":"https:\/\/australisrecords.com\/shop\/wp-json\/wp\/v2\/media?parent=10507"}],"wp:term":[{"taxonomy":"product_cat","embeddable":true,"href":"https:\/\/australisrecords.com\/shop\/wp-json\/wp\/v2\/product_cat?post=10507"},{"taxonomy":"product_tag","embeddable":true,"href":"https:\/\/australisrecords.com\/shop\/wp-json\/wp\/v2\/product_tag?post=10507"}],"curies":[{"name":"wp","href":"https:\/\/api.w.org\/{rel}","templated":true}]}}