{"id":10125,"date":"2020-05-22T23:33:57","date_gmt":"2020-05-22T23:33:57","guid":{"rendered":"http:\/\/australisrecords.com\/shop\/?post_type=product&#038;p=10125"},"modified":"2023-06-20T22:09:38","modified_gmt":"2023-06-20T22:09:38","slug":"brutally-deceased","status":"publish","type":"product","link":"https:\/\/australisrecords.com\/shop\/producto\/brutally-deceased\/","title":{"rendered":"Brutally Deceased"},"content":{"rendered":"<div id=\"dslc-theme-content\"><div id=\"dslc-theme-content-inner\"><p>&nbsp;<\/p>\n<p>&nbsp;<\/p>\n<\/div><\/div>","protected":false},"excerpt":{"rendered":"<p>&nbsp; Intense Swedish Death Metal that will grind you to dust. An excellent debut album which&#8217;s intensity still retains unmatched by many. &nbsp; Death Metal sueco intenso que te convertir\u00e1 en polvo. Un excelente \u00e1lbum debut cuya intensidad a\u00fan se mantiene sin igual por muchos\u00a0. 1. Lustful Sodomy in the House of God 2. Dead [&hellip;]<\/p>\n","protected":false},"featured_media":10126,"template":"","meta":{"_acf_changed":false},"product_cat":[92,314,303,87],"product_tag":[],"acf":[],"yoast_head":"<!-- This site is optimized with the Yoast SEO plugin v22.9 - https:\/\/yoast.com\/wordpress\/plugins\/seo\/ -->\n<title>Brutally Deceased - Australis Records - Music from the End of the World<\/title>\n<meta name=\"robots\" content=\"index, follow, max-snippet:-1, max-image-preview:large, max-video-preview:-1\" \/>\n<link rel=\"canonical\" href=\"https:\/\/australisrecords.com\/shop\/producto\/brutally-deceased\/\" \/>\n<meta property=\"og:locale\" content=\"en_US\" \/>\n<meta property=\"og:type\" content=\"article\" \/>\n<meta property=\"og:title\" content=\"Brutally Deceased - Australis Records - Music from the End of the World\" \/>\n<meta property=\"og:description\" content=\"&nbsp; Intense Swedish Death Metal that will grind you to dust. An excellent debut album which&#8217;s intensity still retains unmatched by many. &nbsp; Death Metal sueco intenso que te convertir\u00e1 en polvo. Un excelente \u00e1lbum debut cuya intensidad a\u00fan se mantiene sin igual por muchos\u00a0. 1. Lustful Sodomy in the House of God 2. Dead [&hellip;]\" \/>\n<meta property=\"og:url\" content=\"https:\/\/australisrecords.com\/shop\/producto\/brutally-deceased\/\" \/>\n<meta property=\"og:site_name\" content=\"Australis Records - Music from the End of the World\" \/>\n<meta property=\"article:modified_time\" content=\"2023-06-20T22:09:38+00:00\" \/>\n<meta property=\"og:image\" content=\"https:\/\/australisrecords.com\/shop\/wp-content\/uploads\/2020\/05\/286174.jpg\" \/>\n\t<meta property=\"og:image:width\" content=\"383\" \/>\n\t<meta property=\"og:image:height\" content=\"383\" \/>\n\t<meta property=\"og:image:type\" content=\"image\/jpeg\" \/>\n<meta name=\"twitter:card\" content=\"summary_large_image\" \/>\n<script type=\"application\/ld+json\" class=\"yoast-schema-graph\">{\"@context\":\"https:\/\/schema.org\",\"@graph\":[{\"@type\":\"WebPage\",\"@id\":\"https:\/\/australisrecords.com\/shop\/producto\/brutally-deceased\/\",\"url\":\"https:\/\/australisrecords.com\/shop\/producto\/brutally-deceased\/\",\"name\":\"Brutally Deceased - Australis Records - Music from the End of the World\",\"isPartOf\":{\"@id\":\"https:\/\/australisrecords.com\/shop\/#website\"},\"primaryImageOfPage\":{\"@id\":\"https:\/\/australisrecords.com\/shop\/producto\/brutally-deceased\/#primaryimage\"},\"image\":{\"@id\":\"https:\/\/australisrecords.com\/shop\/producto\/brutally-deceased\/#primaryimage\"},\"thumbnailUrl\":\"https:\/\/australisrecords.com\/shop\/wp-content\/uploads\/2020\/05\/286174.jpg\",\"datePublished\":\"2020-05-22T23:33:57+00:00\",\"dateModified\":\"2023-06-20T22:09:38+00:00\",\"breadcrumb\":{\"@id\":\"https:\/\/australisrecords.com\/shop\/producto\/brutally-deceased\/#breadcrumb\"},\"inLanguage\":\"en-US\",\"potentialAction\":[{\"@type\":\"ReadAction\",\"target\":[\"https:\/\/australisrecords.com\/shop\/producto\/brutally-deceased\/\"]}]},{\"@type\":\"ImageObject\",\"inLanguage\":\"en-US\",\"@id\":\"https:\/\/australisrecords.com\/shop\/producto\/brutally-deceased\/#primaryimage\",\"url\":\"https:\/\/australisrecords.com\/shop\/wp-content\/uploads\/2020\/05\/286174.jpg\",\"contentUrl\":\"https:\/\/australisrecords.com\/shop\/wp-content\/uploads\/2020\/05\/286174.jpg\",\"width\":383,\"height\":383},{\"@type\":\"BreadcrumbList\",\"@id\":\"https:\/\/australisrecords.com\/shop\/producto\/brutally-deceased\/#breadcrumb\",\"itemListElement\":[{\"@type\":\"ListItem\",\"position\":1,\"name\":\"Home\",\"item\":\"https:\/\/australisrecords.com\/shop\/\"},{\"@type\":\"ListItem\",\"position\":2,\"name\":\"Shop\",\"item\":\"https:\/\/australisrecords.com\/shop\/shop-2\/\"},{\"@type\":\"ListItem\",\"position\":3,\"name\":\"Brutally Deceased\"}]},{\"@type\":\"WebSite\",\"@id\":\"https:\/\/australisrecords.com\/shop\/#website\",\"url\":\"https:\/\/australisrecords.com\/shop\/\",\"name\":\"Australis Records - Music from the End of the World\",\"description\":\"\",\"potentialAction\":[{\"@type\":\"SearchAction\",\"target\":{\"@type\":\"EntryPoint\",\"urlTemplate\":\"https:\/\/australisrecords.com\/shop\/?s={search_term_string}\"},\"query-input\":\"required name=search_term_string\"}],\"inLanguage\":\"en-US\"}]}<\/script>\n<!-- \/ Yoast SEO plugin. -->","yoast_head_json":{"title":"Brutally Deceased - Australis Records - Music from the End of the World","robots":{"index":"index","follow":"follow","max-snippet":"max-snippet:-1","max-image-preview":"max-image-preview:large","max-video-preview":"max-video-preview:-1"},"canonical":"https:\/\/australisrecords.com\/shop\/producto\/brutally-deceased\/","og_locale":"en_US","og_type":"article","og_title":"Brutally Deceased - Australis Records - Music from the End of the World","og_description":"&nbsp; Intense Swedish Death Metal that will grind you to dust. An excellent debut album which&#8217;s intensity still retains unmatched by many. &nbsp; Death Metal sueco intenso que te convertir\u00e1 en polvo. Un excelente \u00e1lbum debut cuya intensidad a\u00fan se mantiene sin igual por muchos\u00a0. 1. Lustful Sodomy in the House of God 2. Dead [&hellip;]","og_url":"https:\/\/australisrecords.com\/shop\/producto\/brutally-deceased\/","og_site_name":"Australis Records - Music from the End of the World","article_modified_time":"2023-06-20T22:09:38+00:00","og_image":[{"width":383,"height":383,"url":"https:\/\/australisrecords.com\/shop\/wp-content\/uploads\/2020\/05\/286174.jpg","type":"image\/jpeg"}],"twitter_card":"summary_large_image","schema":{"@context":"https:\/\/schema.org","@graph":[{"@type":"WebPage","@id":"https:\/\/australisrecords.com\/shop\/producto\/brutally-deceased\/","url":"https:\/\/australisrecords.com\/shop\/producto\/brutally-deceased\/","name":"Brutally Deceased - Australis Records - Music from the End of the World","isPartOf":{"@id":"https:\/\/australisrecords.com\/shop\/#website"},"primaryImageOfPage":{"@id":"https:\/\/australisrecords.com\/shop\/producto\/brutally-deceased\/#primaryimage"},"image":{"@id":"https:\/\/australisrecords.com\/shop\/producto\/brutally-deceased\/#primaryimage"},"thumbnailUrl":"https:\/\/australisrecords.com\/shop\/wp-content\/uploads\/2020\/05\/286174.jpg","datePublished":"2020-05-22T23:33:57+00:00","dateModified":"2023-06-20T22:09:38+00:00","breadcrumb":{"@id":"https:\/\/australisrecords.com\/shop\/producto\/brutally-deceased\/#breadcrumb"},"inLanguage":"en-US","potentialAction":[{"@type":"ReadAction","target":["https:\/\/australisrecords.com\/shop\/producto\/brutally-deceased\/"]}]},{"@type":"ImageObject","inLanguage":"en-US","@id":"https:\/\/australisrecords.com\/shop\/producto\/brutally-deceased\/#primaryimage","url":"https:\/\/australisrecords.com\/shop\/wp-content\/uploads\/2020\/05\/286174.jpg","contentUrl":"https:\/\/australisrecords.com\/shop\/wp-content\/uploads\/2020\/05\/286174.jpg","width":383,"height":383},{"@type":"BreadcrumbList","@id":"https:\/\/australisrecords.com\/shop\/producto\/brutally-deceased\/#breadcrumb","itemListElement":[{"@type":"ListItem","position":1,"name":"Home","item":"https:\/\/australisrecords.com\/shop\/"},{"@type":"ListItem","position":2,"name":"Shop","item":"https:\/\/australisrecords.com\/shop\/shop-2\/"},{"@type":"ListItem","position":3,"name":"Brutally Deceased"}]},{"@type":"WebSite","@id":"https:\/\/australisrecords.com\/shop\/#website","url":"https:\/\/australisrecords.com\/shop\/","name":"Australis Records - Music from the End of the World","description":"","potentialAction":[{"@type":"SearchAction","target":{"@type":"EntryPoint","urlTemplate":"https:\/\/australisrecords.com\/shop\/?s={search_term_string}"},"query-input":"required name=search_term_string"}],"inLanguage":"en-US"}]}},"_links":{"self":[{"href":"https:\/\/australisrecords.com\/shop\/wp-json\/wp\/v2\/product\/10125"}],"collection":[{"href":"https:\/\/australisrecords.com\/shop\/wp-json\/wp\/v2\/product"}],"about":[{"href":"https:\/\/australisrecords.com\/shop\/wp-json\/wp\/v2\/types\/product"}],"version-history":[{"count":4,"href":"https:\/\/australisrecords.com\/shop\/wp-json\/wp\/v2\/product\/10125\/revisions"}],"predecessor-version":[{"id":24034,"href":"https:\/\/australisrecords.com\/shop\/wp-json\/wp\/v2\/product\/10125\/revisions\/24034"}],"wp:featuredmedia":[{"embeddable":true,"href":"https:\/\/australisrecords.com\/shop\/wp-json\/wp\/v2\/media\/10126"}],"wp:attachment":[{"href":"https:\/\/australisrecords.com\/shop\/wp-json\/wp\/v2\/media?parent=10125"}],"wp:term":[{"taxonomy":"product_cat","embeddable":true,"href":"https:\/\/australisrecords.com\/shop\/wp-json\/wp\/v2\/product_cat?post=10125"},{"taxonomy":"product_tag","embeddable":true,"href":"https:\/\/australisrecords.com\/shop\/wp-json\/wp\/v2\/product_tag?post=10125"}],"curies":[{"name":"wp","href":"https:\/\/api.w.org\/{rel}","templated":true}]}}