{"id":10119,"date":"2020-05-22T23:16:17","date_gmt":"2020-05-22T23:16:17","guid":{"rendered":"http:\/\/australisrecords.com\/shop\/?post_type=product&#038;p=10119"},"modified":"2025-09-07T01:40:57","modified_gmt":"2025-09-07T01:40:57","slug":"ancient","status":"publish","type":"product","link":"https:\/\/australisrecords.com\/shop\/producto\/ancient\/","title":{"rendered":"ANCIENT"},"content":{"rendered":"<div id=\"dslc-theme-content\"><div id=\"dslc-theme-content-inner\"><p>&nbsp;<\/p>\n<p>&nbsp;<\/p>\n<\/div><\/div>","protected":false},"excerpt":{"rendered":"<p>&nbsp; Re-release of the album that was officially released through Hammerheart Records in 1999 and includes unreleased tracks, the \u201cTrolltaar\u201d album, the \u201cDet Glemte Riket\u201d 7\u201d, and other rarities! It comes with new artwork and remastered. A must for all the die-hard blacksters!. &nbsp; \u00a1Relanzamiento del \u00e1lbum que se lanz\u00f3 oficialmente a trav\u00e9s de Hammerheart [&hellip;]<\/p>\n","protected":false},"featured_media":10136,"template":"","meta":{"_acf_changed":false},"product_cat":[92,304,314,87],"product_tag":[],"acf":[],"yoast_head":"<!-- This site is optimized with the Yoast SEO plugin v22.9 - https:\/\/yoast.com\/wordpress\/plugins\/seo\/ -->\n<title>ANCIENT - Australis Records - Music from the End of the World<\/title>\n<meta name=\"robots\" content=\"index, follow, max-snippet:-1, max-image-preview:large, max-video-preview:-1\" \/>\n<link rel=\"canonical\" href=\"https:\/\/australisrecords.com\/shop\/producto\/ancient\/\" \/>\n<meta property=\"og:locale\" content=\"en_US\" \/>\n<meta property=\"og:type\" content=\"article\" \/>\n<meta property=\"og:title\" content=\"ANCIENT - Australis Records - Music from the End of the World\" \/>\n<meta property=\"og:description\" content=\"&nbsp; Re-release of the album that was officially released through Hammerheart Records in 1999 and includes unreleased tracks, the \u201cTrolltaar\u201d album, the \u201cDet Glemte Riket\u201d 7\u201d, and other rarities! It comes with new artwork and remastered. A must for all the die-hard blacksters!. &nbsp; \u00a1Relanzamiento del \u00e1lbum que se lanz\u00f3 oficialmente a trav\u00e9s de Hammerheart [&hellip;]\" \/>\n<meta property=\"og:url\" content=\"https:\/\/australisrecords.com\/shop\/producto\/ancient\/\" \/>\n<meta property=\"og:site_name\" content=\"Australis Records - Music from the End of the World\" \/>\n<meta property=\"article:modified_time\" content=\"2025-09-07T01:40:57+00:00\" \/>\n<meta property=\"og:image\" content=\"https:\/\/australisrecords.com\/shop\/wp-content\/uploads\/2020\/05\/a1067426827_10.jpg\" \/>\n\t<meta property=\"og:image:width\" content=\"1200\" \/>\n\t<meta property=\"og:image:height\" content=\"1190\" \/>\n\t<meta property=\"og:image:type\" content=\"image\/jpeg\" \/>\n<meta name=\"twitter:card\" content=\"summary_large_image\" \/>\n<meta name=\"twitter:label1\" content=\"Est. reading time\" \/>\n\t<meta name=\"twitter:data1\" content=\"1 minute\" \/>\n<script type=\"application\/ld+json\" class=\"yoast-schema-graph\">{\"@context\":\"https:\/\/schema.org\",\"@graph\":[{\"@type\":\"WebPage\",\"@id\":\"https:\/\/australisrecords.com\/shop\/producto\/ancient\/\",\"url\":\"https:\/\/australisrecords.com\/shop\/producto\/ancient\/\",\"name\":\"ANCIENT - Australis Records - Music from the End of the World\",\"isPartOf\":{\"@id\":\"https:\/\/australisrecords.com\/shop\/#website\"},\"primaryImageOfPage\":{\"@id\":\"https:\/\/australisrecords.com\/shop\/producto\/ancient\/#primaryimage\"},\"image\":{\"@id\":\"https:\/\/australisrecords.com\/shop\/producto\/ancient\/#primaryimage\"},\"thumbnailUrl\":\"https:\/\/australisrecords.com\/shop\/wp-content\/uploads\/2020\/05\/a1067426827_10.jpg\",\"datePublished\":\"2020-05-22T23:16:17+00:00\",\"dateModified\":\"2025-09-07T01:40:57+00:00\",\"breadcrumb\":{\"@id\":\"https:\/\/australisrecords.com\/shop\/producto\/ancient\/#breadcrumb\"},\"inLanguage\":\"en-US\",\"potentialAction\":[{\"@type\":\"ReadAction\",\"target\":[\"https:\/\/australisrecords.com\/shop\/producto\/ancient\/\"]}]},{\"@type\":\"ImageObject\",\"inLanguage\":\"en-US\",\"@id\":\"https:\/\/australisrecords.com\/shop\/producto\/ancient\/#primaryimage\",\"url\":\"https:\/\/australisrecords.com\/shop\/wp-content\/uploads\/2020\/05\/a1067426827_10.jpg\",\"contentUrl\":\"https:\/\/australisrecords.com\/shop\/wp-content\/uploads\/2020\/05\/a1067426827_10.jpg\",\"width\":1200,\"height\":1190},{\"@type\":\"BreadcrumbList\",\"@id\":\"https:\/\/australisrecords.com\/shop\/producto\/ancient\/#breadcrumb\",\"itemListElement\":[{\"@type\":\"ListItem\",\"position\":1,\"name\":\"Home\",\"item\":\"https:\/\/australisrecords.com\/shop\/\"},{\"@type\":\"ListItem\",\"position\":2,\"name\":\"Shop\",\"item\":\"https:\/\/australisrecords.com\/shop\/shop-2\/\"},{\"@type\":\"ListItem\",\"position\":3,\"name\":\"ANCIENT\"}]},{\"@type\":\"WebSite\",\"@id\":\"https:\/\/australisrecords.com\/shop\/#website\",\"url\":\"https:\/\/australisrecords.com\/shop\/\",\"name\":\"Australis Records - Music from the End of the World\",\"description\":\"\",\"potentialAction\":[{\"@type\":\"SearchAction\",\"target\":{\"@type\":\"EntryPoint\",\"urlTemplate\":\"https:\/\/australisrecords.com\/shop\/?s={search_term_string}\"},\"query-input\":\"required name=search_term_string\"}],\"inLanguage\":\"en-US\"}]}<\/script>\n<!-- \/ Yoast SEO plugin. -->","yoast_head_json":{"title":"ANCIENT - Australis Records - Music from the End of the World","robots":{"index":"index","follow":"follow","max-snippet":"max-snippet:-1","max-image-preview":"max-image-preview:large","max-video-preview":"max-video-preview:-1"},"canonical":"https:\/\/australisrecords.com\/shop\/producto\/ancient\/","og_locale":"en_US","og_type":"article","og_title":"ANCIENT - Australis Records - Music from the End of the World","og_description":"&nbsp; Re-release of the album that was officially released through Hammerheart Records in 1999 and includes unreleased tracks, the \u201cTrolltaar\u201d album, the \u201cDet Glemte Riket\u201d 7\u201d, and other rarities! It comes with new artwork and remastered. A must for all the die-hard blacksters!. &nbsp; \u00a1Relanzamiento del \u00e1lbum que se lanz\u00f3 oficialmente a trav\u00e9s de Hammerheart [&hellip;]","og_url":"https:\/\/australisrecords.com\/shop\/producto\/ancient\/","og_site_name":"Australis Records - Music from the End of the World","article_modified_time":"2025-09-07T01:40:57+00:00","og_image":[{"width":1200,"height":1190,"url":"https:\/\/australisrecords.com\/shop\/wp-content\/uploads\/2020\/05\/a1067426827_10.jpg","type":"image\/jpeg"}],"twitter_card":"summary_large_image","twitter_misc":{"Est. reading time":"1 minute"},"schema":{"@context":"https:\/\/schema.org","@graph":[{"@type":"WebPage","@id":"https:\/\/australisrecords.com\/shop\/producto\/ancient\/","url":"https:\/\/australisrecords.com\/shop\/producto\/ancient\/","name":"ANCIENT - Australis Records - Music from the End of the World","isPartOf":{"@id":"https:\/\/australisrecords.com\/shop\/#website"},"primaryImageOfPage":{"@id":"https:\/\/australisrecords.com\/shop\/producto\/ancient\/#primaryimage"},"image":{"@id":"https:\/\/australisrecords.com\/shop\/producto\/ancient\/#primaryimage"},"thumbnailUrl":"https:\/\/australisrecords.com\/shop\/wp-content\/uploads\/2020\/05\/a1067426827_10.jpg","datePublished":"2020-05-22T23:16:17+00:00","dateModified":"2025-09-07T01:40:57+00:00","breadcrumb":{"@id":"https:\/\/australisrecords.com\/shop\/producto\/ancient\/#breadcrumb"},"inLanguage":"en-US","potentialAction":[{"@type":"ReadAction","target":["https:\/\/australisrecords.com\/shop\/producto\/ancient\/"]}]},{"@type":"ImageObject","inLanguage":"en-US","@id":"https:\/\/australisrecords.com\/shop\/producto\/ancient\/#primaryimage","url":"https:\/\/australisrecords.com\/shop\/wp-content\/uploads\/2020\/05\/a1067426827_10.jpg","contentUrl":"https:\/\/australisrecords.com\/shop\/wp-content\/uploads\/2020\/05\/a1067426827_10.jpg","width":1200,"height":1190},{"@type":"BreadcrumbList","@id":"https:\/\/australisrecords.com\/shop\/producto\/ancient\/#breadcrumb","itemListElement":[{"@type":"ListItem","position":1,"name":"Home","item":"https:\/\/australisrecords.com\/shop\/"},{"@type":"ListItem","position":2,"name":"Shop","item":"https:\/\/australisrecords.com\/shop\/shop-2\/"},{"@type":"ListItem","position":3,"name":"ANCIENT"}]},{"@type":"WebSite","@id":"https:\/\/australisrecords.com\/shop\/#website","url":"https:\/\/australisrecords.com\/shop\/","name":"Australis Records - Music from the End of the World","description":"","potentialAction":[{"@type":"SearchAction","target":{"@type":"EntryPoint","urlTemplate":"https:\/\/australisrecords.com\/shop\/?s={search_term_string}"},"query-input":"required name=search_term_string"}],"inLanguage":"en-US"}]}},"_links":{"self":[{"href":"https:\/\/australisrecords.com\/shop\/wp-json\/wp\/v2\/product\/10119"}],"collection":[{"href":"https:\/\/australisrecords.com\/shop\/wp-json\/wp\/v2\/product"}],"about":[{"href":"https:\/\/australisrecords.com\/shop\/wp-json\/wp\/v2\/types\/product"}],"version-history":[{"count":3,"href":"https:\/\/australisrecords.com\/shop\/wp-json\/wp\/v2\/product\/10119\/revisions"}],"predecessor-version":[{"id":10144,"href":"https:\/\/australisrecords.com\/shop\/wp-json\/wp\/v2\/product\/10119\/revisions\/10144"}],"wp:featuredmedia":[{"embeddable":true,"href":"https:\/\/australisrecords.com\/shop\/wp-json\/wp\/v2\/media\/10136"}],"wp:attachment":[{"href":"https:\/\/australisrecords.com\/shop\/wp-json\/wp\/v2\/media?parent=10119"}],"wp:term":[{"taxonomy":"product_cat","embeddable":true,"href":"https:\/\/australisrecords.com\/shop\/wp-json\/wp\/v2\/product_cat?post=10119"},{"taxonomy":"product_tag","embeddable":true,"href":"https:\/\/australisrecords.com\/shop\/wp-json\/wp\/v2\/product_tag?post=10119"}],"curies":[{"name":"wp","href":"https:\/\/api.w.org\/{rel}","templated":true}]}}