{"id":3937,"date":"2012-03-02T07:54:38","date_gmt":"2012-03-02T07:54:38","guid":{"rendered":"http:\/\/mistix.premiumcoding.com\/?page_id=3937"},"modified":"2020-09-02T20:25:49","modified_gmt":"2020-09-02T20:25:49","slug":"contact-menu","status":"publish","type":"page","link":"https:\/\/australisrecords.com\/shop\/contact-menu\/","title":{"rendered":"COVID-10 INFORMATION | INFORMACION COVID 19"},"content":{"rendered":"<div id=\"dslc-theme-content\"><div id=\"dslc-theme-content-inner\"><p>[vc_row][vc_column][vc_column_text]<\/p>\n<h1 class=\"text-muted\" id=\"mcetoc_1eh7o7dkc1\"><span style=\"color: #92642a; font-family: verdana, geneva, sans-serif; font-size: 14px;\"><strong>HOW CAN THE CURRENT SITUATION IM<span style=\"color: #92642a;\">PACT MY PURCHASES?\u00a0 <\/span><\/strong><strong>| \u00bfLA SITUACION ACTUAL PUEDE IMPACTAR MIS COMRAS?<\/strong><\/span><\/h1>\n<p class=\"text-muted\"><span style=\"font-family: verdana, geneva, sans-serif; font-size: 14px; color: #92642a;\"><span style=\"background-color: #ffffff;\"><img decoding=\"async\" class=\"alignleft wp-image-8495\" src=\"http:\/\/australisrecords.com\/shop\/wp-content\/uploads\/2020\/05\/s-l400-300x242.jpg\" alt=\"\" width=\"38\" height=\"31\" \/><\/span><br \/>\nYes, due to quarantine restrictions in Santiago, orders are taking longer than expected in delivery to transport services. Shipping times outside of Chile are taking an average of 3 to 5 weeks in the entire process (preparation, shipping and final reception)<br \/>\nFor international shipments, only Correos de Chile is being used as a shipping service. A modification of the service implies an increase in shipping prices at the buyer&#8217;s expense.<br \/>\nCurrently we are only shipping to the following countries (according to the information of our courier):\u00a0 United States, Germany, Austria, Belgium, China, Spain, Finland, France, Greece, Holland, Hong Kong, Israel, Italy, Japan, Norway, Poland, Portugal and the Czech Republic. <\/span><\/p>\n<p class=\"text-muted\"><span style=\"font-family: verdana, geneva, sans-serif; font-size: 14px; color: #92642a;\">You will receive a confirmation email with tracking once your order has shipped. We thank you for your patience &amp; understanding..<br \/>\n<\/span><\/p>\n<p>&nbsp;<\/p>\n<p><span><img decoding=\"async\" class=\"alignleft wp-image-8496 \" src=\"http:\/\/australisrecords.com\/shop\/wp-content\/uploads\/2020\/05\/220px-Flag_of_the_2019_Chilean_protests.svg_-1.png\" alt=\"\" width=\"39\" height=\"26\" srcset=\"http:\/\/australisrecords.com\/shop\/wp-content\/uploads\/2020\/05\/220px-Flag_of_the_2019_Chilean_protests.svg_-1.png 220w, http:\/\/australisrecords.com\/shop\/wp-content\/uploads\/2020\/05\/220px-Flag_of_the_2019_Chilean_protests.svg_-1-24x16.png 24w, http:\/\/australisrecords.com\/shop\/wp-content\/uploads\/2020\/05\/220px-Flag_of_the_2019_Chilean_protests.svg_-1-36x24.png 36w, http:\/\/australisrecords.com\/shop\/wp-content\/uploads\/2020\/05\/220px-Flag_of_the_2019_Chilean_protests.svg_-1-48x32.png 48w, http:\/\/australisrecords.com\/shop\/wp-content\/uploads\/2020\/05\/220px-Flag_of_the_2019_Chilean_protests.svg_-1-218x147.png 218w, http:\/\/australisrecords.com\/shop\/wp-content\/uploads\/2020\/05\/220px-Flag_of_the_2019_Chilean_protests.svg_-1-64x43.png 64w\" sizes=\"(max-width: 39px) 100vw, 39px\" \/><\/span><\/p>\n<p><span style=\"font-family: verdana, geneva, sans-serif; color: #92642a;\">Si, debido a las restricci\u00f3nes de cuarentena en Santiago, los pedidos estan tomando m\u00e1s tiempo de los presvisto en la entrega a los servicios de transporte. Los tiempos de envios fuera de Chile estan tomando un promedio de 3 a 5 semanas en el proceso completo (preparaci\u00f3n, envio y recepci\u00f3n final). En el caso de los env\u00edos dentro de Chile, pero fuero del area de la ciudad de Santiago, los tiempos estan tomando entre 5 a 15 dias mas debido a\u00a0 \u00a0 \u00a0las restrucciones sanitarias y de control impuestas en Chile.<\/span><\/p>\n<p><span style=\"font-family: verdana, geneva, sans-serif; color: #92642a;\"> Para los envios internaciones s\u00f3lo se esta usando Correos de Chile como servicio de envio. Una modificaci\u00f3n del servicio implica el aumento de los precios de env\u00edos a cargo del comprador. Actualmente solo estamos realizando env\u00edos a los siguientes paises (de acuerod a la informaci\u00f3n de nuestro courier): Estados Unidos, Alemania, Austria, B\u00e9lgica, China, Espa\u00f1a, Finlandia, Francia, Grecia, Holanda, Hong Kong, Israel, Italia, Jap\u00f3n, Noruega, Polonia, Portugal y Rep\u00fablica Checa. En el caso de los envios dentro de territorio Chileno estos se estan despachando via Starken, Correos de Chile y Chilexpress y los tiempos y restricciones corresponde\u00a0 a lo que cada empresa indique no siendo responsablidad de AUSTRALIS RECORDS.<\/span><\/p>\n<p><span style=\"font-family: verdana, geneva, sans-serif; color: #92642a;\">Recibir\u00e1 un correo electr\u00f3nico de confirmaci\u00f3n con seguimiento una vez que se haya enviado su pedido. Le agradecemos su paciencia y comprensi\u00f3n. .<\/span><\/p>\n<p>&nbsp;<\/p>\n<p>[\/vc_column_text][\/vc_column][\/vc_row]<\/p>\n<\/div><\/div>","protected":false},"excerpt":{"rendered":"<p>[vc_row][vc_column][vc_column_text] HOW CAN THE CURRENT SITUATION IMPACT MY PURCHASES?\u00a0 | \u00bfLA SITUACION ACTUAL PUEDE IMPACTAR MIS COMRAS? Yes, due to quarantine restrictions in Santiago, orders are taking longer than expected in delivery to transport services. Shipping times outside of Chile are taking an average of 3 to 5 weeks in the entire process (preparation, shipping [&hellip;]<\/p>\n","protected":false},"author":1,"featured_media":0,"parent":0,"menu_order":0,"comment_status":"closed","ping_status":"closed","template":"","meta":{"_acf_changed":false,"footnotes":""},"acf":[],"yoast_head":"<!-- This site is optimized with the Yoast SEO plugin v22.9 - https:\/\/yoast.com\/wordpress\/plugins\/seo\/ -->\n<title>COVID-10 INFORMATION | INFORMACION COVID 19 - Australis Records - Music from the End of the World<\/title>\n<meta name=\"robots\" content=\"index, follow, max-snippet:-1, max-image-preview:large, max-video-preview:-1\" \/>\n<link rel=\"canonical\" href=\"https:\/\/australisrecords.com\/shop\/contact-menu\/\" \/>\n<meta property=\"og:locale\" content=\"en_US\" \/>\n<meta property=\"og:type\" content=\"article\" \/>\n<meta property=\"og:title\" content=\"COVID-10 INFORMATION | INFORMACION COVID 19 - Australis Records - Music from the End of the World\" \/>\n<meta property=\"og:description\" content=\"[vc_row][vc_column][vc_column_text] HOW CAN THE CURRENT SITUATION IMPACT MY PURCHASES?\u00a0 | \u00bfLA SITUACION ACTUAL PUEDE IMPACTAR MIS COMRAS? Yes, due to quarantine restrictions in Santiago, orders are taking longer than expected in delivery to transport services. Shipping times outside of Chile are taking an average of 3 to 5 weeks in the entire process (preparation, shipping [&hellip;]\" \/>\n<meta property=\"og:url\" content=\"https:\/\/australisrecords.com\/shop\/contact-menu\/\" \/>\n<meta property=\"og:site_name\" content=\"Australis Records - Music from the End of the World\" \/>\n<meta property=\"article:modified_time\" content=\"2020-09-02T20:25:49+00:00\" \/>\n<meta property=\"og:image\" content=\"http:\/\/australisrecords.com\/shop\/wp-content\/uploads\/2020\/05\/s-l400-300x242.jpg\" \/>\n<meta name=\"twitter:card\" content=\"summary_large_image\" \/>\n<meta name=\"twitter:label1\" content=\"Est. reading time\" \/>\n\t<meta name=\"twitter:data1\" content=\"2 minutes\" \/>\n<script type=\"application\/ld+json\" class=\"yoast-schema-graph\">{\"@context\":\"https:\/\/schema.org\",\"@graph\":[{\"@type\":\"WebPage\",\"@id\":\"https:\/\/australisrecords.com\/shop\/contact-menu\/\",\"url\":\"https:\/\/australisrecords.com\/shop\/contact-menu\/\",\"name\":\"COVID-10 INFORMATION | INFORMACION COVID 19 - Australis Records - Music from the End of the World\",\"isPartOf\":{\"@id\":\"https:\/\/australisrecords.com\/shop\/#website\"},\"primaryImageOfPage\":{\"@id\":\"https:\/\/australisrecords.com\/shop\/contact-menu\/#primaryimage\"},\"image\":{\"@id\":\"https:\/\/australisrecords.com\/shop\/contact-menu\/#primaryimage\"},\"thumbnailUrl\":\"http:\/\/australisrecords.com\/shop\/wp-content\/uploads\/2020\/05\/s-l400-300x242.jpg\",\"datePublished\":\"2012-03-02T07:54:38+00:00\",\"dateModified\":\"2020-09-02T20:25:49+00:00\",\"breadcrumb\":{\"@id\":\"https:\/\/australisrecords.com\/shop\/contact-menu\/#breadcrumb\"},\"inLanguage\":\"en-US\",\"potentialAction\":[{\"@type\":\"ReadAction\",\"target\":[\"https:\/\/australisrecords.com\/shop\/contact-menu\/\"]}]},{\"@type\":\"ImageObject\",\"inLanguage\":\"en-US\",\"@id\":\"https:\/\/australisrecords.com\/shop\/contact-menu\/#primaryimage\",\"url\":\"https:\/\/australisrecords.com\/shop\/wp-content\/uploads\/2020\/05\/s-l400.jpg\",\"contentUrl\":\"https:\/\/australisrecords.com\/shop\/wp-content\/uploads\/2020\/05\/s-l400.jpg\",\"width\":400,\"height\":242},{\"@type\":\"BreadcrumbList\",\"@id\":\"https:\/\/australisrecords.com\/shop\/contact-menu\/#breadcrumb\",\"itemListElement\":[{\"@type\":\"ListItem\",\"position\":1,\"name\":\"Home\",\"item\":\"https:\/\/australisrecords.com\/shop\/\"},{\"@type\":\"ListItem\",\"position\":2,\"name\":\"COVID-10 INFORMATION | INFORMACION COVID 19\"}]},{\"@type\":\"WebSite\",\"@id\":\"https:\/\/australisrecords.com\/shop\/#website\",\"url\":\"https:\/\/australisrecords.com\/shop\/\",\"name\":\"Australis Records - Music from the End of the World\",\"description\":\"\",\"potentialAction\":[{\"@type\":\"SearchAction\",\"target\":{\"@type\":\"EntryPoint\",\"urlTemplate\":\"https:\/\/australisrecords.com\/shop\/?s={search_term_string}\"},\"query-input\":\"required name=search_term_string\"}],\"inLanguage\":\"en-US\"}]}<\/script>\n<!-- \/ Yoast SEO plugin. -->","yoast_head_json":{"title":"COVID-10 INFORMATION | INFORMACION COVID 19 - Australis Records - Music from the End of the World","robots":{"index":"index","follow":"follow","max-snippet":"max-snippet:-1","max-image-preview":"max-image-preview:large","max-video-preview":"max-video-preview:-1"},"canonical":"https:\/\/australisrecords.com\/shop\/contact-menu\/","og_locale":"en_US","og_type":"article","og_title":"COVID-10 INFORMATION | INFORMACION COVID 19 - Australis Records - Music from the End of the World","og_description":"[vc_row][vc_column][vc_column_text] HOW CAN THE CURRENT SITUATION IMPACT MY PURCHASES?\u00a0 | \u00bfLA SITUACION ACTUAL PUEDE IMPACTAR MIS COMRAS? Yes, due to quarantine restrictions in Santiago, orders are taking longer than expected in delivery to transport services. Shipping times outside of Chile are taking an average of 3 to 5 weeks in the entire process (preparation, shipping [&hellip;]","og_url":"https:\/\/australisrecords.com\/shop\/contact-menu\/","og_site_name":"Australis Records - Music from the End of the World","article_modified_time":"2020-09-02T20:25:49+00:00","og_image":[{"url":"http:\/\/australisrecords.com\/shop\/wp-content\/uploads\/2020\/05\/s-l400-300x242.jpg"}],"twitter_card":"summary_large_image","twitter_misc":{"Est. reading time":"2 minutes"},"schema":{"@context":"https:\/\/schema.org","@graph":[{"@type":"WebPage","@id":"https:\/\/australisrecords.com\/shop\/contact-menu\/","url":"https:\/\/australisrecords.com\/shop\/contact-menu\/","name":"COVID-10 INFORMATION | INFORMACION COVID 19 - Australis Records - Music from the End of the World","isPartOf":{"@id":"https:\/\/australisrecords.com\/shop\/#website"},"primaryImageOfPage":{"@id":"https:\/\/australisrecords.com\/shop\/contact-menu\/#primaryimage"},"image":{"@id":"https:\/\/australisrecords.com\/shop\/contact-menu\/#primaryimage"},"thumbnailUrl":"http:\/\/australisrecords.com\/shop\/wp-content\/uploads\/2020\/05\/s-l400-300x242.jpg","datePublished":"2012-03-02T07:54:38+00:00","dateModified":"2020-09-02T20:25:49+00:00","breadcrumb":{"@id":"https:\/\/australisrecords.com\/shop\/contact-menu\/#breadcrumb"},"inLanguage":"en-US","potentialAction":[{"@type":"ReadAction","target":["https:\/\/australisrecords.com\/shop\/contact-menu\/"]}]},{"@type":"ImageObject","inLanguage":"en-US","@id":"https:\/\/australisrecords.com\/shop\/contact-menu\/#primaryimage","url":"https:\/\/australisrecords.com\/shop\/wp-content\/uploads\/2020\/05\/s-l400.jpg","contentUrl":"https:\/\/australisrecords.com\/shop\/wp-content\/uploads\/2020\/05\/s-l400.jpg","width":400,"height":242},{"@type":"BreadcrumbList","@id":"https:\/\/australisrecords.com\/shop\/contact-menu\/#breadcrumb","itemListElement":[{"@type":"ListItem","position":1,"name":"Home","item":"https:\/\/australisrecords.com\/shop\/"},{"@type":"ListItem","position":2,"name":"COVID-10 INFORMATION | INFORMACION COVID 19"}]},{"@type":"WebSite","@id":"https:\/\/australisrecords.com\/shop\/#website","url":"https:\/\/australisrecords.com\/shop\/","name":"Australis Records - Music from the End of the World","description":"","potentialAction":[{"@type":"SearchAction","target":{"@type":"EntryPoint","urlTemplate":"https:\/\/australisrecords.com\/shop\/?s={search_term_string}"},"query-input":"required name=search_term_string"}],"inLanguage":"en-US"}]}},"_links":{"self":[{"href":"https:\/\/australisrecords.com\/shop\/wp-json\/wp\/v2\/pages\/3937"}],"collection":[{"href":"https:\/\/australisrecords.com\/shop\/wp-json\/wp\/v2\/pages"}],"about":[{"href":"https:\/\/australisrecords.com\/shop\/wp-json\/wp\/v2\/types\/page"}],"author":[{"embeddable":true,"href":"https:\/\/australisrecords.com\/shop\/wp-json\/wp\/v2\/users\/1"}],"replies":[{"embeddable":true,"href":"https:\/\/australisrecords.com\/shop\/wp-json\/wp\/v2\/comments?post=3937"}],"version-history":[{"count":2,"href":"https:\/\/australisrecords.com\/shop\/wp-json\/wp\/v2\/pages\/3937\/revisions"}],"predecessor-version":[{"id":21317,"href":"https:\/\/australisrecords.com\/shop\/wp-json\/wp\/v2\/pages\/3937\/revisions\/21317"}],"wp:attachment":[{"href":"https:\/\/australisrecords.com\/shop\/wp-json\/wp\/v2\/media?parent=3937"}],"curies":[{"name":"wp","href":"https:\/\/api.w.org\/{rel}","templated":true}]}}